{"id":8838,"date":"2025-05-22T11:03:32","date_gmt":"2025-05-22T14:03:32","guid":{"rendered":"https:\/\/www.fcaglp.unlp.edu.ar\/?page_id=8838"},"modified":"2026-04-30T09:22:46","modified_gmt":"2026-04-30T12:22:46","slug":"profesores-visitantes","status":"publish","type":"page","link":"https:\/\/www.fcaglp.unlp.edu.ar\/index.php\/profesores-visitantes\/","title":{"rendered":"Profesores Visitantes de la FCAG"},"content":{"rendered":"\n<p>En esta secci\u00f3n podr\u00e1n acceder a los cursos que se llevar\u00e1n a cabo en el marco de los Profesores Visitantes de la FCAG.<\/p>\n\n\n\n<ul class=\"wp-block-list\">\n<li><strong>Listado de profesores visitantes para el a\u00f1o 2026 y actividad.<\/strong><\/li>\n<\/ul>\n\n\n\n<ul class=\"wp-block-list\">\n<li><strong>Dr. Cesar Antonio Esteban L\u00f3pez<\/strong> &#8211; Profesor Titular en la Universidad de La Laguna e investigador adscrito al Instituto de Astrof\u00edsica de Canarias, Espa\u00f1a. Dictado del curso de postgrado y seminario de grado \u201cIntroducci\u00f3n a la Astronom\u00eda en la Cultura\u201d y charla Seminario FCAG.<\/li>\n\n\n\n<li><strong>Dra. Mariana D. Orellana<\/strong> &#8211; Directora del Laboratorio de Investigaci\u00f3n Cient\u00edfica en Astronom\u00eda (LICA) de la Universidad Nacional de R\u00edo Negro y actual Presidente de la Asociaci\u00f3n Argentina de Astronom\u00eda, Argentina. Participar\u00e1 en el evento de la segunda reuni\u00f3n cient\u00edfica del Instituto de Astrof\u00edsica de La Plata y charla Seminario FCAG.<\/li>\n\n\n\n<li><strong>Dr. Jorge Emiliano Jofr\u00e9<\/strong> &#8211; Investigador Adjunto (CONICET) en el Observatorio Astron\u00f3mico de C\u00f3rdoba (OCA), Argentina. Colaboraci\u00f3n en el fortalecimiento y consolidaci\u00f3n de las colaboraciones cient\u00edficas entre el Grupo de Astrof\u00edsica Planetaria (GAP) y el Grupo de Caracterizaci\u00f3n Estelar y Planetaria (GrEP) del Observatorio Astron\u00f3mico de C\u00f3rdoba (OAC) y charla Seminario FCAG.<\/li>\n\n\n\n<li><strong>Dr. Martin Heinz Salvador Schimmel<\/strong>. Cient\u00edfico titular en el Instituto de Investigaci\u00f3n Geociencias Barcelona, Espa\u00f1a. Consultor\u00eda de Tesis, trabajos en colaboraci\u00f3n y charla Seminario FCAG.<\/li>\n\n\n\n<li><strong>Dr. Fabio De Colle<\/strong>. Investigador Titular en la Universidad Nacional Aut\u00f3noma de M\u00e9xico. Dictado de curso acreditable sobre &#8220;M\u00e9todos num\u00e9ricos en hidrodin\u00e1mica&#8221;  y charla Seminario FCAG.<\/li>\n<\/ul>\n\n\n\n<ul class=\"wp-block-list\">\n<li><strong>XII Escuela LAPIS \u201cLocal volume cosmology: constraints on dark matter properties in the era of GAIA, LSST, and S4 probes\u201d, 19 al 30 de octubre del corriente a\u00f1o.<\/strong><\/li>\n<\/ul>\n\n\n\n<ul class=\"wp-block-list\">\n<li><strong>Dra. Amina Helmi<\/strong> (University of Groningen, The Netherlands)<\/li>\n\n\n\n<li><strong>Dr. Facundo A. G\u00f3mez<\/strong> (Universidad de La Serena, Chile)<\/li>\n\n\n\n<li><strong>Dra. Mar\u00eda Celeste Parisi <\/strong>(Universidad de C\u00f3rdoba, Argentina)<\/li>\n\n\n\n<li><strong>Dr. Rodrigo A. Ibata<\/strong> (Observatoire Astronomique de Strasbourg, Francia)<\/li>\n<\/ul>\n\n\n\n<p><strong>Consultas: secyt@fcaglp.unlp.edu.ar<\/strong><\/p>\n","protected":false},"excerpt":{"rendered":"<p>En esta secci\u00f3n podr\u00e1n acceder a los cursos que se llevar\u00e1n a cabo en el marco de los Profesores Visitantes de la FCAG. Consultas: secyt@fcaglp.unlp.edu.ar<\/p>\n","protected":false},"author":10,"featured_media":0,"parent":0,"menu_order":0,"comment_status":"closed","ping_status":"closed","template":"","meta":{"neve_meta_sidebar":"","neve_meta_container":"","neve_meta_enable_content_width":"","neve_meta_content_width":0,"neve_meta_title_alignment":"","neve_meta_author_avatar":"","neve_post_elements_order":"","neve_meta_disable_header":"","neve_meta_disable_footer":"","neve_meta_disable_title":"","neve_meta_reading_time":"","_themeisle_gutenberg_block_has_review":false,"footnotes":""},"class_list":["post-8838","page","type-page","status-publish","hentry"],"aioseo_notices":[],"_links":{"self":[{"href":"https:\/\/www.fcaglp.unlp.edu.ar\/index.php\/wp-json\/wp\/v2\/pages\/8838","targetHints":{"allow":["GET"]}}],"collection":[{"href":"https:\/\/www.fcaglp.unlp.edu.ar\/index.php\/wp-json\/wp\/v2\/pages"}],"about":[{"href":"https:\/\/www.fcaglp.unlp.edu.ar\/index.php\/wp-json\/wp\/v2\/types\/page"}],"author":[{"embeddable":true,"href":"https:\/\/www.fcaglp.unlp.edu.ar\/index.php\/wp-json\/wp\/v2\/users\/10"}],"replies":[{"embeddable":true,"href":"https:\/\/www.fcaglp.unlp.edu.ar\/index.php\/wp-json\/wp\/v2\/comments?post=8838"}],"version-history":[{"count":12,"href":"https:\/\/www.fcaglp.unlp.edu.ar\/index.php\/wp-json\/wp\/v2\/pages\/8838\/revisions"}],"predecessor-version":[{"id":17302,"href":"https:\/\/www.fcaglp.unlp.edu.ar\/index.php\/wp-json\/wp\/v2\/pages\/8838\/revisions\/17302"}],"wp:attachment":[{"href":"https:\/\/www.fcaglp.unlp.edu.ar\/index.php\/wp-json\/wp\/v2\/media?parent=8838"}],"curies":[{"name":"wp","href":"https:\/\/api.w.org\/{rel}","templated":true}]}}