{"id":8821,"date":"2024-08-23T10:16:33","date_gmt":"2024-08-23T13:16:33","guid":{"rendered":"https:\/\/www.fcaglp.unlp.edu.ar\/?page_id=8821"},"modified":"2025-06-09T12:46:14","modified_gmt":"2025-06-09T15:46:14","slug":"publico-general","status":"publish","type":"page","link":"https:\/\/www.fcaglp.unlp.edu.ar\/index.php\/publico-general\/","title":{"rendered":"P\u00daBLICO GENERAL"},"content":{"rendered":"\n<h4 class=\"wp-block-heading\">CURSOS DE DIVULGACI\u00d3N<\/h4>\n\n\n\n<p>Desde hace varios a\u00f1os nuestra Facultad ofrece al p\u00fablico general <strong>cursos de divulgaci\u00f3n gratuitos<\/strong>. El objetivo de los mismos es la divulgaci\u00f3n de saberes vinculados a las tareas tanto cient\u00edficas como t\u00e9cnicas que se desarrollan en nuestra Facultad. Estos cursos son ofrecidos por integrantes de la FCAG (de cualquier estamento). Si bien cada curso puede tener un p\u00fablico espec\u00edfico (por ejemplo, ni\u00f1os o adultos), el car\u00e1cter que revisten es divulgativo, procurando siempre requerir de los destinatarios el m\u00ednimo de conocimientos previos.<\/p>\n\n\n\n<div id=\"wp-block-themeisle-blocks-advanced-columns-55b78b58\" class=\"wp-block-themeisle-blocks-advanced-columns has-3-columns has-desktop-equal-layout has-tablet-equal-layout has-mobile-collapsedRows-layout has-vertical-top ticss-c00aadba\"><div class=\"wp-block-themeisle-blocks-advanced-columns-overlay\"><\/div><div class=\"innerblocks-wrap\">\n<div id=\"wp-block-themeisle-blocks-advanced-column-d16eef57\" class=\"wp-block-themeisle-blocks-advanced-column\"><div class=\"wp-block-image\">\n<figure class=\"aligncenter size-large\"><img fetchpriority=\"high\" decoding=\"async\" width=\"1024\" height=\"538\" src=\"https:\/\/www.fcaglp.unlp.edu.ar\/wp-content\/uploads\/2025\/06\/INTRODUCCION.A.LA_.ASTRONOMIA.MULTIMENSAJERA-05-1024x538.jpg\" alt=\"\" class=\"wp-image-12433\" srcset=\"https:\/\/www.fcaglp.unlp.edu.ar\/wp-content\/uploads\/2025\/06\/INTRODUCCION.A.LA_.ASTRONOMIA.MULTIMENSAJERA-05-1024x538.jpg 1024w, https:\/\/www.fcaglp.unlp.edu.ar\/wp-content\/uploads\/2025\/06\/INTRODUCCION.A.LA_.ASTRONOMIA.MULTIMENSAJERA-05-300x158.jpg 300w, https:\/\/www.fcaglp.unlp.edu.ar\/wp-content\/uploads\/2025\/06\/INTRODUCCION.A.LA_.ASTRONOMIA.MULTIMENSAJERA-05-768x403.jpg 768w, https:\/\/www.fcaglp.unlp.edu.ar\/wp-content\/uploads\/2025\/06\/INTRODUCCION.A.LA_.ASTRONOMIA.MULTIMENSAJERA-05-1536x807.jpg 1536w, https:\/\/www.fcaglp.unlp.edu.ar\/wp-content\/uploads\/2025\/06\/INTRODUCCION.A.LA_.ASTRONOMIA.MULTIMENSAJERA-05-2048x1076.jpg 2048w\" sizes=\"(max-width: 1024px) 100vw, 1024px\" \/><\/figure>\n<\/div>\n\n\n<div style=\"height:15px\" aria-hidden=\"true\" class=\"wp-block-spacer\"><\/div>\n\n\n\n<h6 id=\"wp-block-themeisle-blocks-advanced-heading-af4a6933\" class=\"wp-block-themeisle-blocks-advanced-heading wp-block-themeisle-blocks-advanced-heading-af4a6933\">\u2728M\u00e1s all\u00e1 de la luz: Introducci\u00f3n a la Astronom\u00eda Multimensajera\u2728<\/h6>\n\n\n\n<p class=\"has-text-align-left\">Vas a descubrir todos los emisarios c\u00f3smicos que ayudan a los astr\u00f3nomos a entender el universo, desde la radiaci\u00f3n que observamos con telescopios hasta las lluvias de rayos c\u00f3smicos y neutrinos.<\/p>\n\n\n\n<div class=\"wp-block-buttons is-content-justification-left is-layout-flex wp-container-core-buttons-is-layout-fdcfc74e wp-block-buttons-is-layout-flex\">\n<div class=\"wp-block-button is-style-primary\"><a class=\"wp-block-button__link wp-element-button\" href=\"https:\/\/www.fcaglp.unlp.edu.ar\/index.php\/mas-alla-de-la-luz-introduccion-a-la-astronomia-multimensajera\/\">LEER M\u00c1S<\/a><\/div>\n<\/div>\n<\/div>\n\n\n\n<div id=\"wp-block-themeisle-blocks-advanced-column-07b3d357\" class=\"wp-block-themeisle-blocks-advanced-column\"><div class=\"wp-block-image\">\n<figure class=\"aligncenter size-full\"><img decoding=\"async\" width=\"2560\" height=\"1345\" src=\"https:\/\/www.fcaglp.unlp.edu.ar\/wp-content\/uploads\/2025\/06\/INTRODUCCION.A.LA_.METEOROLOGIA.GENERAL-05-scaled.jpg\" alt=\"\" class=\"wp-image-12440\" srcset=\"https:\/\/www.fcaglp.unlp.edu.ar\/wp-content\/uploads\/2025\/06\/INTRODUCCION.A.LA_.METEOROLOGIA.GENERAL-05-scaled.jpg 2560w, https:\/\/www.fcaglp.unlp.edu.ar\/wp-content\/uploads\/2025\/06\/INTRODUCCION.A.LA_.METEOROLOGIA.GENERAL-05-300x158.jpg 300w, https:\/\/www.fcaglp.unlp.edu.ar\/wp-content\/uploads\/2025\/06\/INTRODUCCION.A.LA_.METEOROLOGIA.GENERAL-05-1024x538.jpg 1024w, https:\/\/www.fcaglp.unlp.edu.ar\/wp-content\/uploads\/2025\/06\/INTRODUCCION.A.LA_.METEOROLOGIA.GENERAL-05-768x403.jpg 768w, https:\/\/www.fcaglp.unlp.edu.ar\/wp-content\/uploads\/2025\/06\/INTRODUCCION.A.LA_.METEOROLOGIA.GENERAL-05-1536x807.jpg 1536w, https:\/\/www.fcaglp.unlp.edu.ar\/wp-content\/uploads\/2025\/06\/INTRODUCCION.A.LA_.METEOROLOGIA.GENERAL-05-2048x1076.jpg 2048w\" sizes=\"(max-width: 2560px) 100vw, 2560px\" \/><\/figure>\n<\/div>\n\n\n<div style=\"height:15px\" aria-hidden=\"true\" class=\"wp-block-spacer\"><\/div>\n\n\n\n<h6 id=\"wp-block-themeisle-blocks-advanced-heading-c1dd424b\" class=\"wp-block-themeisle-blocks-advanced-heading wp-block-themeisle-blocks-advanced-heading-c1dd424b\">Introducci\u00f3n a la Meteorolog\u00eda General\ud83c\udf27\ufe0f<\/h6>\n\n\n\n<p class=\"has-text-align-left\">Vas a poder responder muchas preguntas sobre meteorolog\u00eda, aprender a interpretar una carta meteorol\u00f3gica de superficie, a identificar la estructura, las capas de la atm\u00f3sfera y la distribuci\u00f3n vertical de la temperatura.<\/p>\n\n\n\n<div class=\"wp-block-buttons is-content-justification-left is-layout-flex wp-container-core-buttons-is-layout-fdcfc74e wp-block-buttons-is-layout-flex\">\n<div class=\"wp-block-button is-style-primary\"><a class=\"wp-block-button__link wp-element-button\" href=\"https:\/\/www.fcaglp.unlp.edu.ar\/index.php\/introduccion-a-la-meteorologia-general\/\">LEER M\u00c1S<\/a><\/div>\n<\/div>\n<\/div>\n\n\n\n<div id=\"wp-block-themeisle-blocks-advanced-column-bd1b0b6b\" class=\"wp-block-themeisle-blocks-advanced-column\">\n<figure class=\"wp-block-image size-full\"><img decoding=\"async\" width=\"2011\" height=\"1057\" src=\"https:\/\/www.fcaglp.unlp.edu.ar\/wp-content\/uploads\/2025\/06\/DESCIFRANDO.EL_.TIEMPO-05-2.jpg\" alt=\"\" class=\"wp-image-12503\" srcset=\"https:\/\/www.fcaglp.unlp.edu.ar\/wp-content\/uploads\/2025\/06\/DESCIFRANDO.EL_.TIEMPO-05-2.jpg 2011w, https:\/\/www.fcaglp.unlp.edu.ar\/wp-content\/uploads\/2025\/06\/DESCIFRANDO.EL_.TIEMPO-05-2-300x158.jpg 300w, https:\/\/www.fcaglp.unlp.edu.ar\/wp-content\/uploads\/2025\/06\/DESCIFRANDO.EL_.TIEMPO-05-2-1024x538.jpg 1024w, https:\/\/www.fcaglp.unlp.edu.ar\/wp-content\/uploads\/2025\/06\/DESCIFRANDO.EL_.TIEMPO-05-2-768x404.jpg 768w, https:\/\/www.fcaglp.unlp.edu.ar\/wp-content\/uploads\/2025\/06\/DESCIFRANDO.EL_.TIEMPO-05-2-1536x807.jpg 1536w\" sizes=\"(max-width: 2011px) 100vw, 2011px\" \/><\/figure>\n\n\n\n<div style=\"height:15px\" aria-hidden=\"true\" class=\"wp-block-spacer\"><\/div>\n\n\n\n<h6 id=\"wp-block-themeisle-blocks-advanced-heading-112ba0b0\" class=\"wp-block-themeisle-blocks-advanced-heading wp-block-themeisle-blocks-advanced-heading-112ba0b0\">Descifrando el tiempo: Herramientas para interpretar los pron\u00f3sticos \ud83c\udf27\ufe0f\u26c8\ufe0f\u2600\ufe0f<\/h6>\n\n\n\n<p class=\"has-text-align-left\">Vas a conocer c\u00f3mo se elaboran los pron\u00f3sticos meteorol\u00f3gicos, qu\u00e9 herramientas se utilizan y cu\u00e1les son sus principales alcances y limitaciones. El objetivo es brindar herramientas que te permitan comprender mejor la informaci\u00f3n meteorol\u00f3gica, interpretar los distintos tipos de pron\u00f3sticos y alertas, y reconocer la incertidumbre que conlleva anticipar el estado del tiempo.<\/p>\n\n\n\n<div class=\"wp-block-buttons is-content-justification-left is-layout-flex wp-container-core-buttons-is-layout-fdcfc74e wp-block-buttons-is-layout-flex\">\n<div class=\"wp-block-button is-style-primary\"><a class=\"wp-block-button__link wp-element-button\" href=\"https:\/\/www.fcaglp.unlp.edu.ar\/index.php\/descifrando-el-tiempo-herramientas-para-interpretar-los-pronosticos\/\">LEER M\u00c1S<\/a><\/div>\n<\/div>\n<\/div>\n<\/div><\/div>\n\n\n\n<div id=\"wp-block-themeisle-blocks-advanced-columns-8dfedd87\" class=\"wp-block-themeisle-blocks-advanced-columns has-3-columns has-desktop-equal-layout has-tablet-equal-layout has-mobile-collapsedRows-layout has-vertical-top ticss-c00aadba\"><div class=\"wp-block-themeisle-blocks-advanced-columns-overlay\"><\/div><div class=\"innerblocks-wrap\">\n<div id=\"wp-block-themeisle-blocks-advanced-column-6ccaa445\" class=\"wp-block-themeisle-blocks-advanced-column\"><div class=\"wp-block-image\">\n<figure class=\"aligncenter size-large\"><img loading=\"lazy\" decoding=\"async\" width=\"1024\" height=\"543\" src=\"https:\/\/www.fcaglp.unlp.edu.ar\/wp-content\/uploads\/2025\/06\/OTRA-MIRADA-AL-CIELO-1024x543.jpg\" alt=\"\" class=\"wp-image-12498\" srcset=\"https:\/\/www.fcaglp.unlp.edu.ar\/wp-content\/uploads\/2025\/06\/OTRA-MIRADA-AL-CIELO-1024x543.jpg 1024w, https:\/\/www.fcaglp.unlp.edu.ar\/wp-content\/uploads\/2025\/06\/OTRA-MIRADA-AL-CIELO-300x159.jpg 300w, https:\/\/www.fcaglp.unlp.edu.ar\/wp-content\/uploads\/2025\/06\/OTRA-MIRADA-AL-CIELO-768x407.jpg 768w, https:\/\/www.fcaglp.unlp.edu.ar\/wp-content\/uploads\/2025\/06\/OTRA-MIRADA-AL-CIELO-1536x814.jpg 1536w, https:\/\/www.fcaglp.unlp.edu.ar\/wp-content\/uploads\/2025\/06\/OTRA-MIRADA-AL-CIELO.jpg 2020w\" sizes=\"(max-width: 1024px) 100vw, 1024px\" \/><\/figure>\n<\/div>\n\n\n<div style=\"height:15px\" aria-hidden=\"true\" class=\"wp-block-spacer\"><\/div>\n\n\n\n<h6 id=\"wp-block-themeisle-blocks-advanced-heading-4487e1a3\" class=\"wp-block-themeisle-blocks-advanced-heading wp-block-themeisle-blocks-advanced-heading-4487e1a3\">\u2728Otra mirada al cielo: \u00bfC\u00f3mo viajar en el espacio-tiempo?\u2728<\/h6>\n\n\n\n<p class=\"has-text-align-left\">\u00bfTe interesa el cielo nocturno? \u00bfTe preguntas c\u00f3mo observar esos astros que parecen eternamente lejanos? \u00bfTe gustar\u00eda conocer c\u00f3mo estar m\u00e1s cerca de ellos?<br><br>\ud83d\udc49\ud83c\udffbLas clases NO se suspenden por lluvia. En noches despejadas la mayor parte de las mismas ser\u00e1n al aire libre.<\/p>\n\n\n\n<div class=\"wp-block-buttons is-content-justification-left is-layout-flex wp-container-core-buttons-is-layout-fdcfc74e wp-block-buttons-is-layout-flex\">\n<div class=\"wp-block-button is-style-primary\"><a class=\"wp-block-button__link wp-element-button\" href=\"https:\/\/www.fcaglp.unlp.edu.ar\/index.php\/otra-mirada-al-cielo-como-viajar-en-el-espacio-tiempo\/\">LEER M\u00c1S<\/a><\/div>\n<\/div>\n<\/div>\n\n\n\n<div id=\"wp-block-themeisle-blocks-advanced-column-b2681a0a\" class=\"wp-block-themeisle-blocks-advanced-column\"><div class=\"wp-block-image\">\n<figure class=\"aligncenter size-full\"><img loading=\"lazy\" decoding=\"async\" width=\"2560\" height=\"1345\" src=\"https:\/\/www.fcaglp.unlp.edu.ar\/wp-content\/uploads\/2025\/06\/RAYOS-EN-ELCIELO_Mesa-de-trabajo-2-scaled.jpg\" alt=\"\" class=\"wp-image-12500\" srcset=\"https:\/\/www.fcaglp.unlp.edu.ar\/wp-content\/uploads\/2025\/06\/RAYOS-EN-ELCIELO_Mesa-de-trabajo-2-scaled.jpg 2560w, https:\/\/www.fcaglp.unlp.edu.ar\/wp-content\/uploads\/2025\/06\/RAYOS-EN-ELCIELO_Mesa-de-trabajo-2-300x158.jpg 300w, https:\/\/www.fcaglp.unlp.edu.ar\/wp-content\/uploads\/2025\/06\/RAYOS-EN-ELCIELO_Mesa-de-trabajo-2-1024x538.jpg 1024w, https:\/\/www.fcaglp.unlp.edu.ar\/wp-content\/uploads\/2025\/06\/RAYOS-EN-ELCIELO_Mesa-de-trabajo-2-768x403.jpg 768w, https:\/\/www.fcaglp.unlp.edu.ar\/wp-content\/uploads\/2025\/06\/RAYOS-EN-ELCIELO_Mesa-de-trabajo-2-1536x807.jpg 1536w, https:\/\/www.fcaglp.unlp.edu.ar\/wp-content\/uploads\/2025\/06\/RAYOS-EN-ELCIELO_Mesa-de-trabajo-2-2048x1076.jpg 2048w\" sizes=\"(max-width: 2560px) 100vw, 2560px\" \/><\/figure>\n<\/div>\n\n\n<div style=\"height:15px\" aria-hidden=\"true\" class=\"wp-block-spacer\"><\/div>\n\n\n\n<h6 id=\"wp-block-themeisle-blocks-advanced-heading-c991a5cf\" class=\"wp-block-themeisle-blocks-advanced-heading wp-block-themeisle-blocks-advanced-heading-c991a5cf\">\u26a1\ufe0f\u00a1Atenci\u00f3n, Rayos en el cielo!\u26a1\ufe0f<\/h6>\n\n\n\n<p class=\"has-text-align-left\">\u00bfQu\u00e9 son los rayos? \u00bfDe d\u00f3nde salen? \u00bfPodemos vigilarlos? \u00bfC\u00f3mo nos protegemos de ellos?<\/p>\n\n\n\n<p class=\"has-text-align-left\">\ud83d\udc49\ud83c\udffbEn este curso de divulgaci\u00f3n te proponemos que revisemos juntos estas preguntas (\u00a1y muchas otras tambi\u00e9n!), y discutamos qu\u00e9 sabemos y qu\u00e9 no de sus respuestas. No hace falta que sepas nada de electricidad ni de la atm\u00f3sfera, solo que tengas ganas de volverte protagonista en esta importante tarea de dar a conocer los peligros a los que podemos exponernos cuando hay actividad el\u00e9ctrica en el cielo.<\/p>\n\n\n\n<div class=\"wp-block-buttons is-content-justification-left is-layout-flex wp-container-core-buttons-is-layout-fdcfc74e wp-block-buttons-is-layout-flex\">\n<div class=\"wp-block-button is-style-primary\"><a class=\"wp-block-button__link wp-element-button\" href=\"https:\/\/www.fcaglp.unlp.edu.ar\/index.php\/atencion-rayos-en-el-cielo\/\">LEER M\u00c1S<\/a><\/div>\n<\/div>\n<\/div>\n\n\n\n<div id=\"wp-block-themeisle-blocks-advanced-column-16a8dca8\" class=\"wp-block-themeisle-blocks-advanced-column\">\n<figure class=\"wp-block-image size-full\"><img loading=\"lazy\" decoding=\"async\" width=\"2010\" height=\"1057\" src=\"https:\/\/www.fcaglp.unlp.edu.ar\/wp-content\/uploads\/2025\/06\/INTRODUCCION-A-LA-CARTOGRAFIA-CON-GOOGLE-EARTH_WEB.FCAG_.jpg\" alt=\"\" class=\"wp-image-12506\" srcset=\"https:\/\/www.fcaglp.unlp.edu.ar\/wp-content\/uploads\/2025\/06\/INTRODUCCION-A-LA-CARTOGRAFIA-CON-GOOGLE-EARTH_WEB.FCAG_.jpg 2010w, https:\/\/www.fcaglp.unlp.edu.ar\/wp-content\/uploads\/2025\/06\/INTRODUCCION-A-LA-CARTOGRAFIA-CON-GOOGLE-EARTH_WEB.FCAG_-300x158.jpg 300w, https:\/\/www.fcaglp.unlp.edu.ar\/wp-content\/uploads\/2025\/06\/INTRODUCCION-A-LA-CARTOGRAFIA-CON-GOOGLE-EARTH_WEB.FCAG_-1024x538.jpg 1024w, https:\/\/www.fcaglp.unlp.edu.ar\/wp-content\/uploads\/2025\/06\/INTRODUCCION-A-LA-CARTOGRAFIA-CON-GOOGLE-EARTH_WEB.FCAG_-768x404.jpg 768w, https:\/\/www.fcaglp.unlp.edu.ar\/wp-content\/uploads\/2025\/06\/INTRODUCCION-A-LA-CARTOGRAFIA-CON-GOOGLE-EARTH_WEB.FCAG_-1536x808.jpg 1536w\" sizes=\"(max-width: 2010px) 100vw, 2010px\" \/><\/figure>\n\n\n\n<div style=\"height:15px\" aria-hidden=\"true\" class=\"wp-block-spacer\"><\/div>\n\n\n\n<h6 id=\"wp-block-themeisle-blocks-advanced-heading-57215af2\" class=\"wp-block-themeisle-blocks-advanced-heading wp-block-themeisle-blocks-advanced-heading-57215af2\">\ud83c\udf0eIntroducci\u00f3n a la cartograf\u00eda digital con Google Earth \ud83c\udf0e<\/h6>\n\n\n\n<p class=\"has-text-align-left\">\u00bfSab\u00e9s usar el Google Earth? \u00bfQuer\u00e9s aprender a darle un uso m\u00e1s profesional, aplicando conocimientos de cartograf\u00eda, metadatos y coordenadas?<\/p>\n\n\n\n<p class=\"has-text-align-left\">\ud83d\udc49\ud83c\udffbEn el curso Introducci\u00f3n a la cartograf\u00eda digital con Google Earth vas a poder obtener herramientas cartogr\u00e1ficas que te van a servir para optimizar el uso de la aplicaci\u00f3n y obtener mejores resultados.<\/p>\n\n\n\n<div class=\"wp-block-buttons is-content-justification-left is-layout-flex wp-container-core-buttons-is-layout-fdcfc74e wp-block-buttons-is-layout-flex\">\n<div class=\"wp-block-button is-style-primary\"><a class=\"wp-block-button__link wp-element-button\">LEER M\u00c1S<\/a><\/div>\n<\/div>\n<\/div>\n<\/div><\/div>\n\n\n\n<div style=\"height:51px\" aria-hidden=\"true\" class=\"wp-block-spacer\"><\/div>\n\n\n\n<h4 class=\"wp-block-heading\">TALLERES TEM\u00c1TICOS<\/h4>\n\n\n\n<div class=\"wp-block-columns is-layout-flex wp-container-core-columns-is-layout-9d6595d7 wp-block-columns-is-layout-flex\">\n<div class=\"wp-block-column is-layout-flow wp-block-column-is-layout-flow\">\n<figure class=\"wp-block-image size-large\"><img loading=\"lazy\" decoding=\"async\" width=\"1024\" height=\"1024\" src=\"https:\/\/www.fcaglp.unlp.edu.ar\/wp-content\/uploads\/2024\/08\/FEED.INFO_.TALLERES.IG_Mesa-de-trabajo-1-1024x1024.jpg\" alt=\"\" class=\"wp-image-8824\" srcset=\"https:\/\/www.fcaglp.unlp.edu.ar\/wp-content\/uploads\/2024\/08\/FEED.INFO_.TALLERES.IG_Mesa-de-trabajo-1-1024x1024.jpg 1024w, https:\/\/www.fcaglp.unlp.edu.ar\/wp-content\/uploads\/2024\/08\/FEED.INFO_.TALLERES.IG_Mesa-de-trabajo-1-300x300.jpg 300w, https:\/\/www.fcaglp.unlp.edu.ar\/wp-content\/uploads\/2024\/08\/FEED.INFO_.TALLERES.IG_Mesa-de-trabajo-1-150x150.jpg 150w, https:\/\/www.fcaglp.unlp.edu.ar\/wp-content\/uploads\/2024\/08\/FEED.INFO_.TALLERES.IG_Mesa-de-trabajo-1-768x768.jpg 768w, https:\/\/www.fcaglp.unlp.edu.ar\/wp-content\/uploads\/2024\/08\/FEED.INFO_.TALLERES.IG_Mesa-de-trabajo-1-1536x1536.jpg 1536w, https:\/\/www.fcaglp.unlp.edu.ar\/wp-content\/uploads\/2024\/08\/FEED.INFO_.TALLERES.IG_Mesa-de-trabajo-1.jpg 1668w\" sizes=\"(max-width: 1024px) 100vw, 1024px\" \/><\/figure>\n<\/div>\n\n\n\n<div class=\"wp-block-column is-layout-flow wp-block-column-is-layout-flow\">\n<figure class=\"wp-block-image size-large\"><img loading=\"lazy\" decoding=\"async\" width=\"1024\" height=\"1024\" src=\"https:\/\/www.fcaglp.unlp.edu.ar\/wp-content\/uploads\/2024\/08\/FEED.SEMANA.DE_.LA_.TIERRA_Mesa-de-trabajo-1-1024x1024.jpg\" alt=\"\" class=\"wp-image-8830\" srcset=\"https:\/\/www.fcaglp.unlp.edu.ar\/wp-content\/uploads\/2024\/08\/FEED.SEMANA.DE_.LA_.TIERRA_Mesa-de-trabajo-1-1024x1024.jpg 1024w, https:\/\/www.fcaglp.unlp.edu.ar\/wp-content\/uploads\/2024\/08\/FEED.SEMANA.DE_.LA_.TIERRA_Mesa-de-trabajo-1-300x300.jpg 300w, https:\/\/www.fcaglp.unlp.edu.ar\/wp-content\/uploads\/2024\/08\/FEED.SEMANA.DE_.LA_.TIERRA_Mesa-de-trabajo-1-150x150.jpg 150w, https:\/\/www.fcaglp.unlp.edu.ar\/wp-content\/uploads\/2024\/08\/FEED.SEMANA.DE_.LA_.TIERRA_Mesa-de-trabajo-1-768x768.jpg 768w, https:\/\/www.fcaglp.unlp.edu.ar\/wp-content\/uploads\/2024\/08\/FEED.SEMANA.DE_.LA_.TIERRA_Mesa-de-trabajo-1-1536x1536.jpg 1536w, https:\/\/www.fcaglp.unlp.edu.ar\/wp-content\/uploads\/2024\/08\/FEED.SEMANA.DE_.LA_.TIERRA_Mesa-de-trabajo-1-2048x2048.jpg 2048w\" sizes=\"(max-width: 1024px) 100vw, 1024px\" \/><\/figure>\n<\/div>\n\n\n\n<div class=\"wp-block-column is-layout-flow wp-block-column-is-layout-flow\"><\/div>\n<\/div>\n\n\n\n<div class=\"wp-block-columns is-layout-flex wp-container-core-columns-is-layout-9d6595d7 wp-block-columns-is-layout-flex\">\n<div class=\"wp-block-column is-layout-flow wp-block-column-is-layout-flow\">\n<p>El espacio de talleres tiene como objetivos principales la divulgaci\u00f3n cient\u00edfica en ni\u00f1os y j\u00f3venes dentro y fuera de nuestra Facultad, a trav\u00e9s de la metodolog\u00eda taller, y la formaci\u00f3n de universitarios divulgadores entendida en el marco de la extensi\u00f3n universitaria. Los<strong> talleres para ni\u00f1os y ni\u00f1as<\/strong> de 3 a 15 a\u00f1os son gratuitos y se dan en receso invernal en la Facultad.<\/p>\n<\/div>\n\n\n\n<div class=\"wp-block-column is-layout-flow wp-block-column-is-layout-flow\">\n<p>Durante una semana en el Planetario se desarrolla la <strong>Semana de la Tierra<\/strong> en donde habr\u00e1 juegos, experimentos, charlas y talleres para chicos y chicas de la escuela secundaria con stands interactivos sobre Geof\u00edsica y Meteorolog\u00eda, para promover el inter\u00e9s por estas disciplinas y carreras.<\/p>\n<\/div>\n\n\n\n<div class=\"wp-block-column is-layout-flow wp-block-column-is-layout-flow\"><\/div>\n<\/div>\n","protected":false},"excerpt":{"rendered":"<p>CURSOS DE DIVULGACI\u00d3N Desde hace varios a\u00f1os nuestra Facultad ofrece al p\u00fablico general cursos de divulgaci\u00f3n gratuitos. El objetivo de los mismos es la divulgaci\u00f3n de saberes vinculados a las tareas tanto cient\u00edficas como t\u00e9cnicas que se desarrollan en nuestra Facultad. Estos cursos son ofrecidos por integrantes de la FCAG (de cualquier estamento). Si bien&hellip;&nbsp;<a href=\"https:\/\/www.fcaglp.unlp.edu.ar\/index.php\/publico-general\/\" rel=\"bookmark\">Read More &raquo;<span class=\"screen-reader-text\">P\u00daBLICO GENERAL<\/span><\/a><\/p>\n","protected":false},"author":3,"featured_media":0,"parent":0,"menu_order":0,"comment_status":"closed","ping_status":"closed","template":"","meta":{"neve_meta_sidebar":"","neve_meta_container":"","neve_meta_enable_content_width":"","neve_meta_content_width":0,"neve_meta_title_alignment":"","neve_meta_author_avatar":"","neve_post_elements_order":"","neve_meta_disable_header":"","neve_meta_disable_footer":"","neve_meta_disable_title":"","neve_meta_reading_time":"","_themeisle_gutenberg_block_has_review":false,"footnotes":""},"class_list":["post-8821","page","type-page","status-publish","hentry"],"aioseo_notices":[],"_links":{"self":[{"href":"https:\/\/www.fcaglp.unlp.edu.ar\/index.php\/wp-json\/wp\/v2\/pages\/8821","targetHints":{"allow":["GET"]}}],"collection":[{"href":"https:\/\/www.fcaglp.unlp.edu.ar\/index.php\/wp-json\/wp\/v2\/pages"}],"about":[{"href":"https:\/\/www.fcaglp.unlp.edu.ar\/index.php\/wp-json\/wp\/v2\/types\/page"}],"author":[{"embeddable":true,"href":"https:\/\/www.fcaglp.unlp.edu.ar\/index.php\/wp-json\/wp\/v2\/users\/3"}],"replies":[{"embeddable":true,"href":"https:\/\/www.fcaglp.unlp.edu.ar\/index.php\/wp-json\/wp\/v2\/comments?post=8821"}],"version-history":[{"count":23,"href":"https:\/\/www.fcaglp.unlp.edu.ar\/index.php\/wp-json\/wp\/v2\/pages\/8821\/revisions"}],"predecessor-version":[{"id":12515,"href":"https:\/\/www.fcaglp.unlp.edu.ar\/index.php\/wp-json\/wp\/v2\/pages\/8821\/revisions\/12515"}],"wp:attachment":[{"href":"https:\/\/www.fcaglp.unlp.edu.ar\/index.php\/wp-json\/wp\/v2\/media?parent=8821"}],"curies":[{"name":"wp","href":"https:\/\/api.w.org\/{rel}","templated":true}]}}