{"id":7455,"date":"2024-07-02T10:14:00","date_gmt":"2024-07-02T13:14:00","guid":{"rendered":"https:\/\/www.fcaglp.unlp.edu.ar\/?page_id=7455"},"modified":"2024-07-02T10:14:01","modified_gmt":"2024-07-02T13:14:01","slug":"concursos-2020","status":"publish","type":"page","link":"https:\/\/www.fcaglp.unlp.edu.ar\/index.php\/concursos-2020\/","title":{"rendered":"Concursos 2020"},"content":{"rendered":"\n<div class=\"wp-block-columns is-layout-flex wp-container-core-columns-is-layout-9d6595d7 wp-block-columns-is-layout-flex\">\n<div class=\"wp-block-column is-layout-flow wp-block-column-is-layout-flow\">\n<p><strong><a href=\"https:\/\/www.fcaglp.unlp.edu.ar\/uploads\/docs\/designacion_y_decitamen_prof_tit_enanas_blancas.pdf\">1100-1163\/20: Llamado a Concurso p\u00fablico, abierto, de antecedentes y oposici\u00f3n para la cobertura de un cargo de Profesor Titular Ordinario en la c\u00e1tedra \u201cEstrellas Enanas Blancas\u201d, con dedicaci\u00f3n exclusiva, en la l\u00ednea de investigaci\u00f3n \u201cEstructura y evoluci\u00f3n de estrellas enanas blancas\u201d<\/a>&nbsp;<a href=\"https:\/\/www.fcaglp.unlp.edu.ar\/uploads\/docs\/llamado_prof_titular_enanas_blancas.%20O.%20Enanas%20Blancas%20%201163-21.pdf\">ver llamado<\/a><\/strong><\/p>\n\n\n\n<p><a href=\"https:\/\/www.fcaglp.unlp.edu.ar\/uploads\/docs\/dictamen_y_resolucion_jtp_mat_elemental.pdf\">1100-1082\/20: Llamado a concurso p\u00fablico, abierto, de antecedentes y oposici\u00f3n para la cobertura de un cargo de Jefe de Trabajos Pr\u00e1cticos Ordinario con dedicaci\u00f3n simple para la c\u00e1tedra \u201cMatem\u00e1tica Elemental\u201d y para desarrollar tareas docentes en el Curso de Nivelaci\u00f3n de Verano.<\/a>&nbsp;<a href=\"https:\/\/www.fcaglp.unlp.edu.ar\/uploads\/docs\/jtp_matematica_elemental.pdf\">ver llamado<\/a><\/p>\n\n\n\n<p><\/p>\n\n\n\n<p><a href=\"https:\/\/www.fcaglp.unlp.edu.ar\/uploads\/docs\/dictamen_y_designacion_prof_optica_astronomica.pdf\">1100-1096: Llamado a a Concurso p\u00fablico, abierto, de antecedentes y oposici\u00f3n para la cobertura de un cargo de Profesor Adjunto Ordinario con semidedicaci\u00f3n, en la l\u00ednea de investigaci\u00f3n \u201cPropiedades f\u00edsicas del gas nebular en Regiones de Formaci\u00f3n Estelar y AGNs: estudios quemodin\u00e1micos usando observaciones y modelos\u201d, para la c\u00e1tedra de \u201c\u00d3ptica Astron\u00f3mica\u201d.<\/a>&nbsp;<a href=\"https:\/\/www.fcaglp.unlp.edu.ar\/uploads\/docs\/llamado_prof_optica_astronomica.pdf\">ver llamado<\/a><\/p>\n\n\n\n<p><strong><a href=\"https:\/\/www.fcaglp.unlp.edu.ar\/uploads\/docs\/dictamen_y_designacion_jtp_refe.pdf\">1100-1113\/20: Llamado a concurso cerrado, de antecedentes y oposici\u00f3n para la cobertura de un cargo de Jefe de Trabajos Pr\u00e1cticos Ordinario con dedicaci\u00f3n simple para la c\u00e1tedra \u201cReferenciaci\u00f3n en Geof\u00edsica\u201d.<\/a>&nbsp;&nbsp;<a href=\"https:\/\/www.fcaglp.unlp.edu.ar\/uploads\/docs\/llamado_jtp_refe.pdf\">ver llamado<\/a><\/strong><\/p>\n\n\n\n<p><a href=\"https:\/\/www.fcaglp.unlp.edu.ar\/uploads\/docs\/designacion_y_dictamen_prof_refe.pdf\">1100-1109\/20: Llamado a a concurso p\u00fablico, abierto, de antecedentes y oposici\u00f3n para la cobertura de un cargo de Profesor Adjunto Ordinario con semidedicaci\u00f3n, en la l\u00ednea de investigaci\u00f3n \u201cAn\u00e1lisis, modelado y pron\u00f3stico de informaci\u00f3n ionosf\u00e9rica en base a datos GNSS y misiones espaciales espec\u00edficas para estudios en Climatolog\u00eda Espacial\u201d, para la c\u00e1tedra \u201cReferenciaci\u00f3n en Geof\u00edsica\u201d.<\/a>&nbsp;&nbsp;<a href=\"https:\/\/www.fcaglp.unlp.edu.ar\/uploads\/docs\/llamado_prof_adj_refe.pdf\">ver llamado<\/a><\/p>\n\n\n\n<p><strong><a href=\"https:\/\/www.fcaglp.unlp.edu.ar\/uploads\/docs\/designacion_y_dictamen_prof_tecnicas_de_caracterizacion_sismica_de_reservorios.pdf\">1100-1108\/20: Llamado a concurso p\u00fablico, abierto, de antecedentes y oposici\u00f3n para la cobertura de un cargo de Profesor Adjunto Ordinario con dedicaci\u00f3n simple en la c\u00e1tedra Seminario \u201cT\u00e9cnicas de Caracterizaci\u00f3n S\u00edsmica de Reservorios\u201d.<\/a>&nbsp;<a href=\"https:\/\/www.fcaglp.unlp.edu.ar\/uploads\/docs\/llamado_prof_tecnicas_de....pdf\">ver llamado<\/a><\/strong><\/p>\n\n\n\n<p><a href=\"https:\/\/www.fcaglp.unlp.edu.ar\/uploads\/docs\/designacion_y_dictamen_prof_estadistica_aplicada.pdf\">1100-1097: Llamado a Concurso p\u00fablico, abierto, de antecedentes y oposici\u00f3n para la cobertura de un cargo de Profesor Adjunto Ordinario con dedicaci\u00f3n exclusiva, en la l\u00ednea de investigaci\u00f3n \u201cEstudio y modelado de la ionosfera terrestre mediante mediciones de los sistemas GNSS y sat\u00e9lites altim\u00e9tricos\u201d, para la c\u00e1tedra de \u201cEstad\u00edstica Aplicada\u201d<\/a>&nbsp;<a href=\"https:\/\/www.fcaglp.unlp.edu.ar\/uploads\/docs\/llamado_prof_estadistica_aplicada.pdf\">ver llamado<\/a><\/p>\n\n\n\n<p><strong><a href=\"https:\/\/www.fcaglp.unlp.edu.ar\/uploads\/docs\/designacion_y_dictamen_prof_adj_celeste_i.pdf\">1100-1095: Llamado a&nbsp; Concurso p\u00fablico, abierto, de antecedentes y oposici\u00f3n para la cobertura de un cargo de Profesor Adjunto Ordinario con semidedicaci\u00f3n, en la l\u00ednea de investigaci\u00f3n \u201cEvoluci\u00f3n de peque\u00f1os cuerpos del Sistema Solar. Din\u00e1mica, v\u00ednculo con los sat\u00e9lites planetarios y producci\u00f3n de cr\u00e1teres\u201d, para la c\u00e1tedra de \u201cMec\u00e1nica Celeste I\u201d<\/a>&nbsp;&nbsp;<a href=\"https:\/\/www.fcaglp.unlp.edu.ar\/uploads\/docs\/llamado_prof_mecanica_celeste_i.pdf\">ver llamado<\/a><\/strong><\/p>\n\n\n\n<p><a href=\"https:\/\/www.fcaglp.unlp.edu.ar\/uploads\/docs\/designacion_y_dictamen_jtp_ingles_ii.pdf\">1100-1084\/20: Llamado&nbsp; a concurso cerrado, de antecedentes y oposici\u00f3n para la cobertura de un cargo de Jefe de Trabajos Pr\u00e1cticos Ordinario con semi dedicaci\u00f3n para cumplir \u201cfunciones docentes\u201d en la c\u00e1tedra \u201cIngl\u00e9s II\u201d y en el gabinete de Ingl\u00e9s.<\/a>&nbsp;<a href=\"https:\/\/www.fcaglp.unlp.edu.ar\/uploads\/docs\/llamado_jtp_ingles_ii.pdf\">ver llamado<\/a><\/p>\n\n\n\n<p><strong><a href=\"https:\/\/www.fcaglp.unlp.edu.ar\/uploads\/docs\/designacion_y_dictamen_jtp_ingles_i.pdf\">1100-1083\/20: Llamado&nbsp; a concurso cerrado, de antecedentes y oposici\u00f3n para la cobertura de un cargo de Jefe de Trabajos Pr\u00e1cticos Ordinario con semi dedicaci\u00f3n para cumplir \u201cfunciones docentes\u201d en la c\u00e1tedra \u201cIngl\u00e9s I\u201d y en el gabinete de Ingl\u00e9s.<\/a>&nbsp;<a href=\"https:\/\/www.fcaglp.unlp.edu.ar\/uploads\/docs\/llamado_jtp_ingles_i.pdf\">ver llamado<\/a><\/strong><\/p>\n\n\n\n<p><a href=\"https:\/\/www.fcaglp.unlp.edu.ar\/uploads\/docs\/dictamen_y_designacion_ay_al_mecanica_del_continuo.pdf\">1100-1066\/20: Llamado a a concurso p\u00fablico, abierto, de m\u00e9ritos, antecedentes y oposici\u00f3n para la cobertura de un (1) cargo de Ayudante Alumno Ordinario en la c\u00e1tedra \u201cMec\u00e1nica del Continuo\u201d.<\/a>&nbsp;<a href=\"https:\/\/www.fcaglp.unlp.edu.ar\/uploads\/docs\/llamado_ay_al_mecanica_del_continuo.pdf\">ver llamado<\/a><\/p>\n\n\n\n<p><strong><a href=\"https:\/\/www.fcaglp.unlp.edu.ar\/uploads\/docs\/dictamen_y_designacion_prof_mareas_terrestres.pdf\">1100-1065\/20: Llamado a a concurso p\u00fablico de m\u00e9ritos, antecedentes y oposici\u00f3n para cubrir un cargo de Profesor Adjunto Ordinario con dedicaci\u00f3n simple para la c\u00e1tedra \u201cSeminario Mareas Terrestres\u201d.<\/a>&nbsp;<a href=\"https:\/\/www.fcaglp.unlp.edu.ar\/uploads\/docs\/llamado_prof_mareas_terrestres.pdf\">ver llamado<\/a><\/strong><\/p>\n\n\n\n<p><a href=\"https:\/\/www.fcaglp.unlp.edu.ar\/uploads\/docs\/des_y_dictamen_prof_tit_atmosferas_estelares.pdf\">1100-1013\/20: Llamado a Concurso&nbsp; p\u00fablico, abierto, de antecedentes y oposici\u00f3n para la cobertura de un cargo de Profesor Titular Ordinario con dedicaci\u00f3n exclusiva, en la l\u00ednea de investigaci\u00f3n \u201cEstructura y Din\u00e1mica de Atm\u00f3sferas Estelares\u201d, para la c\u00e1tedra \u201cAtm\u00f3sferas Estelares&#8221;<\/a>&nbsp;<a href=\"https:\/\/www.fcaglp.unlp.edu.ar\/uploads\/docs\/prof_tit_exc_atmos_estelares.pdf\">ver llamado<\/a><\/p>\n\n\n\n<p><strong><a href=\"https:\/\/www.fcaglp.unlp.edu.ar\/uploads\/docs\/des_y_dictamen_prof_edp.pdf\">1100-1014\/20: Llamado a Concurso p\u00fablico, abierto, de antecedentes y oposici\u00f3n para la cobertura de un cargo de Profesor Titular Ordinario con dedicaci\u00f3n exclusiva, en la l\u00ednea de investigaci\u00f3n \u201cCaos y resonancias en sistemas din\u00e1micos de inter\u00e9s astron\u00f3mico\u201d para la c\u00e1tedra \u201cEcuaciones Diferenciales Parciales\u201d<\/a>&nbsp;<a href=\"https:\/\/www.fcaglp.unlp.edu.ar\/uploads\/docs\/prof_tit_ecuaciones_diferenciales_parciales.pdf\">ver llamado<\/a><\/strong><\/p>\n\n\n\n<p><a href=\"https:\/\/www.fcaglp.unlp.edu.ar\/uploads\/docs\/des_y_dictamen_prof_tit_elementos.pdf\">1100-1015\/20: Llamado a Concurso p\u00fablico, abierto, de antecedentes y oposici\u00f3n para la cobertura de un cargo de Profesor Titular Ordinario con dedicaci\u00f3n exclusiva, en la l\u00ednea de investigaci\u00f3n \u201cCaos y difusi\u00f3n de sistemas din\u00e1micos: aplicaci\u00f3n a sistemas planetarios m\u00faltiples y modelos gal\u00e1cticos\u201d para la c\u00e1tedra \u201cElementos de Astrof\u00edsica Te\u00f3rica\u201d<\/a>&nbsp;<a href=\"https:\/\/www.fcaglp.unlp.edu.ar\/uploads\/docs\/prof_tit_exc_elementos_de_astrofisica_teorica.%20Prof%20Tit%20Exc%20Elementos%20de%20astrofisica%20teorica%201015-2020.pdf\">ver llamado<\/a><\/p>\n\n\n\n<p><strong><a href=\"https:\/\/www.fcaglp.unlp.edu.ar\/uploads\/docs\/des_y_dictamen_prof_tit_celeste_i.pdf\">1100-1016\/20: Llamado a Concurso p\u00fablico, abierto, de antecedentes y oposici\u00f3n para la cobertura de un cargo de Profesor Titular Ordinario con dedicaci\u00f3n exclusiva, en la l\u00ednea de investigaci\u00f3n \u201cEstudio astrom\u00e9trico de grupos estelares en movimiento utilizando los datos del cat\u00e1logo Gaia DR2. Determinaci\u00f3n de sus par\u00e1metros astrom\u00e9tricos (movimiento propio y paralaje) e identificaci\u00f3n de sus miembros\u201d para la c\u00e1tedra \u201cMec\u00e1nica Celeste I\u201d<\/a>&nbsp;<a href=\"https:\/\/www.fcaglp.unlp.edu.ar\/uploads\/docs\/prof_tit_exc_mecanica_celeste.%20Prof%20Tit%20Exc%20Mecanica%20Celeste%201016-2020.pdf\">ver llamado<\/a><\/strong><\/p>\n\n\n\n<p><a href=\"https:\/\/www.fcaglp.unlp.edu.ar\/uploads\/docs\/des_y_dictamen_prof_tit_metodos_electricos.pdf\">1100-1017\/20: Llamado a Concurso p\u00fablico, abierto, de antecedentes y oposici\u00f3n para la cobertura de un cargo de Profesor Titular Ordinario con dedicaci\u00f3n exclusiva, en la l\u00ednea de investigaci\u00f3n \u201cAplicaci\u00f3n de m\u00e9todos el\u00e9ctricos en geohidrolog\u00eda y ambiente\u201d para la c\u00e1tedra \u201cM\u00e9todos el\u00e9ctricos de Prospecci\u00f3n\u201d.<\/a>&nbsp;<a href=\"https:\/\/www.fcaglp.unlp.edu.ar\/uploads\/docs\/prof_tit_exc_metodos_electricos_de_prospeccion.%20Prof%20Tit%20Exc%20Metodos%20Electricos%20de%20Prospeccion%201017-2020.pdf\">ver llamado<\/a><\/p>\n\n\n\n<p><strong><a href=\"https:\/\/www.fcaglp.unlp.edu.ar\/uploads\/docs\/res_y_dictamen_aux_doc_al_curso_de_nivelacion_2021.pdf\">1100-1044\/20:&nbsp; Llamado a Registro de Aspirantes para la cobertura de diecis\u00e9is (16) cargos&nbsp;<\/a><\/strong><a href=\"https:\/\/www.fcaglp.unlp.edu.ar\/uploads\/docs\/res_y_dictamen_aux_doc_al_curso_de_nivelacion_2021.pdf\"><strong>de Auxiliares Docentes Alumnos del \u201cCurso de Nivelaci\u00f3n 2021\u201d<\/strong><\/a><strong>&nbsp;<a href=\"https:\/\/www.fcaglp.unlp.edu.ar\/uploads\/docs\/res_llamado_aux_doc_alumnos_curso_de_nivelacion_2021.pdf\">ver llamado<\/a><\/strong><\/p>\n\n\n\n<p><a href=\"https:\/\/www.fcaglp.unlp.edu.ar\/uploads\/docs\/des_y_dictamen_prof_metodos_potenciales.pdf\">1100-1005\/20: Llamado a Concurso p\u00fablico, abierto, de antecedentes y oposici\u00f3n para la cobertura de un cargo de Profesor Titular Ordinario con dedicaci\u00f3n exclusiva, en la l\u00ednea de investigaci\u00f3n &#8220;F\u00edsica de rocas para modelado petro- el\u00e1stico en geof\u00edsica aplicada&#8221;, para la c\u00e1tedra &#8220;M\u00e9todos Potenciales de Prospecci\u00f3n&#8221;.<\/a>&nbsp;<a href=\"https:\/\/www.fcaglp.unlp.edu.ar\/uploads\/docs\/prof_tit_metodos_pot_de_prosp.%201005-2020.pdf\">ver llamado<\/a><\/p>\n\n\n\n<p><strong><a href=\"https:\/\/www.fcaglp.unlp.edu.ar\/uploads\/docs\/res_y_dictamen_prof_mecanica_analitica.pdf\">1100-1004\/20: Llamar a Concurso p\u00fablico, abierto, de antecedentes y oposici\u00f3n para la cobertura de un cargo de Profesor Titular Ordinario con dedicaci\u00f3n exclusiva, en la l\u00ednea de investigaci\u00f3n &#8220;B\u00fasqueda de grupos estelares j\u00f3venes extragal\u00e1cticos y su an\u00e1lisis fotom\u00e9trico mediante el uso de observaciones profundas del telescopio espacial Hubble.&#8221;, para la c\u00e1tedra &#8220;Mec\u00e1nica Anal\u00edtica&#8221;.<\/a>&nbsp;<a href=\"https:\/\/www.fcaglp.unlp.edu.ar\/uploads\/docs\/prof_tit_mecanica_analitica.%201004-2020.pdf\">ver llamado<\/a><\/strong><\/p>\n\n\n\n<p><a href=\"https:\/\/www.fcaglp.unlp.edu.ar\/uploads\/docs\/res_y_dictamen_prof_dinamica_estelar.pdf\">1100-1003\/20: Llamado a Concurso p\u00fablico, abierto, de antecedentes y oposici\u00f3n para la cobertura de un cargo de Profesor Titular Ordinario con dedicaci\u00f3n exclusiva, en la l\u00ednea de investigaci\u00f3n &#8220;Din\u00e1mica y caos en sistemas estelares&#8221;, para la c\u00e1tedra &#8220;Din\u00e1mica Estelar&#8221;<\/a>&nbsp;<a href=\"https:\/\/www.fcaglp.unlp.edu.ar\/uploads\/docs\/prof_tit_dinamica_estelar.pdf\">ver llamado<\/a><\/p>\n\n\n\n<p><strong><a href=\"https:\/\/www.fcaglp.unlp.edu.ar\/uploads\/docs\/res_y_dictamen_prof_computacion.pdf\">1100-1002\/20: Llamado a Concurso p\u00fablico, abierto, de antecedentes y oposici\u00f3n para la cobertura de un cargo de Profesor Titular Ordinario con dedicaci\u00f3n exclusiva, en la l\u00ednea de investigaci\u00f3n &#8220;Estudio de agrupaciones de estrellas azules extragal\u00e1cticas con observaciones del telescopio espacial Hubble. An\u00e1lisis de las poblaciones, morfolog\u00eda, estructura jer\u00e1rquica y evoluci\u00f3n de la formaci\u00f3n estelar en galaxias cercanas.&#8221;, para la c\u00e1tedra &#8220;Computaci\u00f3n&#8221;.<\/a>&nbsp;<a href=\"https:\/\/www.fcaglp.unlp.edu.ar\/uploads\/docs\/prof_tit_computacion.pdf\">ver llamado<\/a><\/strong><\/p>\n\n\n\n<p><a href=\"https:\/\/www.fcaglp.unlp.edu.ar\/uploads\/docs\/dictamen_y_res_iar.pdf\">1100-1001\/20: Llamado a Concurso p\u00fablico, abierto, de antecedentes y oposici\u00f3n para la cobertura de un cargo de Profesor Asociado Ordinario con dedicaci\u00f3n exclusiva, en la l\u00ednea de investigaci\u00f3n &#8220;Estudio de formaci\u00f3n y evoluci\u00f3n de galaxias mediante t\u00e9cnicas num\u00e9ricas.&#8221;, para la c\u00e1tedra de &#8220;Introducci\u00f3n a la Astrof\u00edsica Relativista&#8221;<\/a>&nbsp;<a href=\"https:\/\/www.fcaglp.unlp.edu.ar\/uploads\/docs\/prof_asociado_astrof_relativ.%20Intro%20a%20la%20Astrofisica%20Rel.%201001-2020.pdf\">ver llamado<\/a><\/p>\n\n\n\n<p><strong><a href=\"https:\/\/www.fcaglp.unlp.edu.ar\/uploads\/docs\/designacion_y_res_ay_al_astro_esferica.pdf\">1100-867\/20: Llamado a concurso para la provisi\u00f3n de dos (2) cargos de Ayudante Alumno Ordinario con dedicaci\u00f3n simple para la c\u00e1tedra &#8220;Astronom\u00eda Esf\u00e9rica&#8221;<\/a>&nbsp;<\/strong><a href=\"https:\/\/www.fcaglp.unlp.edu.ar\/uploads\/docs\/llamado_ay_al__2__astronomia_esferica.%20Ay%20Al%20(2)%20Astronom%C3%ADa%20Esf%C3%A9rica.pdf\">ver llamado<\/a><\/p>\n\n\n\n<p><a href=\"https:\/\/www.fcaglp.unlp.edu.ar\/uploads\/docs\/dictamen_y_res_instructores_2021.pdf\">1100-954\/20: Llamado a Registro de Aspirantes para la cobertura de cuatro (4) cargos de Instructores para el &#8220;Curso de Nivalacion 2021&#8221;<\/a>&nbsp;<a href=\"https:\/\/www.fcaglp.unlp.edu.ar\/uploads\/docs\/llamado_instructores_2021.%20Asp.%20Instructores%20Curso%20Niv.%202021.pdf\">ver llamado<\/a><\/p>\n\n\n\n<p><strong><a href=\"https:\/\/www.fcaglp.unlp.edu.ar\/uploads\/docs\/dictamen_y_res_ay_al_fis_gral_i.pdf\">1100-868\/20: Llamado a concurso para la provisi\u00f3n de tres (3) cargos de Ayudante Alumno Ordinario con dedicaci\u00f3n simple para la c\u00e1tedra &#8220;F\u00edsica General I&#8221;<\/a>&nbsp;<a href=\"https:\/\/www.fcaglp.unlp.edu.ar\/uploads\/docs\/res_21__llamado_ay_al__3__fisica_general_i.%20Llamado%20ay%20al%20(3).%20Fisica%20Gral%20I.pdf\">ver llamado<\/a><\/strong><\/p>\n\n\n\n<p><a href=\"https:\/\/www.fcaglp.unlp.edu.ar\/uploads\/docs\/ay_al_anyp_dictamen.pdf\">1100-869\/20: Llamado a concurso para la provisi\u00f3n de dos (2) cargos de Ayudante Alumno Ordinario con dedicaci\u00f3n simple para la c\u00e1tedra &#8220;An\u00e1lisis Num\u00e9rico y Programaci\u00f3n&#8221;<\/a>&nbsp;<a href=\"https:\/\/www.fcaglp.unlp.edu.ar\/uploads\/docs\/llamado_ay_al__2__anyp.%20Ay%20Al%20(2)%20ANyP.pdf\">ver llamado<\/a><\/p>\n<\/div>\n\n\n\n<div class=\"wp-block-column is-layout-flow wp-block-column-is-layout-flow\"><\/div>\n<\/div>\n","protected":false},"excerpt":{"rendered":"<p>1100-1163\/20: Llamado a Concurso p\u00fablico, abierto, de antecedentes y oposici\u00f3n para la cobertura de un cargo de Profesor Titular Ordinario en la c\u00e1tedra \u201cEstrellas Enanas Blancas\u201d, con dedicaci\u00f3n exclusiva, en la l\u00ednea de investigaci\u00f3n \u201cEstructura y evoluci\u00f3n de estrellas enanas blancas\u201d&nbsp;ver llamado 1100-1082\/20: Llamado a concurso p\u00fablico, abierto, de antecedentes y oposici\u00f3n para la cobertura&hellip;&nbsp;<a href=\"https:\/\/www.fcaglp.unlp.edu.ar\/index.php\/concursos-2020\/\" rel=\"bookmark\">Read More &raquo;<span class=\"screen-reader-text\">Concursos 2020<\/span><\/a><\/p>\n","protected":false},"author":3,"featured_media":0,"parent":0,"menu_order":0,"comment_status":"closed","ping_status":"closed","template":"","meta":{"neve_meta_sidebar":"","neve_meta_container":"","neve_meta_enable_content_width":"","neve_meta_content_width":0,"neve_meta_title_alignment":"","neve_meta_author_avatar":"","neve_post_elements_order":"","neve_meta_disable_header":"","neve_meta_disable_footer":"","neve_meta_disable_title":"","neve_meta_reading_time":"","_themeisle_gutenberg_block_has_review":false,"footnotes":""},"class_list":["post-7455","page","type-page","status-publish","hentry"],"aioseo_notices":[],"_links":{"self":[{"href":"https:\/\/www.fcaglp.unlp.edu.ar\/index.php\/wp-json\/wp\/v2\/pages\/7455","targetHints":{"allow":["GET"]}}],"collection":[{"href":"https:\/\/www.fcaglp.unlp.edu.ar\/index.php\/wp-json\/wp\/v2\/pages"}],"about":[{"href":"https:\/\/www.fcaglp.unlp.edu.ar\/index.php\/wp-json\/wp\/v2\/types\/page"}],"author":[{"embeddable":true,"href":"https:\/\/www.fcaglp.unlp.edu.ar\/index.php\/wp-json\/wp\/v2\/users\/3"}],"replies":[{"embeddable":true,"href":"https:\/\/www.fcaglp.unlp.edu.ar\/index.php\/wp-json\/wp\/v2\/comments?post=7455"}],"version-history":[{"count":1,"href":"https:\/\/www.fcaglp.unlp.edu.ar\/index.php\/wp-json\/wp\/v2\/pages\/7455\/revisions"}],"predecessor-version":[{"id":7456,"href":"https:\/\/www.fcaglp.unlp.edu.ar\/index.php\/wp-json\/wp\/v2\/pages\/7455\/revisions\/7456"}],"wp:attachment":[{"href":"https:\/\/www.fcaglp.unlp.edu.ar\/index.php\/wp-json\/wp\/v2\/media?parent=7455"}],"curies":[{"name":"wp","href":"https:\/\/api.w.org\/{rel}","templated":true}]}}