{"id":7437,"date":"2024-07-02T10:02:38","date_gmt":"2024-07-02T13:02:38","guid":{"rendered":"https:\/\/www.fcaglp.unlp.edu.ar\/?page_id=7437"},"modified":"2024-07-02T10:02:53","modified_gmt":"2024-07-02T13:02:53","slug":"concursos-2018-2019","status":"publish","type":"page","link":"https:\/\/www.fcaglp.unlp.edu.ar\/index.php\/concursos-2018-2019\/","title":{"rendered":"Concursos 2018 &#8211; 2019"},"content":{"rendered":"\n<p><\/p>\n\n\n\n<p><strong><a href=\"https:\/\/www.fcaglp.unlp.edu.ar\/uploads\/docs\/dictamen_y_designacion_prof_asoc_analisis_de_senales_en_geofisica.pdf\">1100-535\/19: Profesor Asociado Ordinario &#8220;An\u00e1lisis de Se\u00f1ales en Geof\u00edsica&#8221;<\/a>&nbsp;<a href=\"https:\/\/www.fcaglp.unlp.edu.ar\/uploads\/docs\/res_174__llamado_prof_asoc__analisis_de_senales_en_geofisica.%20Llamado%20Prof%20As%20An%C3%A1lisis%20de%20Se%C3%B1ales%20en%20Geof%C3%ADsica.pdf\">ver llamado<\/a><\/strong><\/p>\n\n\n\n<p><a href=\"https:\/\/www.fcaglp.unlp.edu.ar\/uploads\/docs\/ay_diplo_mecanica_analitica.pdf\">1100-607\/19: Ayudante Diplomado &#8220;Mec\u00e1nica Anal\u00edtica&#8221;<\/a>&nbsp;<a href=\"https:\/\/www.fcaglp.unlp.edu.ar\/uploads\/docs\/ayudante_diplo_mecanica_analitica.pdf\">ver llamado<\/a><\/p>\n\n\n\n<p><strong><a href=\"https:\/\/www.fcaglp.unlp.edu.ar\/uploads\/docs\/designacion_ay_al_fisica_gral_iii_2019.pdf\">1100-659\/19: Ayudante Alumno &#8220;F\u00edsica General III&#8221;<\/a>&nbsp;<a href=\"https:\/\/www.fcaglp.unlp.edu.ar\/uploads\/docs\/res_247__llamado_ay_al_fisica_iii.%20Llamado%20Ay%20Al%20F%C3%ADsica%20General%20III.pdf\">ver llamado<\/a><\/strong><\/p>\n\n\n\n<p><a href=\"https:\/\/www.fcaglp.unlp.edu.ar\/uploads\/docs\/designacion_ay_al_mecanica_analitica_2019.%20designacion%20Ay%20Al%20Mec%C3%A1nica%20Anal%C3%ADtica%202019.pdf\">1100-621\/19: Ayudante Alumno &#8220;Mec\u00e1nica Anal\u00edtica&#8221;<\/a>&nbsp;<a href=\"https:\/\/www.fcaglp.unlp.edu.ar\/uploads\/docs\/ayudante_alumno_mecanica_analitica.pdf\">ver llamado<\/a><\/p>\n\n\n\n<p><strong><a href=\"https:\/\/www.fcaglp.unlp.edu.ar\/uploads\/docs\/1100_103_19__profesor_adjunto__radiointerferometria_.%20Prof%20Adj%20Radiointerferometria.pdf\">1100-103\/19: Profesor Adjunto &#8220;Radiointerferometr\u00eda&#8221;<\/a>&nbsp;<a href=\"https:\/\/www.fcaglp.unlp.edu.ar\/uploads\/docs\/llamado_prof_radiointerferometria.%20Llamado%20Prof%20Adj%20Radiointerferometria.pdf\">ver llamado<\/a><\/strong><\/p>\n\n\n\n<p><a href=\"https:\/\/www.fcaglp.unlp.edu.ar\/uploads\/docs\/designacion_prof_asoc__analisis_numerico_i_.%20Prof%20As%20Exc%20An%C3%A1lisis%20Num%C3%A9rico.pdf\">1100-531\/19: Profesor Asociado Ordinario con dedicaci\u00f3n exclusiva &#8220;An\u00e1lisis Num\u00e9rico I&#8221;<\/a>&nbsp;<a href=\"https:\/\/www.fcaglp.unlp.edu.ar\/uploads\/docs\/res_175__prof_asoc_exc_analisis_numerico_i.%20Llamado%20Prof%20Asoc%20Excl%20An%C3%A1lisis%20Num%C3%A9rico%20I.pdf\">ver llamado<\/a><\/p>\n\n\n\n<p><strong><a href=\"https:\/\/www.fcaglp.unlp.edu.ar\/uploads\/docs\/designacion_prof_asoc_exc_astronomia_observacional.%20Prof%20As%20Exc%20Astronom%C3%ADa%20Observacional.pdf\">1100-527\/19: Profesor Asociado Ordinario con dedicaci\u00f3n exclusiva &#8220;Astronom\u00eda Observacional&#8221;<\/a>&nbsp;<a href=\"https:\/\/www.fcaglp.unlp.edu.ar\/uploads\/docs\/res_195__llamado_prof_asoc_exc_astronomia_observacional.%20Llamado%20Prof%20Asoc.%20Exc.%20Astronomia%20Observacional.pdf\">ver llamado<\/a><\/strong><\/p>\n\n\n\n<p><a href=\"https:\/\/www.fcaglp.unlp.edu.ar\/uploads\/docs\/1100_102_19__profesor_adjunto__radioastronomia_.%20Prof%20Adj%20Radioastronom%C3%ADa.pdf\">1100-102\/19: Profesor Adjunto &#8220;Radioastronom\u00eda&#8221;<\/a>&nbsp;<a href=\"https:\/\/www.fcaglp.unlp.edu.ar\/uploads\/docs\/llamado_prof_adj_radioastronomia.%20Llamado%20Prof%20Adj%20Radioastronom%C3%ADa.pdf\">ver llamado<\/a><\/p>\n\n\n\n<p><strong><a href=\"https:\/\/www.fcaglp.unlp.edu.ar\/uploads\/docs\/1100_529_19__profesor_asociado_ordinario_con_dedicacion_exclusiva__fisica_del_interior_terrestre_.%20Prof%20As%20Exc%20F%C3%ADsica%20del%20Interior%20Terrestre.pdf\">1100-529\/19: Profesor Asociado con dedicaci\u00f3n exclusiva &#8220;F\u00edsica del Interior Terrestre&#8221;<\/a>&nbsp;<a href=\"https:\/\/www.fcaglp.unlp.edu.ar\/uploads\/docs\/res_190__llamado_prof_as__fisica_del_interior_terrestre.%20Llamado%20prof%20Asoc%20Fisica%20del%20Interior%20terrestre.pdf\">ver llamado<\/a><\/strong><\/p>\n\n\n\n<p><a href=\"https:\/\/www.fcaglp.unlp.edu.ar\/uploads\/docs\/1100_532_19__profesor_asociado_ordinario_con_dedicacion_exclusiva__optica_instrumental_.%20Prof%20As%20Exc%20%C3%93ptica%20Isntrumental.pdf\">1100-532\/19: Profesor Asociado con dedicaci\u00f3n exclusiva &#8220;\u00d3ptica Instrumental&#8221;<\/a>&nbsp;<a href=\"https:\/\/www.fcaglp.unlp.edu.ar\/uploads\/docs\/res_194__llamado_prof_asoc_optica_instrumental.%20Llamado%20Prof%20Asoc%20Exc%20%C3%93ptica%20Instrumental.pdf\">ver llamado<\/a><\/p>\n\n\n\n<p><strong><a href=\"https:\/\/www.fcaglp.unlp.edu.ar\/uploads\/docs\/1100_601_19__profesor_adjunto__medio_interestelar_.%20Prof%20Adj%20Medio%20Interestelar.pdf\">1100-601\/19: Profesor Adjunto &#8220;Medio Interestelar&#8221;<\/a>&nbsp;<a href=\"https:\/\/www.fcaglp.unlp.edu.ar\/uploads\/docs\/profesor_medio_interestelar.pdf\">ver llamado<\/a><\/strong><\/p>\n\n\n\n<p><a href=\"https:\/\/www.fcaglp.unlp.edu.ar\/uploads\/docs\/1100_527_19__profesor_asociado_ordinario_con_dedicacion_exclusiva__astronomia_observacional_.%20Prof%20As%20Exc%20Astronom%C3%ADa%20Observacional.pdf\">1100-527\/19: Profesor Asociado con dedicaci\u00f3n exclusiva &#8220;Astronom\u00eda Observacional&#8221;<\/a>&nbsp;<a href=\"https:\/\/www.fcaglp.unlp.edu.ar\/uploads\/docs\/res_195__llamado_prof_asoc_exc_astronomia_observacional.%20Llamado%20Prof%20Asoc.%20Exc.%20Astronomia%20Observacional.pdf\">ver llamado<\/a><\/p>\n\n\n\n<p><strong><a href=\"https:\/\/www.fcaglp.unlp.edu.ar\/uploads\/docs\/1100_531_19__profesor_asociado_ordinario_con_dedicacion_exclusiva__analisis_numerico_i_.%20Prof%20As%20Exc%20An%C3%A1lisis%20Num%C3%A9rico.pdf\">1100-531\/19: Profesor Asociado con dedicaci\u00f3n exclusiva &#8220;An\u00e1lisis Num\u00e9rico I&#8221;<\/a>&nbsp;<a href=\"https:\/\/www.fcaglp.unlp.edu.ar\/uploads\/docs\/res_175__prof_asoc_exc_analisis_numerico_i.%20Llamado%20Prof%20Asoc%20Excl%20An%C3%A1lisis%20Num%C3%A9rico%20I.pdf\">ver llamado<\/a><\/strong><\/p>\n\n\n\n<p><a href=\"https:\/\/www.fcaglp.unlp.edu.ar\/uploads\/docs\/1100_603_19__profesor_adjunto__sismologia_.%20Prof%20Adj%20Sismolog%C3%ADa.pdf\">1100-603\/19: Profesor Adjunto &#8220;Sismolog\u00eda&#8221;<\/a>&nbsp;<a href=\"https:\/\/www.fcaglp.unlp.edu.ar\/uploads\/docs\/prof_sismologia.pdf\">ver llamado<\/a><\/p>\n\n\n\n<p><strong><a href=\"https:\/\/www.fcaglp.unlp.edu.ar\/uploads\/docs\/1100_536_19__profesor_asociado_ordinario__geologia_argentina_y_aplicada_.%20Prof%20As%20Geologia%20Arg%20%20y%20Aplicada.pdf\">1100-536\/19: Profesor Asociado&nbsp; &#8220;Geolog\u00eda Argentina y Aplicada&#8221;<\/a>&nbsp;ver llamado<\/strong><\/p>\n\n\n\n<p><a href=\"https:\/\/www.fcaglp.unlp.edu.ar\/uploads\/docs\/1100_534_19__profesor_asociado_ordinario__sismica_del_pozo_.%20Prof%20As%20S%C3%ADsmica%20de%20Pozo.pdf\">1100-534\/19: Profesor Asociado &#8220;S\u00edsmica de Pozo&#8221;<\/a>&nbsp;<a href=\"https:\/\/www.fcaglp.unlp.edu.ar\/uploads\/docs\/res_193__llamado_prof_asoc_sismica_del_pozo.%20Llamado%20Prof%20Asoc%20S%C3%ADsmica%20del%20Pozo.pdf\">ver llamado<\/a><\/p>\n\n\n\n<p><strong><a href=\"https:\/\/www.fcaglp.unlp.edu.ar\/uploads\/docs\/1100_533_19__profesor_asociado_ordinario__fisica_moderna__.%20Designacion%20Prof%20As%20F%C3%ADsica%20Moderna.pdf\">1100-533\/19: Profesor Asociado &#8220;F\u00edsica Moderna&#8221;.<\/a>&nbsp;<a href=\"https:\/\/www.fcaglp.unlp.edu.ar\/uploads\/docs\/res_173_llamado_prof_asoc_fisica_moderna.%20Llamado%20Prof%20As.%20F%C3%ADsica%20Moderna.pdf\">ver llamado<\/a><\/strong><\/p>\n\n\n\n<p><a href=\"https:\/\/www.fcaglp.unlp.edu.ar\/uploads\/docs\/res_optica_astronomica.pdf\">1100-530\/19: Profesor Asociado con dedicaci\u00f3n exclusiva &#8220;\u00d3ptica Astron\u00f3mica&#8221;<\/a>&nbsp;<a href=\"https:\/\/www.fcaglp.unlp.edu.ar\/uploads\/docs\/res_173_llamado_prof_asoc_fisica_moderna.%20Llamado%20Prof%20As.%20F%C3%ADsica%20Moderna.pdf\">ver llamado<\/a><\/p>\n\n\n\n<p><strong><a href=\"https:\/\/www.fcaglp.unlp.edu.ar\/uploads\/docs\/designacion_prof_asoc_semi_astronomia_esferica.pdf\">1100-274\/19: Profesor Asociado Semi Exclusiva &#8220;Astronom\u00eda Esf\u00e9rica&#8221;<\/a>&nbsp;<a href=\"https:\/\/www.fcaglp.unlp.edu.ar\/uploads\/docs\/llamado_prof_asoc_astronomia_esferica.%20Llamado%20Prof%20Adj%20Astronom%C3%ADa%20Esf%C3%A9rica.pdf\">ver llamado<\/a><\/strong><\/p>\n\n\n\n<p><a href=\"https:\/\/www.fcaglp.unlp.edu.ar\/uploads\/docs\/designacion_profesor_asociado_ordinario_exclusiva__anyp_.pdf\">1100-272\/19: Profesor Asociado Ordinario Exclusiva &#8220;ANyP&#8221;<\/a>&nbsp;<a href=\"https:\/\/www.fcaglp.unlp.edu.ar\/uploads\/docs\/res_106__llamado_prof_asoc__exc_anyp.%20Llamado%20Prof%20Asoc.%20Exc%20ANYP.pdf\">ver llamado<\/a><\/p>\n\n\n\n<p><strong><a href=\"https:\/\/www.fcaglp.unlp.edu.ar\/uploads\/docs\/designacion_prof_asoc_geofisica_general.pdf\">1100-227\/19: Profesor Asociado Exclusiva &#8220;Geof\u00edsica General&#8221;<\/a>&nbsp;<a href=\"https:\/\/www.fcaglp.unlp.edu.ar\/uploads\/docs\/prof_asoc_geof_gral.%2081%20Llamado.%20Prof%20Asoc%20Exc%20Geof%C3%ADsica%20General%20.pdf\">ver llamado<\/a><\/strong><\/p>\n\n\n\n<p><a href=\"https:\/\/www.fcaglp.unlp.edu.ar\/uploads\/docs\/prof_asoc_excl_referenciacion_en_geofisica.pdf\">1100-225\/19: Profesor Asociado Exclusiva&#8221;Referenciaci\u00f3n en Geof\u00edsica&#8221;<\/a>&nbsp;<a href=\"https:\/\/www.fcaglp.unlp.edu.ar\/uploads\/docs\/llamado_prof_asoc__refe_en_geof.%2082.%20Llamado%20Prof%20Asoc.%20Exc.%20Referenciaci%C3%B3n%20en%20Geof%C3%ADsica.pdf\">ver llamado<\/a><\/p>\n\n\n\n<p><strong><a href=\"https:\/\/www.fcaglp.unlp.edu.ar\/uploads\/docs\/res_gravimetria.pdf\">1100-528\/19: Profesor Asociado con dedicaci\u00f3n exclusiva &#8220;Gravimetr\u00eda&#8221;<\/a>&nbsp;<a href=\"https:\/\/www.fcaglp.unlp.edu.ar\/uploads\/docs\/res_196__llamado_prof_asoc_exc_gravimetria.%20Llamado%20Prof%20Asoc%20Exc%20Gravimetr%C3%ADa.pdf\">ver llamado<\/a><\/strong><\/p>\n\n\n\n<p><a href=\"https:\/\/www.fcaglp.unlp.edu.ar\/uploads\/docs\/instructores_2020.pdf\">1100-611\/19: Instructores (4) &#8220;Curso de Nivelaci\u00f3n 2020&#8221;<\/a>&nbsp;<a href=\"https:\/\/www.fcaglp.unlp.edu.ar\/uploads\/docs\/llamado_instructores_2020.%20Llamado%20Instructores.pdf\">ver llamado<\/a><\/p>\n\n\n\n<p><strong><a href=\"https:\/\/www.fcaglp.unlp.edu.ar\/uploads\/docs\/designacion_ay_al_curso_nivelacion_2020.pdf\">1100-602\/19: Auxiliares Docentes Alumnos (16) &#8220;Curso de Nivelacion 2020&#8221;<\/a>&nbsp;<a href=\"https:\/\/www.fcaglp.unlp.edu.ar\/uploads\/docs\/llamado_ay_al_curso_de_nivelacion.%20Llamado%20Ay%20Al%20(16)%20Curso%20de%20Nivelacion.pdf\">ver llamado<\/a><\/strong><\/p>\n\n\n\n<p><a href=\"https:\/\/www.fcaglp.unlp.edu.ar\/uploads\/docs\/profesor_adjunto_ordinario__ingles_ii_.pdf\">1100-412\/19: Profesor Adjunto &#8220;Ingl\u00e9s II&#8221;<\/a>&nbsp;<a href=\"https:\/\/www.fcaglp.unlp.edu.ar\/uploads\/docs\/llamado_prof_adj_ingles_ii.%20Llamado%20Prof%20Adj%20Ingl%C3%A9s%20II.pdf\">ver llamado<\/a><\/p>\n\n\n\n<p><strong><a href=\"https:\/\/www.fcaglp.unlp.edu.ar\/uploads\/docs\/1100_345_19__ayudante_diplomado__2___electromagnetismo__.pdf\">1100-345\/19: Ayudante Diplomado (2) &#8220;Electromagnetismo&#8221;<\/a>&nbsp;<a href=\"https:\/\/www.fcaglp.unlp.edu.ar\/uploads\/docs\/ay_diplo_electromagnetismo_llamado.%20Ay%20Diplo%20(2)%20Electromagnetismo.pdf\">ver llamado<\/a><\/strong><\/p>\n\n\n\n<p><a href=\"https:\/\/www.fcaglp.unlp.edu.ar\/uploads\/docs\/1100_343_19__ayudante_diplomado__mecanica_del_continuo_.pdf\">1100-343\/19: Ayudante Diplomado &#8220;Mec\u00e1nica del Continuo&#8221;<\/a>&nbsp;<a href=\"https:\/\/www.fcaglp.unlp.edu.ar\/uploads\/docs\/ay_diplo_mecanica_del_continuo.%20Llamado%20Ay%20Diplo%20Mec%C3%A1nica%20del%20Continuo.pdf\">ver llamado<\/a><\/p>\n\n\n\n<p><strong><a href=\"https:\/\/www.fcaglp.unlp.edu.ar\/uploads\/docs\/ay_alumno_sistemas_estelares.pdf\">1100-366\/19: Ayudante Alumno Ordinario &#8220;Sistemas Estelares&#8221;<\/a>&nbsp;<a href=\"https:\/\/www.fcaglp.unlp.edu.ar\/uploads\/docs\/llamado_ay_al_sist_estelares_2019.%20Llamado.%20Ay%20Al%20Sistemas%20Estelares.pdf\">ver llamado<\/a><\/strong><\/p>\n\n\n\n<p><a href=\"https:\/\/www.fcaglp.unlp.edu.ar\/uploads\/docs\/ay_al_mecanica_celeste.pdf\">1100-367\/19: Ayudante Alumno Ordinario &#8220;Mec\u00e1nica Celeste I&#8221;<\/a>&nbsp;<a href=\"https:\/\/www.fcaglp.unlp.edu.ar\/uploads\/docs\/ay_al_mecanica__celeste.%20Llamado.%20Ay%20Al%20Mec%C3%A1nica%20Celeste.pdf\">ver llamado<\/a><\/p>\n\n\n\n<p><strong><a href=\"https:\/\/www.fcaglp.unlp.edu.ar\/uploads\/docs\/des_ay_al_algebra.%20Designacion%20Ay%20AL%20%C3%81lgebra.pdf\">1100-37\/19: Ayudante Alumno (4) &#8220;\u00c1lgebra&#8221;<\/a>&nbsp;<a href=\"https:\/\/www.fcaglp.unlp.edu.ar\/uploads\/docs\/ay_al_4_algebra.%20Llamado%20Ay%20Al(4)%20Algebra.pdf\">ver llamado<\/a><\/strong><\/p>\n\n\n\n<p><a href=\"https:\/\/www.fcaglp.unlp.edu.ar\/uploads\/docs\/des_ay_diplo_astro_gral.%20Designacion%20Ay%20Diplo%20Astronomia%20General.pdf\">1100-76\/19: Ayudante Diplomado &#8220;Astronom\u00eda General&#8221;<\/a>&nbsp;<a href=\"https:\/\/www.fcaglp.unlp.edu.ar\/uploads\/docs\/res_38__llamado_ay_diplo__astronomia_gral_.%20Llamado%20Ay%20Diplo%20Astronomia%20Gral.pdf\">ver llamado<\/a><\/p>\n\n\n\n<p><strong><a href=\"https:\/\/www.fcaglp.unlp.edu.ar\/uploads\/docs\/des_ay_al_astro_gral.pdf\">1100-75\/19: Ayudante Alumno (2) &#8220;Astronom\u00eda General&#8221;<\/a>&nbsp;<a href=\"https:\/\/www.fcaglp.unlp.edu.ar\/uploads\/docs\/res_37__llamado_ay_al__2__astronomia_gral.%20Llamado%20Ay%20Al%20(2)%20Astronom%C3%ADa%20Gral.pdf\">ver llamado<\/a><\/strong><\/p>\n\n\n\n<p><a href=\"https:\/\/www.fcaglp.unlp.edu.ar\/uploads\/docs\/prof_asoc_asemi_esferica.pdf\">1100-274\/19: Profesor Asociado Semi &#8220;Astronom\u00eda Esf\u00e9rica&#8221;<\/a>&nbsp;<a href=\"https:\/\/www.fcaglp.unlp.edu.ar\/uploads\/docs\/llamado_prof_asoc_astronomia_esferica.%20Llamado%20Prof%20Adj%20Astronom%C3%ADa%20Esf%C3%A9rica.pdf\">ver llamado<\/a><\/p>\n\n\n\n<p><strong><a href=\"https:\/\/www.fcaglp.unlp.edu.ar\/uploads\/docs\/1100_298_19__profesor_asociado_ordinario_.pdf\">1100-298\/19: Profesor Asociado&nbsp; &#8220;Origen y Evoluci\u00f3n de Sistemas Planetarios&#8221;<\/a>&nbsp;<a href=\"https:\/\/www.fcaglp.unlp.edu.ar\/uploads\/docs\/llamado_prof_adj_origen_y_evolucion.%20Prof%20Adj%20Llamado%20Origen%20y%20Evoluci%C3%B3n%20de%20%20Sistemas%20Planetarios.pdf\">ver llamado<\/a><\/strong><\/p>\n\n\n\n<p><a href=\"https:\/\/www.fcaglp.unlp.edu.ar\/uploads\/docs\/1100_366_19__ayudante_alumno__sistemas_estelares_.pdf\">1100-366\/19: Ayudante Alumno &#8220;Sistemas Estelares&#8221;<\/a><\/p>\n\n\n\n<p><strong><a href=\"https:\/\/www.fcaglp.unlp.edu.ar\/uploads\/docs\/1100_344_19__ayudante_diplomado__algebra_.pdf\">1100-344\/19: Ayudante Diplomado &#8220;Algebra&#8221;<\/a>&nbsp;<a href=\"https:\/\/www.fcaglp.unlp.edu.ar\/uploads\/docs\/ay_diplo_algebra.%20Llamado.%20Ay%20Diplo%20Algebra.pdf\">ver llamado<\/a><\/strong><\/p>\n\n\n\n<p><a href=\"https:\/\/www.fcaglp.unlp.edu.ar\/uploads\/docs\/prof_asoc_estadistica_aplicada.pdf\">1100-226\/19: Profesor Asociado Exclusiva: &#8220;Estad\u00edstica Aplicada&#8221;<\/a>&nbsp;<a href=\"https:\/\/www.fcaglp.unlp.edu.ar\/uploads\/docs\/llamado_prof_asoc_estadistica_aplicada.%2083.%20Llamado%20Prof.%20Asoc.%20Exc%20Estad%C3%ADstica%20Aplicada.pdf\">ver llamado<\/a><\/p>\n\n\n\n<p><strong><a href=\"https:\/\/www.fcaglp.unlp.edu.ar\/uploads\/docs\/1100_274_19__profesor_asociado_semi_exclusiva__astronomia_esferica_.pdf\">1100-274\/19: Profesor Asociado Semi Exclusiva &#8220;Astronom\u00eda Esf\u00e9rica&#8221;<\/a><a href=\"https:\/\/www.fcaglp.unlp.edu.ar\/uploads\/docs\/llamado_prof_asoc_astronomia_esferica.%20Llamado%20Prof%20Adj%20Astronom%C3%ADa%20Esf%C3%A9rica.pdf\">ver llamado<\/a><\/strong><\/p>\n\n\n\n<p><a href=\"https:\/\/www.fcaglp.unlp.edu.ar\/uploads\/docs\/aula_informatizada.pdf\">1100-217\/19: Ayudante Alumno (2)&nbsp; &#8220;Aula Informatizada&#8221;<\/a>&nbsp;<a href=\"https:\/\/www.fcaglp.unlp.edu.ar\/uploads\/docs\/res__72_ay_al_aula_informatizada.%20Llamado.%20Ay%20Al%20(2)%20Aula%20Informatizada.pdf\">ver llamado<\/a><\/p>\n\n\n\n<p><strong><a href=\"https:\/\/www.fcaglp.unlp.edu.ar\/uploads\/docs\/des_jtp_geof_gral.%20Designacion%20JTP%20Geof%C3%ADsica%20General.pdf\">1100-216\/19: Jefe de Trabajos Pr\u00e1cticos (cerrado) &#8220;Geof\u00edsica General&#8221;<\/a>&nbsp;<a href=\"https:\/\/www.fcaglp.unlp.edu.ar\/uploads\/docs\/llamado_jtp_cerrado_geof_gral_2019.%20Llamado%20JTP%20cerrado%20Geofisica%20General.pdf\">ver llamado<\/a><\/strong><\/p>\n\n\n\n<p><a href=\"https:\/\/www.fcaglp.unlp.edu.ar\/uploads\/docs\/1100_3879_18__profesor_titular__ingles_i_.%20Designacion%20prof%20Tit%20Ingles%20I.pdf\">1100-3879\/18: Profesor Titular &#8220;Ingl\u00e9s I&#8221;<\/a><a href=\"https:\/\/www.fcaglp.unlp.edu.ar\/uploads\/docs\/llamado_prof_titular_ingles_i.%20Prof%20Tit%20Inlges%20I.pdf\">ver llamado<\/a><\/p>\n\n\n\n<p><strong><a href=\"https:\/\/www.fcaglp.unlp.edu.ar\/uploads\/docs\/1100_53_19__ayudante_diplomado_introduccion_a_las_ciencias_de_la_atmosfera_.%20Designacion%20Ay%20Diplo.%20Intro.pdf\">1100-53\/19: Ayudante Diplomado&#8221;Introducci\u00f3n a las Ciencias de la Atm\u00f3sfera&#8221;<\/a>&nbsp;<a href=\"https:\/\/www.fcaglp.unlp.edu.ar\/uploads\/docs\/res_36__llamado_ay_diplo_intro_a_las_cs_atm.%20Llamado%20Ay%20Diplo%20Intro%20a%20las%20Cs%20Atm.pdf\">ver llamado<\/a><\/strong><\/p>\n\n\n\n<p><a href=\"https:\/\/www.fcaglp.unlp.edu.ar\/uploads\/docs\/res107__des_ay_al_an_mat.%20Designacion%20Ay%20Al%20An%20Mat.pdf\">1100-36\/19: Ayudante Alumno (3) An\u00e1lisis Matem\u00e1tico I<\/a>&nbsp;<a href=\"https:\/\/www.fcaglp.unlp.edu.ar\/uploads\/docs\/ay_al_3_an_mat_i.%20Llamado%20Ay%20Al%20(3)An%20Mat%20I.pdf\">ver llamado<\/a><\/p>\n\n\n\n<p><strong><a href=\"https:\/\/www.fcaglp.unlp.edu.ar\/uploads\/docs\/1100_2136_8_cde_4__ayudante_diplomado_suplente__geodesia_.%20designacion.%20Ay%20Diplo%20Sup%20Geodesia_Censurado.pdf\">1100-2136\/8 cde 4: Ayudante Diplomado Suplente &#8220;Geodesia&#8221;<\/a>&nbsp;<a href=\"https:\/\/www.fcaglp.unlp.edu.ar\/uploads\/docs\/ay_diplo_supl_geodesia.%20Ay%20Diplo%20Sup%20Geodesia.pdf\">ver llamado<\/a><\/strong><\/p>\n\n\n\n<p><a href=\"https:\/\/www.fcaglp.unlp.edu.ar\/uploads\/docs\/1100_1390_11_4__ayudante_diplomado_suplente__sismologia__.%20ay%20diplo%20int%20sismologia.pdf\">1100-1390\/11-4: Ayudante Diplomado Suplente &#8220;Sismolog\u00eda&#8221;.<\/a>&nbsp;<a href=\"https:\/\/www.fcaglp.unlp.edu.ar\/uploads\/docs\/ay_diplo_sup_sismologia.%20Llamado%20Ay%20Diplo%20Int%20Sismolog%C3%ADa.pdf\">ver llamado<\/a><\/p>\n\n\n\n<p><strong><a href=\"https:\/\/www.fcaglp.unlp.edu.ar\/uploads\/docs\/1100_2496_18___11__guias_.%20Designacion%20Guias.pdf\">1100-2496\/18: (11) Guias<\/a>&nbsp;<a href=\"https:\/\/www.fcaglp.unlp.edu.ar\/uploads\/docs\/llamado_a_concurso_ayudante_alumno_para_guias.%20Llamado.%20(12)%20Ay%20Al%20GUIAS.pdf\">ver llamado<\/a><\/strong><\/p>\n","protected":false},"excerpt":{"rendered":"<p>1100-535\/19: Profesor Asociado Ordinario &#8220;An\u00e1lisis de Se\u00f1ales en Geof\u00edsica&#8221;&nbsp;ver llamado 1100-607\/19: Ayudante Diplomado &#8220;Mec\u00e1nica Anal\u00edtica&#8221;&nbsp;ver llamado 1100-659\/19: Ayudante Alumno &#8220;F\u00edsica General III&#8221;&nbsp;ver llamado 1100-621\/19: Ayudante Alumno &#8220;Mec\u00e1nica Anal\u00edtica&#8221;&nbsp;ver llamado 1100-103\/19: Profesor Adjunto &#8220;Radiointerferometr\u00eda&#8221;&nbsp;ver llamado 1100-531\/19: Profesor Asociado Ordinario con dedicaci\u00f3n exclusiva &#8220;An\u00e1lisis Num\u00e9rico I&#8221;&nbsp;ver llamado 1100-527\/19: Profesor Asociado Ordinario con dedicaci\u00f3n exclusiva &#8220;Astronom\u00eda Observacional&#8221;&nbsp;ver llamado&hellip;&nbsp;<a href=\"https:\/\/www.fcaglp.unlp.edu.ar\/index.php\/concursos-2018-2019\/\" rel=\"bookmark\">Read More &raquo;<span class=\"screen-reader-text\">Concursos 2018 &#8211; 2019<\/span><\/a><\/p>\n","protected":false},"author":3,"featured_media":0,"parent":0,"menu_order":0,"comment_status":"closed","ping_status":"closed","template":"","meta":{"neve_meta_sidebar":"","neve_meta_container":"","neve_meta_enable_content_width":"","neve_meta_content_width":0,"neve_meta_title_alignment":"","neve_meta_author_avatar":"","neve_post_elements_order":"","neve_meta_disable_header":"","neve_meta_disable_footer":"","neve_meta_disable_title":"","neve_meta_reading_time":"","_themeisle_gutenberg_block_has_review":false,"footnotes":""},"class_list":["post-7437","page","type-page","status-publish","hentry"],"aioseo_notices":[],"_links":{"self":[{"href":"https:\/\/www.fcaglp.unlp.edu.ar\/index.php\/wp-json\/wp\/v2\/pages\/7437","targetHints":{"allow":["GET"]}}],"collection":[{"href":"https:\/\/www.fcaglp.unlp.edu.ar\/index.php\/wp-json\/wp\/v2\/pages"}],"about":[{"href":"https:\/\/www.fcaglp.unlp.edu.ar\/index.php\/wp-json\/wp\/v2\/types\/page"}],"author":[{"embeddable":true,"href":"https:\/\/www.fcaglp.unlp.edu.ar\/index.php\/wp-json\/wp\/v2\/users\/3"}],"replies":[{"embeddable":true,"href":"https:\/\/www.fcaglp.unlp.edu.ar\/index.php\/wp-json\/wp\/v2\/comments?post=7437"}],"version-history":[{"count":1,"href":"https:\/\/www.fcaglp.unlp.edu.ar\/index.php\/wp-json\/wp\/v2\/pages\/7437\/revisions"}],"predecessor-version":[{"id":7438,"href":"https:\/\/www.fcaglp.unlp.edu.ar\/index.php\/wp-json\/wp\/v2\/pages\/7437\/revisions\/7438"}],"wp:attachment":[{"href":"https:\/\/www.fcaglp.unlp.edu.ar\/index.php\/wp-json\/wp\/v2\/media?parent=7437"}],"curies":[{"name":"wp","href":"https:\/\/api.w.org\/{rel}","templated":true}]}}