{"id":6904,"date":"2024-06-24T12:33:27","date_gmt":"2024-06-24T15:33:27","guid":{"rendered":"http:\/\/www.fcaglp.unlp.edu.ar\/?page_id=6904"},"modified":"2024-06-26T10:06:54","modified_gmt":"2024-06-26T13:06:54","slug":"links-astronomia","status":"publish","type":"page","link":"https:\/\/www.fcaglp.unlp.edu.ar\/index.php\/links-astronomia\/","title":{"rendered":"LINKS ASTRONOM\u00cdA"},"content":{"rendered":"\n<div class=\"wp-block-columns is-layout-flex wp-container-core-columns-is-layout-9d6595d7 wp-block-columns-is-layout-flex\">\n<div class=\"wp-block-column is-layout-flow wp-block-column-is-layout-flow\">\n<p><\/p>\n\n\n\n<p><a href=\"https:\/\/oac.unc.edu.ar\/\">Observatorio Astron\u00f3mico de C\u00f3rdoba<\/a><br><a href=\"https:\/\/www.gemini.edu\/\">Observatorio Gemini <br><\/a><a href=\"http:\/\/www.astronomiaargentina.org.ar\">Asociaci\u00f3n Argentina de Astronom\u00eda<\/a><\/p>\n\n\n\n<p><a href=\"https:\/\/ialp.fcaglp.unlp.edu.ar\/\">Instituto de Astrof\u00edsica de La Plata<br><\/a><a href=\"https:\/\/www.maggia.unlp.edu.ar\">Laboratorio Maggia<br><\/a><a href=\"https:\/\/casleo.conicet.gov.ar\/\">Complejo Astron\u00f3mico El Leoncito<br><\/a><a href=\"https:\/\/www.iar.unlp.edu.ar\/\">Instituto Argentino de Radioastronom\u00eda<br><\/a><a href=\"https:\/\/www.aggo-conicet.gob.ar\/observ.php\">Observatorio Argentino-Alem\u00e1n de Geodesia<br><\/a><a href=\"http:\/\/earg.fcaglp.unlp.edu.ar\/\">Estaci\u00f3n Astron\u00f3mica de R\u00edo Grande<br><\/a><a href=\"https:\/\/www.llamaobservatory.org\/es\/LLAMA.html\">Observatorio LLAMA<\/a><\/p>\n\n\n\n<p><\/p>\n\n\n\n<p><a href=\"https:\/\/noc-iau.oac.unc.edu.ar\/\">Nodo nacional de divulgaci\u00f3n de Astronom\u00eda en Argentina<br><\/a><a href=\"https:\/\/oaa.oac.unc.edu.ar\/\">Olimpiada Argentina de Astronom\u00eda<\/a><\/p>\n<\/div>\n\n\n\n<div class=\"wp-block-column is-layout-flow wp-block-column-is-layout-flow\"><\/div>\n<\/div>\n","protected":false},"excerpt":{"rendered":"<p>Observatorio Astron\u00f3mico de C\u00f3rdobaObservatorio Gemini Asociaci\u00f3n Argentina de Astronom\u00eda Instituto de Astrof\u00edsica de La PlataLaboratorio MaggiaComplejo Astron\u00f3mico El LeoncitoInstituto Argentino de Radioastronom\u00edaObservatorio Argentino-Alem\u00e1n de GeodesiaEstaci\u00f3n Astron\u00f3mica de R\u00edo GrandeObservatorio LLAMA Nodo nacional de divulgaci\u00f3n de Astronom\u00eda en ArgentinaOlimpiada Argentina de Astronom\u00eda<\/p>\n","protected":false},"author":3,"featured_media":0,"parent":0,"menu_order":0,"comment_status":"closed","ping_status":"closed","template":"","meta":{"neve_meta_sidebar":"","neve_meta_container":"","neve_meta_enable_content_width":"","neve_meta_content_width":0,"neve_meta_title_alignment":"","neve_meta_author_avatar":"","neve_post_elements_order":"","neve_meta_disable_header":"","neve_meta_disable_footer":"","neve_meta_disable_title":"","neve_meta_reading_time":"","_themeisle_gutenberg_block_has_review":false,"footnotes":""},"class_list":["post-6904","page","type-page","status-publish","hentry"],"aioseo_notices":[],"_links":{"self":[{"href":"https:\/\/www.fcaglp.unlp.edu.ar\/index.php\/wp-json\/wp\/v2\/pages\/6904","targetHints":{"allow":["GET"]}}],"collection":[{"href":"https:\/\/www.fcaglp.unlp.edu.ar\/index.php\/wp-json\/wp\/v2\/pages"}],"about":[{"href":"https:\/\/www.fcaglp.unlp.edu.ar\/index.php\/wp-json\/wp\/v2\/types\/page"}],"author":[{"embeddable":true,"href":"https:\/\/www.fcaglp.unlp.edu.ar\/index.php\/wp-json\/wp\/v2\/users\/3"}],"replies":[{"embeddable":true,"href":"https:\/\/www.fcaglp.unlp.edu.ar\/index.php\/wp-json\/wp\/v2\/comments?post=6904"}],"version-history":[{"count":7,"href":"https:\/\/www.fcaglp.unlp.edu.ar\/index.php\/wp-json\/wp\/v2\/pages\/6904\/revisions"}],"predecessor-version":[{"id":7044,"href":"https:\/\/www.fcaglp.unlp.edu.ar\/index.php\/wp-json\/wp\/v2\/pages\/6904\/revisions\/7044"}],"wp:attachment":[{"href":"https:\/\/www.fcaglp.unlp.edu.ar\/index.php\/wp-json\/wp\/v2\/media?parent=6904"}],"curies":[{"name":"wp","href":"https:\/\/api.w.org\/{rel}","templated":true}]}}