{"id":6858,"date":"2024-06-14T13:17:20","date_gmt":"2024-06-14T16:17:20","guid":{"rendered":"http:\/\/www.fcaglp.unlp.edu.ar\/?page_id=6858"},"modified":"2024-06-14T13:17:22","modified_gmt":"2024-06-14T16:17:22","slug":"links-meteorologia","status":"publish","type":"page","link":"https:\/\/www.fcaglp.unlp.edu.ar\/index.php\/links-meteorologia\/","title":{"rendered":"LINKS METEOROLOG\u00cdA"},"content":{"rendered":"\n<div class=\"wp-block-columns is-layout-flex wp-container-core-columns-is-layout-9d6595d7 wp-block-columns-is-layout-flex\">\n<div class=\"wp-block-column is-layout-flow wp-block-column-is-layout-flow\">\n<p><a href=\"https:\/\/www.smn.gob.ar\/\">Servicio Meteorol\u00f3gico Nacional (SMN)<\/a> <br><a href=\"https:\/\/www.argentina.gob.ar\/ina\">Instituto Nacional del Agua (INA)<\/a><br><a href=\"https:\/\/inta.gob.ar\/instdeclimayagua\">Instituto de Investigaci\u00f3n Clima y Agua (INTA)<br><\/a><a href=\"https:\/\/cadic.conicet.gov.ar\/\">Centro Austral de Investigaciones Cient\u00edficas (CADIC. CONICET)<br><\/a><a href=\"http:\/\/www.cima.fcen.uba.ar\/\">Centro de Investigaciones\u00a0del Mar y la Atm\u00f3sfera. (CIMA. UBA-CONICET)<br><\/a><\/p>\n\n\n\n<p><a href=\"http:\/\/www.at.fcen.uba.ar\/\">Departamento de Ciencias de la Atm\u00f3sfera y los Oc\u00e9anos (DCAO. UBA)<\/a><\/p>\n\n\n\n<p><a href=\"https:\/\/iado.conicet.gov.ar\/index.php\">Instituto Argentino de\u00a0 Oceanograf\u00eda (IADO. CONICET- Univ. Nac. Del Sur)<br><\/a><a href=\"https:\/\/www.ianigla.mendoza-conicet.gob.ar\/portal1\/\">Instituto Argentino de Nivolog\u00eda, Glaciolog\u00eda y Ciencias Ambientales (IANIGLA)<br><\/a><\/p>\n\n\n\n<p><a href=\"http:\/\/www.cenamet.org.ar\/\">Centro Argentino de Meteor\u00f3logos (CAM)<\/a><\/p>\n<\/div>\n<\/div>\n","protected":false},"excerpt":{"rendered":"<p>Servicio Meteorol\u00f3gico Nacional (SMN) Instituto Nacional del Agua (INA)Instituto de Investigaci\u00f3n Clima y Agua (INTA)Centro Austral de Investigaciones Cient\u00edficas (CADIC. CONICET)Centro de Investigaciones\u00a0del Mar y la Atm\u00f3sfera. (CIMA. UBA-CONICET) Departamento de Ciencias de la Atm\u00f3sfera y los Oc\u00e9anos (DCAO. UBA) Instituto Argentino de\u00a0 Oceanograf\u00eda (IADO. CONICET- Univ. Nac. Del Sur)Instituto Argentino de Nivolog\u00eda, Glaciolog\u00eda y&hellip;&nbsp;<a href=\"https:\/\/www.fcaglp.unlp.edu.ar\/index.php\/links-meteorologia\/\" rel=\"bookmark\">Read More &raquo;<span class=\"screen-reader-text\">LINKS METEOROLOG\u00cdA<\/span><\/a><\/p>\n","protected":false},"author":3,"featured_media":0,"parent":0,"menu_order":0,"comment_status":"closed","ping_status":"closed","template":"","meta":{"neve_meta_sidebar":"","neve_meta_container":"","neve_meta_enable_content_width":"","neve_meta_content_width":0,"neve_meta_title_alignment":"","neve_meta_author_avatar":"","neve_post_elements_order":"","neve_meta_disable_header":"","neve_meta_disable_footer":"","neve_meta_disable_title":"","neve_meta_reading_time":"","_themeisle_gutenberg_block_has_review":false,"footnotes":""},"class_list":["post-6858","page","type-page","status-publish","hentry"],"aioseo_notices":[],"_links":{"self":[{"href":"https:\/\/www.fcaglp.unlp.edu.ar\/index.php\/wp-json\/wp\/v2\/pages\/6858","targetHints":{"allow":["GET"]}}],"collection":[{"href":"https:\/\/www.fcaglp.unlp.edu.ar\/index.php\/wp-json\/wp\/v2\/pages"}],"about":[{"href":"https:\/\/www.fcaglp.unlp.edu.ar\/index.php\/wp-json\/wp\/v2\/types\/page"}],"author":[{"embeddable":true,"href":"https:\/\/www.fcaglp.unlp.edu.ar\/index.php\/wp-json\/wp\/v2\/users\/3"}],"replies":[{"embeddable":true,"href":"https:\/\/www.fcaglp.unlp.edu.ar\/index.php\/wp-json\/wp\/v2\/comments?post=6858"}],"version-history":[{"count":1,"href":"https:\/\/www.fcaglp.unlp.edu.ar\/index.php\/wp-json\/wp\/v2\/pages\/6858\/revisions"}],"predecessor-version":[{"id":6859,"href":"https:\/\/www.fcaglp.unlp.edu.ar\/index.php\/wp-json\/wp\/v2\/pages\/6858\/revisions\/6859"}],"wp:attachment":[{"href":"https:\/\/www.fcaglp.unlp.edu.ar\/index.php\/wp-json\/wp\/v2\/media?parent=6858"}],"curies":[{"name":"wp","href":"https:\/\/api.w.org\/{rel}","templated":true}]}}