{"id":6726,"date":"2024-06-07T11:03:48","date_gmt":"2024-06-07T14:03:48","guid":{"rendered":"http:\/\/www.fcaglp.unlp.edu.ar\/?page_id=6726"},"modified":"2026-03-13T11:05:29","modified_gmt":"2026-03-13T14:05:29","slug":"informes-especiales","status":"publish","type":"page","link":"https:\/\/www.fcaglp.unlp.edu.ar\/index.php\/informes-especiales\/","title":{"rendered":"INFORMES ESPECIALES"},"content":{"rendered":"\n<h2 class=\"wp-block-heading\">VERANO 2025 \/ 26<\/h2>\n\n\n\n<div data-wp-interactive=\"core\/file\" class=\"wp-block-file\"><object data-wp-bind--hidden=\"!state.hasPdfPreview\" hidden class=\"wp-block-file__embed\" data=\"https:\/\/www.fcaglp.unlp.edu.ar\/wp-content\/uploads\/2026\/03\/Informe_Verano_2025_26.pdf\" type=\"application\/pdf\" style=\"width:100%;height:600px\" aria-label=\"Incrustado de Informe_Verano_2025_26.\"><\/object><a id=\"wp-block-file--media-20e71cf4-cda0-4dd2-849b-83be4bd30ff9\" href=\"https:\/\/www.fcaglp.unlp.edu.ar\/wp-content\/uploads\/2026\/03\/Informe_Verano_2025_26.pdf\">Informe_Verano_2025_26<\/a><\/div>\n\n\n\n<p>Informe elaborados en conjunto entre el personal de la estaci\u00f3n meteorol\u00f3gica La Plata Observatorio FCAG y el Grupo de Extensi\u00f3n &#8220;Laboratorio de Pron\u00f3stico Meteorol\u00f3gico&#8221; coordinado por los docentes Dr. Alejandro Godoy y LIc. Horacio Sarochar<\/p>\n\n\n\n<div class=\"wp-block-columns is-layout-flex wp-container-core-columns-is-layout-9d6595d7 wp-block-columns-is-layout-flex\">\n<div class=\"wp-block-column is-layout-flow wp-block-column-is-layout-flow\">\n<h2 class=\"wp-block-heading\"><\/h2>\n\n\n\n<p><\/p>\n\n\n\n<div class=\"wp-block-file\"><a id=\"wp-block-file--media-cfdff0f2-76c0-4f65-a0bf-97c8646b66c1\" href=\"https:\/\/www.fcaglp.unlp.edu.ar\/wp-content\/uploads\/2025\/12\/Informe_Primavera_2025.pdf\">Informe_Primavera_2025<\/a><\/div>\n\n\n\n<div class=\"wp-block-file\"><a id=\"wp-block-file--media-63db2837-e8f7-4c5c-8d4a-e5255be755ed\" href=\"https:\/\/www.fcaglp.unlp.edu.ar\/wp-content\/uploads\/2025\/09\/Informe_Invierno_2025.pdf\">Informe_Invierno_2025<\/a><\/div>\n\n\n\n<div class=\"wp-block-columns is-layout-flex wp-container-core-columns-is-layout-9d6595d7 wp-block-columns-is-layout-flex\">\n<div class=\"wp-block-column is-layout-flow wp-block-column-is-layout-flow\">\n<div class=\"wp-block-file\"><a id=\"wp-block-file--media-be3d2d68-7840-4b00-8ef2-24506d4aa893\" href=\"https:\/\/www.fcaglp.unlp.edu.ar\/wp-content\/uploads\/2025\/08\/Informe_Otono_2025.pdf\">Informe_Otono_2025<\/a><\/div>\n<\/div>\n<\/div>\n<\/div>\n\n\n\n<div class=\"wp-block-column is-layout-flow wp-block-column-is-layout-flow\">\n<h2 class=\"wp-block-heading\"><\/h2>\n\n\n\n<p><\/p>\n\n\n\n<div class=\"wp-block-file\"><a id=\"wp-block-file--media-fcf9ecd8-4fa6-4215-a3ef-e772ab2b33ef\" href=\"https:\/\/www.fcaglp.unlp.edu.ar\/wp-content\/uploads\/2025\/08\/Informe_180825-2.pdf\">Informe_180825<\/a><\/div>\n\n\n\n<div class=\"wp-block-columns is-layout-flex wp-container-core-columns-is-layout-9d6595d7 wp-block-columns-is-layout-flex\">\n<div class=\"wp-block-column is-layout-flow wp-block-column-is-layout-flow\"><\/div>\n<\/div>\n<\/div>\n<\/div>\n\n\n\n<div class=\"wp-block-columns is-layout-flex wp-container-core-columns-is-layout-9d6595d7 wp-block-columns-is-layout-flex\">\n<div class=\"wp-block-column is-layout-flow wp-block-column-is-layout-flow\"><\/div>\n\n\n\n<div class=\"wp-block-column is-layout-flow wp-block-column-is-layout-flow\"><\/div>\n<\/div>\n\n\n\n<div class=\"wp-block-columns is-layout-flex wp-container-core-columns-is-layout-9d6595d7 wp-block-columns-is-layout-flex\">\n<div class=\"wp-block-column is-layout-flow wp-block-column-is-layout-flow\">\n<p><strong>INFORMES 2025<\/strong><\/p>\n\n\n\n<div class=\"wp-block-file\"><a id=\"wp-block-file--media-85b31ba8-b93d-42b8-b32e-76e355644a75\" href=\"https:\/\/www.fcaglp.unlp.edu.ar\/wp-content\/uploads\/2025\/03\/Informe_Verano_2024_25.pdf\">Informe_Verano_2024_25<\/a><a href=\"https:\/\/www.fcaglp.unlp.edu.ar\/wp-content\/uploads\/2025\/03\/Informe_Verano_2024_25.pdf\" class=\"wp-block-file__button wp-element-button\" download aria-describedby=\"wp-block-file--media-85b31ba8-b93d-42b8-b32e-76e355644a75\">Descarga<\/a><\/div>\n\n\n\n<p><strong>INFORMES 2024<\/strong><\/p>\n\n\n\n<ul class=\"wp-block-list\">\n<li><a href=\"https:\/\/www.fcaglp.unlp.edu.ar\/uploads\/docs\/informe_del_verano_2023___2024.pdf\" title=\"\">informe verano 2023\/2024<\/a><\/li>\n\n\n\n<li><a href=\"https:\/\/www.fcaglp.unlp.edu.ar\/wp-content\/uploads\/2024\/07\/Informe_Otono_2024-1.pdf\" title=\"\">informe oto\u00f1o<\/a><\/li>\n\n\n\n<li><a href=\"https:\/\/www.fcaglp.unlp.edu.ar\/uploads\/docs\/informe_invierno_grupo_pronostico.pdf\">informe <\/a><a href=\"https:\/\/www.fcaglp.unlp.edu.ar\/wp-content\/uploads\/2024\/09\/Informe_Invierno_2024.pdf\" title=\"invierno\">invierno<\/a><\/li>\n\n\n\n<li><a href=\"https:\/\/www.fcaglp.unlp.edu.ar\/wp-content\/uploads\/2024\/12\/Informe_Primavera_2024.pdf\" title=\"\">informe primavera<\/a><\/li>\n<\/ul>\n\n\n\n<p><strong>INFORMES 2023<\/strong><\/p>\n\n\n\n<ul class=\"wp-block-list\">\n<li><a href=\"https:\/\/www.fcaglp.unlp.edu.ar\/uploads\/docs\/informe_verano_2023.pdf\">informe verano<\/a><\/li>\n\n\n\n<li><a href=\"https:\/\/www.fcaglp.unlp.edu.ar\/uploads\/docs\/informe_otono_2023.pdf\">informe oto\u00f1o<\/a><\/li>\n\n\n\n<li><a href=\"https:\/\/www.fcaglp.unlp.edu.ar\/uploads\/docs\/informe_invierno_grupo_pronostico.pdf\">informe invierno<\/a><\/li>\n\n\n\n<li><a href=\"https:\/\/www.fcaglp.unlp.edu.ar\/uploads\/docs\/informe_primavera_2023.pdf\">informe primavera<\/a><\/li>\n<\/ul>\n\n\n\n<p><strong>INFORMES 2022<\/strong><\/p>\n\n\n\n<ul class=\"wp-block-list\">\n<li><a href=\"https:\/\/www.fcaglp.unlp.edu.ar\/uploads\/docs\/informe_verano_20221_22.pdf\">informe verano<\/a><\/li>\n\n\n\n<li><a href=\"https:\/\/www.fcaglp.unlp.edu.ar\/uploads\/docs\/informe_otono_2022.pdf\">informe oto\u00f1o<\/a><\/li>\n\n\n\n<li><a href=\"https:\/\/www.fcaglp.unlp.edu.ar\/uploads\/docs\/informe_met_invierno_2022.pdf\">informe invierno<\/a><\/li>\n\n\n\n<li><a href=\"https:\/\/www.fcaglp.unlp.edu.ar\/uploads\/docs\/informe_primavera_2022.pdf\">informe primavera<\/a><\/li>\n<\/ul>\n\n\n\n<p><strong>INFORMES 2021<\/strong><\/p>\n\n\n\n<ul class=\"wp-block-list\">\n<li><a href=\"https:\/\/www.fcaglp.unlp.edu.ar\/uploads\/docs\/informe_verano_2021.pdf\">informe verano<\/a><\/li>\n\n\n\n<li><a href=\"https:\/\/www.fcaglp.unlp.edu.ar\/uploads\/docs\/informe_otono_2021.pdf\">informe oto\u00f1o<\/a><\/li>\n\n\n\n<li><a href=\"https:\/\/www.fcaglp.unlp.edu.ar\/uploads\/docs\/informe_invierno_2021.pdf\">informe invierno<\/a><\/li>\n\n\n\n<li><a href=\"https:\/\/www.fcaglp.unlp.edu.ar\/uploads\/docs\/informe_primavera_2021.pdf\">informe primavera<\/a><\/li>\n<\/ul>\n\n\n\n<p><strong>INFORMES 2020<\/strong><\/p>\n\n\n\n<ul class=\"wp-block-list\">\n<li><a href=\"https:\/\/www.fcaglp.unlp.edu.ar\/uploads\/docs\/informe_verano_2020_21.pdf\">informe verano<\/a><\/li>\n\n\n\n<li><a href=\"https:\/\/www.fcaglp.unlp.edu.ar\/uploads\/docs\/analisis_de_temperaturas_del_otono_2020_en_la_plata_observatorio.pdf\">informe oto\u00f1o<\/a><\/li>\n\n\n\n<li><a href=\"https:\/\/www.fcaglp.unlp.edu.ar\/uploads\/docs\/inf__datos_invierno_2020.pdf\">informe invierno<\/a><\/li>\n\n\n\n<li><a href=\"https:\/\/www.fcaglp.unlp.edu.ar\/uploads\/docs\/informe_primavera_2020.pdf\">informe primavera<\/a><\/li>\n<\/ul>\n<\/div>\n\n\n\n<div class=\"wp-block-column is-layout-flow wp-block-column-is-layout-flow\"><\/div>\n<\/div>\n\n\n\n<p><\/p>\n\n\n\n<p><\/p>\n\n\n\n<p><\/p>\n","protected":false},"excerpt":{"rendered":"<p>VERANO 2025 \/ 26 Informe elaborados en conjunto entre el personal de la estaci\u00f3n meteorol\u00f3gica La Plata Observatorio FCAG y el Grupo de Extensi\u00f3n &#8220;Laboratorio de Pron\u00f3stico Meteorol\u00f3gico&#8221; coordinado por los docentes Dr. Alejandro Godoy y LIc. Horacio Sarochar INFORMES 2025 INFORMES 2024 INFORMES 2023 INFORMES 2022 INFORMES 2021 INFORMES 2020<\/p>\n","protected":false},"author":16,"featured_media":0,"parent":0,"menu_order":0,"comment_status":"closed","ping_status":"closed","template":"","meta":{"neve_meta_sidebar":"","neve_meta_container":"","neve_meta_enable_content_width":"","neve_meta_content_width":0,"neve_meta_title_alignment":"","neve_meta_author_avatar":"","neve_post_elements_order":"","neve_meta_disable_header":"","neve_meta_disable_footer":"","neve_meta_disable_title":"","neve_meta_reading_time":"","_themeisle_gutenberg_block_has_review":false,"footnotes":""},"class_list":["post-6726","page","type-page","status-publish","hentry"],"aioseo_notices":[],"_links":{"self":[{"href":"https:\/\/www.fcaglp.unlp.edu.ar\/index.php\/wp-json\/wp\/v2\/pages\/6726","targetHints":{"allow":["GET"]}}],"collection":[{"href":"https:\/\/www.fcaglp.unlp.edu.ar\/index.php\/wp-json\/wp\/v2\/pages"}],"about":[{"href":"https:\/\/www.fcaglp.unlp.edu.ar\/index.php\/wp-json\/wp\/v2\/types\/page"}],"author":[{"embeddable":true,"href":"https:\/\/www.fcaglp.unlp.edu.ar\/index.php\/wp-json\/wp\/v2\/users\/16"}],"replies":[{"embeddable":true,"href":"https:\/\/www.fcaglp.unlp.edu.ar\/index.php\/wp-json\/wp\/v2\/comments?post=6726"}],"version-history":[{"count":39,"href":"https:\/\/www.fcaglp.unlp.edu.ar\/index.php\/wp-json\/wp\/v2\/pages\/6726\/revisions"}],"predecessor-version":[{"id":16274,"href":"https:\/\/www.fcaglp.unlp.edu.ar\/index.php\/wp-json\/wp\/v2\/pages\/6726\/revisions\/16274"}],"wp:attachment":[{"href":"https:\/\/www.fcaglp.unlp.edu.ar\/index.php\/wp-json\/wp\/v2\/media?parent=6726"}],"curies":[{"name":"wp","href":"https:\/\/api.w.org\/{rel}","templated":true}]}}