{"id":6721,"date":"2024-06-07T10:55:52","date_gmt":"2024-06-07T13:55:52","guid":{"rendered":"http:\/\/www.fcaglp.unlp.edu.ar\/?page_id=6721"},"modified":"2026-05-04T09:51:07","modified_gmt":"2026-05-04T12:51:07","slug":"pronostico-del-tiempo","status":"publish","type":"page","link":"https:\/\/www.fcaglp.unlp.edu.ar\/index.php\/pronostico-del-tiempo\/","title":{"rendered":"PRON\u00d3STICO DEL TIEMPO"},"content":{"rendered":"\n<div class=\"wp-block-columns is-layout-flex wp-container-core-columns-is-layout-9d6595d7 wp-block-columns-is-layout-flex\">\n<div class=\"wp-block-column is-layout-flow wp-block-column-is-layout-flow\">\n<h1 class=\"wp-block-heading has-text-align-center\">LA PLATA <\/h1>\n\n\n\n<div class=\"wp-block-columns is-layout-flex wp-container-core-columns-is-layout-9d6595d7 wp-block-columns-is-layout-flex\">\n<div class=\"wp-block-column is-layout-flow wp-block-column-is-layout-flow\">\n<figure class=\"wp-block-image size-large\"><img fetchpriority=\"high\" decoding=\"async\" width=\"819\" height=\"1024\" src=\"https:\/\/www.fcaglp.unlp.edu.ar\/wp-content\/uploads\/2026\/05\/1-819x1024.png\" alt=\"\" class=\"wp-image-17374\" srcset=\"https:\/\/www.fcaglp.unlp.edu.ar\/wp-content\/uploads\/2026\/05\/1-819x1024.png 819w, https:\/\/www.fcaglp.unlp.edu.ar\/wp-content\/uploads\/2026\/05\/1-240x300.png 240w, https:\/\/www.fcaglp.unlp.edu.ar\/wp-content\/uploads\/2026\/05\/1-768x960.png 768w, https:\/\/www.fcaglp.unlp.edu.ar\/wp-content\/uploads\/2026\/05\/1.png 1080w\" sizes=\"(max-width: 819px) 100vw, 819px\" \/><\/figure>\n<\/div>\n\n\n\n<div class=\"wp-block-column is-layout-flow wp-block-column-is-layout-flow\">\n<figure class=\"wp-block-image size-large\"><img decoding=\"async\" width=\"819\" height=\"1024\" src=\"https:\/\/www.fcaglp.unlp.edu.ar\/wp-content\/uploads\/2026\/05\/2-819x1024.png\" alt=\"\" class=\"wp-image-17375\" srcset=\"https:\/\/www.fcaglp.unlp.edu.ar\/wp-content\/uploads\/2026\/05\/2-819x1024.png 819w, https:\/\/www.fcaglp.unlp.edu.ar\/wp-content\/uploads\/2026\/05\/2-240x300.png 240w, https:\/\/www.fcaglp.unlp.edu.ar\/wp-content\/uploads\/2026\/05\/2-768x960.png 768w, https:\/\/www.fcaglp.unlp.edu.ar\/wp-content\/uploads\/2026\/05\/2.png 1080w\" sizes=\"(max-width: 819px) 100vw, 819px\" \/><\/figure>\n<\/div>\n<\/div>\n<\/div>\n<\/div>\n\n\n\n<h6 class=\"wp-block-heading\"><strong>Pron\u00f3stico del tiempo &#8211; 4 de mayo al 7 de mayo del 2026<\/strong><\/h6>\n\n\n\n<p>Para el d\u00eda <strong>lunes 4,<\/strong> se prev\u00e9 cielo algo nublado a despejado. Vientos leves del noroeste rotando al norte. Ambiente fresco a templado.<\/p>\n\n\n\n<p>El d\u00eda <strong>martes 5,<\/strong> se espera cielo ligeramente a parcialmente nublado. Vientos leves del noroeste rotando al este. Ambiente fresco a templado.<\/p>\n\n\n\n<p>Para el <strong>miercoles 6<\/strong> se prev\u00e9 cielo parcialmente nublado, con probabilidad de lluvias y tormentas desde el mediod\u00eda. Vientos leves del este rotando al noreste. Ambiente fresco a templado.<\/p>\n\n\n\n<p>El d\u00eda <strong>jueves 7<\/strong> se espera cielo cubierto con probabilidad de lluvias y tormentas durante la ma\u00f1ana. Vientos leves a moderados del sudoeste. Ambiente fresco a templado.<\/p>\n\n\n\n<p>Pr\u00f3ximo pron\u00f3stico: martes 5 de mayo.<\/p>\n\n\n\n<p><\/p>\n\n\n\n<p><\/p>\n\n\n\n<p><\/p>\n\n\n\n<p><\/p>\n\n\n\n<div class=\"wp-block-columns is-layout-flex wp-container-core-columns-is-layout-9d6595d7 wp-block-columns-is-layout-flex\">\n<div class=\"wp-block-column is-layout-flow wp-block-column-is-layout-flow\">\n<h2 id=\"wp-block-themeisle-blocks-advanced-heading-70dda8bc\" class=\"wp-block-themeisle-blocks-advanced-heading wp-block-themeisle-blocks-advanced-heading-70dda8bc\">MAR DEL PLATA<\/h2>\n<\/div>\n\n\n\n<div class=\"wp-block-column is-layout-flow wp-block-column-is-layout-flow\">\n<h2 id=\"wp-block-themeisle-blocks-advanced-heading-f6608f1c\" class=\"wp-block-themeisle-blocks-advanced-heading wp-block-themeisle-blocks-advanced-heading-f6608f1c\">JUN\u00cdN<\/h2>\n<\/div>\n<\/div>\n\n\n\n<div class=\"wp-block-columns is-layout-flex wp-container-core-columns-is-layout-62db62f3 wp-block-columns-is-layout-flex\" style=\"padding-top:0;padding-bottom:0\">\n<div class=\"wp-block-column is-layout-flow wp-block-column-is-layout-flow\">\n\n\n<figure class=\"wp-block-gallery has-nested-images columns-default is-cropped wp-block-gallery-2 is-layout-flex wp-block-gallery-is-layout-flex\">\n<figure class=\"wp-block-image size-large\"><img decoding=\"async\" width=\"819\" height=\"1024\" data-id=\"17380\" src=\"https:\/\/www.fcaglp.unlp.edu.ar\/wp-content\/uploads\/2026\/05\/9-819x1024.png\" alt=\"\" class=\"wp-image-17380\" srcset=\"https:\/\/www.fcaglp.unlp.edu.ar\/wp-content\/uploads\/2026\/05\/9-819x1024.png 819w, https:\/\/www.fcaglp.unlp.edu.ar\/wp-content\/uploads\/2026\/05\/9-240x300.png 240w, https:\/\/www.fcaglp.unlp.edu.ar\/wp-content\/uploads\/2026\/05\/9-768x960.png 768w, https:\/\/www.fcaglp.unlp.edu.ar\/wp-content\/uploads\/2026\/05\/9.png 1080w\" sizes=\"(max-width: 819px) 100vw, 819px\" \/><\/figure>\n<\/figure>\n\n\n\n<figure class=\"wp-block-image size-large\"><img loading=\"lazy\" decoding=\"async\" width=\"819\" height=\"1024\" src=\"https:\/\/www.fcaglp.unlp.edu.ar\/wp-content\/uploads\/2026\/05\/10-819x1024.png\" alt=\"\" class=\"wp-image-17381\" srcset=\"https:\/\/www.fcaglp.unlp.edu.ar\/wp-content\/uploads\/2026\/05\/10-819x1024.png 819w, https:\/\/www.fcaglp.unlp.edu.ar\/wp-content\/uploads\/2026\/05\/10-240x300.png 240w, https:\/\/www.fcaglp.unlp.edu.ar\/wp-content\/uploads\/2026\/05\/10-768x960.png 768w, https:\/\/www.fcaglp.unlp.edu.ar\/wp-content\/uploads\/2026\/05\/10.png 1080w\" sizes=\"(max-width: 819px) 100vw, 819px\" \/><\/figure>\n<\/div>\n\n\n\n<div class=\"wp-block-column is-layout-flow wp-block-column-is-layout-flow\">\n<figure class=\"wp-block-gallery has-nested-images columns-default is-cropped wp-block-gallery-3 is-layout-flex wp-block-gallery-is-layout-flex\">\n<figure class=\"wp-block-image size-large\"><img loading=\"lazy\" decoding=\"async\" width=\"819\" height=\"1024\" data-id=\"17369\" src=\"https:\/\/www.fcaglp.unlp.edu.ar\/wp-content\/uploads\/2026\/05\/1-819x1024.jpg\" alt=\"\" class=\"wp-image-17369\" srcset=\"https:\/\/www.fcaglp.unlp.edu.ar\/wp-content\/uploads\/2026\/05\/1-819x1024.jpg 819w, https:\/\/www.fcaglp.unlp.edu.ar\/wp-content\/uploads\/2026\/05\/1-240x300.jpg 240w, https:\/\/www.fcaglp.unlp.edu.ar\/wp-content\/uploads\/2026\/05\/1-768x960.jpg 768w, https:\/\/www.fcaglp.unlp.edu.ar\/wp-content\/uploads\/2026\/05\/1.jpg 1080w\" sizes=\"(max-width: 819px) 100vw, 819px\" \/><\/figure>\n<\/figure>\n\n\n\n<figure class=\"wp-block-image size-large\"><img loading=\"lazy\" decoding=\"async\" width=\"819\" height=\"1024\" src=\"https:\/\/www.fcaglp.unlp.edu.ar\/wp-content\/uploads\/2026\/05\/2-819x1024.jpg\" alt=\"\" class=\"wp-image-17370\" srcset=\"https:\/\/www.fcaglp.unlp.edu.ar\/wp-content\/uploads\/2026\/05\/2-819x1024.jpg 819w, https:\/\/www.fcaglp.unlp.edu.ar\/wp-content\/uploads\/2026\/05\/2-240x300.jpg 240w, https:\/\/www.fcaglp.unlp.edu.ar\/wp-content\/uploads\/2026\/05\/2-768x960.jpg 768w, https:\/\/www.fcaglp.unlp.edu.ar\/wp-content\/uploads\/2026\/05\/2.jpg 1080w\" sizes=\"(max-width: 819px) 100vw, 819px\" \/><\/figure>\n<\/div>\n<\/div>\n\n\n\n<div class=\"wp-block-columns is-layout-flex wp-container-core-columns-is-layout-9d6595d7 wp-block-columns-is-layout-flex\">\n<div class=\"wp-block-column is-layout-flow wp-block-column-is-layout-flow\" style=\"flex-basis:100%\">\n<div class=\"wp-block-group\"><div class=\"wp-block-group__inner-container is-layout-constrained wp-block-group-is-layout-constrained\">\n<div class=\"wp-block-columns is-layout-flex wp-container-core-columns-is-layout-9d6595d7 wp-block-columns-is-layout-flex\">\n<div class=\"wp-block-column is-vertically-aligned-top is-layout-flow wp-block-column-is-layout-flow\">\n<p><a href=\"https:\/\/x.com\/prono_unlp\/status\/1973330340438745296\/photo\/1\"><\/a><\/p>\n\n\n\n<div class=\"wp-block-columns is-layout-flex wp-container-core-columns-is-layout-9d6595d7 wp-block-columns-is-layout-flex\">\n<div class=\"wp-block-column is-layout-flow wp-block-column-is-layout-flow\">\n<h3 class=\"wp-block-heading has-text-align-left\">MAR DEL PLATA<\/h3>\n\n\n\n<h6 class=\"wp-block-heading\">Pron\u00f3stico del tiempo &#8211; 04 de mayo al 07 de mayo del 2026<\/h6>\n\n\n\n<p>Para el pr\u00f3ximo <strong>lunes 04<\/strong> se espera cielo algo nublado. Vientos moderados a leves del noroeste. Ambiente fresco a templado.<\/p>\n\n\n\n<p>Para el d\u00eda <strong>martes 05<\/strong> se espera cielo parcialmente nublado. Vientos leves del oeste rotando al sur. Ambiente fresco a templado. M\u00ednima nocturna.<\/p>\n\n\n\n<p>Para el <strong>mi\u00e9rcoles 06<\/strong> se espera cielo parcialmente nublado con probabilidad de nieblas matutinas, desmejorando hacia la tarde con probabilidad de tormentas y lluvias aisladas. Vientos leves del sector sur cambiando a moderados del noreste. Ambiente fresco a templado.<\/p>\n\n\n\n<p>Para el d\u00eda <strong>jueves 07<\/strong> se prev\u00e9 cielo cubierto con probabildad de lluvias y tormentas aisladas por la m\u00f1aana. Vientos moderados del sudoeste. Ambiente fr\u00edo a templado.<\/p>\n\n\n\n<p>Pr\u00f3ximo pron\u00f3stico: martes 5 de mayo.<\/p>\n\n\n\n<p><\/p>\n\n\n\n<p><\/p>\n\n\n\n<p><\/p>\n\n\n\n<p><\/p>\n\n\n\n<p><\/p>\n\n\n\n<p><\/p>\n\n\n\n<p><\/p>\n\n\n\n<p><\/p>\n\n\n\n<p><\/p>\n\n\n\n<p><\/p>\n\n\n\n<p><\/p>\n\n\n\n<p><\/p>\n\n\n\n<p><\/p>\n\n\n\n<p><\/p>\n\n\n\n<p><\/p>\n\n\n\n<p><\/p>\n\n\n\n<p><\/p>\n\n\n\n<p><\/p>\n\n\n\n<p><\/p>\n\n\n\n<p><\/p>\n<\/div>\n\n\n\n<div class=\"wp-block-column is-layout-flow wp-block-column-is-layout-flow\">\n<h3 class=\"wp-block-heading has-text-align-left\">JUN\u00cdN<\/h3>\n\n\n\n<h6 class=\"wp-block-heading\">Pron\u00f3stico del tiempo &#8211; 04 de mayo al 07 de mayo del 2026<\/h6>\n\n\n\n<p>Para hoy, <strong>lunes 04<\/strong>, se prev\u00e9 cielo algo nublado a despejado con vientos leves del norte rotando al noreste hacia la noche. Ambiente fr\u00edo a templado.<\/p>\n\n\n\n<p>Para ma\u00f1ana, <strong>martes 05<\/strong>, se espera cielo ligeramente a parcialmente nublado. Vientos leves del noreste rotando al este hacia la noche. Ambiente fr\u00edo a templado.<\/p>\n\n\n\n<p>El d\u00eda <strong>mi\u00e9rcoles 06<\/strong> se presentar\u00e1 con cielo cubierto, con probabilidad de lluvias y tormentas a lo largo del d\u00eda. Vientos leves del este rotando al noreste. Ambiente templado.<\/p>\n\n\n\n<p>Para el pr\u00f3ximo <strong>jueves 07<\/strong> se espera cielo cubierto a algo nublado, con probabilidad de tormentas aisladas por la madrugada. Temperatura m\u00ednima nocturna. Vientos moderados persistentes del sudoeste. Ambiente templado a fr\u00edo.<\/p>\n\n\n\n<p>Pr\u00f3ximo pron\u00f3stico: martes 05 de mayo.<\/p>\n\n\n\n<p><\/p>\n\n\n\n<p><\/p>\n\n\n\n<p><\/p>\n\n\n\n<p><\/p>\n\n\n\n<p><\/p>\n\n\n\n<p><\/p>\n\n\n\n<p><\/p>\n\n\n\n<p><\/p>\n\n\n\n<p><\/p>\n\n\n\n<p><\/p>\n\n\n\n<p><\/p>\n\n\n\n<p><\/p>\n\n\n\n<p><\/p>\n\n\n\n<p><\/p>\n\n\n\n<p><\/p>\n<\/div>\n<\/div>\n<\/div>\n<\/div>\n<\/div><\/div>\n<\/div>\n<\/div>\n\n\n\n<p><\/p>\n","protected":false},"excerpt":{"rendered":"<p>LA PLATA Pron\u00f3stico del tiempo &#8211; 4 de mayo al 7 de mayo del 2026 Para el d\u00eda lunes 4, se prev\u00e9 cielo algo nublado a despejado. Vientos leves del noroeste rotando al norte. Ambiente fresco a templado. El d\u00eda martes 5, se espera cielo ligeramente a parcialmente nublado. Vientos leves del noroeste rotando al&hellip;&nbsp;<a href=\"https:\/\/www.fcaglp.unlp.edu.ar\/index.php\/pronostico-del-tiempo\/\" rel=\"bookmark\">Read More &raquo;<span class=\"screen-reader-text\">PRON\u00d3STICO DEL TIEMPO<\/span><\/a><\/p>\n","protected":false},"author":16,"featured_media":0,"parent":0,"menu_order":0,"comment_status":"closed","ping_status":"closed","template":"","meta":{"neve_meta_sidebar":"","neve_meta_container":"","neve_meta_enable_content_width":"","neve_meta_content_width":0,"neve_meta_title_alignment":"","neve_meta_author_avatar":"","neve_post_elements_order":"","neve_meta_disable_header":"","neve_meta_disable_footer":"","neve_meta_disable_title":"","neve_meta_reading_time":"","_themeisle_gutenberg_block_has_review":false,"footnotes":""},"class_list":["post-6721","page","type-page","status-publish","hentry"],"aioseo_notices":[],"_links":{"self":[{"href":"https:\/\/www.fcaglp.unlp.edu.ar\/index.php\/wp-json\/wp\/v2\/pages\/6721","targetHints":{"allow":["GET"]}}],"collection":[{"href":"https:\/\/www.fcaglp.unlp.edu.ar\/index.php\/wp-json\/wp\/v2\/pages"}],"about":[{"href":"https:\/\/www.fcaglp.unlp.edu.ar\/index.php\/wp-json\/wp\/v2\/types\/page"}],"author":[{"embeddable":true,"href":"https:\/\/www.fcaglp.unlp.edu.ar\/index.php\/wp-json\/wp\/v2\/users\/16"}],"replies":[{"embeddable":true,"href":"https:\/\/www.fcaglp.unlp.edu.ar\/index.php\/wp-json\/wp\/v2\/comments?post=6721"}],"version-history":[{"count":806,"href":"https:\/\/www.fcaglp.unlp.edu.ar\/index.php\/wp-json\/wp\/v2\/pages\/6721\/revisions"}],"predecessor-version":[{"id":17382,"href":"https:\/\/www.fcaglp.unlp.edu.ar\/index.php\/wp-json\/wp\/v2\/pages\/6721\/revisions\/17382"}],"wp:attachment":[{"href":"https:\/\/www.fcaglp.unlp.edu.ar\/index.php\/wp-json\/wp\/v2\/media?parent=6721"}],"curies":[{"name":"wp","href":"https:\/\/api.w.org\/{rel}","templated":true}]}}