{"id":6640,"date":"2024-05-30T12:40:27","date_gmt":"2024-05-30T15:40:27","guid":{"rendered":"http:\/\/www.fcaglp.unlp.edu.ar\/?page_id=6640"},"modified":"2025-06-13T12:24:48","modified_gmt":"2025-06-13T15:24:48","slug":"informacion-meteorologica","status":"publish","type":"page","link":"https:\/\/www.fcaglp.unlp.edu.ar\/index.php\/informacion-meteorologica\/","title":{"rendered":"INFORMACI\u00d3N METEOROL\u00d3GICA"},"content":{"rendered":"\n<div class=\"wp-block-columns is-layout-flex wp-container-core-columns-is-layout-9d6595d7 wp-block-columns-is-layout-flex\">\n<div class=\"wp-block-column is-layout-flow wp-block-column-is-layout-flow\">\n<h4 class=\"wp-block-heading\">Meteorolog\u00eda en la FCAG<\/h4>\n\n\n\n<p>En este espacio, la Facultad de Cs. Astron\u00f3micas y Geof\u00edsicas de la UNLP provee diversa informaci\u00f3n sobre el tiempo y el clima en la ciudad de La Plata y alrededores. Hay datos en tiempo real y otros hist\u00f3ricos, todos producto del trabajo de registro, recolecci\u00f3n, interpretaci\u00f3n por parte de geof\u00edsicos, meteor\u00f3logos y t\u00e9cnicos meteor\u00f3logicos de esta Unidad Acad\u00e9mica.&nbsp;&nbsp;<\/p>\n<\/div>\n<\/div>\n\n\n\n<div class=\"wp-block-columns is-layout-flex wp-container-core-columns-is-layout-9d6595d7 wp-block-columns-is-layout-flex\">\n<div class=\"wp-block-column is-layout-flow wp-block-column-is-layout-flow\">\n<figure class=\"wp-block-image size-large\"><a href=\"https:\/\/www.fcaglp.unlp.edu.ar\/index.php\/pronostico-del-tiempo\/\"><img fetchpriority=\"high\" decoding=\"async\" width=\"1024\" height=\"551\" src=\"https:\/\/www.fcaglp.unlp.edu.ar\/wp-content\/uploads\/2024\/06\/formato.info_.meteorologica-01-1-1024x551.jpg\" alt=\"\" class=\"wp-image-6713\" srcset=\"https:\/\/www.fcaglp.unlp.edu.ar\/wp-content\/uploads\/2024\/06\/formato.info_.meteorologica-01-1-1024x551.jpg 1024w, https:\/\/www.fcaglp.unlp.edu.ar\/wp-content\/uploads\/2024\/06\/formato.info_.meteorologica-01-1-300x161.jpg 300w, https:\/\/www.fcaglp.unlp.edu.ar\/wp-content\/uploads\/2024\/06\/formato.info_.meteorologica-01-1-768x413.jpg 768w, https:\/\/www.fcaglp.unlp.edu.ar\/wp-content\/uploads\/2024\/06\/formato.info_.meteorologica-01-1.jpg 1315w\" sizes=\"(max-width: 1024px) 100vw, 1024px\" \/><\/a><\/figure>\n<\/div>\n\n\n\n<div class=\"wp-block-column is-layout-flow wp-block-column-is-layout-flow\">\n<figure class=\"wp-block-image size-large\"><a href=\"https:\/\/meteo.fcaglp.unlp.edu.ar\/.\"><img decoding=\"async\" width=\"1024\" height=\"551\" src=\"https:\/\/www.fcaglp.unlp.edu.ar\/wp-content\/uploads\/2024\/09\/formato.info_.meteorologica-04-1024x551.jpg\" alt=\"\" class=\"wp-image-9184\" srcset=\"https:\/\/www.fcaglp.unlp.edu.ar\/wp-content\/uploads\/2024\/09\/formato.info_.meteorologica-04-1024x551.jpg 1024w, https:\/\/www.fcaglp.unlp.edu.ar\/wp-content\/uploads\/2024\/09\/formato.info_.meteorologica-04-300x161.jpg 300w, https:\/\/www.fcaglp.unlp.edu.ar\/wp-content\/uploads\/2024\/09\/formato.info_.meteorologica-04-768x413.jpg 768w, https:\/\/www.fcaglp.unlp.edu.ar\/wp-content\/uploads\/2024\/09\/formato.info_.meteorologica-04-1536x826.jpg 1536w, https:\/\/www.fcaglp.unlp.edu.ar\/wp-content\/uploads\/2024\/09\/formato.info_.meteorologica-04-2048x1102.jpg 2048w\" sizes=\"(max-width: 1024px) 100vw, 1024px\" \/><\/a><\/figure>\n<\/div>\n<\/div>\n\n\n\n<div class=\"wp-block-columns is-layout-flex wp-container-core-columns-is-layout-9d6595d7 wp-block-columns-is-layout-flex\">\n<div class=\"wp-block-column is-layout-flow wp-block-column-is-layout-flow\">\n<figure class=\"wp-block-image size-large is-resized\"><a href=\"https:\/\/www.fcaglp.unlp.edu.ar\/index.php\/informes-especiales\/\"><img decoding=\"async\" width=\"1024\" height=\"551\" src=\"https:\/\/www.fcaglp.unlp.edu.ar\/wp-content\/uploads\/2025\/06\/formato.info_.meteorologica.ESPECIALES-1024x551.jpg\" alt=\"\" class=\"wp-image-12566\" style=\"width:567px;height:auto\" srcset=\"https:\/\/www.fcaglp.unlp.edu.ar\/wp-content\/uploads\/2025\/06\/formato.info_.meteorologica.ESPECIALES-1024x551.jpg 1024w, https:\/\/www.fcaglp.unlp.edu.ar\/wp-content\/uploads\/2025\/06\/formato.info_.meteorologica.ESPECIALES-300x161.jpg 300w, https:\/\/www.fcaglp.unlp.edu.ar\/wp-content\/uploads\/2025\/06\/formato.info_.meteorologica.ESPECIALES-768x413.jpg 768w, https:\/\/www.fcaglp.unlp.edu.ar\/wp-content\/uploads\/2025\/06\/formato.info_.meteorologica.ESPECIALES.jpg 1315w\" sizes=\"(max-width: 1024px) 100vw, 1024px\" \/><\/a><\/figure>\n<\/div>\n\n\n\n<div class=\"wp-block-column is-layout-flow wp-block-column-is-layout-flow\">\n<figure class=\"wp-block-image size-large\"><a href=\"https:\/\/mna.fcaglp.unlp.edu.ar\/variables.html#\" target=\"_blank\" rel=\"noreferrer noopener\"><img loading=\"lazy\" decoding=\"async\" width=\"1024\" height=\"551\" src=\"https:\/\/www.fcaglp.unlp.edu.ar\/wp-content\/uploads\/2024\/09\/formato.info_.meteorologica-03-1-1024x551.jpg\" alt=\"\" class=\"wp-image-9181\" srcset=\"https:\/\/www.fcaglp.unlp.edu.ar\/wp-content\/uploads\/2024\/09\/formato.info_.meteorologica-03-1-1024x551.jpg 1024w, https:\/\/www.fcaglp.unlp.edu.ar\/wp-content\/uploads\/2024\/09\/formato.info_.meteorologica-03-1-300x161.jpg 300w, https:\/\/www.fcaglp.unlp.edu.ar\/wp-content\/uploads\/2024\/09\/formato.info_.meteorologica-03-1-768x413.jpg 768w, https:\/\/www.fcaglp.unlp.edu.ar\/wp-content\/uploads\/2024\/09\/formato.info_.meteorologica-03-1-1536x826.jpg 1536w, https:\/\/www.fcaglp.unlp.edu.ar\/wp-content\/uploads\/2024\/09\/formato.info_.meteorologica-03-1-2048x1102.jpg 2048w\" sizes=\"(max-width: 1024px) 100vw, 1024px\" \/><\/a><\/figure>\n<\/div>\n<\/div>\n","protected":false},"excerpt":{"rendered":"<p>Meteorolog\u00eda en la FCAG En este espacio, la Facultad de Cs. Astron\u00f3micas y Geof\u00edsicas de la UNLP provee diversa informaci\u00f3n sobre el tiempo y el clima en la ciudad de La Plata y alrededores. Hay datos en tiempo real y otros hist\u00f3ricos, todos producto del trabajo de registro, recolecci\u00f3n, interpretaci\u00f3n por parte de geof\u00edsicos, meteor\u00f3logos&hellip;&nbsp;<a href=\"https:\/\/www.fcaglp.unlp.edu.ar\/index.php\/informacion-meteorologica\/\" rel=\"bookmark\">Read More &raquo;<span class=\"screen-reader-text\">INFORMACI\u00d3N METEOROL\u00d3GICA<\/span><\/a><\/p>\n","protected":false},"author":3,"featured_media":0,"parent":0,"menu_order":0,"comment_status":"closed","ping_status":"closed","template":"","meta":{"neve_meta_sidebar":"","neve_meta_container":"","neve_meta_enable_content_width":"","neve_meta_content_width":0,"neve_meta_title_alignment":"","neve_meta_author_avatar":"","neve_post_elements_order":"","neve_meta_disable_header":"","neve_meta_disable_footer":"","neve_meta_disable_title":"","neve_meta_reading_time":"","_themeisle_gutenberg_block_has_review":false,"footnotes":""},"class_list":["post-6640","page","type-page","status-publish","hentry"],"aioseo_notices":[],"_links":{"self":[{"href":"https:\/\/www.fcaglp.unlp.edu.ar\/index.php\/wp-json\/wp\/v2\/pages\/6640","targetHints":{"allow":["GET"]}}],"collection":[{"href":"https:\/\/www.fcaglp.unlp.edu.ar\/index.php\/wp-json\/wp\/v2\/pages"}],"about":[{"href":"https:\/\/www.fcaglp.unlp.edu.ar\/index.php\/wp-json\/wp\/v2\/types\/page"}],"author":[{"embeddable":true,"href":"https:\/\/www.fcaglp.unlp.edu.ar\/index.php\/wp-json\/wp\/v2\/users\/3"}],"replies":[{"embeddable":true,"href":"https:\/\/www.fcaglp.unlp.edu.ar\/index.php\/wp-json\/wp\/v2\/comments?post=6640"}],"version-history":[{"count":16,"href":"https:\/\/www.fcaglp.unlp.edu.ar\/index.php\/wp-json\/wp\/v2\/pages\/6640\/revisions"}],"predecessor-version":[{"id":12570,"href":"https:\/\/www.fcaglp.unlp.edu.ar\/index.php\/wp-json\/wp\/v2\/pages\/6640\/revisions\/12570"}],"wp:attachment":[{"href":"https:\/\/www.fcaglp.unlp.edu.ar\/index.php\/wp-json\/wp\/v2\/media?parent=6640"}],"curies":[{"name":"wp","href":"https:\/\/api.w.org\/{rel}","templated":true}]}}