{"id":6396,"date":"2024-05-24T11:50:59","date_gmt":"2024-05-24T14:50:59","guid":{"rendered":"http:\/\/www.fcaglp.unlp.edu.ar\/?page_id=6396"},"modified":"2024-09-13T11:59:52","modified_gmt":"2024-09-13T14:59:52","slug":"meteorologia","status":"publish","type":"page","link":"https:\/\/www.fcaglp.unlp.edu.ar\/index.php\/carreras-grado\/meteorologia\/","title":{"rendered":"METEOROLOG\u00cdA"},"content":{"rendered":"\n<h2 class=\"wp-block-heading\">T\u00edtulos:<br>*T\u00e9cnico Meteorol\u00f3gico (3 a\u00f1os)<br>*Licenciado en Meteorolog\u00eda y Ciencias de la Atm\u00f3sfera (5 a\u00f1os)<\/h2>\n\n\n\n<div class=\"wp-block-columns is-layout-flex wp-container-core-columns-is-layout-9d6595d7 wp-block-columns-is-layout-flex\">\n<div class=\"wp-block-column is-layout-flow wp-block-column-is-layout-flow\">\n<p><br><strong>Caracter\u00edsticas Generales de la Meteorolog\u00eda y las Cs. de la Atm\u00f3sfera<\/strong><\/p>\n\n\n\n<p>La carrera de Meteorolog\u00eda y Cs. de la Atm\u00f3sfera tiene una duraci\u00f3n de cinco a\u00f1os, con un t\u00edtulo intermedio -16 materias- y un total de 29 para obtener la Licenciatura.<\/p>\n\n\n\n<p>Las materias propias de Meteorolog\u00eda y Cs. de la Atm\u00f3sfera son&nbsp; Introducci\u00f3n a las Ciencias Atmosf\u00e9ricas, F\u00edsica General, An\u00e1lisis Matem\u00e1tico, Introducci\u00f3n a la Din\u00e1mica de la Atm\u00f3sfera, Estad\u00edstica Aplicada, Termodin\u00e1mica de la Atm\u00f3sfera, Qu\u00edmica, Climatolog\u00eda, Instrumentos y Observaci\u00f3n, Micrometeorolog\u00eda, Turbulencia Atmosf\u00e9rica, Meteorolog\u00eda Din\u00e1mica &#8211; Sin\u00f3ptica, Laboratorio de Previsi\u00f3n del Tiempo, Contaminaci\u00f3n Atmosf\u00e9rica, Computaci\u00f3n, Ingl\u00e9s, entre otras.&nbsp;<\/p>\n\n\n\n<p>Para obtener el t\u00edtulo de Licenciado se requiere acreditar 40 horas de extensi\u00f3n.<\/p>\n\n\n\n<p><strong>Apuntes sobre qu\u00e9 son la Meteorolog\u00eda y las Ciencias de la Atm\u00f3sfera<\/strong><\/p>\n\n\n\n<p>Estas disciplinas estudian la din\u00e1mica de la atm\u00f3sfera y el comportamiento del clima del planeta; el estado del tiempo a corto y mediano plazo, su predicci\u00f3n; la variaci\u00f3n de la temperatura del planeta debido al cambio clim\u00e1tico global; din\u00e1mica del ciclo del agua en las distintas regiones clim\u00e1ticas &nbsp;y m\u00e1s. En estas disciplinas tambi\u00e9n se ven temas como la Agrometeorolog\u00eda y otros aspectos que&nbsp; tiene relevancia econ\u00f3mica y social.&nbsp;<\/p>\n\n\n\n<p>El gran desarrollo de tecnolog\u00eda para monitorear la atm\u00f3sfera, ya sea desde la superficie o desde el espacio, brinda d\u00eda a d\u00eda nuevas herramientas para profundizar en el desaf\u00edo de conocer con mayor detalle sus complejas regiones.<\/p>\n\n\n\n<p><strong>Campo Profesional<\/strong><\/p>\n\n\n\n<p>La creaci\u00f3n de esta carrera en la UNLP responde a la alt\u00edsima demanda de pronosticadores y especialistas en la Atm\u00f3sfera que existe actualmente. Esta cuesti\u00f3n, sumada a la posibilidad de obtener un t\u00edtulo intermedio, garantiza una r\u00e1pida salida laboral.<\/p>\n\n\n\n<p>El egresado puede ejercer su profesi\u00f3n haciendo docencia y\/o investigaci\u00f3n, como tambi\u00e9n trabajar en instituciones p\u00fablicas o privadas, asesorar, trabajar en consultor\u00edas, y en todo ello aplicar sus conocimientos en las \u00e1reas ya citadas como tambi\u00e9n sobre los recursos h\u00eddricos y energ\u00e9ticos, energ\u00edas limpias, la contaminaci\u00f3n, la salud, cuestiones ambientales, prevenci\u00f3n de cat\u00e1strofes,&nbsp; influencias antropog\u00e9nicas en la escala global, etc.<\/p>\n\n\n\n<p><\/p>\n<\/div>\n\n\n\n<div class=\"wp-block-column is-layout-flow wp-block-column-is-layout-flow\">\n<p><br><\/p>\n\n\n\n<figure class=\"wp-block-image size-large\"><img fetchpriority=\"high\" decoding=\"async\" width=\"724\" height=\"1024\" src=\"https:\/\/www.fcaglp.unlp.edu.ar\/wp-content\/uploads\/2024\/09\/PLANES.DE_.ESTUDIO.A4_Mesa-de-trabajo-1-1-724x1024.jpg\" alt=\"\" class=\"wp-image-9098\" srcset=\"https:\/\/www.fcaglp.unlp.edu.ar\/wp-content\/uploads\/2024\/09\/PLANES.DE_.ESTUDIO.A4_Mesa-de-trabajo-1-1-724x1024.jpg 724w, https:\/\/www.fcaglp.unlp.edu.ar\/wp-content\/uploads\/2024\/09\/PLANES.DE_.ESTUDIO.A4_Mesa-de-trabajo-1-1-212x300.jpg 212w, https:\/\/www.fcaglp.unlp.edu.ar\/wp-content\/uploads\/2024\/09\/PLANES.DE_.ESTUDIO.A4_Mesa-de-trabajo-1-1-768x1086.jpg 768w, https:\/\/www.fcaglp.unlp.edu.ar\/wp-content\/uploads\/2024\/09\/PLANES.DE_.ESTUDIO.A4_Mesa-de-trabajo-1-1-1086x1536.jpg 1086w, https:\/\/www.fcaglp.unlp.edu.ar\/wp-content\/uploads\/2024\/09\/PLANES.DE_.ESTUDIO.A4_Mesa-de-trabajo-1-1-1448x2048.jpg 1448w, https:\/\/www.fcaglp.unlp.edu.ar\/wp-content\/uploads\/2024\/09\/PLANES.DE_.ESTUDIO.A4_Mesa-de-trabajo-1-1-scaled.jpg 1811w\" sizes=\"(max-width: 724px) 100vw, 724px\" \/><\/figure>\n<\/div>\n<\/div>\n","protected":false},"excerpt":{"rendered":"<p>T\u00edtulos:*T\u00e9cnico Meteorol\u00f3gico (3 a\u00f1os)*Licenciado en Meteorolog\u00eda y Ciencias de la Atm\u00f3sfera (5 a\u00f1os) Caracter\u00edsticas Generales de la Meteorolog\u00eda y las Cs. de la Atm\u00f3sfera La carrera de Meteorolog\u00eda y Cs. de la Atm\u00f3sfera tiene una duraci\u00f3n de cinco a\u00f1os, con un t\u00edtulo intermedio -16 materias- y un total de 29 para obtener la Licenciatura. Las&hellip;&nbsp;<a href=\"https:\/\/www.fcaglp.unlp.edu.ar\/index.php\/carreras-grado\/meteorologia\/\" rel=\"bookmark\">Read More &raquo;<span class=\"screen-reader-text\">METEOROLOG\u00cdA<\/span><\/a><\/p>\n","protected":false},"author":4,"featured_media":0,"parent":38,"menu_order":0,"comment_status":"closed","ping_status":"closed","template":"","meta":{"neve_meta_sidebar":"","neve_meta_container":"","neve_meta_enable_content_width":"","neve_meta_content_width":0,"neve_meta_title_alignment":"","neve_meta_author_avatar":"","neve_post_elements_order":"","neve_meta_disable_header":"","neve_meta_disable_footer":"","neve_meta_disable_title":"","neve_meta_reading_time":"","_themeisle_gutenberg_block_has_review":false,"footnotes":""},"class_list":["post-6396","page","type-page","status-publish","hentry"],"aioseo_notices":[],"_links":{"self":[{"href":"https:\/\/www.fcaglp.unlp.edu.ar\/index.php\/wp-json\/wp\/v2\/pages\/6396","targetHints":{"allow":["GET"]}}],"collection":[{"href":"https:\/\/www.fcaglp.unlp.edu.ar\/index.php\/wp-json\/wp\/v2\/pages"}],"about":[{"href":"https:\/\/www.fcaglp.unlp.edu.ar\/index.php\/wp-json\/wp\/v2\/types\/page"}],"author":[{"embeddable":true,"href":"https:\/\/www.fcaglp.unlp.edu.ar\/index.php\/wp-json\/wp\/v2\/users\/4"}],"replies":[{"embeddable":true,"href":"https:\/\/www.fcaglp.unlp.edu.ar\/index.php\/wp-json\/wp\/v2\/comments?post=6396"}],"version-history":[{"count":8,"href":"https:\/\/www.fcaglp.unlp.edu.ar\/index.php\/wp-json\/wp\/v2\/pages\/6396\/revisions"}],"predecessor-version":[{"id":9099,"href":"https:\/\/www.fcaglp.unlp.edu.ar\/index.php\/wp-json\/wp\/v2\/pages\/6396\/revisions\/9099"}],"up":[{"embeddable":true,"href":"https:\/\/www.fcaglp.unlp.edu.ar\/index.php\/wp-json\/wp\/v2\/pages\/38"}],"wp:attachment":[{"href":"https:\/\/www.fcaglp.unlp.edu.ar\/index.php\/wp-json\/wp\/v2\/media?parent=6396"}],"curies":[{"name":"wp","href":"https:\/\/api.w.org\/{rel}","templated":true}]}}