{"id":6294,"date":"2024-05-17T13:10:48","date_gmt":"2024-05-17T16:10:48","guid":{"rendered":"http:\/\/www.fcaglp.unlp.edu.ar\/?page_id=6294"},"modified":"2026-02-12T11:49:55","modified_gmt":"2026-02-12T14:49:55","slug":"temarios-para-concursos","status":"publish","type":"page","link":"https:\/\/www.fcaglp.unlp.edu.ar\/index.php\/administrativa\/dpto-de-concursos\/nodocentes\/concursos\/temarios-para-concursos\/","title":{"rendered":"TEMARIOS PARA CONCURSOS"},"content":{"rendered":"\n<div class=\"wp-block-columns is-layout-flex wp-container-core-columns-is-layout-9d6595d7 wp-block-columns-is-layout-flex\">\n<div class=\"wp-block-column is-layout-flow wp-block-column-is-layout-flow\">\n<div class=\"wp-block-file\"><a id=\"wp-block-file--media-20d79faf-a2f4-43e5-b646-19f9834b364c\" href=\"https:\/\/www.fcaglp.unlp.edu.ar\/wp-content\/uploads\/2024\/05\/decreto_366_06-1.pdf\">decreto_366_06-1<\/a><\/div>\n\n\n\n<div class=\"wp-block-file\"><a id=\"wp-block-file--media-ec9a1255-8d28-4ed0-b37c-dc235c49558f\" href=\"https:\/\/www.fcaglp.unlp.edu.ar\/wp-content\/uploads\/2024\/05\/decreto_893-2.pdf\">decreto_893-2<\/a><\/div>\n\n\n\n<div class=\"wp-block-file\"><a id=\"wp-block-file--media-f4e14b40-5d1a-4ebd-a10d-466c03cc4a76\" href=\"https:\/\/www.fcaglp.unlp.edu.ar\/wp-content\/uploads\/2024\/05\/decreto_1023-2.pdf\">decreto_1023-2<\/a><\/div>\n\n\n\n<div class=\"wp-block-file\"><a id=\"wp-block-file--media-f1d3d124-90b1-49f2-9041-12ca862937f7\" href=\"https:\/\/www.fcaglp.unlp.edu.ar\/wp-content\/uploads\/2024\/05\/disposicion_192_22-2.pdf\">disposicion_192_22-2<\/a><\/div>\n\n\n\n<div class=\"wp-block-file\"><a id=\"wp-block-file--media-dc701b44-a16a-4398-893e-4da39a62b0b6\" href=\"https:\/\/www.fcaglp.unlp.edu.ar\/wp-content\/uploads\/2024\/05\/disposicion_resolutiva_210_22-1.pdf\">disposicion_resolutiva_210_22-1<\/a><\/div>\n\n\n\n<div class=\"wp-block-file\"><a id=\"wp-block-file--media-0458e233-0c5a-4682-b017-88449f3673a0\" href=\"https:\/\/www.fcaglp.unlp.edu.ar\/wp-content\/uploads\/2024\/05\/estatuto_unlp-1.pdf\">estatuto_unlp-1<\/a><\/div>\n\n\n\n<div class=\"wp-block-file\"><a id=\"wp-block-file--media-1340403b-ca83-44e8-9f45-33d21cdf58e6\" href=\"https:\/\/www.fcaglp.unlp.edu.ar\/wp-content\/uploads\/2024\/05\/les.pdf\">les<\/a><\/div>\n\n\n\n<div class=\"wp-block-file\"><a id=\"wp-block-file--media-2641accd-353c-4b0f-aa9a-14c22f39bb72\" href=\"https:\/\/www.fcaglp.unlp.edu.ar\/wp-content\/uploads\/2024\/05\/ley_24557_95-1.pdf\">ley_24557_95-1<\/a><\/div>\n\n\n\n<div class=\"wp-block-file\"><a id=\"wp-block-file--media-661c5ce0-fc33-4460-a940-00c544af704d\" href=\"https:\/\/www.fcaglp.unlp.edu.ar\/wp-content\/uploads\/2024\/05\/manual_de_clasificacion_presupuestaria.pdf\">manual_de_clasificacion_presupuestaria<\/a><\/div>\n\n\n\n<div class=\"wp-block-file\"><a id=\"wp-block-file--media-e0830e16-d1e1-4a2c-a8f0-855f8cebeea2\" href=\"https:\/\/www.fcaglp.unlp.edu.ar\/wp-content\/uploads\/2024\/05\/manual_del_ingresante.pdf\">manual_del_ingresante<\/a><\/div>\n\n\n\n<div class=\"wp-block-file\"><a id=\"wp-block-file--media-74b621bb-b767-46f2-9994-36096ede319c\" href=\"https:\/\/www.fcaglp.unlp.edu.ar\/wp-content\/uploads\/2024\/05\/manual_siu_guarani.pdf\">manual_siu_guarani<\/a><\/div>\n\n\n\n<div class=\"wp-block-file\"><a id=\"wp-block-file--media-b0b18385-0924-46ac-81ad-2b5f39166198\" href=\"https:\/\/www.fcaglp.unlp.edu.ar\/wp-content\/uploads\/2024\/05\/manual_siu_pilaga.pdf\">manual_siu_pilaga<\/a><\/div>\n\n\n\n<div class=\"wp-block-file\"><a id=\"wp-block-file--media-65598ef2-8714-418e-921b-cc12aefb3e21\" href=\"https:\/\/www.fcaglp.unlp.edu.ar\/wp-content\/uploads\/2024\/05\/ordenanza_9_59_computo_de_antiguedad.pdf\">ordenanza_9_59_computo_de_antiguedad<\/a><\/div>\n\n\n\n<div class=\"wp-block-file\"><a id=\"wp-block-file--media-c0168347-b904-4093-9127-df443ba24256\" href=\"https:\/\/www.fcaglp.unlp.edu.ar\/wp-content\/uploads\/2024\/05\/ordenanza_22.pdf\">ordenanza_22<\/a><\/div>\n\n\n\n<div class=\"wp-block-file\"><a id=\"wp-block-file--media-83b8df39-f10d-40ed-930e-c2bc68743e4f\" href=\"https:\/\/www.fcaglp.unlp.edu.ar\/wp-content\/uploads\/2024\/05\/ordenanza_101.pdf\">ordenanza_101<\/a><\/div>\n\n\n\n<div class=\"wp-block-file\"><a id=\"wp-block-file--media-7e7abedd-9d17-4fe4-a3f3-a97777791717\" href=\"https:\/\/www.fcaglp.unlp.edu.ar\/wp-content\/uploads\/2024\/05\/ordenanza_129_79.pdf\">ordenanza_129_79<\/a><\/div>\n\n\n\n<div class=\"wp-block-file\"><a id=\"wp-block-file--media-7ddbad24-200a-48c0-af0c-4a69232ee82b\" href=\"https:\/\/www.fcaglp.unlp.edu.ar\/wp-content\/uploads\/2024\/05\/ordenanza_164.pdf\">ordenanza_164<\/a><\/div>\n\n\n\n<div class=\"wp-block-file\"><a id=\"wp-block-file--media-c4cb5f04-44fa-41d0-b513-72a6027620d8\" href=\"https:\/\/www.fcaglp.unlp.edu.ar\/wp-content\/uploads\/2024\/05\/ordenanza_187_87.pdf\">ordenanza_187_87<\/a><\/div>\n\n\n\n<div class=\"wp-block-file\"><a id=\"wp-block-file--media-c8542566-b6e6-47f9-8db3-371d29475325\" href=\"https:\/\/www.fcaglp.unlp.edu.ar\/wp-content\/uploads\/2024\/05\/ordenanza_198_88_reconocimiento_de_antiguedad.pdf\">ordenanza_198_88_reconocimiento_de_antiguedad<\/a><\/div>\n\n\n\n<div class=\"wp-block-file\"><a id=\"wp-block-file--media-4d2d317a-fa96-4324-9793-24f86615b3fd\" href=\"https:\/\/www.fcaglp.unlp.edu.ar\/wp-content\/uploads\/2024\/05\/ordenanza_219.pdf\">ordenanza_219<\/a><\/div>\n\n\n\n<p><a href=\"https:\/\/sedici.unlp.edu.ar\/handle\/10915\/101798\" title=\"\">Capacitaci\u00f3n obligatoria en materia de g\u00e9nero y violencia contra las mujeres, prevista en la Ley N\u00ba 27.499 &#8220;Ley Micaela&#8221;<\/a><\/p>\n\n\n\n<p><a href=\"http:\/\/sedici.unlp.edu.ar\/handle\/10915\/101796\" title=\"\">Res 7-12 Declaraci\u00f3n de la UNLP como instituci\u00f3n libre de discriminaci\u00f3n por expresi\u00f3n e identidad de g\u00e9nero<\/a><\/p>\n\n\n\n<p><a href=\"http:\/\/sedici.unlp.edu.ar\/handle\/10915\/101804\" title=\"\">Disposici\u00f3n 410\/15 Protocolo de actuaci\u00f3n ante situaciones de discriminaci\u00f3n y\/o violencia de G\u00e9nero.<\/a><\/p>\n\n\n\n<p><a href=\"https:\/\/authorities.loc.gov\/\" title=\"\">Lista de autoridades Library of Congress<\/a><\/p>\n\n\n\n<p><a href=\"https:\/\/koha-community.org\/manual\/20.05\/es\/html\/intro.html\" title=\"\">Manual de Sistema Integrado de Gesti\u00f3n de Bibliotecas (SIGB) Koha<\/a><\/p>\n\n\n\n<p><a href=\"https:\/\/unlp.edu.ar\/bibliotecas\/\" title=\"\">Informaci\u00f3n sobre el Sistema Integrado de Informaci\u00f3n, Repositorios, Bibliotecas y Archivos (SIIRBA)<\/a><\/p>\n\n\n\n<p><a href=\"https:\/\/servicios.infoleg.gob.ar\/infolegInternet\/anexos\/220000-224999\/223459\/norma.htm\" title=\"\">Ley. 26.899 Repositorios Digitales Institucionales de Acceso Abierto<\/a><\/p>\n\n\n\n<p><a href=\"https:\/\/servicios.infoleg.gob.ar\/infolegInternet\/anexos\/265000-269999\/265949\/norma.htm\" title=\"\">Ley 27.275 Acceso a la Informaci\u00f3n P\u00fablica<\/a><\/p>\n\n\n\n<p><a href=\"http:\/\/sedici.unlp.edu.ar\/handle\/10915\/147517\" title=\"\">Pol\u00edtica institucional de acceso abierto a la producci\u00f3n cient\u00edfica, acad\u00e9mica e institucional para toda la Universidad Nacional de La Plata (Ordenanza 302\/2022)<\/a><\/p>\n\n\n\n<p><a href=\"https:\/\/www.argentina.gob.ar\/sites\/default\/files\/iso-9001-2008_es_cert.pdf\" title=\"\">Sistemas de gesti\u00f3n de la calidad &#8211; ISO 9001.<\/a><\/p>\n\n\n\n<p><a href=\"https:\/\/mega.nz\/file\/0B5XhaTb#fy2WlXdsHil5XuzM6PKh-qlg8GADtRkeQlkY-7mbaGQ\" title=\"\">Clasificaci\u00f3n Decimal Universal (CDU)<\/a><\/p>\n<\/div>\n\n\n\n<div class=\"wp-block-column is-layout-flow wp-block-column-is-layout-flow\">\n<div class=\"wp-block-file\"><a id=\"wp-block-file--media-d9f2a2e6-bab0-49e6-a623-73345636c353\" href=\"https:\/\/www.fcaglp.unlp.edu.ar\/wp-content\/uploads\/2024\/05\/ordenanza_262.pdf\">ordenanza_262<\/a><\/div>\n\n\n\n<div class=\"wp-block-file\"><a id=\"wp-block-file--media-ecc027d0-c4d7-49c4-a14b-1ba508613299\" href=\"https:\/\/www.fcaglp.unlp.edu.ar\/wp-content\/uploads\/2024\/05\/plan_estrategico_de_gestion_2014_2018.pdf\">plan_estrategico_de_gestion_2014_2018<\/a><\/div>\n\n\n\n<div class=\"wp-block-file\"><a id=\"wp-block-file--media-a14f40d5-f056-4818-9ebe-79992739685c\" href=\"https:\/\/www.fcaglp.unlp.edu.ar\/wp-content\/uploads\/2024\/05\/plan_estrategico_de_gestion_unlp_2022_2026.pdf\">plan_estrategico_de_gestion_unlp_2022_2026<\/a><\/div>\n\n\n\n<div class=\"wp-block-file\"><a id=\"wp-block-file--media-4e8c47be-79c5-4cfa-a296-f2fb120a02db\" href=\"https:\/\/www.fcaglp.unlp.edu.ar\/wp-content\/uploads\/2024\/05\/protocolo_de_actuacion_violencia_de_genero.pdf\">protocolo_de_actuacion_violencia_de_genero<\/a><\/div>\n\n\n\n<div class=\"wp-block-file\"><a id=\"wp-block-file--media-07fb9c62-b233-455d-b3aa-189aa1c7890e\" href=\"https:\/\/www.fcaglp.unlp.edu.ar\/wp-content\/uploads\/2024\/05\/res_2_18.-2-Gestion-Electronica-Institucional-1-1.pdf\">res_2_18.-2-Gestion-Electronica-Institucional-1-1<\/a><\/div>\n\n\n\n<div class=\"wp-block-file\"><a id=\"wp-block-file--media-6fe56702-854e-4b68-ae4b-9d7fed61060c\" href=\"https:\/\/www.fcaglp.unlp.edu.ar\/wp-content\/uploads\/2024\/05\/resolucion_308_plazos_de_guarda.pdf\">resolucion_308_plazos_de_guarda<\/a><\/div>\n\n\n\n<div class=\"wp-block-file\"><a id=\"wp-block-file--media-cfb7efa8-c014-4b02-9ec0-a39b24b7d410\" href=\"https:\/\/www.fcaglp.unlp.edu.ar\/wp-content\/uploads\/2024\/05\/resolucion_1231.pdf\">resolucion_1231<\/a><\/div>\n\n\n\n<div class=\"wp-block-file\"><a id=\"wp-block-file--media-48d2b1c2-9584-4c58-876f-1f31afe1791f\" href=\"https:\/\/www.fcaglp.unlp.edu.ar\/wp-content\/uploads\/2024\/05\/resolucion_8543_22.pdf\">resolucion_8543_22<\/a><\/div>\n\n\n\n<div class=\"wp-block-file\"><a id=\"wp-block-file--media-e94004a9-7e18-492e-9883-34c87da368ef\" href=\"https:\/\/www.fcaglp.unlp.edu.ar\/wp-content\/uploads\/2024\/05\/resolucion_unlp_734_16.pdf\">resolucion_unlp_734_16<\/a><\/div>\n\n\n\n<div class=\"wp-block-file\"><a id=\"wp-block-file--media-15f56f0c-747f-4e83-badd-095dc7dd100f\" href=\"https:\/\/www.fcaglp.unlp.edu.ar\/wp-content\/uploads\/2024\/07\/DECRETO-REGLAMENTARIO-N\u00b0-351_1979.pdf\">DECRETO-REGLAMENTARIO-N\u00b0-351_1979<\/a><\/div>\n\n\n\n<div class=\"wp-block-file\"><a id=\"wp-block-file--media-d21dafa9-5650-4a33-84b8-19f2af068c3f\" href=\"https:\/\/www.fcaglp.unlp.edu.ar\/wp-content\/uploads\/2024\/07\/Estudio-de-puesto-de-trabajo-.docx-2.pdf\">Estudio-de-puesto-de-trabajo-.docx-2<\/a><\/div>\n\n\n\n<div class=\"wp-block-file\"><a id=\"wp-block-file--media-5522861c-56f2-4f3c-8c3d-4d70cf711b77\" href=\"https:\/\/www.fcaglp.unlp.edu.ar\/wp-content\/uploads\/2024\/07\/Estudio-del-Medio-Ambiente-de-Trabajo.pdf\">Estudio-del-Medio-Ambiente-de-Trabajo<\/a><\/div>\n\n\n\n<div class=\"wp-block-file\"><a id=\"wp-block-file--media-92368ec0-c24c-43e3-9170-f2a5668e7fd0\" href=\"https:\/\/www.fcaglp.unlp.edu.ar\/wp-content\/uploads\/2024\/07\/guia_desinfectantes_y_antisepticos.pdf\">guia_desinfectantes_y_antisepticos<\/a><\/div>\n\n\n\n<div class=\"wp-block-file\"><a id=\"wp-block-file--media-b87b695e-1cf2-49e6-a7b5-392309118e2b\" href=\"https:\/\/www.fcaglp.unlp.edu.ar\/wp-content\/uploads\/2024\/07\/Ley-de-Higiene-y-Seguridad-en-el-Trabajo.pdf\">Ley-de-Higiene-y-Seguridad-en-el-Trabajo<\/a><\/div>\n\n\n\n<div class=\"wp-block-file\"><a id=\"wp-block-file--media-e4dea609-24e5-46e8-aa25-4723193788ad\" href=\"https:\/\/www.fcaglp.unlp.edu.ar\/wp-content\/uploads\/2024\/07\/Lista-de-indicadores-del-Medio-Ambiente-de-Trabajo-MAT.pdf\">Lista-de-indicadores-del-Medio-Ambiente-de-Trabajo-MAT<\/a><\/div>\n\n\n\n<div class=\"wp-block-file\"><a id=\"wp-block-file--media-ba04e752-b6b1-474b-923b-e56ee9e88576\" href=\"https:\/\/www.fcaglp.unlp.edu.ar\/wp-content\/uploads\/2024\/07\/Res.-N-523-07-Sistemas-de-Gestion-SST-Anexo-A.pdf\">Res.-N-523-07-Sistemas-de-Gestion-SST-Anexo-A<\/a><\/div>\n\n\n\n<div class=\"wp-block-file\"><a id=\"wp-block-file--media-fc5071bf-7135-44ee-9a83-446143b66f58\" href=\"https:\/\/www.fcaglp.unlp.edu.ar\/wp-content\/uploads\/2024\/07\/Res.347-23-Constitucion-de-comisiones-CyMAT.pdf\">Res.347-23-Constitucion-de-comisiones-CyMAT<\/a><\/div>\n\n\n\n<p class=\"has-small-font-size\"><br><a href=\"https:\/\/cloud.fcaglp.unlp.edu.ar\/index.php\/s\/Eq14g1mMlvo8aQn\" title=\"\">Manual Digistar 5<\/a><\/p>\n\n\n\n<div class=\"wp-block-file\"><a id=\"wp-block-file--media-f1406f2b-21c9-4b47-8ea0-bc8b6858f3bb\" href=\"https:\/\/www.fcaglp.unlp.edu.ar\/wp-content\/uploads\/2025\/12\/Ordenanza-298-18.pdf\" target=\"_blank\" rel=\"noreferrer noopener\">Ordenanza 298-18<\/a><\/div>\n\n\n\n<div class=\"wp-block-file\"><a id=\"wp-block-file--media-ea279c10-cc0c-487d-93b5-a646ec2b32c3\" href=\"https:\/\/www.fcaglp.unlp.edu.ar\/wp-content\/uploads\/2025\/12\/Ordenanza-296-18.pdf\" target=\"_blank\" rel=\"noreferrer noopener\">Ordenanza 296-18<\/a><\/div>\n\n\n\n<div class=\"wp-block-file\"><a id=\"wp-block-file--media-9245d919-2b47-4fd4-8826-3bef90f4b62d\" href=\"https:\/\/www.fcaglp.unlp.edu.ar\/wp-content\/uploads\/2025\/12\/Ordenanza-266-03.pdf\" target=\"_blank\" rel=\"noreferrer noopener\">Ordenanza 266-03<\/a><\/div>\n\n\n\n<div class=\"wp-block-file\"><a id=\"wp-block-file--media-960530fa-89f7-4dcf-85b0-cf73601d576f\" href=\"https:\/\/www.fcaglp.unlp.edu.ar\/wp-content\/uploads\/2025\/12\/Ordenanza-264-03.pdf\" target=\"_blank\" rel=\"noreferrer noopener\">Ordenanza 264-03<\/a><\/div>\n\n\n\n<p><a href=\"https:\/\/www.loc.gov\/standards\/sourcelist\/subject.html\" title=\"\">C\u00f3digos MARC para vocabularios reglas y esquemas<\/a><\/p>\n\n\n\n<p><a href=\"https:\/\/www.loc.gov\/marc\/bibliographic\/\" title=\"\">Formato MARC 21 para Datos Bibliogr\u00e1ficos<\/a><\/p>\n\n\n\n<p><a href=\"https:\/\/www.loc.gov\/marc\/authority\/\" title=\"\">Formato MARC21 para Registros de Autoridades<\/a><\/p>\n\n\n\n<p><a href=\"https:\/\/www.loc.gov\/marc\/organizations\/form-spa.html\" title=\"\">C\u00f3digo MARC de Organizaci\u00f3n<\/a><\/p>\n\n\n\n<p><a href=\"https:\/\/biblioteca.mincyt.gob.ar\/\" title=\"\">Informaci\u00f3n sobre la Biblioteca electr\u00f3nica de Ciencia y Tecnolog\u00eda del Mincyt y sus recursos<\/a><\/p>\n\n\n\n<p><a href=\"http:\/\/sedici.unlp.edu.ar\/pages\/queEsSedici\" title=\"\">Sedici: Creaci\u00f3n y funciones I<\/a><\/p>\n\n\n\n<p><a href=\"http:\/\/sedici.unlp.edu.ar\/handle\/10915\/27160\" title=\"\">Sedici: Creaci\u00f3n y funciones II<\/a><\/p>\n\n\n\n<p><a href=\"https:\/\/www.fcaglp.unlp.edu.ar\/index.php\/institucional\/reglamentos\/reglamentos-fcag\/\" title=\"\">Reglamento N 8 de la Biblioteca de la FCAGLP<\/a><\/p>\n\n\n\n<p><a href=\"https:\/\/www.ifla.org\/g\/faife\/codigos-de-etica-profesionales-para-bibliotecarios\/\" title=\"\">C\u00f3digo de \u00e9tica de la Federaci\u00f3n Internacional de Asociaciones de Bibliotecarios y Bibliotecas (IFLA) para bibliotecarios y otros trabajadores de la informaci\u00f3n.<\/a><\/p>\n\n\n\n<p><a href=\"https:\/\/www.coneau.gob.ar\/archivos\/EvaluacionInstitucional_int_baja.pdf\" title=\"\">Comisi\u00f3n Nacional de Evaluaci\u00f3n y Acreditaci\u00f3n Universitaria Evaluaci\u00f3n institucional CONEAU: criterios y procedimientos para la evaluaci\u00f3n externa<\/a><\/p>\n\n\n\n<p><\/p>\n<\/div>\n<\/div>\n\n\n\n<div class=\"wp-block-columns is-layout-flex wp-container-core-columns-is-layout-9d6595d7 wp-block-columns-is-layout-flex\">\n<div class=\"wp-block-column is-layout-flow wp-block-column-is-layout-flow\"><\/div>\n<\/div>\n\n\n\n<div class=\"wp-block-columns is-layout-flex wp-container-core-columns-is-layout-9d6595d7 wp-block-columns-is-layout-flex\">\n<div class=\"wp-block-column is-layout-flow wp-block-column-is-layout-flow\"><\/div>\n\n\n\n<div class=\"wp-block-column is-layout-flow wp-block-column-is-layout-flow\"><\/div>\n<\/div>\n\n\n\n<div class=\"wp-block-columns is-layout-flex wp-container-core-columns-is-layout-9d6595d7 wp-block-columns-is-layout-flex\">\n<div class=\"wp-block-column is-layout-flow wp-block-column-is-layout-flow\"><\/div>\n\n\n\n<div class=\"wp-block-column is-layout-flow wp-block-column-is-layout-flow\"><\/div>\n<\/div>\n","protected":false},"excerpt":{"rendered":"<p>Capacitaci\u00f3n obligatoria en materia de g\u00e9nero y violencia contra las mujeres, prevista en la Ley N\u00ba 27.499 &#8220;Ley Micaela&#8221; Res 7-12 Declaraci\u00f3n de la UNLP como instituci\u00f3n libre de discriminaci\u00f3n por expresi\u00f3n e identidad de g\u00e9nero Disposici\u00f3n 410\/15 Protocolo de actuaci\u00f3n ante situaciones de discriminaci\u00f3n y\/o violencia de G\u00e9nero. Lista de autoridades Library of Congress&hellip;&nbsp;<a href=\"https:\/\/www.fcaglp.unlp.edu.ar\/index.php\/administrativa\/dpto-de-concursos\/nodocentes\/concursos\/temarios-para-concursos\/\" rel=\"bookmark\">Read More &raquo;<span class=\"screen-reader-text\">TEMARIOS PARA CONCURSOS<\/span><\/a><\/p>\n","protected":false},"author":12,"featured_media":0,"parent":2003,"menu_order":0,"comment_status":"closed","ping_status":"closed","template":"","meta":{"neve_meta_sidebar":"","neve_meta_container":"","neve_meta_enable_content_width":"","neve_meta_content_width":0,"neve_meta_title_alignment":"","neve_meta_author_avatar":"","neve_post_elements_order":"","neve_meta_disable_header":"","neve_meta_disable_footer":"","neve_meta_disable_title":"","neve_meta_reading_time":"","_themeisle_gutenberg_block_has_review":false,"footnotes":""},"class_list":["post-6294","page","type-page","status-publish","hentry"],"aioseo_notices":[],"_links":{"self":[{"href":"https:\/\/www.fcaglp.unlp.edu.ar\/index.php\/wp-json\/wp\/v2\/pages\/6294","targetHints":{"allow":["GET"]}}],"collection":[{"href":"https:\/\/www.fcaglp.unlp.edu.ar\/index.php\/wp-json\/wp\/v2\/pages"}],"about":[{"href":"https:\/\/www.fcaglp.unlp.edu.ar\/index.php\/wp-json\/wp\/v2\/types\/page"}],"author":[{"embeddable":true,"href":"https:\/\/www.fcaglp.unlp.edu.ar\/index.php\/wp-json\/wp\/v2\/users\/12"}],"replies":[{"embeddable":true,"href":"https:\/\/www.fcaglp.unlp.edu.ar\/index.php\/wp-json\/wp\/v2\/comments?post=6294"}],"version-history":[{"count":18,"href":"https:\/\/www.fcaglp.unlp.edu.ar\/index.php\/wp-json\/wp\/v2\/pages\/6294\/revisions"}],"predecessor-version":[{"id":15775,"href":"https:\/\/www.fcaglp.unlp.edu.ar\/index.php\/wp-json\/wp\/v2\/pages\/6294\/revisions\/15775"}],"up":[{"embeddable":true,"href":"https:\/\/www.fcaglp.unlp.edu.ar\/index.php\/wp-json\/wp\/v2\/pages\/2003"}],"wp:attachment":[{"href":"https:\/\/www.fcaglp.unlp.edu.ar\/index.php\/wp-json\/wp\/v2\/media?parent=6294"}],"curies":[{"name":"wp","href":"https:\/\/api.w.org\/{rel}","templated":true}]}}