{"id":6250,"date":"2024-05-15T10:57:13","date_gmt":"2024-05-15T13:57:13","guid":{"rendered":"http:\/\/www.fcaglp.unlp.edu.ar\/?page_id=6250"},"modified":"2024-06-13T10:47:42","modified_gmt":"2024-06-13T13:47:42","slug":"secreatria-administrativa","status":"publish","type":"page","link":"https:\/\/www.fcaglp.unlp.edu.ar\/index.php\/administrativa\/secreatria-administrativa\/","title":{"rendered":"LA SECRETAR\u00cdA"},"content":{"rendered":"\n<div class=\"wp-block-columns is-layout-flex wp-container-core-columns-is-layout-9d6595d7 wp-block-columns-is-layout-flex\">\n<div class=\"wp-block-column is-layout-flow wp-block-column-is-layout-flow\">\n<p>La Secretar\u00eda tiene como objetivo asesorar, planificar, y supervisar el desarrollo de las actividades atinentes a la gesti\u00f3n, en sus aspectos administrativos, econ\u00f3mico-financieros, patrimoniales, de personal, servicios inform\u00e1ticos integrales y de mantenimiento y producci\u00f3n y servicios generales, en el \u00e1mbito de la Facultad.<br>Estas necesidades se derivan tanto del funcionamiento interno de la Facultad como de sus relaciones con las dem\u00e1s dependencias de la Universidad y con otras instituciones del contexto.<\/p>\n\n\n\n<p>Adem\u00e1s la Secretar\u00eda entiende en las cuestiones relativas a la provisi\u00f3n de personal no docente de todas las \u00e1reas, personal asistente y t\u00e9cnico, personal de gabinete, contratos de locaci\u00f3n de obras, y becas de experiencia laboral, supervisando funciones, tareas y desempe\u00f1o de cada uno de ellos.<\/p>\n\n\n\n<p><strong>\u00c1REAS DE TRABAJO\u00a0<\/strong><br><br><strong>\u00c1rea Personal<\/strong><br>Encargado de realizar el control de asistencia y legajos de personal docente, no docente, contratos y de gabinete.<\/p>\n<\/div>\n\n\n\n<div class=\"wp-block-column is-layout-flow wp-block-column-is-layout-flow\">\n<p><strong>\u00c1rea Operativa<\/strong><br>Se encarga de confeccionar, archivar y mantener las resoluciones del decanato y directivas.<br><br><strong>\u00c1rea Econ\u00f3mico-Financiera<\/strong><br>Es la encargada de controlar el ingreso y egreso de dinero, como as\u00ed tambi\u00e9n las compras y el patrimonio de la Facultad.<br><br><strong>\u00c1rea de Ense\u00f1anza<\/strong><br>Tiene a su cargo el departamento de alumnos, sala de profesores y biblioteca, coordinando los sistemas inform\u00e1ticos y las necesidades administrativas de los alumnos.<\/p>\n\n\n\n<p><strong>\u00c1rea de Servicios Generales<\/strong><br>Encargada de las tareas de ordenanza, abrir y mantener en condiciones de limpieza las aulas, pasillos, oficinas y cl\u00ednicas.<\/p>\n\n\n\n<p><strong>\u00c1rea de mantenimiento<br><\/strong>Est\u00e1 a su cargo el sostenimiento y acondicionamiento del inmueble.<\/p>\n<\/div>\n<\/div>\n","protected":false},"excerpt":{"rendered":"<p>La Secretar\u00eda tiene como objetivo asesorar, planificar, y supervisar el desarrollo de las actividades atinentes a la gesti\u00f3n, en sus aspectos administrativos, econ\u00f3mico-financieros, patrimoniales, de personal, servicios inform\u00e1ticos integrales y de mantenimiento y producci\u00f3n y servicios generales, en el \u00e1mbito de la Facultad.Estas necesidades se derivan tanto del funcionamiento interno de la Facultad como de&hellip;&nbsp;<a href=\"https:\/\/www.fcaglp.unlp.edu.ar\/index.php\/administrativa\/secreatria-administrativa\/\" rel=\"bookmark\">Read More &raquo;<span class=\"screen-reader-text\">LA SECRETAR\u00cdA<\/span><\/a><\/p>\n","protected":false},"author":3,"featured_media":0,"parent":1787,"menu_order":0,"comment_status":"closed","ping_status":"closed","template":"","meta":{"neve_meta_sidebar":"","neve_meta_container":"","neve_meta_enable_content_width":"","neve_meta_content_width":0,"neve_meta_title_alignment":"","neve_meta_author_avatar":"","neve_post_elements_order":"","neve_meta_disable_header":"","neve_meta_disable_footer":"","neve_meta_disable_title":"","neve_meta_reading_time":"","_themeisle_gutenberg_block_has_review":false,"footnotes":""},"class_list":["post-6250","page","type-page","status-publish","hentry"],"aioseo_notices":[],"_links":{"self":[{"href":"https:\/\/www.fcaglp.unlp.edu.ar\/index.php\/wp-json\/wp\/v2\/pages\/6250","targetHints":{"allow":["GET"]}}],"collection":[{"href":"https:\/\/www.fcaglp.unlp.edu.ar\/index.php\/wp-json\/wp\/v2\/pages"}],"about":[{"href":"https:\/\/www.fcaglp.unlp.edu.ar\/index.php\/wp-json\/wp\/v2\/types\/page"}],"author":[{"embeddable":true,"href":"https:\/\/www.fcaglp.unlp.edu.ar\/index.php\/wp-json\/wp\/v2\/users\/3"}],"replies":[{"embeddable":true,"href":"https:\/\/www.fcaglp.unlp.edu.ar\/index.php\/wp-json\/wp\/v2\/comments?post=6250"}],"version-history":[{"count":4,"href":"https:\/\/www.fcaglp.unlp.edu.ar\/index.php\/wp-json\/wp\/v2\/pages\/6250\/revisions"}],"predecessor-version":[{"id":6262,"href":"https:\/\/www.fcaglp.unlp.edu.ar\/index.php\/wp-json\/wp\/v2\/pages\/6250\/revisions\/6262"}],"up":[{"embeddable":true,"href":"https:\/\/www.fcaglp.unlp.edu.ar\/index.php\/wp-json\/wp\/v2\/pages\/1787"}],"wp:attachment":[{"href":"https:\/\/www.fcaglp.unlp.edu.ar\/index.php\/wp-json\/wp\/v2\/media?parent=6250"}],"curies":[{"name":"wp","href":"https:\/\/api.w.org\/{rel}","templated":true}]}}