{"id":6145,"date":"2025-03-21T11:40:37","date_gmt":"2025-03-21T14:40:37","guid":{"rendered":"http:\/\/www.fcaglp.unlp.edu.ar\/?page_id=6145"},"modified":"2026-03-11T14:49:18","modified_gmt":"2026-03-11T17:49:18","slug":"novedades-mincyt","status":"publish","type":"page","link":"https:\/\/www.fcaglp.unlp.edu.ar\/index.php\/ciencia-y-tecnica\/novedades\/novedades-mincyt\/","title":{"rendered":"NOVEDADES MINCyT"},"content":{"rendered":"\n<div class=\"wp-block-columns is-layout-flex wp-container-core-columns-is-layout-9d6595d7 wp-block-columns-is-layout-flex\">\n<div class=\"wp-block-column is-layout-flow wp-block-column-is-layout-flow\">\n<ul class=\"wp-block-list\">\n<li><strong>Convocatorias abiertas del MinCyT<\/strong><\/li>\n<\/ul>\n\n\n\n<p>En el siguiente link podr\u00e1n acceder a las convocatorias que se encuentran en vigencia, con su descripci\u00f3n, objetivos, beneficiarios, montos de financiaci\u00f3n, fecha de cierre y datos de contacto:<a href=\"https:\/\/www.argentina.gob.ar\/ciencia\/financiamiento\/convocatorias-abiertas-mincyt\">\u00a0https:\/\/www.argentina.gob.ar\/ciencia\/financiamiento\/convocatorias-abiertas-mincyt<\/a><\/p>\n\n\n\n<hr class=\"wp-block-separator has-alpha-channel-opacity\" \/>\n\n\n\n<ul class=\"wp-block-list\">\n<li><strong>DACyTAr<\/strong><\/li>\n<\/ul>\n\n\n\n<p>DACyTAr es un portal de acceso abierto de datos de investigaci\u00f3n cient\u00edfica y tecnol\u00f3gica&nbsp;&nbsp;que permite, de forma centralizada, buscar y acceder a todos los conjuntos de datos primarios de investigaci\u00f3n disponibles en acceso abierto a trav\u00e9s de los repositorios digitales institucionales que integran el Sistema Nacional de Repositorios Digitales (SNRD).<\/p>\n\n\n\n<p>M\u00e1s informaci\u00f3n:&nbsp;<a href=\"https:\/\/dacytar.mincyt.gob.ar\/\">https:\/\/dacytar.mincyt.gob.ar\/<\/a><\/p>\n<\/div>\n<\/div>\n\n\n\n<p><\/p>\n","protected":false},"excerpt":{"rendered":"<p>En el siguiente link podr\u00e1n acceder a las convocatorias que se encuentran en vigencia, con su descripci\u00f3n, objetivos, beneficiarios, montos de financiaci\u00f3n, fecha de cierre y datos de contacto:\u00a0https:\/\/www.argentina.gob.ar\/ciencia\/financiamiento\/convocatorias-abiertas-mincyt DACyTAr es un portal de acceso abierto de datos de investigaci\u00f3n cient\u00edfica y tecnol\u00f3gica&nbsp;&nbsp;que permite, de forma centralizada, buscar y acceder a todos los conjuntos de&hellip;&nbsp;<a href=\"https:\/\/www.fcaglp.unlp.edu.ar\/index.php\/ciencia-y-tecnica\/novedades\/novedades-mincyt\/\" rel=\"bookmark\">Read More &raquo;<span class=\"screen-reader-text\">NOVEDADES MINCyT<\/span><\/a><\/p>\n","protected":false},"author":10,"featured_media":0,"parent":468,"menu_order":0,"comment_status":"closed","ping_status":"closed","template":"","meta":{"neve_meta_sidebar":"","neve_meta_container":"","neve_meta_enable_content_width":"","neve_meta_content_width":0,"neve_meta_title_alignment":"","neve_meta_author_avatar":"","neve_post_elements_order":"","neve_meta_disable_header":"","neve_meta_disable_footer":"","neve_meta_disable_title":"","neve_meta_reading_time":"","_themeisle_gutenberg_block_has_review":false,"footnotes":""},"class_list":["post-6145","page","type-page","status-publish","hentry"],"aioseo_notices":[],"_links":{"self":[{"href":"https:\/\/www.fcaglp.unlp.edu.ar\/index.php\/wp-json\/wp\/v2\/pages\/6145","targetHints":{"allow":["GET"]}}],"collection":[{"href":"https:\/\/www.fcaglp.unlp.edu.ar\/index.php\/wp-json\/wp\/v2\/pages"}],"about":[{"href":"https:\/\/www.fcaglp.unlp.edu.ar\/index.php\/wp-json\/wp\/v2\/types\/page"}],"author":[{"embeddable":true,"href":"https:\/\/www.fcaglp.unlp.edu.ar\/index.php\/wp-json\/wp\/v2\/users\/10"}],"replies":[{"embeddable":true,"href":"https:\/\/www.fcaglp.unlp.edu.ar\/index.php\/wp-json\/wp\/v2\/comments?post=6145"}],"version-history":[{"count":10,"href":"https:\/\/www.fcaglp.unlp.edu.ar\/index.php\/wp-json\/wp\/v2\/pages\/6145\/revisions"}],"predecessor-version":[{"id":14241,"href":"https:\/\/www.fcaglp.unlp.edu.ar\/index.php\/wp-json\/wp\/v2\/pages\/6145\/revisions\/14241"}],"up":[{"embeddable":true,"href":"https:\/\/www.fcaglp.unlp.edu.ar\/index.php\/wp-json\/wp\/v2\/pages\/468"}],"wp:attachment":[{"href":"https:\/\/www.fcaglp.unlp.edu.ar\/index.php\/wp-json\/wp\/v2\/media?parent=6145"}],"curies":[{"name":"wp","href":"https:\/\/api.w.org\/{rel}","templated":true}]}}