{"id":6139,"date":"2025-07-11T11:39:12","date_gmt":"2025-07-11T14:39:12","guid":{"rendered":"http:\/\/www.fcaglp.unlp.edu.ar\/?page_id=6139"},"modified":"2026-03-13T12:54:38","modified_gmt":"2026-03-13T15:54:38","slug":"novedades-cic","status":"publish","type":"page","link":"https:\/\/www.fcaglp.unlp.edu.ar\/index.php\/ciencia-y-tecnica\/novedades\/novedades-cic\/","title":{"rendered":"NOVEDADES CIC"},"content":{"rendered":"\n<div class=\"wp-block-columns is-layout-flex wp-container-core-columns-is-layout-9d6595d7 wp-block-columns-is-layout-flex\">\n<div class=\"wp-block-column is-layout-flow wp-block-column-is-layout-flow\">\n<ul class=\"wp-block-list\">\n<li><strong>ACCEDER A P\u00c1GINA PRINCIPAL DE LA CIC<\/strong>:&nbsp;<a href=\"https:\/\/www.cic.gba.gob.ar\/\">https:\/\/www.cic.gba.gob.ar<\/a>&nbsp;<\/li>\n<\/ul>\n\n\n\n<hr class=\"wp-block-separator has-alpha-channel-opacity\" \/>\n\n\n\n<ul class=\"wp-block-list\">\n<li><strong>RESULTADOS DE CONVOCATORIAS<\/strong>: <a href=\"https:\/\/www.cic.gba.gob.ar\/cic-convocatorias\/\" title=\"\">https:\/\/www.cic.gba.gob.ar\/cic-convocatorias\/<\/a><\/li>\n<\/ul>\n\n\n\n<hr class=\"wp-block-separator has-alpha-channel-opacity\" \/>\n\n\n\n<ul class=\"wp-block-list\">\n<li><strong>Abri\u00f3 la convocatoria para Asociaci\u00f3n Simple de Centros I+D<\/strong><\/li>\n<\/ul>\n\n\n\n<p>La Comisi\u00f3n de Investigaciones Cient\u00edficas de la Provincia de Buenos Aires (CIC) informa la apertura de la convocatoria dirigida a Unidades de Investigaci\u00f3n, Desarrollo e Innovaci\u00f3n \u2014Centros, Institutos o Laboratorios\u2014 pertenecientes a Universidades P\u00fablicas Nacionales o Provinciales con sede en la Provincia de Buenos Aires, para postularse como\u00a0<strong>Centro Asociado Simple CIC 2026<\/strong>: <a href=\"https:\/\/www.cic.gba.gob.ar\/abrio-la-convocatoria-para-asociacion-simple-de-centros-id\/\" title=\"\">https:\/\/www.cic.gba.gob.ar\/abrio-la-convocatoria-para-asociacion-simple-de-centros-id\/<\/a><\/p>\n\n\n\n<hr class=\"wp-block-separator has-alpha-channel-opacity\" \/>\n\n\n\n<ul class=\"wp-block-list\">\n<li><strong>Convocatorias<\/strong> <strong>Publicaciones de Divulgaci\u00f3n Cient\u00edficas y Tecnol\u00f3gicas<\/strong><\/li>\n<\/ul>\n\n\n\n<p>Destinada a financiar total o parcialmente ediciones in\u00e9ditas, priorizando aquellas que est\u00e9n enfocadas en problem\u00e1ticas productivas y en el impacto de pol\u00edticas p\u00fablicas en el territorio bonaerense.<br>En ese sentido, se financiar\u00e1n gastos directos e indirectos para: la elaboraci\u00f3n, edici\u00f3n y diagramaci\u00f3n de publicaciones; la impresi\u00f3n de libros, cat\u00e1logos o revistas; y la edici\u00f3n de contenidos reproducibles en formato digital.<br>Habr\u00e1 dos clases de beneficiarios\/as: Tipo A, que son quienes pertenecen a la Carrera del Investigador Cient\u00edfico y Tecnol\u00f3gico de la CICPBA, o tienen lugar de trabajo en Centros, Institutos y\/o laboratorios propios o asociados al organismo; y Tipo B, para investigadoras e investigadores con lugar de trabajo en Centros de Investigaci\u00f3n y\/o universidades con asiento en la Provincia de Buenos Aires.<br>El monto m\u00e1ximo a otorgar por proyecto ser\u00e1 de $800.000 para un m\u00e1ximo total asignado a la convocatoria de $5.000.000. Para acceder a las bases y formularios de inscripci\u00f3n, ingresar en este <strong><a href=\"https:\/\/www.cic.gba.gob.ar\/convocatorias\/subsidios-para-publicaciones-de-divulgacion-cientificas-y-tecnologicas-pdct26\/\" title=\"\">link<\/a><\/strong><\/p>\n\n\n\n<hr class=\"wp-block-separator has-alpha-channel-opacity\" \/>\n\n\n\n<ul class=\"wp-block-list\">\n<li><strong>Organizaci\u00f3n de Reuniones Cient\u00edficas y Tecnol\u00f3gicas<\/strong><\/li>\n<\/ul>\n\n\n\n<p>Destinada a financiar parcialmente la realizaci\u00f3n de <strong>congresos, reuniones o eventos con sede en la Provincia de Buenos Aires a realizarse entre el 1\u00ba de octubre de 2026 y el 30 de septiembre de 2027<\/strong>.<br>Estos encuentros deben revestir car\u00e1cter p\u00fablico y en su organizaci\u00f3n tienen que participar investigadoras o investigadores de la CICPBA o Centros, Institutos o Laboratorios Propios o Asociados al organismo; o profesionales que tengan lugar de trabajo en Centros de Investigaci\u00f3n y\/o Universidades con asiento en la Provincia de Buenos Aires.<br>El monto a financiar por subsidio y evento para organizaci\u00f3n ser\u00e1 hasta $800.000, para un m\u00e1ximo total asignado a la convocatoria de $9.000.000. Para acceder a las bases y formularios de inscripci\u00f3n, ingresar en este <a href=\"https:\/\/www.cic.gba.gob.ar\/convocatorias\/subsidios-para-organizacion-de-reuniones-cientificas-y-tecnologicas-orct26-27\/\"><strong>link<\/strong><\/a>.<\/p>\n\n\n\n<hr class=\"wp-block-separator has-alpha-channel-opacity\" \/>\n\n\n\n<ul class=\"wp-block-list\">\n<li><strong>Asistencia a Reuniones Cient\u00edficas y Tecnol\u00f3gicas<\/strong><\/li>\n<\/ul>\n\n\n\n<p>Destinada a financiar parcialmente la asistencia a <strong>congresos, reuniones cient\u00edficas y otros eventos que revistan car\u00e1cter p\u00fablico a realizarse entre el 1\u00b0 de octubre de 2026 y el 30 de septiembre de 2027<\/strong>.&nbsp;<br>Pueden inscribirse a este programa investigadoras e investigadores de la CICPBA y asociados (INAS), personal de apoyo y becarios\/as doctorales del organismo. El monto a financiar por asistencia ser\u00e1 hasta $450.000, para un m\u00e1ximo total asignado a la convocatoria $6.000.000. Para acceder a las bases y formularios de inscripci\u00f3n, ingresar en este <a href=\"https:\/\/www.cic.gba.gob.ar\/convocatorias\/subsidios-para-asistencia-a-reuniones-cientificas-y-tecnologicas-arct26-27\/\"><strong>link<\/strong><\/a>.<\/p>\n\n\n\n<hr class=\"wp-block-separator has-alpha-channel-opacity\" \/>\n\n\n\n<ul class=\"wp-block-list\">\n<li><strong>EVENTOS:<\/strong> <a href=\"https:\/\/www.cic.gba.gob.ar\/events\/categoria\/agenda-cyt\/\" title=\"\">https:\/\/www.cic.gba.gob.ar\/events\/categoria\/agenda-cyt\/<\/a><\/li>\n<\/ul>\n\n\n\n<hr class=\"wp-block-separator has-alpha-channel-opacity\" \/>\n\n\n\n<ul class=\"wp-block-list\">\n<li><strong>IDEAS-PROYECTOS DE INVESTIGACI\u00d3N, DESARROLLO y TRANSFERENCIA (IP 2024-25)<\/strong><\/li>\n<\/ul>\n\n\n\n<p>La Comisi\u00f3n de Investigaciones Cient\u00edficas comunica que est\u00e1 disponible el listado de adjudicaciones correspondiente a la convocatoria de <strong>Ideas-Proyectos de Investigaci\u00f3n, Desarrollo y Transferencia (IP 2024-25)<\/strong>.<\/p>\n\n\n\n<p>Las personas interesadas podr\u00e1n encontrar el listado a continuaci\u00f3n.<\/p>\n\n\n\n<p><a href=\"https:\/\/www.cic.gba.gob.ar\/wp-content\/uploads\/2024\/12\/IP-24-25-presentaciones-adjudicacion.xlsx-FINANCIADOS-1.pdf\">IP 24 25 presentaciones adjudicacion.xlsx &#8211; FINANCIADOS (1)<\/a><\/p>\n\n\n\n<p><a href=\"https:\/\/www.cic.gba.gob.ar\/wp-content\/uploads\/2024\/12\/Criterios-adjudicacion-Ideas-Proyecto-24-25.pdf\">Criterios adjudicacion Ideas Proyecto 24-25<\/a><\/p>\n\n\n\n<hr class=\"wp-block-separator has-alpha-channel-opacity\" \/>\n\n\n\n<ul class=\"wp-block-list\">\n<li><strong>PERSONAL CIENT\u00cdFICO<\/strong><br>Informaci\u00f3n relevante para Investigadores\/as, Personal de Apoyo y Becarios\/as que forman parte de la CIC: <a href=\"https:\/\/www.cic.gba.gob.ar\/personal-cientifico\/\">https:\/\/www.cic.gba.gob.ar\/personal-cientifico\/<\/a><\/li>\n<\/ul>\n<\/div>\n<\/div>\n\n\n\n<hr class=\"wp-block-separator has-alpha-channel-opacity\" \/>\n\n\n\n<p><\/p>\n","protected":false},"excerpt":{"rendered":"<p>La Comisi\u00f3n de Investigaciones Cient\u00edficas de la Provincia de Buenos Aires (CIC) informa la apertura de la convocatoria dirigida a Unidades de Investigaci\u00f3n, Desarrollo e Innovaci\u00f3n \u2014Centros, Institutos o Laboratorios\u2014 pertenecientes a Universidades P\u00fablicas Nacionales o Provinciales con sede en la Provincia de Buenos Aires, para postularse como\u00a0Centro Asociado Simple CIC 2026: https:\/\/www.cic.gba.gob.ar\/abrio-la-convocatoria-para-asociacion-simple-de-centros-id\/ Destinada a&hellip;&nbsp;<a href=\"https:\/\/www.fcaglp.unlp.edu.ar\/index.php\/ciencia-y-tecnica\/novedades\/novedades-cic\/\" rel=\"bookmark\">Read More &raquo;<span class=\"screen-reader-text\">NOVEDADES CIC<\/span><\/a><\/p>\n","protected":false},"author":10,"featured_media":0,"parent":468,"menu_order":0,"comment_status":"closed","ping_status":"closed","template":"","meta":{"neve_meta_sidebar":"","neve_meta_container":"","neve_meta_enable_content_width":"","neve_meta_content_width":0,"neve_meta_title_alignment":"","neve_meta_author_avatar":"","neve_post_elements_order":"","neve_meta_disable_header":"","neve_meta_disable_footer":"","neve_meta_disable_title":"","neve_meta_reading_time":"","_themeisle_gutenberg_block_has_review":false,"footnotes":""},"class_list":["post-6139","page","type-page","status-publish","hentry"],"aioseo_notices":[],"_links":{"self":[{"href":"https:\/\/www.fcaglp.unlp.edu.ar\/index.php\/wp-json\/wp\/v2\/pages\/6139","targetHints":{"allow":["GET"]}}],"collection":[{"href":"https:\/\/www.fcaglp.unlp.edu.ar\/index.php\/wp-json\/wp\/v2\/pages"}],"about":[{"href":"https:\/\/www.fcaglp.unlp.edu.ar\/index.php\/wp-json\/wp\/v2\/types\/page"}],"author":[{"embeddable":true,"href":"https:\/\/www.fcaglp.unlp.edu.ar\/index.php\/wp-json\/wp\/v2\/users\/10"}],"replies":[{"embeddable":true,"href":"https:\/\/www.fcaglp.unlp.edu.ar\/index.php\/wp-json\/wp\/v2\/comments?post=6139"}],"version-history":[{"count":47,"href":"https:\/\/www.fcaglp.unlp.edu.ar\/index.php\/wp-json\/wp\/v2\/pages\/6139\/revisions"}],"predecessor-version":[{"id":16284,"href":"https:\/\/www.fcaglp.unlp.edu.ar\/index.php\/wp-json\/wp\/v2\/pages\/6139\/revisions\/16284"}],"up":[{"embeddable":true,"href":"https:\/\/www.fcaglp.unlp.edu.ar\/index.php\/wp-json\/wp\/v2\/pages\/468"}],"wp:attachment":[{"href":"https:\/\/www.fcaglp.unlp.edu.ar\/index.php\/wp-json\/wp\/v2\/media?parent=6139"}],"curies":[{"name":"wp","href":"https:\/\/api.w.org\/{rel}","templated":true}]}}