{"id":6135,"date":"2024-09-13T11:38:28","date_gmt":"2024-09-13T14:38:28","guid":{"rendered":"http:\/\/www.fcaglp.unlp.edu.ar\/?page_id=6135"},"modified":"2025-11-25T11:51:15","modified_gmt":"2025-11-25T14:51:15","slug":"novedades-aagg","status":"publish","type":"page","link":"https:\/\/www.fcaglp.unlp.edu.ar\/index.php\/ciencia-y-tecnica\/novedades\/novedades-aagg\/","title":{"rendered":"NOVEDADES AAGG"},"content":{"rendered":"\n<div class=\"wp-block-columns is-layout-flex wp-container-core-columns-is-layout-9d6595d7 wp-block-columns-is-layout-flex\">\n<div class=\"wp-block-column is-layout-flow wp-block-column-is-layout-flow\">\n<hr class=\"wp-block-separator has-alpha-channel-opacity\" \/>\n\n\n\n<ul class=\"wp-block-list\">\n<li><strong>1\u00b0 Jornadas de Ciencias de la Tierra para el Desarrollo Sostenible &#8211; Tercera Circular<br><\/strong><\/li>\n<\/ul>\n\n\n\n<div class=\"wp-block-file\"><a id=\"wp-block-file--media-ba2c1033-c002-4113-9323-2725fef23a8d\" href=\"https:\/\/www.fcaglp.unlp.edu.ar\/wp-content\/uploads\/2025\/11\/Jornadas-TE-AAGG-07-11-3er-circ.pdf\">Jornadas-TE-AAGG-07-11-3er-circ<\/a><a href=\"https:\/\/www.fcaglp.unlp.edu.ar\/wp-content\/uploads\/2025\/11\/Jornadas-TE-AAGG-07-11-3er-circ.pdf\" class=\"wp-block-file__button wp-element-button\" download aria-describedby=\"wp-block-file--media-ba2c1033-c002-4113-9323-2725fef23a8d\">Descarga<\/a><\/div>\n\n\n\n<hr class=\"wp-block-separator has-alpha-channel-opacity\" \/>\n\n\n\n<ul class=\"wp-block-list\">\n<li><strong>1\u00b0 Jornadas de Ciencias de la Tierra para el Desarrollo Sostenible &#8211; Programa<br><br>Tema de la reuni\u00f3n: Transiciones Energ\u00e9ticas<br><br>Planetario UNLP &#8211;&nbsp; 7 de noviembre de 2025<\/strong><br><br>Se comparte el programa completo de la jornada. Para seguir la transmisi\u00f3n virtual por YouTube clickear en el siguiente enlace: <a href=\"https:\/\/www.youtube.com\/live\/LpQJ4YfQgFs?si=cj7TT0t0wI28D5rs\" target=\"_blank\" rel=\"noreferrer noopener\">https:\/\/www.youtube.com\/live\/LpQJ4YfQgFs?si=cj7TT0t0wI28D5rs<\/a><br>&nbsp;<br>Toda la informaci\u00f3n relacionada con las jornadas se encuentra disponible en: <a href=\"https:\/\/aagg.org.ar\/index.php\/jornadas\/\">https:\/\/aagg.org.ar\/index.php\/jornadas\/<\/a><br>&nbsp;<br><strong>Comit\u00e9 organizador:<\/strong>&nbsp;<br>M. Gabriela Nicora (CITEDEF-CONICET-FCAG\/UNLP)<br>Federico G.E. Sp\u00e4th (YPF-FCAG\/UNLP)<br>Andr\u00e9s Cesanelli (AAGG-FCAG\/UNLP)<br><strong><strong><br><\/strong>Consultas:<\/strong> <a href=\"mailto:jornadas@aagg.org.ar\">jornadas@aagg.org.ar<\/a><br><br><strong>Programa de las jornadas<\/strong><br><strong>&nbsp;<\/strong><br><strong>9.00:<\/strong> Recepci\u00f3n de los participantes.<br><strong>9.30:<\/strong> Presentaci\u00f3n de la jornada. Palabras de autoridades de la FCAG y la AAGG<br><strong>9.50:<\/strong> Transici\u00f3n energ\u00e9tica: retos y oportunidades para Argentina&#8221;. <em>Patricia L. Arnera<\/em><br><strong>10.30: <em>Coffee-break<\/em><\/strong><br><strong>11:00:<\/strong> \u201cDescarbonizar sin des-energizar: el papel del petr\u00f3leo y el gas en la transici\u00f3n energ\u00e9tica\u201d. <em>Alberto C. Ortiz<\/em><br><strong>11:30:<\/strong> \u201cReducci\u00f3n del CO2 de los ciclos combinados a nanofibra de carb\u00f3n\u201d. <em>Gustavo L. Bianchi<\/em><br><strong>12:00: <\/strong>\u201cLa Energ\u00eda Solar Fotovoltaica en la Transici\u00f3n Energ\u00e9tica\u201d. <em>Julio C. Dur\u00e1n<\/em><br><strong>12:30:<\/strong> <strong><em>Intervalo &#8211; Almuerzo<\/em><\/strong><br><strong>14:00: <\/strong>\u201cMonitoreo y caracterizaci\u00f3n t\u00e9rmica de pozos acu\u00edferos en el valle de Tulum, provincia de San Juan (Argentina): implicancias para el aprovechamiento geot\u00e9rmico de baja entalp\u00eda\u201d. <em>Sof\u00eda P\u00e9rez Luj\u00e1n y Nahir Aguil<\/em><br><strong>14:30:<\/strong> \u201cLas mareas oce\u00e1nicas como fuente de energ\u00eda\u201d. <em>Andreas Richter<\/em><br><strong>15:00:<\/strong> \u201c<em>Hidr\u00f3geno: oportunidades, desaf\u00edos y realidades para Argentina\u201d<\/em>. <em>Mar\u00eda Jos\u00e9 Lavorante<\/em><br><strong>15.30:<\/strong> <strong><em>Coffee-break<\/em><\/strong><br><strong>16:00:<\/strong> \u201cMinerales cr\u00edticos y estrat\u00e9gicos. Una oportunidad para Argentina\u2026!\u201d. <em>Ricardo Etcheverry<\/em><br><strong>16:30:<\/strong> Mesa redonda: \u201cInserci\u00f3n de la transici\u00f3n energ\u00e9tica en la formaci\u00f3n profesional\u201d (<em>Santiago Perdomo y expositores de la jornada<\/em>)<br><strong>17:00:<\/strong> Cierre de la jornada<\/li>\n<\/ul>\n\n\n\n<hr class=\"wp-block-separator has-alpha-channel-opacity\" \/>\n\n\n\n<ul class=\"wp-block-list\">\n<li><strong>1\u00b0 Jornadas de Ciencias de la Tierra para el Desarrollo Sostenible &#8211; 2da Circular<br><br>Tema de la reuni\u00f3n: Transiciones Energ\u00e9ticas<br><br>Planetario UNLP &#8211;&nbsp; 7 de noviembre de 2025<\/strong><br><br><strong>2da circular<\/strong><br>La&nbsp;<strong>Asociaci\u00f3n Argentina de Geodestas y Geof\u00edsicos (AAGG)<\/strong>&nbsp;organiza este evento con la finalidad de generar el encuentro a nivel nacional entre profesionales relacionados con las ciencias de la Tierra para el intercambio de ideas y transmisi\u00f3n de conocimientos en materia del&nbsp;<strong>desarrollo sostenible<\/strong>.<br>En esta primera jornada se pone el foco en las&nbsp;<strong>transiciones energ\u00e9ticas<\/strong>, uno de los objetivos de la agenda 2030 de las Naciones Unidas para el desarrollo sostenible:&nbsp;<strong>energ\u00eda asequible y no contaminante<\/strong>.<br>Participar\u00e1n especialistas del \u00e1mbito cient\u00edfico y de la industria provenientes de distintos puntos del pa\u00eds, y se invita especialmente a estudiantes de grado y posgrado de las diversas carreras afines. Este punto de encuentro resultar\u00e1 un&nbsp;<strong>espacio de debate y reflexi\u00f3n<\/strong>&nbsp;en torno a la importancia de la tem\u00e1tica y las estrategias para integrar en la formaci\u00f3n de los nuevos profesionales a nivel nacional.<br>&#8212;&#8212;&#8212;&#8211;<br>Ya se encuentra abierta la&nbsp;<strong>inscripci\u00f3n al evento<\/strong>&nbsp;completando el siguiente formulario:<br><a href=\"https:\/\/forms.gle\/Vi9c4H13Whesr57T9\" target=\"_blank\" rel=\"noreferrer noopener\">https:\/\/forms.gle\/Vi9c4H13Whesr57T9<\/a><br><br>En la pr\u00f3xima circular se enviar\u00e1 el&nbsp;<strong>cronograma del evento<\/strong>.<br>&#8212;&#8212;&#8212;-<br><strong>&nbsp;<\/strong><br><strong>Consideraciones referidas a la Jornada:<\/strong><br>&#8211;&nbsp;&nbsp;&nbsp;&nbsp;&nbsp;&nbsp;&nbsp;&nbsp;&nbsp;&nbsp;Actividad en formato<strong>&nbsp;h\u00edbrido<\/strong>&nbsp;(presencial y virtual)&nbsp;<strong>no arancelada.<\/strong><br>&#8211;&nbsp;&nbsp;&nbsp;&nbsp;&nbsp;&nbsp;&nbsp;&nbsp;&nbsp;&nbsp;Contar\u00e1 con&nbsp;<strong>conferencias magistrales<\/strong>&nbsp;y<strong>&nbsp;mesas de debate<\/strong>.<br>&#8211;&nbsp;&nbsp;&nbsp;&nbsp;&nbsp;&nbsp;&nbsp;&nbsp;&nbsp;&nbsp;Se otorgar\u00e1n&nbsp;<strong>certificados<\/strong>&nbsp;digitales de asistencia.<br>&#8211;&nbsp; &nbsp; &nbsp; &nbsp; &nbsp;&nbsp;La jornada se desarrollar\u00e1 <strong>entre las 9.00 y las 17.00 hs<\/strong>.<br><br><br><strong>Lugar del evento<\/strong><br>Planetario UNLP<br>Facultad de Ciencias Astron\u00f3micas y Geof\u00edsicas (UNLP)<br>Av. Iraola y Calle 118 &#8211; Paseo del Bosque &#8211; La Plata<br>&nbsp;<br><strong>Comit\u00e9 organizador<\/strong><br>M. Gabriela Nicora (CITEDEF-CONICET-FCAG\/UNLP)<br>Federico G.E. Sp\u00e4th (YPF-FCAG\/UNLP)<br>Andr\u00e9s Cesanelli (AAGG-FCAG\/UNLP)<br><br><strong>Contacto:<\/strong>&nbsp;<a href=\"mailto:jornadas@aagg.org.ar\" target=\"_blank\" rel=\"noreferrer noopener\">jornadas@aagg.org.ar<\/a><\/li>\n<\/ul>\n\n\n\n<div data-wp-interactive=\"core\/file\" class=\"wp-block-file\"><object data-wp-bind--hidden=\"!state.hasPdfPreview\" hidden class=\"wp-block-file__embed\" data=\"https:\/\/www.fcaglp.unlp.edu.ar\/wp-content\/uploads\/2025\/10\/Jornadas-TE-AAGG-07-11-2da-circ_compressed.pdf\" type=\"application\/pdf\" style=\"width:100%;height:600px\" aria-label=\"Incrustado de Jornadas-TE-AAGG-07-11-2da-circ_compressed.\"><\/object><a id=\"wp-block-file--media-2545082e-a3eb-4a0a-9eb2-41d96e70737c\" href=\"https:\/\/www.fcaglp.unlp.edu.ar\/wp-content\/uploads\/2025\/10\/Jornadas-TE-AAGG-07-11-2da-circ_compressed.pdf\">Jornadas-TE-AAGG-07-11-2da-circ_compressed<\/a><a href=\"https:\/\/www.fcaglp.unlp.edu.ar\/wp-content\/uploads\/2025\/10\/Jornadas-TE-AAGG-07-11-2da-circ_compressed.pdf\" class=\"wp-block-file__button wp-element-button\" download aria-describedby=\"wp-block-file--media-2545082e-a3eb-4a0a-9eb2-41d96e70737c\">Descarga<\/a><\/div>\n\n\n\n<hr class=\"wp-block-separator has-alpha-channel-opacity\" \/>\n\n\n\n<ul class=\"wp-block-list\">\n<li><strong>Reapertura convocatoria AAGG2027<\/strong><\/li>\n<\/ul>\n\n\n\n<p>Estimados colegas,<br>Nos dirigimos a ustedes para comunicar la reapertura de la convocatoria destinada a la selecci\u00f3n de la sede de la pr\u00f3xima Reuni\u00f3n Cient\u00edfica de la Asociaci\u00f3n Argentina de Geof\u00edsicos y Geodestas (AAGG) que, por razones de fuerza mayor, ha sido reprogramada para abril de 2027.<\/p>\n\n\n\n<p>Las Reuniones Cient\u00edficas de la AAGG tienen como objetivos centrales:<br>\u00a7&nbsp;&nbsp; Promover la difusi\u00f3n de conocimientos en investigaci\u00f3n b\u00e1sica y aplicada en los campos de la Geof\u00edsica y la Geodesia.<br>\u00a7&nbsp;&nbsp; Favorecer la interacci\u00f3n interdisciplinaria entre las distintas especialidades involucradas, impulsando la gestaci\u00f3n de proyectos interinstitucionales.<br>\u00a7&nbsp;&nbsp; Propiciar la participaci\u00f3n de estudiantes de grado y posgrado en Geociencias de todo el pa\u00eds.<\/p>\n\n\n\n<p>Organizadas de manera ininterrumpida desde 1960, estas reuniones constituyen un espacio de gran valor acad\u00e9mico y profesional, que permite reunir a investigadores, docentes, estudiantes y profesionales tanto del \u00e1mbito cient\u00edfico como del sector privado. Se trata de una oportunidad privilegiada para compartir avances, debatir nuevas iniciativas y consolidar v\u00ednculos de colaboraci\u00f3n en diversas \u00e1reas del conocimiento.<br>En este marco, invitamos a todas las instituciones interesadas a presentar su postulaci\u00f3n como sede de este encuentro. Las propuestas deber\u00e1n incluir:<br>\u00a7&nbsp;&nbsp; Una s\u00edntesis general de la reuni\u00f3n.<br>\u00a7&nbsp;&nbsp; Una agenda tentativa.<br>\u00a7&nbsp;&nbsp; Resultados esperados.<br>\u00a7&nbsp;&nbsp; \u00c1reas tem\u00e1ticas sugeridas, entre otros aspectos relevantes.<\/p>\n\n\n\n<p>Agradecemos de antemano el inter\u00e9s y esperamos recibir sus propuestas para dar continuidad a este valioso espacio de intercambio y construcci\u00f3n colectiva.<\/p>\n\n\n\n<p>Quedamos atentos a cualquier consulta.<br>Claudia N. Tocho<br>Presidente de la Asociaci\u00f3n Argentina de Geof\u00edsicos y Geodestas<\/p>\n\n\n\n<div class=\"wp-block-file\"><a id=\"wp-block-file--media-773851ad-a2ff-470d-b4c6-126211b8be11\" href=\"https:\/\/www.fcaglp.unlp.edu.ar\/wp-content\/uploads\/2025\/10\/ReaperturaAAGG2027.pdf\">ReaperturaAAGG2027<\/a><a href=\"https:\/\/www.fcaglp.unlp.edu.ar\/wp-content\/uploads\/2025\/10\/ReaperturaAAGG2027.pdf\" class=\"wp-block-file__button wp-element-button\" download aria-describedby=\"wp-block-file--media-773851ad-a2ff-470d-b4c6-126211b8be11\">Descarga<\/a><\/div>\n\n\n\n<hr class=\"wp-block-separator has-alpha-channel-opacity\" \/>\n\n\n\n<ul class=\"wp-block-list\">\n<li><strong>GEOACTA: \u201c10 years of the Argentinean-German Geodetic Observatory (AGGO)\u201d<\/strong><\/li>\n<\/ul>\n\n\n\n<p>Estimados colegas y amigos,<br>desde el Subcomit\u00e9 de Geodesia del CNUGGI, el Observatorio Argentino-Alem\u00e1n de Geodesia (AGGO), la Agencia Federal para la Cartograf\u00eda y la Geodesia (BKG) y la Asociaci\u00f3n Argentina de Geof\u00edsicos y Geodestas (AAGG), tenemos el agrado de invitarlos a contribuir al Volumen Especial \u201c10 a\u00f1os del Observatorio Argentino-Alem\u00e1n de Geodesia (AGGO)\u201d que ser\u00e1 publicado en la revista GEOACTA (https:\/\/revistas.unlp.edu.ar\/geoacta).<br>El observatorio fundamental de geodesia AGGO se estableci\u00f3 en el a\u00f1o 2015 como un proyecto conjunto entre el Consejo Nacional de Investigaciones Cient\u00edficas y T\u00e9cnicas (CONICET) y la BKG. Desde su fundaci\u00f3n, AGGO ha contribuido no s\u00f3lo con datos geod\u00e9sicos de alta calidad sino tambi\u00e9n en el desarrollo de nuevas l\u00edneas de investigaci\u00f3n, recursos humanos y el establecimiento de diversas colaboraciones y centro de an\u00e1lisis de datos.<br>Por esta raz\u00f3n y celebrando sus primeros 10 a\u00f1os de operaci\u00f3n, este Volumen Especial intenta reunir art\u00edculos cient\u00edficos, art\u00edculos breves, reportes t\u00e9cnicos, revisiones e historias y conmemoraciones no s\u00f3lo relacionadas a las distintas t\u00e9cnicas operadas en AGGO, sino tambi\u00e9n a aquellas investigaciones que contribuyeron o contribuyen al mismo. En el documento adjunto podr\u00e1n encontrar la informaci\u00f3n detallada del Volumen Especial. La fecha l\u00edmite para env\u00edo de trabajos es: <strong>15 de diciembre de 2025<\/strong>. Las instrucciones para los autores se encuentran disponibles en el siguiente link: <a href=\"https:\/\/revistas.unlp.edu.ar\/geoacta\/about\/submissions\" target=\"_blank\" rel=\"noreferrer noopener\">https:\/\/revistas.unlp.edu.ar\/geoacta\/about\/submissions<\/a><\/p>\n\n\n\n<p>Con el fin de contar con un n\u00famero estimado de contribuciones, les solicitamos a aquellos interesados completar el siguiente formulario: <a href=\"https:\/\/forms.gle\/qBzpLvcyREgFRJB97\" rel=\"noreferrer noopener\" target=\"_blank\">https:\/\/forms.gle\/qBzpLvcyREgFRJB97<\/a><\/p>\n\n\n\n<p>Quedamos a su disposici\u00f3n en caso de contar con mayores consultas y agradecemos la difusi\u00f3n de esta convocatoria a posibles interesados.<\/p>\n\n\n\n<p>Un cordial saludo,<br>Mauricio Gende, Hayo Hase, Ezequiel D. Antokoletz y Claudia N. Tocho.<\/p>\n\n\n\n<p>&#8212;&#8212;&#8212;&#8212;&#8212;&#8212;&#8212;&#8212;&#8212;&#8212;-<\/p>\n\n\n\n<p>Dear colleagues and friends,<br>on behalf of the Subcommittee on Geodesy of the CNUGGI, the Argentinean-German Geodetic Observatory (AGGO), the Federal Agency for Cartography and Geodesy (BKG) and the Argentinean Association of Geophysicists and Geodesists (AAGG), we are pleased to invite you to contribute to the Special Issue \u201c10 years of the Argentinean-German Geodetic Observatory (AGGO)\u201d, to be published in the journal GEOACTA (https:\/\/revistas.unlp.edu.ar\/geoacta).<br>The fundamental geodetic observatory AGGO was established in 2015 as a joint project between the Argentinean National Scientific and Technical Research Council (CONICET) and BKG. Since its foundation, AGGO has contributed not only with high-quality geodetic data, but also to the establishment of new research groups, data analysis centres and collaborations.<br>For this reason and celebrating its first 10 years of operation, this Special Issue intends to gather scientific articles, short notes, reviews, technical reports, and Histories and Commemorations related not only to the various techniques operated at AGGO, but also to those investigations that contributed and contribute to it. In the attached document you may find further details about the Special Issue. The submission deadline for contributions is: December 15th, 2025. Instructions for authors are available in the following link: <a href=\"https:\/\/revistas.unlp.edu.ar\/geoacta\/about\/submissions\" target=\"_blank\" rel=\"noreferrer noopener\">https:\/\/revistas.unlp.edu.ar\/geoacta\/about\/submissions<\/a><\/p>\n\n\n\n<p>With the aim to have an estimated number of contributions, we kindly ask you to fill up this form: <a href=\"https:\/\/forms.gle\/qBzpLvcyREgFRJB97\" rel=\"noreferrer noopener\" target=\"_blank\">https:\/\/forms.gle\/qBzpLvcyREgFRJB97<\/a><\/p>\n\n\n\n<p>Please do not hesitate to contact us if you have further questions and we appreciate forwarding this information to possible interested people.<\/p>\n\n\n\n<p>Kind Regards,<br>Mauricio Gende, Hayo Hase, Ezequiel D. Antokoletz and Claudia N. Tocho.<\/p>\n\n\n\n<div class=\"wp-block-file\"><a id=\"wp-block-file--media-6dd4e276-4a52-41d6-a107-5868c7b58e72\" href=\"https:\/\/www.fcaglp.unlp.edu.ar\/wp-content\/uploads\/2025\/07\/SI_AGGO_GEOACTA_esp.pdf\">SI_AGGO_GEOACTA_esp<\/a><a href=\"https:\/\/www.fcaglp.unlp.edu.ar\/wp-content\/uploads\/2025\/07\/SI_AGGO_GEOACTA_esp.pdf\" class=\"wp-block-file__button wp-element-button\" download aria-describedby=\"wp-block-file--media-6dd4e276-4a52-41d6-a107-5868c7b58e72\">Descarga<\/a><\/div>\n\n\n\n<div class=\"wp-block-file\"><a id=\"wp-block-file--media-deb59501-ee9e-41e6-a517-bb6ddf4c948a\" href=\"https:\/\/www.fcaglp.unlp.edu.ar\/wp-content\/uploads\/2025\/07\/SI_AGGO_GEOACTA_eng.pdf\">SI_AGGO_GEOACTA_eng<\/a><a href=\"https:\/\/www.fcaglp.unlp.edu.ar\/wp-content\/uploads\/2025\/07\/SI_AGGO_GEOACTA_eng.pdf\" class=\"wp-block-file__button wp-element-button\" download aria-describedby=\"wp-block-file--media-deb59501-ee9e-41e6-a517-bb6ddf4c948a\">Descarga<\/a><\/div>\n\n\n\n<hr class=\"wp-block-separator has-alpha-channel-opacity\" \/>\n\n\n\n<ul class=\"wp-block-list\">\n<li><strong>Geoacta: N\u00facleo B\u00e1sico de Revistas Cient\u00edficas Argentinas<\/strong><\/li>\n<\/ul>\n\n\n\n<p>La revista Geoacta est\u00e1 incluida en el N\u00facleo B\u00e1sico de Publicaciones Cient\u00edficas Argentinas para el per\u00edodo 2023-2026 del CAICYT (Centro Argentino de Informaci\u00f3n Cient\u00edfica y Tecnol\u00f3gica de CONICET).<\/p>\n\n\n\n<p>Geoacta se encuentra disponible en el Portal de Revistas de la UNLP:<a href=\"https:\/\/revistas.unlp.edu.ar\/geoacta\">&nbsp;https:\/\/revistas.unlp.edu.ar\/geoacta<\/a><\/p>\n\n\n\n<p>Invitamos a todos y a todas a publicar sus trabajos.<\/p>\n\n\n\n<p><a href=\"https:\/\/www.fcaglp.unlp.edu.ar\/uploads\/docs\/certificado_geoacta.pdf\"><strong>CERTIFICADO<\/strong><\/a><\/p>\n\n\n\n<p><\/p>\n<\/div>\n<\/div>\n\n\n\n<p><\/p>\n","protected":false},"excerpt":{"rendered":"<p>Estimados colegas,Nos dirigimos a ustedes para comunicar la reapertura de la convocatoria destinada a la selecci\u00f3n de la sede de la pr\u00f3xima Reuni\u00f3n Cient\u00edfica de la Asociaci\u00f3n Argentina de Geof\u00edsicos y Geodestas (AAGG) que, por razones de fuerza mayor, ha sido reprogramada para abril de 2027. Las Reuniones Cient\u00edficas de la AAGG tienen como objetivos&hellip;&nbsp;<a href=\"https:\/\/www.fcaglp.unlp.edu.ar\/index.php\/ciencia-y-tecnica\/novedades\/novedades-aagg\/\" rel=\"bookmark\">Read More &raquo;<span class=\"screen-reader-text\">NOVEDADES AAGG<\/span><\/a><\/p>\n","protected":false},"author":10,"featured_media":0,"parent":468,"menu_order":0,"comment_status":"closed","ping_status":"closed","template":"","meta":{"neve_meta_sidebar":"","neve_meta_container":"","neve_meta_enable_content_width":"","neve_meta_content_width":0,"neve_meta_title_alignment":"","neve_meta_author_avatar":"","neve_post_elements_order":"","neve_meta_disable_header":"","neve_meta_disable_footer":"","neve_meta_disable_title":"","neve_meta_reading_time":"","_themeisle_gutenberg_block_has_review":false,"footnotes":""},"class_list":["post-6135","page","type-page","status-publish","hentry"],"aioseo_notices":[],"_links":{"self":[{"href":"https:\/\/www.fcaglp.unlp.edu.ar\/index.php\/wp-json\/wp\/v2\/pages\/6135","targetHints":{"allow":["GET"]}}],"collection":[{"href":"https:\/\/www.fcaglp.unlp.edu.ar\/index.php\/wp-json\/wp\/v2\/pages"}],"about":[{"href":"https:\/\/www.fcaglp.unlp.edu.ar\/index.php\/wp-json\/wp\/v2\/types\/page"}],"author":[{"embeddable":true,"href":"https:\/\/www.fcaglp.unlp.edu.ar\/index.php\/wp-json\/wp\/v2\/users\/10"}],"replies":[{"embeddable":true,"href":"https:\/\/www.fcaglp.unlp.edu.ar\/index.php\/wp-json\/wp\/v2\/comments?post=6135"}],"version-history":[{"count":15,"href":"https:\/\/www.fcaglp.unlp.edu.ar\/index.php\/wp-json\/wp\/v2\/pages\/6135\/revisions"}],"predecessor-version":[{"id":14678,"href":"https:\/\/www.fcaglp.unlp.edu.ar\/index.php\/wp-json\/wp\/v2\/pages\/6135\/revisions\/14678"}],"up":[{"embeddable":true,"href":"https:\/\/www.fcaglp.unlp.edu.ar\/index.php\/wp-json\/wp\/v2\/pages\/468"}],"wp:attachment":[{"href":"https:\/\/www.fcaglp.unlp.edu.ar\/index.php\/wp-json\/wp\/v2\/media?parent=6135"}],"curies":[{"name":"wp","href":"https:\/\/api.w.org\/{rel}","templated":true}]}}