{"id":6131,"date":"2025-07-10T07:37:23","date_gmt":"2025-07-10T10:37:23","guid":{"rendered":"http:\/\/www.fcaglp.unlp.edu.ar\/?page_id=6131"},"modified":"2026-04-10T12:22:24","modified_gmt":"2026-04-10T15:22:24","slug":"novedades-gemini","status":"publish","type":"page","link":"https:\/\/www.fcaglp.unlp.edu.ar\/index.php\/ciencia-y-tecnica\/novedades\/novedades-gemini\/","title":{"rendered":"NOVEDADES GEMINI"},"content":{"rendered":"\n<div class=\"wp-block-columns is-layout-flex wp-container-core-columns-is-layout-9d6595d7 wp-block-columns-is-layout-flex\">\n<div class=\"wp-block-column is-layout-flow wp-block-column-is-layout-flow\">\n<hr class=\"wp-block-separator has-alpha-channel-opacity\" \/>\n\n\n\n<ul class=\"wp-block-list\">\n<li><strong>[Webinar] Reducci\u00f3n de datos con DRAGONS: Sesi\u00f3n pr\u00e1ctica (F2 y GHOST)<\/strong><\/li>\n<\/ul>\n\n\n\n<p>Estimadas y Estimados usuarios de Gemini:<br>\u00a0\u00a0\u00a0\u00a0\u00a0\u00a0\u00a0\u00a0\u00a0\u00a0\u00a0\u00a0\u00a0\u00a0\u00a0\u00a0\u00a0\u00a0\u00a0\u00a0\u00a0\u00a0\u00a0\u00a0\u00a0\u00a0\u00a0\u00a0\u00a0\u00a0\u00a0\u00a0\u00a0\u00a0\u00a0\u00a0\u00a0\u00a0<br>La Oficina Nacional de Gemini de EE. UU. (US NGO) invita al segundo webinar sobre <strong>DRAGONS<\/strong>, organizado en dos sesiones con el mismo contenido para facilitar la participaci\u00f3n en distintas zonas horarias.<\/p>\n\n\n\n<h3 class=\"wp-block-heading\">Fechas y horarios (Argentina):<\/h3>\n\n\n\n<ul class=\"wp-block-list\">\n<li><strong>Sesi\u00f3n 1:<\/strong> Martes 28 de abril \u2013 <strong>15:00 hs<\/strong>.<\/li>\n\n\n\n<li><strong>Sesi\u00f3n 2:<\/strong> Mi\u00e9rcoles 29 de abril \u2013 <strong>22:00 hs<\/strong>.<\/li>\n<\/ul>\n\n\n\n<p><strong>Inscripci\u00f3n:<\/strong> Pueden registrarse en este formulario: <a href=\"https:\/\/forms.gle\/Dh3PQVxvVH2cEZSP9\" rel=\"noreferrer noopener\" target=\"_blank\">https:\/\/forms.gle\/Dh3PQVxvVH2cEZSP9<\/a>. Una vez inscriptos, recibir\u00e1n los detalles de acceso a Zoom.<\/p>\n\n\n\n<h3 class=\"wp-block-heading\">Contenido del Webinar:<\/h3>\n\n\n\n<p>La jornada contar\u00e1 con dos demostraciones pr\u00e1cticas de 30 minutos lideradas por miembros de la US NGO:<\/p>\n\n\n\n<ol start=\"1\" class=\"wp-block-list\">\n<li><strong>Reducci\u00f3n de im\u00e1genes de Flamingos-2<\/strong>.<\/li>\n\n\n\n<li><strong>&#8220;Tips and tricks&#8221; para GHOST:<\/strong> consejos para trabajar con datos ya reducidos (basados en el feedback de diversos PIs).<\/li>\n<\/ol>\n\n\n\n<p>Ambas demostraciones utilizar\u00e1n <strong>Jupyter Notebooks<\/strong> y la <strong>API de DRAGONS<\/strong> dentro de la plataforma <a href=\"https:\/\/datalab.noirlab.edu\/?r=0\"><em>Astro Data Lab<\/em><\/a>.<\/p>\n\n\n\n<p>Ante cualquier consulta, pueden contactar directamente al equipo organizador en usngo@noirlab.edu.<\/p>\n\n\n\n<p>Cordialmente,<\/p>\n\n\n\n<p>Oficina Gemini Argentina<\/p>\n\n\n\n<hr class=\"wp-block-separator has-alpha-channel-opacity\" \/>\n\n\n\n<ul class=\"wp-block-list\">\n<li><strong>Actualizaci\u00f3n sobre el estado del instrumento GHOST (Gemini)<\/strong><\/li>\n<\/ul>\n\n\n\n<p>Estimadas y Estimados usuarios de Gemini:<br>&nbsp;&nbsp;&nbsp;&nbsp;&nbsp;&nbsp;&nbsp;&nbsp;&nbsp;&nbsp;&nbsp;&nbsp;&nbsp;&nbsp;&nbsp;&nbsp;&nbsp;&nbsp;&nbsp;&nbsp;&nbsp;&nbsp;&nbsp;&nbsp;&nbsp;&nbsp;&nbsp;&nbsp;&nbsp;&nbsp;&nbsp;&nbsp;&nbsp;&nbsp;&nbsp;<br>Reenviamos informaci\u00f3n relevante sobre el <strong>estado actual del instrumento GHOST<\/strong> en Gemini.<\/p>\n\n\n\n<p>Las observaciones con GHOST se han reanudado desde el 30 de marzo, tanto en modo de resoluci\u00f3n est\u00e1ndar como de alta resoluci\u00f3n. Luego del corrimiento en la posici\u00f3n de la c\u00e1mara slit-viewer ocurrido el 12 de marzo, <strong>se han implementado modelos actualizados para la reducci\u00f3n de datos<\/strong>.<\/p>\n\n\n\n<p>A partir de esto, los datos reducidos est\u00e1n siendo generados con estas actualizaciones e incorporados al archivo GOA. Estas reducciones se est\u00e1n realizando externamente por la US NGO.<\/p>\n\n\n\n<p>Es importante tener en cuenta que <strong>la versi\u00f3n p\u00fablica actual del pipeline DRAGONS (v4.2.0) a\u00fan no incluye estas mejoras<\/strong>. Por lo tanto, las reducciones realizadas localmente con esta versi\u00f3n podr\u00edan no ser confiables para datos obtenidos despu\u00e9s del 12 de marzo. Se espera una futura actualizaci\u00f3n del pipeline que incorpore estos cambios.<\/p>\n\n\n\n<p>Mientras tanto, <strong>se recomienda utilizar los datos reducidos disponibles a trav\u00e9s del GOA<\/strong>.<\/p>\n\n\n\n<p>Para consultas espec\u00edficas, pueden contactar directamente al equipo de GHOST en: <a href=\"mailto:ghost_science@noirlab.edu\">ghost_science@noirlab.edu<\/a><\/p>\n\n\n\n<p>Cordialmente,<br>Oficina Gemini Argentina<\/p>\n\n\n\n<hr class=\"wp-block-separator has-alpha-channel-opacity\" \/>\n\n\n\n<ul class=\"wp-block-list\">\n<li><strong>Lanzamiento de DRAGONS v4.2.0: Soporte para F2 longslit<\/strong><\/li>\n<\/ul>\n\n\n\n<p>Estimadas y Estimados usuarios de Gemini,<br>&nbsp;&nbsp;&nbsp;&nbsp;&nbsp;&nbsp;&nbsp;&nbsp;&nbsp;&nbsp;&nbsp;&nbsp;&nbsp;&nbsp;&nbsp;&nbsp;&nbsp;&nbsp;&nbsp;&nbsp;&nbsp;&nbsp;&nbsp;&nbsp;&nbsp;&nbsp;&nbsp;&nbsp;&nbsp;&nbsp;&nbsp;&nbsp;<br>les informamos que ya se encuentra disponible la versi\u00f3n <strong>DRAGONS v4.2.0<\/strong>.<br>Esta actualizaci\u00f3n ya que incorpora el soporte para la reducci\u00f3n de datos de <strong>Flamingos-2 (F2) longslit<\/strong>. Les recomendamos consultar los tutoriales espec\u00edficos de F2 para familiarizarse con las particularidades del procesamiento de estos datos.<\/p>\n\n\n\n<h3 class=\"wp-block-heading\">Enlaces de inter\u00e9s:<\/h3>\n\n\n\n<ul class=\"wp-block-list\">\n<li><strong>Notas de la versi\u00f3n:<\/strong> <a href=\"https:\/\/dragons.readthedocs.io\/en\/v4.2.0\/releasenotes.html\" target=\"_blank\" rel=\"noreferrer noopener\">https:\/\/dragons.readthedocs.io\/en\/v4.2.0\/releasenotes.html<\/a><\/li>\n\n\n\n<li><strong>Resumen de cambios y nuevas funciones:<\/strong> <a href=\"https:\/\/dragons.readthedocs.io\/en\/v4.2.0\/changes.html\" target=\"_blank\" rel=\"noreferrer noopener\">https:\/\/dragons.readthedocs.io\/en\/v4.2.0\/changes.html<\/a><\/li>\n\n\n\n<li><strong>Documentaci\u00f3n general e instalaci\u00f3n:<\/strong> <a href=\"https:\/\/dragons.readthedocs.io\/\" target=\"_blank\" rel=\"noreferrer noopener\">https:\/\/dragons.readthedocs.io\/<\/a><\/li>\n<\/ul>\n\n\n\n<h3 class=\"wp-block-heading\">Modos compatibles en esta versi\u00f3n:<\/h3>\n\n\n\n<p>Actualmente, DRAGONS permite procesar datos de:<\/p>\n\n\n\n<ul class=\"wp-block-list\">\n<li><strong>Espectroscop\u00eda:<\/strong> F2 (longslit), GNIRS (longslit y cross-dispersed), GHOST, y GMOS (longslit, incluyendo modo nod-and-shuffle).<\/li>\n\n\n\n<li><strong>Imagen:<\/strong> GMOS, NIRI, GSAOI, F2 y GNIRS.<\/li>\n<\/ul>\n\n\n\n<blockquote class=\"wp-block-quote is-layout-flow wp-block-quote-is-layout-flow\">\n<p><strong>Nota importante sobre el software:<\/strong> Para todos los instrumentos y modos mencionados arriba, <strong>se debe utilizar DRAGONS en lugar del paquete Gemini IRAF<\/strong>. \u00danicamente los datos de <strong>MOS e IFU<\/strong> deben seguir reduci\u00e9ndose con Gemini IRAF por el momento.<\/p>\n<\/blockquote>\n\n\n\n<p>Cordialmente,<br>Oficina Gemini Argentina<\/p>\n\n\n\n<hr class=\"wp-block-separator has-alpha-channel-opacity\" \/>\n\n\n\n<ul class=\"wp-block-list\">\n<li><strong>MARZO 2026 &#8211;<\/strong> <strong>e-News for the Gemini\/NOIRLab Community<\/strong>: <a href=\"https:\/\/us4.campaign-archive.com\/?e=80acf31a55&amp;u=5faf5cfc1d62a8a307b4370d9&amp;id=3c38d7ecc1\" title=\"\">https:\/\/us4.campaign-archive.com\/?e=80acf31a55&amp;u=5faf5cfc1d62a8a307b4370d9&amp;id=3c38d7ecc1<\/a><\/li>\n<\/ul>\n\n\n\n<hr class=\"wp-block-separator has-alpha-channel-opacity\" \/>\n\n\n\n<ul class=\"wp-block-list\">\n<li><strong>Actualizaci\u00f3n del llamado Gemini 2026B \u2013 disponibilidad de instrumentos en Gemini Norte<\/strong><\/li>\n<\/ul>\n\n\n\n<p>Estimadas y estimados usuarios de Gemini,<br><br>Desde el staff del Observatorio Gemini nos informaron sobre una <strong>actualizaci\u00f3n reciente del llamado a propuestas para el semestre 2026B<\/strong>, vinculada a la disponibilidad de dos instrumentos en <strong>Gemini Norte<\/strong>.<\/p>\n\n\n\n<p>Debido a que <strong>IGRINS-2<\/strong> y <strong>MAROON-X<\/strong> comparten el mismo puerto del telescopio, su disponibilidad durante el semestre ha sido programada en <strong>bloques fijos mutuamente excluyentes<\/strong>.<\/p>\n\n\n\n<p>Asimismo, dado que <strong>MAROON-X<\/strong> es un <strong>instrumento visitante<\/strong>, la mayor\u00eda de las observaciones ser\u00e1n realizadas por el <strong>equipo del instrumento<\/strong>, con apoyo del personal de Gemini. Esta modalidad puede tener implicancias para aquellas propuestas que contemplen el uso de este instrumento, <strong>especialmente en programas con restricciones temporales espec\u00edficas<\/strong>.<\/p>\n\n\n\n<p>Recomendamos a quienes est\u00e9n considerando utilizar alguno de estos instrumentos que <strong>revisen el calendario incluido en el <a href=\"https:\/\/www.gemini.edu\/observing\/phase-i\/standard-semester-program\/2026b-call-proposals\">llamado a propuestas<\/a><\/strong> para conocer los detalles de su disponibilidad.<\/p>\n\n\n\n<p>Cordialmente,<br>Oficina Gemini Argentina<\/p>\n\n\n\n<hr class=\"wp-block-separator has-alpha-channel-opacity\" \/>\n\n\n\n<p><\/p>\n\n\n\n<p><strong>Espectr\u00f3grafos:<\/strong> GNIRS (longslit y cross-dispersed), GHOST, GMOS (longslit, incluyendo modo nod-and-shuffle).<\/p>\n\n\n\n<ul class=\"wp-block-list\">\n<li><strong>Im\u00e1genes:<\/strong> GMOS, NIRI, GSAOI, F2, GNIRS keyhole.<\/li>\n<\/ul>\n\n\n\n<p>Para todos los datos generados por los instrumentos mencionados, se recomienda utilizar <strong>DRAGONS<\/strong> en lugar del paquete Gemini IRAF.<\/p>\n\n\n\n<p>Los invitamos a revisar y probar los tutoriales disponibles para cada tipo de dato. El portal de documentaci\u00f3n de DRAGONS, que incluye instrucciones de instalaci\u00f3n, est\u00e1 disponible en: <a href=\"https:\/\/dragons.readthedocs.io\/\" rel=\"noreferrer noopener\" target=\"_blank\">https:\/\/dragons.readthedocs.io\/<\/a><\/p>\n\n\n\n<p>Cordialmente,<br>Oficina Gemini Argentina<\/p>\n\n\n\n<hr class=\"wp-block-separator has-alpha-channel-opacity\" \/>\n<\/div>\n<\/div>\n\n\n\n<p><\/p>\n","protected":false},"excerpt":{"rendered":"<p>Estimadas y Estimados usuarios de Gemini:\u00a0\u00a0\u00a0\u00a0\u00a0\u00a0\u00a0\u00a0\u00a0\u00a0\u00a0\u00a0\u00a0\u00a0\u00a0\u00a0\u00a0\u00a0\u00a0\u00a0\u00a0\u00a0\u00a0\u00a0\u00a0\u00a0\u00a0\u00a0\u00a0\u00a0\u00a0\u00a0\u00a0\u00a0\u00a0\u00a0\u00a0\u00a0La Oficina Nacional de Gemini de EE. UU. (US NGO) invita al segundo webinar sobre DRAGONS, organizado en dos sesiones con el mismo contenido para facilitar la participaci\u00f3n en distintas zonas horarias. Fechas y horarios (Argentina): Inscripci\u00f3n: Pueden registrarse en este formulario: https:\/\/forms.gle\/Dh3PQVxvVH2cEZSP9. Una vez inscriptos, recibir\u00e1n los detalles de&hellip;&nbsp;<a href=\"https:\/\/www.fcaglp.unlp.edu.ar\/index.php\/ciencia-y-tecnica\/novedades\/novedades-gemini\/\" rel=\"bookmark\">Read More &raquo;<span class=\"screen-reader-text\">NOVEDADES GEMINI<\/span><\/a><\/p>\n","protected":false},"author":10,"featured_media":0,"parent":468,"menu_order":0,"comment_status":"closed","ping_status":"closed","template":"","meta":{"neve_meta_sidebar":"","neve_meta_container":"","neve_meta_enable_content_width":"","neve_meta_content_width":0,"neve_meta_title_alignment":"","neve_meta_author_avatar":"","neve_post_elements_order":"","neve_meta_disable_header":"","neve_meta_disable_footer":"","neve_meta_disable_title":"","neve_meta_reading_time":"","_themeisle_gutenberg_block_has_review":false,"footnotes":""},"class_list":["post-6131","page","type-page","status-publish","hentry"],"aioseo_notices":[],"_links":{"self":[{"href":"https:\/\/www.fcaglp.unlp.edu.ar\/index.php\/wp-json\/wp\/v2\/pages\/6131","targetHints":{"allow":["GET"]}}],"collection":[{"href":"https:\/\/www.fcaglp.unlp.edu.ar\/index.php\/wp-json\/wp\/v2\/pages"}],"about":[{"href":"https:\/\/www.fcaglp.unlp.edu.ar\/index.php\/wp-json\/wp\/v2\/types\/page"}],"author":[{"embeddable":true,"href":"https:\/\/www.fcaglp.unlp.edu.ar\/index.php\/wp-json\/wp\/v2\/users\/10"}],"replies":[{"embeddable":true,"href":"https:\/\/www.fcaglp.unlp.edu.ar\/index.php\/wp-json\/wp\/v2\/comments?post=6131"}],"version-history":[{"count":59,"href":"https:\/\/www.fcaglp.unlp.edu.ar\/index.php\/wp-json\/wp\/v2\/pages\/6131\/revisions"}],"predecessor-version":[{"id":16865,"href":"https:\/\/www.fcaglp.unlp.edu.ar\/index.php\/wp-json\/wp\/v2\/pages\/6131\/revisions\/16865"}],"up":[{"embeddable":true,"href":"https:\/\/www.fcaglp.unlp.edu.ar\/index.php\/wp-json\/wp\/v2\/pages\/468"}],"wp:attachment":[{"href":"https:\/\/www.fcaglp.unlp.edu.ar\/index.php\/wp-json\/wp\/v2\/media?parent=6131"}],"curies":[{"name":"wp","href":"https:\/\/api.w.org\/{rel}","templated":true}]}}