{"id":6127,"date":"2025-07-11T07:36:04","date_gmt":"2025-07-11T10:36:04","guid":{"rendered":"http:\/\/www.fcaglp.unlp.edu.ar\/?page_id=6127"},"modified":"2026-04-21T12:37:02","modified_gmt":"2026-04-21T15:37:02","slug":"novedades-conicet","status":"publish","type":"page","link":"https:\/\/www.fcaglp.unlp.edu.ar\/index.php\/ciencia-y-tecnica\/novedades\/novedades-conicet\/","title":{"rendered":"NOVEDADES CONICET"},"content":{"rendered":"\n<div class=\"wp-block-columns is-layout-flex wp-container-core-columns-is-layout-9d6595d7 wp-block-columns-is-layout-flex\">\n<div class=\"wp-block-column is-layout-flow wp-block-column-is-layout-flow\">\n<ul class=\"wp-block-list\">\n<li><strong>Ver todas las novedades del CONICET:&nbsp;<a href=\"https:\/\/www.conicet.gov.ar\/\">https:\/\/www.conicet.gov.ar\/<\/a><\/strong><\/li>\n<\/ul>\n\n\n\n<hr class=\"wp-block-separator has-alpha-channel-opacity\" \/>\n\n\n\n<ul class=\"wp-block-list\">\n<li><strong>Convocatorias 2026 a Proyectos de Investigaci\u00f3n<\/strong><\/li>\n<\/ul>\n\n\n\n<p>El Directorio, en su reuni\u00f3n del 25 de marzo de 2026, aprob\u00f3 las siguientes convocatorias a Proyectos de Investigaci\u00f3n para el a\u00f1o 2026:<\/p>\n\n\n\n<ul class=\"wp-block-list\">\n<li><strong>Proyectos de Investigaci\u00f3n Estrat\u00e9gica Territorial en Red (PIET-R) 2026.<\/strong><\/li>\n\n\n\n<li><strong>Proyectos de investigaci\u00f3n en medicina traslacional (PIM) 2026-2028.<\/strong><\/li>\n\n\n\n<li><strong>Proyecto de investigaci\u00f3n plurianuales \u2013 Ciencias b\u00e1sicas con impacto potencial en \u00e1reas estrat\u00e9gicas. (PIP-CBI) 2026-2028.<\/strong><\/li>\n<\/ul>\n\n\n\n<p>M\u00e1s informaci\u00f3n: <a href=\"https:\/\/convocatorias.conicet.gov.ar\/financiamiento-de-proyectos\/convocatorias-2026\/\" title=\"\">https:\/\/convocatorias.conicet.gov.ar\/financiamiento-de-proyectos\/convocatorias-2026\/<\/a><\/p>\n\n\n\n<hr class=\"wp-block-separator has-alpha-channel-opacity\" \/>\n\n\n\n<ul class=\"wp-block-list\">\n<li><strong>Convocatoria a Proyectos Colecciones 2026<\/strong><\/li>\n<\/ul>\n\n\n\n<p><strong>Convocatoria a Proyectos para \u201cPreservaci\u00f3n, recuperaci\u00f3n y digitalizaci\u00f3n de colecciones de inter\u00e9s cient\u00edfico de Argentina\u201d 2026.<\/strong><\/p>\n\n\n\n<p>El CONICET, conjuntamente con la Fundaci\u00f3n Bunge y Born y la Fundaci\u00f3n Williams (en el marco de la Iniciativa para el Fortalecimiento de Archivos que dichas Fundaciones desarrollan en alianza), financiar\u00e1 proyectos tendientes a la preservaci\u00f3n, recuperaci\u00f3n y digitalizaci\u00f3n de datos, piezas, muestras o espec\u00edmenes de colecciones biol\u00f3gicas y colecciones que contengan materiales documentales arqueol\u00f3gicos y etnogr\u00e1ficos de uso para la investigaci\u00f3n cient\u00edfica: <a href=\"https:\/\/www.conicet.gov.ar\/convocatoria-a-proyectos-colecciones-2026\/\" title=\"\">https:\/\/www.conicet.gov.ar\/convocatoria-a-proyectos-colecciones-2026\/<\/a><\/p>\n\n\n\n<hr class=\"wp-block-separator has-alpha-channel-opacity\" \/>\n\n\n\n<ul class=\"wp-block-list\">\n<li><strong>Fortalecimiento en I+D+i &#8211; Aprobaci\u00f3n de Perfiles y Llamado a Concurso para Postulantes &#8211; Cierre: 30 de abril de 2026.<br><\/strong><br>El Directorio del CONICET llama a concurso abierto para seleccionar ochenta (80) Investigadores en condiciones de incorporarse a la Carrera del Investigador Cient\u00edfico y Tecnol\u00f3gico en la modalidad Fortalecimiento en I+D+i: <a href=\"https:\/\/convocatorias.conicet.gov.ar\/carrera-del-investigador\/fortalecimiento-en-idi\/\" title=\"\">https:\/\/convocatorias.conicet.gov.ar\/carrera-del-investigador\/fortalecimiento-en-idi\/<\/a><\/li>\n<\/ul>\n\n\n\n<hr class=\"wp-block-separator has-alpha-channel-opacity\" \/>\n<\/div>\n<\/div>\n\n\n\n<p><\/p>\n","protected":false},"excerpt":{"rendered":"<p>El Directorio, en su reuni\u00f3n del 25 de marzo de 2026, aprob\u00f3 las siguientes convocatorias a Proyectos de Investigaci\u00f3n para el a\u00f1o 2026: M\u00e1s informaci\u00f3n: https:\/\/convocatorias.conicet.gov.ar\/financiamiento-de-proyectos\/convocatorias-2026\/ Convocatoria a Proyectos para \u201cPreservaci\u00f3n, recuperaci\u00f3n y digitalizaci\u00f3n de colecciones de inter\u00e9s cient\u00edfico de Argentina\u201d 2026. El CONICET, conjuntamente con la Fundaci\u00f3n Bunge y Born y la Fundaci\u00f3n Williams&hellip;&nbsp;<a href=\"https:\/\/www.fcaglp.unlp.edu.ar\/index.php\/ciencia-y-tecnica\/novedades\/novedades-conicet\/\" rel=\"bookmark\">Read More &raquo;<span class=\"screen-reader-text\">NOVEDADES CONICET<\/span><\/a><\/p>\n","protected":false},"author":10,"featured_media":0,"parent":468,"menu_order":0,"comment_status":"closed","ping_status":"closed","template":"","meta":{"neve_meta_sidebar":"","neve_meta_container":"","neve_meta_enable_content_width":"","neve_meta_content_width":0,"neve_meta_title_alignment":"","neve_meta_author_avatar":"","neve_post_elements_order":"","neve_meta_disable_header":"","neve_meta_disable_footer":"","neve_meta_disable_title":"","neve_meta_reading_time":"","_themeisle_gutenberg_block_has_review":false,"footnotes":""},"class_list":["post-6127","page","type-page","status-publish","hentry"],"aioseo_notices":[],"_links":{"self":[{"href":"https:\/\/www.fcaglp.unlp.edu.ar\/index.php\/wp-json\/wp\/v2\/pages\/6127","targetHints":{"allow":["GET"]}}],"collection":[{"href":"https:\/\/www.fcaglp.unlp.edu.ar\/index.php\/wp-json\/wp\/v2\/pages"}],"about":[{"href":"https:\/\/www.fcaglp.unlp.edu.ar\/index.php\/wp-json\/wp\/v2\/types\/page"}],"author":[{"embeddable":true,"href":"https:\/\/www.fcaglp.unlp.edu.ar\/index.php\/wp-json\/wp\/v2\/users\/10"}],"replies":[{"embeddable":true,"href":"https:\/\/www.fcaglp.unlp.edu.ar\/index.php\/wp-json\/wp\/v2\/comments?post=6127"}],"version-history":[{"count":59,"href":"https:\/\/www.fcaglp.unlp.edu.ar\/index.php\/wp-json\/wp\/v2\/pages\/6127\/revisions"}],"predecessor-version":[{"id":17074,"href":"https:\/\/www.fcaglp.unlp.edu.ar\/index.php\/wp-json\/wp\/v2\/pages\/6127\/revisions\/17074"}],"up":[{"embeddable":true,"href":"https:\/\/www.fcaglp.unlp.edu.ar\/index.php\/wp-json\/wp\/v2\/pages\/468"}],"wp:attachment":[{"href":"https:\/\/www.fcaglp.unlp.edu.ar\/index.php\/wp-json\/wp\/v2\/media?parent=6127"}],"curies":[{"name":"wp","href":"https:\/\/api.w.org\/{rel}","templated":true}]}}