{"id":6125,"date":"2025-07-07T08:00:43","date_gmt":"2025-07-07T11:00:43","guid":{"rendered":"http:\/\/www.fcaglp.unlp.edu.ar\/?page_id=6125"},"modified":"2026-04-30T10:04:21","modified_gmt":"2026-04-30T13:04:21","slug":"novedades-unlp","status":"publish","type":"page","link":"https:\/\/www.fcaglp.unlp.edu.ar\/index.php\/ciencia-y-tecnica\/novedades\/novedades-unlp\/","title":{"rendered":"NOVEDADES UNLP"},"content":{"rendered":"\n<hr class=\"wp-block-separator has-alpha-channel-opacity\" \/>\n\n\n\n<ul class=\"wp-block-list\">\n<li><strong>PR\u00d3RROGA 22\/5 &#8211; Apertura de Ventana de Incorporaci\u00f3n a SICADI<\/strong><\/li>\n<\/ul>\n\n\n\n<p>Mediante Memorando N\u00b0 16\/26, la UNLP informa que la convocatoria de categorizaci\u00f3n \u201cVentana de Incorporaci\u00f3n SICADI\u201d se extiende hasta el<strong> d\u00eda viernes 22 de mayo del corriente<\/strong>.<br><br><strong>Convocatoria de Ingreso a SICADI de Docentes Investigadores con lugar de trabajo en la UNLP, en sus dos modalidades (v\u00eda de equivalencia de categor\u00edas y v\u00eda de evaluaci\u00f3n de antecedentes)<\/strong>:<\/p>\n\n\n\n<p><strong>-Destinatarios\/as de la Convocatoria: <\/strong>la ventana de incorporaci\u00f3n a SICADI estar\u00e1 abierta <strong>para aquellos DI que no se hayan presentado a ning\u00fan proceso de categorizaci\u00f3n de SICADI.<\/strong><br><br>&#8211;<strong>Los DI que no se encuentren incluidos en un proyecto<\/strong> de Investigaci\u00f3n acreditado por la UNLP, podr\u00e1n presentarse a esta convocatoria. Para ello deber\u00e1n <strong>adjuntar una certificaci\u00f3n de tareas de Investigaci\u00f3n de la UI<\/strong> en la que desempe\u00f1an su trabajo firmado por la m\u00e1xima autoridad.&nbsp;La categor\u00eda obtenida por este mecanismo es provisoria y quedar\u00e1 firme cuando el\/la DI se incorpore a un proyecto de Investigaci\u00f3n en el plazo de un (1) a\u00f1o luego de haber sido notificado\/a del resultado.<\/p>\n\n\n\n<p><strong>-Modalidad de presentaci\u00f3n:<\/strong> El formato de la presentaci\u00f3n es el mismo para ambos tipos de solicitudes. El postulante deber\u00e1 completar de forma on-line la presentaci\u00f3n con los datos requeridos empleando la plataforma de carga de datos implementada por la Secretar\u00eda de Ciencia y T\u00e9cnica de la UNLP (SECYT UNLP), indicando por qu\u00e9 mecanismo desea ser categorizado (equivalencia o evaluaci\u00f3n).<\/p>\n\n\n\n<p><strong>Enlace a detalles de la convocatoria,&nbsp;procedimientos, instructivo de uso de la plataforma de carga, etc.:<\/strong> <a href=\"https:\/\/unlp.edu.ar\/investigacion\/categorizacion-de-docentes-investigadores-de-la-unlp-93068\/\">https:\/\/unlp.edu.ar\/investigacion\/categorizacion-de-docentes-investigadores-de-la-unlp-93068\/<\/a><\/p>\n\n\n\n<hr class=\"wp-block-separator has-alpha-channel-opacity\" \/>\n\n\n\n<ul class=\"wp-block-list\">\n<li><strong>Ciclo de talleres para investigadores 2026 &#8211; Inscripci\u00f3n abierta<\/strong><\/li>\n<\/ul>\n\n\n\n<p>La Secretar\u00eda de Ciencia y T\u00e9cnica en conjunto con la Biblioteca P\u00fablica de la UNLP invita a participar a la <strong>tercera edici\u00f3n del Ciclo de talleres para investigadores<\/strong>. La propuesta busca brindar herramientas y compartir estrategias para fortalecer las pr\u00e1cticas de investigaci\u00f3n y el proceso de publicaci\u00f3n de los resultados de las investigaciones que se generan en la Universidad.<\/p>\n\n\n\n<p>Los talleres tendr\u00e1n una <strong>modalidad presencial<\/strong> (Aulas del Edificio Karakachoff) y las inscripciones se ir\u00e1n abriendo dos semanas antes de la fecha de realizaci\u00f3n. Si bien los talleres se orientan a personas que trabajan en investigaci\u00f3n (docentes, graduados\/as, becarios\/as e investigadores) est\u00e1n abiertos a toda la comunidad de la UNLP.<\/p>\n\n\n\n<p><em><strong>Inscripci\u00f3n gratuita. Cupos limitados. Se entregar\u00e1n certificados de asistencia por taller.<\/strong><\/em><\/p>\n\n\n\n<p>Consultas: <a href=\"mailto:infocientificaunlp@gmail.com\">infocientificaunlp@gmail.com<\/a><\/p>\n\n\n\n<p>La propuesta 2026 comprende los siguientes talleres:<\/p>\n\n\n\n<p><strong>I) Taller 1<\/strong>. <strong>Publicar y&nbsp; no morir (ni pagar) en el intento: nociones b\u00e1sicas del sistema internacional de publicaci\u00f3n cient\u00edfica&nbsp;<\/strong><br><br>Viernes 15 de mayo 10-13h &#8211; Aula 205 Edificio Karakachoff<br>Docentes: Marcela Fushimi, Carolina Unzurrunzaga<br><strong>INSCRIPCI\u00d3N ABIERTA en el siguiente formulario: <\/strong><a href=\"https:\/\/forms.gle\/sSa9rGbXWNNfWZEbA\"><strong>https:\/\/forms.gle\/sSa9rGbXWNNfWZEbA<\/strong><\/a><\/p>\n\n\n\n<p>Contenidos:<br>&#8211; El sistema de publicaci\u00f3n cient\u00edfica global.&nbsp;<br>&#8211; La comercializaci\u00f3n de lo abierto.&nbsp;<br>&#8211; Recomendaciones para elegir y publicar en revistas cient\u00edficas.<br><br><\/p>\n\n\n\n<figure class=\"wp-block-image size-large\"><img fetchpriority=\"high\" decoding=\"async\" width=\"819\" height=\"1024\" src=\"https:\/\/www.fcaglp.unlp.edu.ar\/wp-content\/uploads\/2026\/04\/Taller-Publicar-y-no-morir-ni-pagar-en-el-intento-819x1024.png\" alt=\"\" class=\"wp-image-17244\" srcset=\"https:\/\/www.fcaglp.unlp.edu.ar\/wp-content\/uploads\/2026\/04\/Taller-Publicar-y-no-morir-ni-pagar-en-el-intento-819x1024.png 819w, https:\/\/www.fcaglp.unlp.edu.ar\/wp-content\/uploads\/2026\/04\/Taller-Publicar-y-no-morir-ni-pagar-en-el-intento-240x300.png 240w, https:\/\/www.fcaglp.unlp.edu.ar\/wp-content\/uploads\/2026\/04\/Taller-Publicar-y-no-morir-ni-pagar-en-el-intento-768x960.png 768w, https:\/\/www.fcaglp.unlp.edu.ar\/wp-content\/uploads\/2026\/04\/Taller-Publicar-y-no-morir-ni-pagar-en-el-intento.png 1080w\" sizes=\"(max-width: 819px) 100vw, 819px\" \/><\/figure>\n\n\n\n<p><\/p>\n\n\n\n<p><strong>II) Taller 2. Anatom\u00eda de un paper: introducci\u00f3n a la escritura cient\u00edfica<\/strong><br><br>Viernes 12 de junio 10-13h &#8211; Aula 205 Edificio Karakachoff<br>Docente: Teresita Rodr\u00edguez<\/p>\n\n\n\n<figure class=\"wp-block-image size-large\"><img decoding=\"async\" width=\"819\" height=\"1024\" src=\"https:\/\/www.fcaglp.unlp.edu.ar\/wp-content\/uploads\/2026\/04\/Anatomia-de-un-paper-1-819x1024.png\" alt=\"\" class=\"wp-image-17245\" srcset=\"https:\/\/www.fcaglp.unlp.edu.ar\/wp-content\/uploads\/2026\/04\/Anatomia-de-un-paper-1-819x1024.png 819w, https:\/\/www.fcaglp.unlp.edu.ar\/wp-content\/uploads\/2026\/04\/Anatomia-de-un-paper-1-240x300.png 240w, https:\/\/www.fcaglp.unlp.edu.ar\/wp-content\/uploads\/2026\/04\/Anatomia-de-un-paper-1-768x960.png 768w, https:\/\/www.fcaglp.unlp.edu.ar\/wp-content\/uploads\/2026\/04\/Anatomia-de-un-paper-1.png 1080w\" sizes=\"(max-width: 819px) 100vw, 819px\" \/><\/figure>\n\n\n\n<p>&#8211; <strong>INSCRIPCI\u00d3N PR\u00d3XIMAMENTE &#8211;<\/strong><br><br><strong>III) Taller 3<\/strong>.<strong> M\u00e1s all\u00e1 de Google: recursos y estrategias de b\u00fasqueda de informaci\u00f3n cient\u00edfica aplicadas a la investigaci\u00f3n<\/strong><br>Viernes 3 de julio 10-13h &#8211; Aula 205 Edificio Karakachoff<br>Docentes: Marina Borrell y Carlos La Rosa Saravia<br><br>-Inscripci\u00f3n pr\u00f3ximamente<br><br><\/p>\n\n\n\n<figure class=\"wp-block-image size-large\"><img decoding=\"async\" width=\"819\" height=\"1024\" src=\"https:\/\/www.fcaglp.unlp.edu.ar\/wp-content\/uploads\/2026\/04\/Mas-alla-de-Google-819x1024.png\" alt=\"\" class=\"wp-image-17246\" srcset=\"https:\/\/www.fcaglp.unlp.edu.ar\/wp-content\/uploads\/2026\/04\/Mas-alla-de-Google-819x1024.png 819w, https:\/\/www.fcaglp.unlp.edu.ar\/wp-content\/uploads\/2026\/04\/Mas-alla-de-Google-240x300.png 240w, https:\/\/www.fcaglp.unlp.edu.ar\/wp-content\/uploads\/2026\/04\/Mas-alla-de-Google-768x960.png 768w, https:\/\/www.fcaglp.unlp.edu.ar\/wp-content\/uploads\/2026\/04\/Mas-alla-de-Google.png 1080w\" sizes=\"(max-width: 819px) 100vw, 819px\" \/><\/figure>\n\n\n\n<p><br><strong>IV)<\/strong> <strong>Taller 4. Datos abiertos de investigaci\u00f3n<\/strong><br><strong>&nbsp;<\/strong>Viernes 14 de agosto 10-13h &#8211; Aula 205 Edificio Karakachoff<br>Docentes: Diego Torres y Carolina Unzurrunzaga<br><br>&#8211; <strong>INSCRIPCI\u00d3N PR\u00d3XIMAMENTE &#8211;<\/strong><\/p>\n\n\n\n<figure class=\"wp-block-image size-large\"><img loading=\"lazy\" decoding=\"async\" width=\"819\" height=\"1024\" src=\"https:\/\/www.fcaglp.unlp.edu.ar\/wp-content\/uploads\/2026\/04\/Datos-abiertos-de-investigacion-819x1024.png\" alt=\"\" class=\"wp-image-17247\" srcset=\"https:\/\/www.fcaglp.unlp.edu.ar\/wp-content\/uploads\/2026\/04\/Datos-abiertos-de-investigacion-819x1024.png 819w, https:\/\/www.fcaglp.unlp.edu.ar\/wp-content\/uploads\/2026\/04\/Datos-abiertos-de-investigacion-240x300.png 240w, https:\/\/www.fcaglp.unlp.edu.ar\/wp-content\/uploads\/2026\/04\/Datos-abiertos-de-investigacion-768x960.png 768w, https:\/\/www.fcaglp.unlp.edu.ar\/wp-content\/uploads\/2026\/04\/Datos-abiertos-de-investigacion.png 1080w\" sizes=\"(max-width: 819px) 100vw, 819px\" \/><\/figure>\n\n\n\n<p><strong>V)<\/strong> <strong>Taller 5<\/strong>. <strong>&nbsp;IA en nuestras investigaciones:&nbsp; aspectos generales, advertencias y herramientas para el uso acad\u00e9mico de inteligencia artificial<\/strong><\/p>\n\n\n\n<p>Viernes 18 de septiembre 10-13h &#8211; Aula 205 Edificio Karakachoff<br>Docente: Gustavo Archuby<\/p>\n\n\n\n<p>&#8211; <strong>INSCRIPCI\u00d3N PR\u00d3XIMAMENTE &#8211;<\/strong><\/p>\n\n\n\n<figure class=\"wp-block-image size-large\"><img loading=\"lazy\" decoding=\"async\" width=\"819\" height=\"1024\" src=\"https:\/\/www.fcaglp.unlp.edu.ar\/wp-content\/uploads\/2026\/04\/IA-en-nuestras-investigaciones-819x1024.png\" alt=\"\" class=\"wp-image-17248\" srcset=\"https:\/\/www.fcaglp.unlp.edu.ar\/wp-content\/uploads\/2026\/04\/IA-en-nuestras-investigaciones-819x1024.png 819w, https:\/\/www.fcaglp.unlp.edu.ar\/wp-content\/uploads\/2026\/04\/IA-en-nuestras-investigaciones-240x300.png 240w, https:\/\/www.fcaglp.unlp.edu.ar\/wp-content\/uploads\/2026\/04\/IA-en-nuestras-investigaciones-768x960.png 768w, https:\/\/www.fcaglp.unlp.edu.ar\/wp-content\/uploads\/2026\/04\/IA-en-nuestras-investigaciones.png 1080w\" sizes=\"(max-width: 819px) 100vw, 819px\" \/><\/figure>\n\n\n\n<hr class=\"wp-block-separator has-alpha-channel-opacity\" \/>\n\n\n\n<ul class=\"wp-block-list\">\n<li><strong>Becas UNLP 2026 <\/strong><br>Otorgadas y en lista de espera: <a href=\"https:\/\/unlp.edu.ar\/investigacion\/becas-maestria-doctorado-y-postdoctorado-unlp-2026-85274\/\" title=\"\">https:\/\/unlp.edu.ar\/investigacion\/becas-maestria-doctorado-y-postdoctorado-unlp-2026-85274\/<\/a><\/li>\n<\/ul>\n\n\n\n<hr class=\"wp-block-separator has-alpha-channel-opacity\" \/>\n\n\n\n<ul class=\"wp-block-list\">\n<li><strong>Proyectos Acreditados 2026 I+D y PPID<br><\/strong>La Secretar\u00eda de Ciencia y T\u00e9cnica informa que&nbsp;ha iniciado el proceso de evaluaci\u00f3n de Proyectos de Investigaci\u00f3n y Desarrollo para su acreditaci\u00f3n.&nbsp;<strong>El inicio de los mismos ser\u00e1 a partir del 1\/01\/2026<\/strong>: <a href=\"https:\/\/unlp.edu.ar\/investigacion\/acreditacion-de-proyectos-id-y-ppid-2026-108305\/\">https:\/\/unlp.edu.ar\/investigacion\/acreditacion-de-proyectos-id-y-ppid-2026-108305\/<\/a><br><\/li>\n<\/ul>\n\n\n\n<hr class=\"wp-block-separator has-alpha-channel-opacity\" \/>\n\n\n\n<ul class=\"wp-block-list\">\n<li><strong>Informaci\u00f3n sobre el Sistema Integrado de Carga de Datos SeCyT UNLP<\/strong><\/li>\n<\/ul>\n\n\n\n<p>La Secretar\u00eda de la UNLP se encuentra implementando una plataforma que integra los sistemas de Ciencia y T\u00e9cnica: <strong>WebProyectos, WebViajes, WebJ\u00f3venes y SICADI.<\/strong><\/p>\n\n\n\n<p>Se puede acceder a la misma a trav\u00e9s de los siguientes enlaces:<\/p>\n\n\n\n<ul class=\"wp-block-list\">\n<li><a href=\"https:\/\/sicadi.presi.unlp.edu.ar\/\" target=\"_blank\" rel=\"noreferrer noopener\">https:\/\/sicadi.presi.unlp.edu.ar<\/a>\/<\/li>\n\n\n\n<li><a href=\"http:\/\/secyt.presi.unlp.edu.ar\/cyt_htm\/WEBPROYECTOS\/\" target=\"_blank\" rel=\"noreferrer noopener\">http:\/\/secyt.presi.unlp.edu.ar\/cyt_htm\/WEBPROYECTOS\/<\/a><\/li>\n\n\n\n<li><a href=\"https:\/\/secyt.presi.unlp.edu.ar\/cyt_htm\/WEBVIAJES\/\" target=\"_blank\" rel=\"noreferrer noopener\">https:\/\/secyt.presi.unlp.edu.ar\/cyt_htm\/WEBVIAJES\/<\/a><\/li>\n\n\n\n<li><a href=\"https:\/\/secyt.presi.unlp.edu.ar\/cyt_htm\/WEBJOVENES\/\" target=\"_blank\" rel=\"noreferrer noopener\">https:\/\/secyt.presi.unlp.edu.ar\/cyt_htm\/WEBJOVENES\/<\/a><\/li>\n<\/ul>\n\n\n\n<p>Todos los investigadores que ingresaron mediante el sistema SICADI y WEBViajes ya se encuentran registrados, y los que ingresen por primera vez a esta plataforma deber\u00e1n <strong>&#8220;registrarse&#8221;<\/strong>.<\/p>\n\n\n\n<p>SeCyT-FCAG<\/p>\n\n\n\n<p><\/p>\n\n\n\n<hr class=\"wp-block-separator has-alpha-channel-opacity\" \/>\n\n\n\n<p><\/p>\n","protected":false},"excerpt":{"rendered":"<p>Mediante Memorando N\u00b0 16\/26, la UNLP informa que la convocatoria de categorizaci\u00f3n \u201cVentana de Incorporaci\u00f3n SICADI\u201d se extiende hasta el d\u00eda viernes 22 de mayo del corriente. Convocatoria de Ingreso a SICADI de Docentes Investigadores con lugar de trabajo en la UNLP, en sus dos modalidades (v\u00eda de equivalencia de categor\u00edas y v\u00eda de evaluaci\u00f3n&hellip;&nbsp;<a href=\"https:\/\/www.fcaglp.unlp.edu.ar\/index.php\/ciencia-y-tecnica\/novedades\/novedades-unlp\/\" rel=\"bookmark\">Read More &raquo;<span class=\"screen-reader-text\">NOVEDADES UNLP<\/span><\/a><\/p>\n","protected":false},"author":10,"featured_media":0,"parent":468,"menu_order":0,"comment_status":"closed","ping_status":"closed","template":"","meta":{"neve_meta_sidebar":"","neve_meta_container":"default","neve_meta_enable_content_width":"off","neve_meta_content_width":50,"neve_meta_title_alignment":"","neve_meta_author_avatar":"","neve_post_elements_order":"","neve_meta_disable_header":"","neve_meta_disable_footer":"","neve_meta_disable_title":"","neve_meta_reading_time":"","_themeisle_gutenberg_block_has_review":false,"footnotes":""},"class_list":["post-6125","page","type-page","status-publish","hentry"],"aioseo_notices":[],"_links":{"self":[{"href":"https:\/\/www.fcaglp.unlp.edu.ar\/index.php\/wp-json\/wp\/v2\/pages\/6125","targetHints":{"allow":["GET"]}}],"collection":[{"href":"https:\/\/www.fcaglp.unlp.edu.ar\/index.php\/wp-json\/wp\/v2\/pages"}],"about":[{"href":"https:\/\/www.fcaglp.unlp.edu.ar\/index.php\/wp-json\/wp\/v2\/types\/page"}],"author":[{"embeddable":true,"href":"https:\/\/www.fcaglp.unlp.edu.ar\/index.php\/wp-json\/wp\/v2\/users\/10"}],"replies":[{"embeddable":true,"href":"https:\/\/www.fcaglp.unlp.edu.ar\/index.php\/wp-json\/wp\/v2\/comments?post=6125"}],"version-history":[{"count":178,"href":"https:\/\/www.fcaglp.unlp.edu.ar\/index.php\/wp-json\/wp\/v2\/pages\/6125\/revisions"}],"predecessor-version":[{"id":17315,"href":"https:\/\/www.fcaglp.unlp.edu.ar\/index.php\/wp-json\/wp\/v2\/pages\/6125\/revisions\/17315"}],"up":[{"embeddable":true,"href":"https:\/\/www.fcaglp.unlp.edu.ar\/index.php\/wp-json\/wp\/v2\/pages\/468"}],"wp:attachment":[{"href":"https:\/\/www.fcaglp.unlp.edu.ar\/index.php\/wp-json\/wp\/v2\/media?parent=6125"}],"curies":[{"name":"wp","href":"https:\/\/api.w.org\/{rel}","templated":true}]}}