{"id":540,"date":"2022-03-09T12:17:54","date_gmt":"2022-03-09T15:17:54","guid":{"rendered":"http:\/\/www.fcaglp.unlp.edu.ar\/?page_id=540"},"modified":"2024-08-19T09:43:41","modified_gmt":"2024-08-19T12:43:41","slug":"tramites-2","status":"publish","type":"page","link":"https:\/\/www.fcaglp.unlp.edu.ar\/index.php\/tramites-2\/","title":{"rendered":"TR\u00c1MITES"},"content":{"rendered":"\n<div id=\"wp-block-themeisle-blocks-advanced-columns-6eb22c1f\" class=\"wp-block-themeisle-blocks-advanced-columns has-1-columns has-desktop-equal-layout has-tablet-equal-layout has-mobile-collapsedRows-layout has-vertical-unset\"><div class=\"wp-block-themeisle-blocks-advanced-columns-overlay\"><\/div><div class=\"innerblocks-wrap\">\n<div id=\"wp-block-themeisle-blocks-advanced-column-dbcb7adc\" class=\"wp-block-themeisle-blocks-advanced-column\">\n<div class=\"wp-block-columns is-layout-flex wp-container-core-columns-is-layout-9d6595d7 wp-block-columns-is-layout-flex\">\n<div class=\"wp-block-column is-layout-flow wp-block-column-is-layout-flow\">\n<p><strong>TR\u00c1MITE DE T\u00cdTULO<\/strong><\/p>\n\n\n\n<p><strong>1.&nbsp;<\/strong>&nbsp;&nbsp;&nbsp;&nbsp;&nbsp;El alumno inicia el tr\u00e1mite por guaran\u00ed:&nbsp;<br><strong>IMPORTANTE<\/strong>: <br>* El mail. <br>* Foto (es \u00be perfil y NO totalmente de perfil, que el plano como mucho llegue hasta los hombros). <br>* Partida de nacimiento.<\/p>\n\n\n\n<p>Tanto la foto y la partida se envia como archivo adjunto a: &nbsp;<a href=\"mailto:alumnos@fcaglp.unlp.edu.ar\" target=\"_blank\" rel=\"noreferrer noopener\">alumnos@fcaglp.unlp.edu.ar<\/a><\/p>\n\n\n\n<p><strong>2.&nbsp;&nbsp;&nbsp;<\/strong>&nbsp;&nbsp;&nbsp;Solicita la planilla en el Departamento de Alumnos <a href=\"mailto:alumnos@fcaglp.unlp.edu.ar\" target=\"_blank\" rel=\"noreferrer noopener\">alumnos@fcaglp.unlp.edu.ar<\/a>&nbsp;, luego la env\u00eda completa y firmada con TODOS los libre deuda de las bibliotecas, y la entrega de TESIS.<\/p>\n\n\n\n<p><strong>&nbsp;&nbsp;&nbsp;&nbsp;&nbsp;&nbsp;&nbsp;&nbsp;LIBRE DEUDAS para Astronom\u00eda:<br><\/strong>&#8211; Facultad de Ciencias Astron\u00f3micas y Geof\u00edsicas<br>&#8211; Facultad de Ciencias Exactas<br>&#8211; Biblioteca Plaza Rocha<\/p>\n\n\n\n<p><strong>&nbsp;&nbsp;&nbsp;&nbsp;&nbsp;&nbsp;&nbsp;&nbsp;LIBRE DEUDAS para Geof\u00edsica:<br><\/strong>&#8211; Facultad de Ciencias Astron\u00f3micas y Geof\u00edsicas<br>&#8211; Facultad de Ciencias Exactas<br>&#8211; Facultad de Ciencias Naturales y Museo<br>&#8211; Biblioteca Plaza Rocha<\/p>\n\n\n\n<p><strong>&nbsp;&nbsp;&nbsp;&nbsp;&nbsp;&nbsp;&nbsp;&nbsp;LIBRE DEUDAS para Meteorolog\u00eda:<br><\/strong>&#8211; Facultad de Ciencias Astron\u00f3micas y Geof\u00edsicas<br>&#8211; Facultad de Ciencias Exactas<br>&#8211; Facultad de Ciencias Agrarias y Forestales<br>&#8211; Biblioteca Plaza Rocha<\/p>\n<\/div>\n\n\n\n<div class=\"wp-block-column is-vertically-aligned-bottom is-layout-flow wp-block-column-is-layout-flow\">\n<figure class=\"wp-block-embed is-type-video is-provider-youtube wp-block-embed-youtube wp-embed-aspect-16-9 wp-has-aspect-ratio\"><div class=\"wp-block-embed__wrapper\">\n<div class=\"nv-iframe-embed\"><iframe title=\"Descarga de t\u00edtulo | SIU Guaran\u00ed Web\" width=\"1200\" height=\"675\" src=\"https:\/\/www.youtube.com\/embed\/iWW0iepQ28U?feature=oembed\" frameborder=\"0\" allow=\"accelerometer; autoplay; clipboard-write; encrypted-media; gyroscope; picture-in-picture; web-share\" referrerpolicy=\"strict-origin-when-cross-origin\" allowfullscreen><\/iframe><\/div>\n<\/div><\/figure>\n<\/div>\n<\/div>\n\n\n\n<p>Se encuentran a continuaci\u00f3n <strong>las planillas para realizaci\u00f3n de tr\u00e1mites en este Departamento<\/strong>.<\/p>\n\n\n\n<div class=\"wp-block-columns is-layout-flex wp-container-core-columns-is-layout-9d6595d7 wp-block-columns-is-layout-flex\">\n<div class=\"wp-block-column is-layout-flow wp-block-column-is-layout-flow\">\n<div data-wp-interactive=\"core\/file\" class=\"wp-block-file\"><object data-wp-bind--hidden=\"!state.hasPdfPreview\" hidden class=\"wp-block-file__embed\" data=\"https:\/\/www.fcaglp.unlp.edu.ar\/wp-content\/uploads\/2024\/05\/planillaSolicitud-titulo-2.pdf\" type=\"application\/pdf\" style=\"width:100%;height:300px\" aria-label=\"Incrustado de planillaSolicitud-titulo-2.\"><\/object><a id=\"wp-block-file--media-a6a0d59a-e579-42e1-931e-75a646d7180b\" href=\"https:\/\/www.fcaglp.unlp.edu.ar\/wp-content\/uploads\/2024\/05\/planillaSolicitud-titulo-2.pdf\">planillaSolicitud-titulo-2<\/a><\/div>\n<\/div>\n\n\n\n<div class=\"wp-block-column is-layout-flow wp-block-column-is-layout-flow\">\n<div data-wp-interactive=\"core\/file\" class=\"wp-block-file\"><object data-wp-bind--hidden=\"!state.hasPdfPreview\" hidden class=\"wp-block-file__embed\" data=\"https:\/\/www.fcaglp.unlp.edu.ar\/wp-content\/uploads\/2024\/05\/Tesis-nota-modelo-1.pdf\" type=\"application\/pdf\" style=\"width:100%;height:300px\" aria-label=\"Incrustado de Tesis-nota-modelo-1.\"><\/object><a id=\"wp-block-file--media-4603fc0c-ace9-4313-939b-4e67c8c7d9b1\" href=\"https:\/\/www.fcaglp.unlp.edu.ar\/wp-content\/uploads\/2024\/05\/Tesis-nota-modelo-1.pdf\">Tesis-nota-modelo-1<\/a><\/div>\n<\/div>\n<\/div>\n<\/div>\n<\/div><\/div>\n\n\n\n<div class=\"wp-block-columns is-layout-flex wp-container-core-columns-is-layout-9d6595d7 wp-block-columns-is-layout-flex\">\n<div class=\"wp-block-column is-layout-flow wp-block-column-is-layout-flow\">\n<div data-wp-interactive=\"core\/file\" class=\"wp-block-file\"><object data-wp-bind--hidden=\"!state.hasPdfPreview\" hidden class=\"wp-block-file__embed\" data=\"https:\/\/www.fcaglp.unlp.edu.ar\/wp-content\/uploads\/2024\/05\/desplazamiento_examen.pdf\" type=\"application\/pdf\" style=\"width:100%;height:300px\" aria-label=\"Incrustado de desplazamiento_examen.\"><\/object><a id=\"wp-block-file--media-eddb52d6-8e1d-46ed-87fa-98f72ae521a8\" href=\"https:\/\/www.fcaglp.unlp.edu.ar\/wp-content\/uploads\/2024\/05\/desplazamiento_examen.pdf\">desplazamiento_examen<\/a><\/div>\n<\/div>\n\n\n\n<div class=\"wp-block-column is-layout-flow wp-block-column-is-layout-flow\">\n<div data-wp-interactive=\"core\/file\" class=\"wp-block-file\"><object data-wp-bind--hidden=\"!state.hasPdfPreview\" hidden class=\"wp-block-file__embed\" data=\"https:\/\/www.fcaglp.unlp.edu.ar\/wp-content\/uploads\/2024\/05\/Nota-solicitud-Seminario-de-Grado.pdf\" type=\"application\/pdf\" style=\"width:100%;height:300px\" aria-label=\"Incrustado de Nota-solicitud-Seminario-de-Grado.\"><\/object><a id=\"wp-block-file--media-45a64efc-5688-4b53-a827-c4c335eb11c0\" href=\"https:\/\/www.fcaglp.unlp.edu.ar\/wp-content\/uploads\/2024\/05\/Nota-solicitud-Seminario-de-Grado.pdf\">Nota-solicitud-Seminario-de-Grado<\/a><\/div>\n<\/div>\n<\/div>\n\n\n\n<div style=\"height:100px\" aria-hidden=\"true\" class=\"wp-block-spacer\"><\/div>\n\n\n\n<p>A continuaci\u00f3n podr\u00e1n encontrar los archivos necesarios para <strong>realizar una solicitud de equivalencias<\/strong>:<\/p>\n\n\n\n<div class=\"wp-block-columns is-layout-flex wp-container-core-columns-is-layout-9d6595d7 wp-block-columns-is-layout-flex\">\n<div class=\"wp-block-column is-layout-flow wp-block-column-is-layout-flow\">\n<div data-wp-interactive=\"core\/file\" class=\"wp-block-file\"><object data-wp-bind--hidden=\"!state.hasPdfPreview\" hidden class=\"wp-block-file__embed\" data=\"https:\/\/www.fcaglp.unlp.edu.ar\/wp-content\/uploads\/2024\/08\/Ejemplo-de-PLANILLA-EQUIVALENCIAS-3.pdf\" type=\"application\/pdf\" style=\"width:100%;height:300px\" aria-label=\"Incrustado de Ejemplo de PLANILLA EQUIVALENCIAS.\"><\/object><a id=\"wp-block-file--media-90842508-f01e-4b02-bd3f-6b488b130d87\" href=\"https:\/\/www.fcaglp.unlp.edu.ar\/wp-content\/uploads\/2024\/08\/Ejemplo-de-PLANILLA-EQUIVALENCIAS-3.pdf\">Ejemplo de PLANILLA EQUIVALENCIAS<\/a><\/div>\n<\/div>\n\n\n\n<div class=\"wp-block-column is-layout-flow wp-block-column-is-layout-flow\">\n<div class=\"wp-block-file\"><a id=\"wp-block-file--media-684f6766-20bf-4544-985d-677419962e7a\" href=\"https:\/\/www.fcaglp.unlp.edu.ar\/wp-content\/uploads\/2024\/08\/Ejemplo-de-NOTA-EQUIVALENCIAS-2.docx\">Ejemplo de NOTA EQUIVALENCIAS<\/a><\/div>\n\n\n\n<div class=\"wp-block-file\"><a id=\"wp-block-file--media-83d98690-2b6e-40c9-a0d3-b641d745de76\" href=\"https:\/\/www.fcaglp.unlp.edu.ar\/wp-content\/uploads\/2024\/08\/PLANILLA-EQUIVALENCIAS-2.docx\">PLANILLA EQUIVALENCIAS<\/a><\/div>\n\n\n\n<div class=\"wp-block-file\"><a id=\"wp-block-file--media-b82608b3-338c-4a61-ae5b-b30b11c7cd7a\" href=\"https:\/\/www.fcaglp.unlp.edu.ar\/wp-content\/uploads\/2024\/08\/PLANILLA-EQUIVALENCIAS-2.xlsx\">PLANILLA EQUIVALENCIAS<\/a><\/div>\n\n\n\n<div class=\"wp-block-file\"><a id=\"wp-block-file--media-00259de7-70d1-42a3-9e9e-ede9377b8214\" href=\"https:\/\/www.fcaglp.unlp.edu.ar\/wp-content\/uploads\/2024\/08\/Reglamento_17-1.pdf\">Reglamento_17<\/a><\/div>\n<\/div>\n<\/div>\n\n\n\n<p>Enviar la documentaci\u00f3n a\u00a0<a href=\"mailto:entradas@fcaglp.unlp.edu.ar\" target=\"_blank\" rel=\"noreferrer noopener\">entradas@fcaglp.unlp.edu.ar<\/a><\/p>\n\n\n\n<p><br><br><\/p>\n","protected":false},"excerpt":{"rendered":"<p>A continuaci\u00f3n podr\u00e1n encontrar los archivos necesarios para realizar una solicitud de equivalencias: Enviar la documentaci\u00f3n a\u00a0entradas@fcaglp.unlp.edu.ar<\/p>\n","protected":false},"author":3,"featured_media":0,"parent":0,"menu_order":0,"comment_status":"closed","ping_status":"closed","template":"","meta":{"neve_meta_sidebar":"","neve_meta_container":"","neve_meta_enable_content_width":"","neve_meta_content_width":0,"neve_meta_title_alignment":"","neve_meta_author_avatar":"","neve_post_elements_order":"","neve_meta_disable_header":"","neve_meta_disable_footer":"","neve_meta_disable_title":"","neve_meta_reading_time":"","_themeisle_gutenberg_block_has_review":false,"footnotes":""},"class_list":["post-540","page","type-page","status-publish","hentry"],"aioseo_notices":[],"_links":{"self":[{"href":"https:\/\/www.fcaglp.unlp.edu.ar\/index.php\/wp-json\/wp\/v2\/pages\/540","targetHints":{"allow":["GET"]}}],"collection":[{"href":"https:\/\/www.fcaglp.unlp.edu.ar\/index.php\/wp-json\/wp\/v2\/pages"}],"about":[{"href":"https:\/\/www.fcaglp.unlp.edu.ar\/index.php\/wp-json\/wp\/v2\/types\/page"}],"author":[{"embeddable":true,"href":"https:\/\/www.fcaglp.unlp.edu.ar\/index.php\/wp-json\/wp\/v2\/users\/3"}],"replies":[{"embeddable":true,"href":"https:\/\/www.fcaglp.unlp.edu.ar\/index.php\/wp-json\/wp\/v2\/comments?post=540"}],"version-history":[{"count":13,"href":"https:\/\/www.fcaglp.unlp.edu.ar\/index.php\/wp-json\/wp\/v2\/pages\/540\/revisions"}],"predecessor-version":[{"id":8779,"href":"https:\/\/www.fcaglp.unlp.edu.ar\/index.php\/wp-json\/wp\/v2\/pages\/540\/revisions\/8779"}],"wp:attachment":[{"href":"https:\/\/www.fcaglp.unlp.edu.ar\/index.php\/wp-json\/wp\/v2\/media?parent=540"}],"curies":[{"name":"wp","href":"https:\/\/api.w.org\/{rel}","templated":true}]}}