{"id":536,"date":"2022-03-09T12:16:40","date_gmt":"2022-03-09T15:16:40","guid":{"rendered":"http:\/\/www.fcaglp.unlp.edu.ar\/?page_id=536"},"modified":"2024-07-12T10:15:11","modified_gmt":"2024-07-12T13:15:11","slug":"optativas-y-seminarios","status":"publish","type":"page","link":"https:\/\/www.fcaglp.unlp.edu.ar\/index.php\/alumnos\/optativas-y-seminarios\/","title":{"rendered":"OPTATIVAS Y SEMINARIOS"},"content":{"rendered":"\n<div class=\"wp-block-columns is-layout-flex wp-container-core-columns-is-layout-9d6595d7 wp-block-columns-is-layout-flex\">\n<div class=\"wp-block-column is-layout-flow wp-block-column-is-layout-flow\">\n<p>Las materias optativas y seminarios est\u00e1n indicados seg\u00fan la carrera, aunque es posible que una determinada asignatura correspondiente a una carrera en particular sea de inter\u00e9s para un estudiante de otra carrera.<br>Las materias optativas anuales otorgan un (1) punto, las materias cuatrimestrales otorgan medio (0.5) punto.<\/p>\n<\/div>\n\n\n\n<div class=\"wp-block-column is-layout-flow wp-block-column-is-layout-flow\">\n<p>El siguiente listado se encuentra en constante modificaci\u00f3n, ya sea porque se incorporan nuevas asignaturas o porque algunas se dejan de dictar.<\/p>\n<\/div>\n<\/div>\n\n\n\n<div class=\"wp-block-columns is-layout-flex wp-container-core-columns-is-layout-9d6595d7 wp-block-columns-is-layout-flex\">\n<div class=\"wp-block-column is-layout-flow wp-block-column-is-layout-flow\">\n<p class=\"has-medium-font-size\"><strong><a href=\"https:\/\/www.fcaglp.unlp.edu.ar\/index.php\/optativas-astronomia\/\">OPTATIVAS<\/a><\/strong><br><strong><a href=\"https:\/\/www.fcaglp.unlp.edu.ar\/index.php\/seminarios-de-astronomia\/\">SEMINARIOS<\/a><\/strong><\/p>\n<\/div>\n\n\n\n<div class=\"wp-block-column is-layout-flow wp-block-column-is-layout-flow\"><\/div>\n<\/div>\n","protected":false},"excerpt":{"rendered":"<p>Las materias optativas y seminarios est\u00e1n indicados seg\u00fan la carrera, aunque es posible que una determinada asignatura correspondiente a una carrera en particular sea de inter\u00e9s para un estudiante de otra carrera.Las materias optativas anuales otorgan un (1) punto, las materias cuatrimestrales otorgan medio (0.5) punto. El siguiente listado se encuentra en constante modificaci\u00f3n, ya&hellip;&nbsp;<a href=\"https:\/\/www.fcaglp.unlp.edu.ar\/index.php\/alumnos\/optativas-y-seminarios\/\" rel=\"bookmark\">Read More &raquo;<span class=\"screen-reader-text\">OPTATIVAS Y SEMINARIOS<\/span><\/a><\/p>\n","protected":false},"author":3,"featured_media":0,"parent":494,"menu_order":0,"comment_status":"closed","ping_status":"closed","template":"","meta":{"neve_meta_sidebar":"","neve_meta_container":"","neve_meta_enable_content_width":"","neve_meta_content_width":0,"neve_meta_title_alignment":"","neve_meta_author_avatar":"","neve_post_elements_order":"","neve_meta_disable_header":"","neve_meta_disable_footer":"","neve_meta_disable_title":"","neve_meta_reading_time":"","_themeisle_gutenberg_block_has_review":false,"footnotes":""},"class_list":["post-536","page","type-page","status-publish","hentry"],"aioseo_notices":[],"_links":{"self":[{"href":"https:\/\/www.fcaglp.unlp.edu.ar\/index.php\/wp-json\/wp\/v2\/pages\/536","targetHints":{"allow":["GET"]}}],"collection":[{"href":"https:\/\/www.fcaglp.unlp.edu.ar\/index.php\/wp-json\/wp\/v2\/pages"}],"about":[{"href":"https:\/\/www.fcaglp.unlp.edu.ar\/index.php\/wp-json\/wp\/v2\/types\/page"}],"author":[{"embeddable":true,"href":"https:\/\/www.fcaglp.unlp.edu.ar\/index.php\/wp-json\/wp\/v2\/users\/3"}],"replies":[{"embeddable":true,"href":"https:\/\/www.fcaglp.unlp.edu.ar\/index.php\/wp-json\/wp\/v2\/comments?post=536"}],"version-history":[{"count":14,"href":"https:\/\/www.fcaglp.unlp.edu.ar\/index.php\/wp-json\/wp\/v2\/pages\/536\/revisions"}],"predecessor-version":[{"id":8022,"href":"https:\/\/www.fcaglp.unlp.edu.ar\/index.php\/wp-json\/wp\/v2\/pages\/536\/revisions\/8022"}],"up":[{"embeddable":true,"href":"https:\/\/www.fcaglp.unlp.edu.ar\/index.php\/wp-json\/wp\/v2\/pages\/494"}],"wp:attachment":[{"href":"https:\/\/www.fcaglp.unlp.edu.ar\/index.php\/wp-json\/wp\/v2\/media?parent=536"}],"curies":[{"name":"wp","href":"https:\/\/api.w.org\/{rel}","templated":true}]}}