{"id":5023,"date":"2016-09-16T23:13:01","date_gmt":"2016-09-16T23:13:01","guid":{"rendered":"http:\/\/~\/category_mark\/astronomia\/23"},"modified":"2024-09-13T11:52:32","modified_gmt":"2024-09-13T14:52:32","slug":"astronomia","status":"publish","type":"page","link":"https:\/\/www.fcaglp.unlp.edu.ar\/index.php\/carreras-grado\/astronomia\/","title":{"rendered":"ASTRONOM\u00cdA"},"content":{"rendered":"\n<h2 class=\"wp-block-heading\">T\u00edtulo: Licenciado en Astronom\u00eda<br>(5 a\u00f1os)<\/h2>\n\n\n\n<div class=\"wp-block-columns is-layout-flex wp-container-core-columns-is-layout-9d6595d7 wp-block-columns-is-layout-flex\">\n<div class=\"wp-block-column is-layout-flow wp-block-column-is-layout-flow\">\n<p><strong>Caracter\u00edsticas Generales<\/strong><\/p>\n\n\n\n<p>La carrera de Astronom\u00eda tiene una duraci\u00f3n de cinco a\u00f1os y posee entre 30 y 35 materias, seg\u00fan las optativas. Los primeros tres a\u00f1os son de formaci\u00f3n b\u00e1sica en matem\u00e1tica y f\u00edsica con algunas materias como astronom\u00eda general, astronom\u00eda esf\u00e9rica; a partir del cuarto a\u00f1o todas las materias son optativas seg\u00fan la especialidad elegida, que se completa con Seminario y Pr\u00e1ctica de la Especialidad.<br>En cuanto a los horarios, si se cursan todas las materias correspondientes a cada a\u00f1o, demanda casi jornada completa.<br>En los \u00faltimos a\u00f1os de la carrera, los estudiantes tienen a su disposici\u00f3n un profesor consejero, quien los ayuda en el dise\u00f1o del plan de materias optativas que definir\u00e1n una rama de especializaci\u00f3n.<\/p>\n\n\n\n<p><strong>Qu\u00e9 es la Astronom\u00eda<\/strong><\/p>\n\n\n\n<p>El estudio de los diferentes cuerpos celestes -su formaci\u00f3n y evoluci\u00f3n, sus aspectos f\u00edsicos y qu\u00edmicos-, las teor\u00edas cosmol\u00f3gicas y el universo son temas de quienes estudian astronom\u00eda y luego ejercen como astr\u00f3nomos. El universo es el laboratorio de los astr\u00f3nomos.<br>Esta ciencia tiene diversas \u00e1reas tem\u00e1ticas tales como las Ciencias Planetarias, Cosmolog\u00eda, Din\u00e1mica, Estructura y Evoluci\u00f3n Estelar, Astrof\u00edsica, Astrometr\u00eda, Medio Sol-Tierra-Luna, \u00d3ptica, Astronom\u00eda Cultural, Radioastronom\u00eda, Estructura Gal\u00e1ctica, Espectroscop\u00eda; Fotometr\u00eda; Mec\u00e1nica Celeste. Cada una tiene su especialidad y al vincular sus trabajos e investigaciones, desarrollan un \u00e1mbito de excelencia para el progreso de esta ciencia.<\/p>\n\n\n\n<p><strong>Campo Profesional<\/strong><\/p>\n\n\n\n<p>Los egresados en Astronom\u00eda pueden dedicarse a la docencia, a la investigaci\u00f3n en distintas \u00e1reas tem\u00e1ticas y en distintas instituciones del pa\u00eds, a la vez que realizar trabajos con la comunidad astron\u00f3mica de otros pa\u00edses. En esta profesi\u00f3n es com\u00fan realizar trabajos en forma de cooperaci\u00f3n entre pares y\/o instituciones.<br>El campo observacional y el te\u00f3rico se nutren mutuamente en el hallazgo de nuevos resultados, en la verificaci\u00f3n o refutaci\u00f3n de hip\u00f3tesis y en diferentes l\u00edneas de trabajo.<br>La ciencia no es un compartimento estanco y los astr\u00f3nomos trabajan tambi\u00e9n junto a profesionales del \u00e1rea inform\u00e1tica, ingenier\u00eda, f\u00edsica, biolog\u00eda, matem\u00e1tica, antropolog\u00eda, t\u00e9cnicos, etc. As\u00ed, son parte de proyectos y desarrollos de nuevos instrumentos astron\u00f3micos, observatorios de diversa naturaleza, astron\u00e1utica, sat\u00e9lites, \u00f3ptica, aceleradores de part\u00edculas, energ\u00edas renovables, y m\u00e1s.<\/p>\n\n\n\n<p><\/p>\n<\/div>\n\n\n\n<div class=\"wp-block-column is-layout-flow wp-block-column-is-layout-flow\">\n<p><\/p>\n\n\n\n<figure class=\"wp-block-image size-large\"><img fetchpriority=\"high\" decoding=\"async\" width=\"724\" height=\"1024\" src=\"https:\/\/www.fcaglp.unlp.edu.ar\/wp-content\/uploads\/2024\/09\/PLANES.DE_.ESTUDIO.A4-03-724x1024.jpg\" alt=\"\" class=\"wp-image-9094\" srcset=\"https:\/\/www.fcaglp.unlp.edu.ar\/wp-content\/uploads\/2024\/09\/PLANES.DE_.ESTUDIO.A4-03-724x1024.jpg 724w, https:\/\/www.fcaglp.unlp.edu.ar\/wp-content\/uploads\/2024\/09\/PLANES.DE_.ESTUDIO.A4-03-212x300.jpg 212w, https:\/\/www.fcaglp.unlp.edu.ar\/wp-content\/uploads\/2024\/09\/PLANES.DE_.ESTUDIO.A4-03-768x1086.jpg 768w, https:\/\/www.fcaglp.unlp.edu.ar\/wp-content\/uploads\/2024\/09\/PLANES.DE_.ESTUDIO.A4-03-1086x1536.jpg 1086w, https:\/\/www.fcaglp.unlp.edu.ar\/wp-content\/uploads\/2024\/09\/PLANES.DE_.ESTUDIO.A4-03-1448x2048.jpg 1448w, https:\/\/www.fcaglp.unlp.edu.ar\/wp-content\/uploads\/2024\/09\/PLANES.DE_.ESTUDIO.A4-03-scaled.jpg 1810w\" sizes=\"(max-width: 724px) 100vw, 724px\" \/><\/figure>\n<\/div>\n<\/div>\n","protected":false},"excerpt":{"rendered":"<p>PLAN DE MATERIAS DE ASTRONOM\u00cdA<\/p>\n","protected":false},"author":1,"featured_media":0,"parent":38,"menu_order":0,"comment_status":"closed","ping_status":"open","template":"","meta":{"neve_meta_sidebar":"","neve_meta_container":"","neve_meta_enable_content_width":"","neve_meta_content_width":0,"neve_meta_title_alignment":"","neve_meta_author_avatar":"","neve_post_elements_order":"","neve_meta_disable_header":"","neve_meta_disable_footer":"","neve_meta_disable_title":"","neve_meta_reading_time":"","_themeisle_gutenberg_block_has_review":false,"footnotes":""},"class_list":["post-5023","page","type-page","status-publish","hentry"],"aioseo_notices":[],"_links":{"self":[{"href":"https:\/\/www.fcaglp.unlp.edu.ar\/index.php\/wp-json\/wp\/v2\/pages\/5023","targetHints":{"allow":["GET"]}}],"collection":[{"href":"https:\/\/www.fcaglp.unlp.edu.ar\/index.php\/wp-json\/wp\/v2\/pages"}],"about":[{"href":"https:\/\/www.fcaglp.unlp.edu.ar\/index.php\/wp-json\/wp\/v2\/types\/page"}],"author":[{"embeddable":true,"href":"https:\/\/www.fcaglp.unlp.edu.ar\/index.php\/wp-json\/wp\/v2\/users\/1"}],"replies":[{"embeddable":true,"href":"https:\/\/www.fcaglp.unlp.edu.ar\/index.php\/wp-json\/wp\/v2\/comments?post=5023"}],"version-history":[{"count":7,"href":"https:\/\/www.fcaglp.unlp.edu.ar\/index.php\/wp-json\/wp\/v2\/pages\/5023\/revisions"}],"predecessor-version":[{"id":9095,"href":"https:\/\/www.fcaglp.unlp.edu.ar\/index.php\/wp-json\/wp\/v2\/pages\/5023\/revisions\/9095"}],"up":[{"embeddable":true,"href":"https:\/\/www.fcaglp.unlp.edu.ar\/index.php\/wp-json\/wp\/v2\/pages\/38"}],"wp:attachment":[{"href":"https:\/\/www.fcaglp.unlp.edu.ar\/index.php\/wp-json\/wp\/v2\/media?parent=5023"}],"curies":[{"name":"wp","href":"https:\/\/api.w.org\/{rel}","templated":true}]}}