{"id":490,"date":"2022-03-09T12:07:54","date_gmt":"2022-03-09T15:07:54","guid":{"rendered":"http:\/\/www.fcaglp.unlp.edu.ar\/?page_id=490"},"modified":"2024-06-13T10:18:08","modified_gmt":"2024-06-13T13:18:08","slug":"inscripcion","status":"publish","type":"page","link":"https:\/\/www.fcaglp.unlp.edu.ar\/index.php\/posgrado\/carreras-posgrado\/doctorado\/inscripcion\/","title":{"rendered":"INSCRIPCI\u00d3N"},"content":{"rendered":"\n<div class=\"wp-block-columns is-layout-flex wp-container-core-columns-is-layout-9d6595d7 wp-block-columns-is-layout-flex\">\n<div class=\"wp-block-column is-layout-flow wp-block-column-is-layout-flow\">\n<p>La inscripci\u00f3n a las carreras de Doctorado puede realizarse en cualquier momento del a\u00f1o.<\/p>\n\n\n\n<p>Para formalizar la inscripci\u00f3n, el aspirante deber\u00e1 presentar por correo electr\u00f3nico a Mesa de Entradas con copia a la Secretar\u00eda de Posgrado la siguiente documentaci\u00f3n en formato digital:<br><br><strong>1<\/strong> <a href=\"https:\/\/www.fcaglp.unlp.edu.ar\/uploads\/docs\/nota_de_inscripcion_al_doctorado__descargar_nota_.pdf\">Nota<\/a> de inscripci\u00f3n al doctorado <br><strong>2<\/strong><a href=\"https:\/\/www.fcaglp.unlp.edu.ar\/uploads\/docs\/formulario_de_inscripcion_al_doctorado__descargar_formulario_.pdf\"> Formulario <\/a>de inscripci\u00f3n<br><strong>3<\/strong> Plan de trabajo de Tesis, seg\u00fan lo estipulado en el Art. 14 del <a href=\"https:\/\/www.fcaglp.unlp.edu.ar\/uploads\/docs\/reglamento_18__version_2020_.%2018%20refor.%20%20CIRF%20y%20Gr.%20Ac.%202663-92-2-10%20(1).pdf\">Reglamento No. 18\/2020<\/a><br><strong>4<\/strong> Listado de actividades de posgrado propuestas (parcial o total) con su debida<br>justificaci\u00f3n en relaci\u00f3n al tema de Tesis.<br><strong>5<\/strong> Copia de anverso y reverso del t\u00edtulo universitario. Para graduados de esta Facultad que a\u00fan no posean el t\u00edtulo, \u00e9ste podr\u00e1 reemplazarse por un certificado oficial de t\u00edtulo en tr\u00e1mite m\u00e1s un certificado de Biblioteca en el que conste el dep\u00f3sito de la Tesina firmada por los miembros del Jurado.<br><strong>6<\/strong> Curr\u00edculum vitae resumido (m\u00e1ximo cinco p\u00e1ginas) del Director y del Codirector si lo hubiere.<br><strong>7<\/strong> Justificaci\u00f3n de la inclusi\u00f3n del Codirector, si fuere el caso. La documentaci\u00f3n<br>mencionada en los \u00edtems 3, 4, 6 y 7 deber\u00e1 estar avalada por el aspirante, el Director de Tesis y el Codirector si lo hubiere.<\/p>\n<\/div>\n\n\n\n<div class=\"wp-block-column is-layout-flow wp-block-column-is-layout-flow\">\n<p><strong>Mesa de Entradas<br><\/strong>entradas@fcaglp.unlp.edu.ar<br><strong>Secretar\u00eda de Posgrado<\/strong> <br>posgrado@fcaglp.unlp.edu.ar<\/p>\n<\/div>\n<\/div>\n","protected":false},"excerpt":{"rendered":"<p>La inscripci\u00f3n a las carreras de Doctorado puede realizarse en cualquier momento del a\u00f1o. Para formalizar la inscripci\u00f3n, el aspirante deber\u00e1 presentar por correo electr\u00f3nico a Mesa de Entradas con copia a la Secretar\u00eda de Posgrado la siguiente documentaci\u00f3n en formato digital: 1 Nota de inscripci\u00f3n al doctorado 2 Formulario de inscripci\u00f3n3 Plan de trabajo&hellip;&nbsp;<a href=\"https:\/\/www.fcaglp.unlp.edu.ar\/index.php\/posgrado\/carreras-posgrado\/doctorado\/inscripcion\/\" rel=\"bookmark\">Read More &raquo;<span class=\"screen-reader-text\">INSCRIPCI\u00d3N<\/span><\/a><\/p>\n","protected":false},"author":3,"featured_media":0,"parent":484,"menu_order":0,"comment_status":"closed","ping_status":"closed","template":"","meta":{"neve_meta_sidebar":"","neve_meta_container":"","neve_meta_enable_content_width":"","neve_meta_content_width":0,"neve_meta_title_alignment":"","neve_meta_author_avatar":"","neve_post_elements_order":"","neve_meta_disable_header":"","neve_meta_disable_footer":"","neve_meta_disable_title":"","neve_meta_reading_time":"","_themeisle_gutenberg_block_has_review":false,"footnotes":""},"class_list":["post-490","page","type-page","status-publish","hentry"],"aioseo_notices":[],"_links":{"self":[{"href":"https:\/\/www.fcaglp.unlp.edu.ar\/index.php\/wp-json\/wp\/v2\/pages\/490","targetHints":{"allow":["GET"]}}],"collection":[{"href":"https:\/\/www.fcaglp.unlp.edu.ar\/index.php\/wp-json\/wp\/v2\/pages"}],"about":[{"href":"https:\/\/www.fcaglp.unlp.edu.ar\/index.php\/wp-json\/wp\/v2\/types\/page"}],"author":[{"embeddable":true,"href":"https:\/\/www.fcaglp.unlp.edu.ar\/index.php\/wp-json\/wp\/v2\/users\/3"}],"replies":[{"embeddable":true,"href":"https:\/\/www.fcaglp.unlp.edu.ar\/index.php\/wp-json\/wp\/v2\/comments?post=490"}],"version-history":[{"count":4,"href":"https:\/\/www.fcaglp.unlp.edu.ar\/index.php\/wp-json\/wp\/v2\/pages\/490\/revisions"}],"predecessor-version":[{"id":6765,"href":"https:\/\/www.fcaglp.unlp.edu.ar\/index.php\/wp-json\/wp\/v2\/pages\/490\/revisions\/6765"}],"up":[{"embeddable":true,"href":"https:\/\/www.fcaglp.unlp.edu.ar\/index.php\/wp-json\/wp\/v2\/pages\/484"}],"wp:attachment":[{"href":"https:\/\/www.fcaglp.unlp.edu.ar\/index.php\/wp-json\/wp\/v2\/media?parent=490"}],"curies":[{"name":"wp","href":"https:\/\/api.w.org\/{rel}","templated":true}]}}