{"id":484,"date":"2022-03-09T12:06:50","date_gmt":"2022-03-09T15:06:50","guid":{"rendered":"http:\/\/www.fcaglp.unlp.edu.ar\/?page_id=484"},"modified":"2024-06-13T10:14:51","modified_gmt":"2024-06-13T13:14:51","slug":"doctorado","status":"publish","type":"page","link":"https:\/\/www.fcaglp.unlp.edu.ar\/index.php\/posgrado\/carreras-posgrado\/doctorado\/","title":{"rendered":"DOCTORADO"},"content":{"rendered":"\n<div class=\"wp-block-columns is-layout-flex wp-container-core-columns-is-layout-9d6595d7 wp-block-columns-is-layout-flex\">\n<div class=\"wp-block-column is-layout-flow wp-block-column-is-layout-flow\">\n<p>La formaci\u00f3n en la investigaci\u00f3n cient\u00edfica en la Universidad Nacional de La Plata es una tarea esencial. Los estudios de doctorado de la Facultad de Ciencias Astron\u00f3micas y Geof\u00edsicas acreditan, desde el punto de vista acad\u00e9mico, la plena capacidad de investigar de los alumnos, constituyendo la Tesis Doctoral un trabajo original de dicha investigaci\u00f3n.<\/p>\n\n\n\n<p>La Facultad tiene como carreras de doctorado aquellas conducentes a la obtenci\u00f3n del grado acad\u00e9mico de Doctor en Astronom\u00eda, Doctor en Geof\u00edsica o Doctor en Ciencias de la Atm\u00f3sfera.&nbsp;<\/p>\n\n\n\n<p>Las carreras de doctorado son personalizadas. Las metas acad\u00e9micas de los doctorados y los objetivos propuestos no est\u00e1n sujetas a tareas curriculares r\u00edgidas, lo que permite un seguimiento del desarrollo del plan e incluir las modificaciones que naturalmente surjan cuando se realizan tareas de investigaci\u00f3n.&nbsp;<\/p>\n\n\n\n<p><br><\/p>\n<\/div>\n\n\n\n<div class=\"wp-block-column is-layout-flow wp-block-column-is-layout-flow\">\n<p>El avance en la carrera se dar\u00e1 a partir del cumplimiento de <strong>Actividades acad\u00e9micas de formaci\u00f3n<\/strong> y <strong>Tareas de investigaci\u00f3n<\/strong> determinadas para cada doctorando, que culminar\u00e1n con la <strong>defensa de una Tesis<\/strong> para optar por el grado de Doctor. Dichas actividades de posgrado deber\u00e1n estar debidamente acreditadas y conllevar\u00e1n la asignaci\u00f3n de cr\u00e9ditos, de acuerdo con el tipo y carga horaria de cada actividad.&nbsp;<\/p>\n\n\n\n<p>Al momento de la presentaci\u00f3n de la Tesis el doctorando deber\u00e1 obtener un m\u00ednimo de veinte (20) cr\u00e9ditos.<\/p>\n\n\n\n<p>La inscripci\u00f3n al doctorando tendr\u00e1 una vigencia de diez (10) a\u00f1os a partir de la fecha de aceptaci\u00f3n de la solicitud hasta la fecha de defensa de la Tesis Doctoral.<br>Las carreras de Doctorado de FCAG no poseen ning\u00fan tipo de arancel.<\/p>\n<\/div>\n<\/div>\n","protected":false},"excerpt":{"rendered":"<p>La formaci\u00f3n en la investigaci\u00f3n cient\u00edfica en la Universidad Nacional de La Plata es una tarea esencial. Los estudios de doctorado de la Facultad de Ciencias Astron\u00f3micas y Geof\u00edsicas acreditan, desde el punto de vista acad\u00e9mico, la plena capacidad de investigar de los alumnos, constituyendo la Tesis Doctoral un trabajo original de dicha investigaci\u00f3n. La&hellip;&nbsp;<a href=\"https:\/\/www.fcaglp.unlp.edu.ar\/index.php\/posgrado\/carreras-posgrado\/doctorado\/\" rel=\"bookmark\">Read More &raquo;<span class=\"screen-reader-text\">DOCTORADO<\/span><\/a><\/p>\n","protected":false},"author":3,"featured_media":0,"parent":6798,"menu_order":0,"comment_status":"closed","ping_status":"closed","template":"","meta":{"neve_meta_sidebar":"","neve_meta_container":"","neve_meta_enable_content_width":"","neve_meta_content_width":0,"neve_meta_title_alignment":"","neve_meta_author_avatar":"","neve_post_elements_order":"","neve_meta_disable_header":"","neve_meta_disable_footer":"","neve_meta_disable_title":"","neve_meta_reading_time":"","_themeisle_gutenberg_block_has_review":false,"footnotes":""},"class_list":["post-484","page","type-page","status-publish","hentry"],"aioseo_notices":[],"_links":{"self":[{"href":"https:\/\/www.fcaglp.unlp.edu.ar\/index.php\/wp-json\/wp\/v2\/pages\/484","targetHints":{"allow":["GET"]}}],"collection":[{"href":"https:\/\/www.fcaglp.unlp.edu.ar\/index.php\/wp-json\/wp\/v2\/pages"}],"about":[{"href":"https:\/\/www.fcaglp.unlp.edu.ar\/index.php\/wp-json\/wp\/v2\/types\/page"}],"author":[{"embeddable":true,"href":"https:\/\/www.fcaglp.unlp.edu.ar\/index.php\/wp-json\/wp\/v2\/users\/3"}],"replies":[{"embeddable":true,"href":"https:\/\/www.fcaglp.unlp.edu.ar\/index.php\/wp-json\/wp\/v2\/comments?post=484"}],"version-history":[{"count":4,"href":"https:\/\/www.fcaglp.unlp.edu.ar\/index.php\/wp-json\/wp\/v2\/pages\/484\/revisions"}],"predecessor-version":[{"id":6763,"href":"https:\/\/www.fcaglp.unlp.edu.ar\/index.php\/wp-json\/wp\/v2\/pages\/484\/revisions\/6763"}],"up":[{"embeddable":true,"href":"https:\/\/www.fcaglp.unlp.edu.ar\/index.php\/wp-json\/wp\/v2\/pages\/6798"}],"wp:attachment":[{"href":"https:\/\/www.fcaglp.unlp.edu.ar\/index.php\/wp-json\/wp\/v2\/media?parent=484"}],"curies":[{"name":"wp","href":"https:\/\/api.w.org\/{rel}","templated":true}]}}