{"id":458,"date":"2022-03-09T11:50:08","date_gmt":"2022-03-09T14:50:08","guid":{"rendered":"http:\/\/www.fcaglp.unlp.edu.ar\/?page_id=458"},"modified":"2024-06-27T13:49:17","modified_gmt":"2024-06-27T16:49:17","slug":"secretaria-ciencia-tecnica","status":"publish","type":"page","link":"https:\/\/www.fcaglp.unlp.edu.ar\/index.php\/ciencia-y-tecnica\/secretaria-ciencia-tecnica\/","title":{"rendered":"LA SECRETAR\u00cdA"},"content":{"rendered":"\n<div class=\"wp-block-columns is-layout-flex wp-container-core-columns-is-layout-9d6595d7 wp-block-columns-is-layout-flex\">\n<div class=\"wp-block-column is-layout-flow wp-block-column-is-layout-flow\">\n<div class=\"wp-block-columns is-layout-flex wp-container-core-columns-is-layout-9d6595d7 wp-block-columns-is-layout-flex\">\n<div class=\"wp-block-column is-layout-flow wp-block-column-is-layout-flow\">\n<p>Uno de los principales objetivos de la Universidad p\u00fablica es la formaci\u00f3n cient\u00edfico-t\u00e9cnica de sus graduados, la cual alcanza su m\u00e1ximo nivel en los estudios de Postgrado. Tiene\u00a0 como objetivo principal la promoci\u00f3n de\u00a0actividades de investigaci\u00f3n cient\u00edfica y desarrollo tecnol\u00f3gico.\u00a0<br>Adem\u00e1s, la Secretar\u00eda coordina el trabajo de la Comisi\u00f3n de\u00a0Investigaciones Cient\u00edficas del Consejo Directivo de la Facultad.<\/p>\n<\/div>\n\n\n\n<div class=\"wp-block-column is-layout-flow wp-block-column-is-layout-flow\">\n<p>En esta\u00a0secci\u00f3n se encuentra informaci\u00f3n sobre investigadores, grupos,\u00a0proyectos, subsidios, becas, publicaciones y toda actividad relacionada\u00a0con la investigaci\u00f3n y la tecnolog\u00eda.<\/p>\n<\/div>\n<\/div>\n<\/div>\n<\/div>\n","protected":false},"excerpt":{"rendered":"<p>Uno de los principales objetivos de la Universidad p\u00fablica es la formaci\u00f3n cient\u00edfico-t\u00e9cnica de sus graduados, la cual alcanza su m\u00e1ximo nivel en los estudios de Postgrado. Tiene\u00a0 como objetivo principal la promoci\u00f3n de\u00a0actividades de investigaci\u00f3n cient\u00edfica y desarrollo tecnol\u00f3gico.\u00a0Adem\u00e1s, la Secretar\u00eda coordina el trabajo de la Comisi\u00f3n de\u00a0Investigaciones Cient\u00edficas del Consejo Directivo de la&hellip;&nbsp;<a href=\"https:\/\/www.fcaglp.unlp.edu.ar\/index.php\/ciencia-y-tecnica\/secretaria-ciencia-tecnica\/\" rel=\"bookmark\">Read More &raquo;<span class=\"screen-reader-text\">LA SECRETAR\u00cdA<\/span><\/a><\/p>\n","protected":false},"author":3,"featured_media":0,"parent":41,"menu_order":0,"comment_status":"closed","ping_status":"closed","template":"","meta":{"neve_meta_sidebar":"","neve_meta_container":"","neve_meta_enable_content_width":"","neve_meta_content_width":0,"neve_meta_title_alignment":"","neve_meta_author_avatar":"","neve_post_elements_order":"","neve_meta_disable_header":"","neve_meta_disable_footer":"","neve_meta_disable_title":"","neve_meta_reading_time":"","_themeisle_gutenberg_block_has_review":false,"footnotes":""},"class_list":["post-458","page","type-page","status-publish","hentry"],"aioseo_notices":[],"_links":{"self":[{"href":"https:\/\/www.fcaglp.unlp.edu.ar\/index.php\/wp-json\/wp\/v2\/pages\/458","targetHints":{"allow":["GET"]}}],"collection":[{"href":"https:\/\/www.fcaglp.unlp.edu.ar\/index.php\/wp-json\/wp\/v2\/pages"}],"about":[{"href":"https:\/\/www.fcaglp.unlp.edu.ar\/index.php\/wp-json\/wp\/v2\/types\/page"}],"author":[{"embeddable":true,"href":"https:\/\/www.fcaglp.unlp.edu.ar\/index.php\/wp-json\/wp\/v2\/users\/3"}],"replies":[{"embeddable":true,"href":"https:\/\/www.fcaglp.unlp.edu.ar\/index.php\/wp-json\/wp\/v2\/comments?post=458"}],"version-history":[{"count":10,"href":"https:\/\/www.fcaglp.unlp.edu.ar\/index.php\/wp-json\/wp\/v2\/pages\/458\/revisions"}],"predecessor-version":[{"id":7245,"href":"https:\/\/www.fcaglp.unlp.edu.ar\/index.php\/wp-json\/wp\/v2\/pages\/458\/revisions\/7245"}],"up":[{"embeddable":true,"href":"https:\/\/www.fcaglp.unlp.edu.ar\/index.php\/wp-json\/wp\/v2\/pages\/41"}],"wp:attachment":[{"href":"https:\/\/www.fcaglp.unlp.edu.ar\/index.php\/wp-json\/wp\/v2\/media?parent=458"}],"curies":[{"name":"wp","href":"https:\/\/api.w.org\/{rel}","templated":true}]}}