{"id":448,"date":"2022-03-09T11:48:27","date_gmt":"2022-03-09T14:48:27","guid":{"rendered":"http:\/\/www.fcaglp.unlp.edu.ar\/?page_id=448"},"modified":"2024-07-04T15:12:29","modified_gmt":"2024-07-04T18:12:29","slug":"extensionistas","status":"publish","type":"page","link":"https:\/\/www.fcaglp.unlp.edu.ar\/index.php\/extension\/extensionistas\/","title":{"rendered":"EXTENSIONISTAS"},"content":{"rendered":"\n<div id=\"wp-block-themeisle-blocks-advanced-columns-18e6644d\" class=\"wp-block-themeisle-blocks-advanced-columns has-1-columns has-desktop-equal-layout has-tablet-equal-layout has-mobile-equal-layout has-vertical-unset\"><div class=\"wp-block-themeisle-blocks-advanced-columns-overlay\"><\/div><div class=\"innerblocks-wrap\">\n<div id=\"wp-block-themeisle-blocks-advanced-column-72a26112\" class=\"wp-block-themeisle-blocks-advanced-column\">\n<figure class=\"wp-block-image size-full\"><img fetchpriority=\"high\" decoding=\"async\" width=\"2471\" height=\"700\" src=\"https:\/\/www.fcaglp.unlp.edu.ar\/wp-content\/uploads\/2024\/04\/formato.portadas.pestanas-07.jpg\" alt=\"\" class=\"wp-image-6081\" srcset=\"https:\/\/www.fcaglp.unlp.edu.ar\/wp-content\/uploads\/2024\/04\/formato.portadas.pestanas-07.jpg 2471w, https:\/\/www.fcaglp.unlp.edu.ar\/wp-content\/uploads\/2024\/04\/formato.portadas.pestanas-07-300x85.jpg 300w, https:\/\/www.fcaglp.unlp.edu.ar\/wp-content\/uploads\/2024\/04\/formato.portadas.pestanas-07-1024x290.jpg 1024w, https:\/\/www.fcaglp.unlp.edu.ar\/wp-content\/uploads\/2024\/04\/formato.portadas.pestanas-07-768x218.jpg 768w, https:\/\/www.fcaglp.unlp.edu.ar\/wp-content\/uploads\/2024\/04\/formato.portadas.pestanas-07-1536x435.jpg 1536w, https:\/\/www.fcaglp.unlp.edu.ar\/wp-content\/uploads\/2024\/04\/formato.portadas.pestanas-07-2048x580.jpg 2048w\" sizes=\"(max-width: 2471px) 100vw, 2471px\" \/><\/figure>\n<\/div>\n<\/div><\/div>\n\n\n\n<div style=\"height:35px\" aria-hidden=\"true\" class=\"wp-block-spacer\"><\/div>\n\n\n\n<div class=\"wp-block-columns is-layout-flex wp-container-core-columns-is-layout-9d6595d7 wp-block-columns-is-layout-flex\">\n<div class=\"wp-block-column is-layout-flow wp-block-column-is-layout-flow\">\n<p>En esta secci\u00f3n se publica&nbsp;<strong>informaci\u00f3n de inter\u00e9s<\/strong>&nbsp;para quienes desarrollan actividades de extensi\u00f3n, ya sean instancias de formaci\u00f3n o pr\u00e1cticas.&nbsp;<\/p>\n\n\n\n<p><strong>&#8211;&nbsp;<a href=\"https:\/\/www.fcaglp.unlp.edu.ar\/encuentros_de_extension\">Encuentros de extension: Jornadas, Congresos, Simposios<\/a><\/strong><\/p>\n\n\n\n<p><strong>&#8211;&nbsp;<a href=\"https:\/\/www.fcaglp.unlp.edu.ar\/formacion_extension\">Formaci\u00f3n en extension: Jornadas, Cursos, Simposios<\/a><\/strong><\/p>\n\n\n\n<p><strong>&#8211;&nbsp;<a href=\"https:\/\/www.fcaglp.unlp.edu.ar\/acreditacion_horas_extension\">Acreditaci\u00f3n de horas de extensi\u00f3n<\/a><\/strong><\/p>\n\n\n\n<p><strong>&#8211;&nbsp;<a href=\"https:\/\/www.fcaglp.unlp.edu.ar\/convocatorias_extension\">Convocatorias a actividades<\/a><\/strong><\/p>\n<\/div>\n\n\n\n<div class=\"wp-block-column is-layout-flow wp-block-column-is-layout-flow\"><\/div>\n<\/div>\n","protected":false},"excerpt":{"rendered":"<p>En esta secci\u00f3n se publica&nbsp;informaci\u00f3n de inter\u00e9s&nbsp;para quienes desarrollan actividades de extensi\u00f3n, ya sean instancias de formaci\u00f3n o pr\u00e1cticas.&nbsp; &#8211;&nbsp;Encuentros de extension: Jornadas, Congresos, Simposios &#8211;&nbsp;Formaci\u00f3n en extension: Jornadas, Cursos, Simposios &#8211;&nbsp;Acreditaci\u00f3n de horas de extensi\u00f3n &#8211;&nbsp;Convocatorias a actividades<\/p>\n","protected":false},"author":11,"featured_media":0,"parent":39,"menu_order":0,"comment_status":"closed","ping_status":"closed","template":"","meta":{"neve_meta_sidebar":"","neve_meta_container":"","neve_meta_enable_content_width":"","neve_meta_content_width":0,"neve_meta_title_alignment":"","neve_meta_author_avatar":"","neve_post_elements_order":"","neve_meta_disable_header":"","neve_meta_disable_footer":"","neve_meta_disable_title":"on","neve_meta_reading_time":"","_themeisle_gutenberg_block_has_review":false,"footnotes":""},"class_list":["post-448","page","type-page","status-publish","hentry"],"aioseo_notices":[],"_links":{"self":[{"href":"https:\/\/www.fcaglp.unlp.edu.ar\/index.php\/wp-json\/wp\/v2\/pages\/448","targetHints":{"allow":["GET"]}}],"collection":[{"href":"https:\/\/www.fcaglp.unlp.edu.ar\/index.php\/wp-json\/wp\/v2\/pages"}],"about":[{"href":"https:\/\/www.fcaglp.unlp.edu.ar\/index.php\/wp-json\/wp\/v2\/types\/page"}],"author":[{"embeddable":true,"href":"https:\/\/www.fcaglp.unlp.edu.ar\/index.php\/wp-json\/wp\/v2\/users\/11"}],"replies":[{"embeddable":true,"href":"https:\/\/www.fcaglp.unlp.edu.ar\/index.php\/wp-json\/wp\/v2\/comments?post=448"}],"version-history":[{"count":3,"href":"https:\/\/www.fcaglp.unlp.edu.ar\/index.php\/wp-json\/wp\/v2\/pages\/448\/revisions"}],"predecessor-version":[{"id":6097,"href":"https:\/\/www.fcaglp.unlp.edu.ar\/index.php\/wp-json\/wp\/v2\/pages\/448\/revisions\/6097"}],"up":[{"embeddable":true,"href":"https:\/\/www.fcaglp.unlp.edu.ar\/index.php\/wp-json\/wp\/v2\/pages\/39"}],"wp:attachment":[{"href":"https:\/\/www.fcaglp.unlp.edu.ar\/index.php\/wp-json\/wp\/v2\/media?parent=448"}],"curies":[{"name":"wp","href":"https:\/\/api.w.org\/{rel}","templated":true}]}}