{"id":442,"date":"2022-03-09T11:47:53","date_gmt":"2022-03-09T14:47:53","guid":{"rendered":"http:\/\/www.fcaglp.unlp.edu.ar\/?page_id=442"},"modified":"2026-03-30T13:28:08","modified_gmt":"2026-03-30T16:28:08","slug":"cursos","status":"publish","type":"page","link":"https:\/\/www.fcaglp.unlp.edu.ar\/index.php\/extension\/extensionistas\/cursos\/","title":{"rendered":"CURSOS"},"content":{"rendered":"\n<figure class=\"wp-block-image size-full\"><img fetchpriority=\"high\" decoding=\"async\" width=\"2471\" height=\"699\" src=\"https:\/\/www.fcaglp.unlp.edu.ar\/wp-content\/uploads\/2024\/04\/formato.portadas.pestanas-06.jpg\" alt=\"\" class=\"wp-image-6077\" srcset=\"https:\/\/www.fcaglp.unlp.edu.ar\/wp-content\/uploads\/2024\/04\/formato.portadas.pestanas-06.jpg 2471w, https:\/\/www.fcaglp.unlp.edu.ar\/wp-content\/uploads\/2024\/04\/formato.portadas.pestanas-06-300x85.jpg 300w, https:\/\/www.fcaglp.unlp.edu.ar\/wp-content\/uploads\/2024\/04\/formato.portadas.pestanas-06-1024x290.jpg 1024w, https:\/\/www.fcaglp.unlp.edu.ar\/wp-content\/uploads\/2024\/04\/formato.portadas.pestanas-06-768x217.jpg 768w, https:\/\/www.fcaglp.unlp.edu.ar\/wp-content\/uploads\/2024\/04\/formato.portadas.pestanas-06-1536x435.jpg 1536w, https:\/\/www.fcaglp.unlp.edu.ar\/wp-content\/uploads\/2024\/04\/formato.portadas.pestanas-06-2048x579.jpg 2048w\" sizes=\"(max-width: 2471px) 100vw, 2471px\" \/><\/figure>\n\n\n\n<div style=\"height:35px\" aria-hidden=\"true\" class=\"wp-block-spacer\"><\/div>\n\n\n\n<div id=\"wp-block-themeisle-blocks-advanced-columns-d39ff5dd\" class=\"wp-block-themeisle-blocks-advanced-columns has-1-columns has-desktop-equal-layout has-tablet-equal-layout has-mobile-equal-layout has-vertical-unset\"><div class=\"wp-block-themeisle-blocks-advanced-columns-overlay\"><\/div><div class=\"innerblocks-wrap\">\n<div id=\"wp-block-themeisle-blocks-advanced-column-7295e9eb\" class=\"wp-block-themeisle-blocks-advanced-column\">\n<div class=\"wp-block-columns is-layout-flex wp-container-core-columns-is-layout-9d6595d7 wp-block-columns-is-layout-flex\">\n<div class=\"wp-block-column is-layout-flow wp-block-column-is-layout-flow\">\n<p>Desde hace varios a\u00f1os nuestra Facultad ofrece al p\u00fablico general cursos de divulgaci\u00f3n gratuitos. El objetivo de los mismos es la divulgaci\u00f3n de saberes vinculados a las tareas tanto cient\u00edficas como t\u00e9cnicas que se desarrollan en nuestra Facultad. Estos cursos son ofrecidos por integrantes de la FCAG (de cualquier estamento). Si bien cada curso puede tener un p\u00fablico espec\u00edfico (por ejemplo, ni\u00f1os o adultos), el car\u00e1cter que revisten es divulgativo, procurando siempre requerir de los destinatarios el m\u00ednimo de conocimientos previos.<\/p>\n\n\n\n<p>En caso de que el presupuesto no se haya agotado financiando los cursos inscriptos, se realizar\u00e1 una segunda instancia de recepci\u00f3n de propuestas, hasta agotar el remanente de dicho presupuesto.&nbsp;<br><\/p>\n\n\n\n<p>&nbsp;1. <strong>Los plazos para la convocatoria, evaluaci\u00f3n y ejecuci\u00f3n de los cursos son los siguientes:<\/strong><\/p>\n\n\n\n<ul class=\"wp-block-list\">\n<li>Recepci\u00f3n de propuestas: 27\/03\/26 al 10\/4\/26&nbsp; a las 12:30 hs.<\/li>\n\n\n\n<li>Evaluaci\u00f3n de las propuestas: 13\/4\/26 al 27\/04\/26<\/li>\n\n\n\n<li>Publicaci\u00f3n de los resultados: 28\/04\/2026 al 4\/05\/2026<\/li>\n\n\n\n<li>Dictado de cursos: a partir del 1\/06\/2026 hasta el 13\/11\/2026<\/li>\n\n\n\n<li>Rendici\u00f3n de gastos: hasta 20\/11\/26<\/li>\n\n\n\n<li>Presentaci\u00f3n de informes finales: hasta el 11\/12\/26<\/li>\n\n\n\n<li>Evaluaci\u00f3n de informes finales: Febrero 2027<\/li>\n<\/ul>\n\n\n\n<p>2. <strong>Financiamiento de las propuestas:<\/strong><\/p>\n\n\n\n<p>El presupuesto asignado de forma anual para esta actividad es de $700.000<\/p>\n\n\n\n<p>Las mismas se financiar\u00e1n con parte del presupuesto 2026 asignado a la Secretar\u00eda de Extensi\u00f3n. En la presentaci\u00f3n, podr\u00e1 solicitarse hasta un m\u00e1ximo de $140.000, los cuales podr\u00e1n ser destinados a compras de materiales y becas, estas \u00faltimas con un tope de $40.000 por persona por \u00fanica vez.<\/p>\n<\/div>\n\n\n\n<div class=\"wp-block-column is-layout-flow wp-block-column-is-layout-flow\">\n<p>3.&nbsp;<strong>De la Comisi\u00f3n Evaluadora:<\/strong><\/p>\n\n\n\n<p>De acuerdo con las pautas vigentes, la evaluaci\u00f3n estar\u00e1 a cargo de los miembros de la Comisi\u00f3n de Extensi\u00f3n.&nbsp;&nbsp;<\/p>\n\n\n\n<p>Ver los siguientes anexos para ampliar detalles.<\/p>\n\n\n\n<p><strong>Anexos:&nbsp;<\/strong><\/p>\n\n\n\n<p><a href=\"https:\/\/www.fcaglp.unlp.edu.ar\/uploads\/docs\/pautas_para_la_convocatoria_anual_de_cursos_2022.pdf\">descargar el documento &#8220;Pautas para la convocatoria anual de cursos 2022&#8221;<\/a><br><a href=\"https:\/\/www.fcaglp.unlp.edu.ar\/uploads\/docs\/cursosext_2022_1.doc\">descargar el documento &#8220;Anexo 1&#8221;<\/a><br><a href=\"https:\/\/www.fcaglp.unlp.edu.ar\/uploads\/docs\/cursosext_2022_2.doc\">descargar el documento &#8220;Anexo 2 &#8220;<\/a><br><a href=\"https:\/\/www.fcaglp.unlp.edu.ar\/uploads\/docs\/cursosext_2022_3.doc\">descargar el documento &#8220;Anexo 3&#8221;<\/a><br><a href=\"https:\/\/www.fcaglp.unlp.edu.ar\/uploads\/docs\/cursosext_2022_4.doc\">descargar el documento &#8220;Anexo 4&#8221;<\/a><br><a href=\"https:\/\/www.fcaglp.unlp.edu.ar\/uploads\/docs\/cursosext_2022_5.doc\">descargar el documento &#8220;Anexo 5&#8221;<\/a><\/p>\n<\/div>\n<\/div>\n<\/div>\n<\/div><\/div>\n\n\n\n<div data-wp-interactive=\"core\/file\" class=\"wp-block-file\"><object data-wp-bind--hidden=\"!state.hasPdfPreview\" hidden class=\"wp-block-file__embed\" data=\"https:\/\/www.fcaglp.unlp.edu.ar\/wp-content\/uploads\/2026\/03\/RCD_44-Conv.-Cursos-de-Divulgacion-FCAG-2026.-1790-26_firmado_firmado.pdf\" type=\"application\/pdf\" style=\"width:100%;height:600px\" aria-label=\"Incrustado de RCD_44 - Conv. Cursos de Divulgaci\u00f3n FCAG 2026. 1790-26_firmado_firmado.\"><\/object><a id=\"wp-block-file--media-88602455-1eab-47d2-a17b-8466a37a96f8\" href=\"https:\/\/www.fcaglp.unlp.edu.ar\/wp-content\/uploads\/2026\/03\/RCD_44-Conv.-Cursos-de-Divulgacion-FCAG-2026.-1790-26_firmado_firmado.pdf\">RCD_44 &#8211; Conv. Cursos de Divulgaci\u00f3n FCAG 2026. 1790-26_firmado_firmado<\/a><a href=\"https:\/\/www.fcaglp.unlp.edu.ar\/wp-content\/uploads\/2026\/03\/RCD_44-Conv.-Cursos-de-Divulgacion-FCAG-2026.-1790-26_firmado_firmado.pdf\" class=\"wp-block-file__button wp-element-button\" download aria-describedby=\"wp-block-file--media-88602455-1eab-47d2-a17b-8466a37a96f8\">Descarga<\/a><\/div>\n","protected":false},"excerpt":{"rendered":"","protected":false},"author":11,"featured_media":0,"parent":448,"menu_order":0,"comment_status":"closed","ping_status":"closed","template":"","meta":{"neve_meta_sidebar":"","neve_meta_container":"","neve_meta_enable_content_width":"","neve_meta_content_width":0,"neve_meta_title_alignment":"","neve_meta_author_avatar":"","neve_post_elements_order":"","neve_meta_disable_header":"","neve_meta_disable_footer":"","neve_meta_disable_title":"on","neve_meta_reading_time":"","_themeisle_gutenberg_block_has_review":false,"footnotes":""},"class_list":["post-442","page","type-page","status-publish","hentry"],"aioseo_notices":[],"_links":{"self":[{"href":"https:\/\/www.fcaglp.unlp.edu.ar\/index.php\/wp-json\/wp\/v2\/pages\/442","targetHints":{"allow":["GET"]}}],"collection":[{"href":"https:\/\/www.fcaglp.unlp.edu.ar\/index.php\/wp-json\/wp\/v2\/pages"}],"about":[{"href":"https:\/\/www.fcaglp.unlp.edu.ar\/index.php\/wp-json\/wp\/v2\/types\/page"}],"author":[{"embeddable":true,"href":"https:\/\/www.fcaglp.unlp.edu.ar\/index.php\/wp-json\/wp\/v2\/users\/11"}],"replies":[{"embeddable":true,"href":"https:\/\/www.fcaglp.unlp.edu.ar\/index.php\/wp-json\/wp\/v2\/comments?post=442"}],"version-history":[{"count":11,"href":"https:\/\/www.fcaglp.unlp.edu.ar\/index.php\/wp-json\/wp\/v2\/pages\/442\/revisions"}],"predecessor-version":[{"id":16627,"href":"https:\/\/www.fcaglp.unlp.edu.ar\/index.php\/wp-json\/wp\/v2\/pages\/442\/revisions\/16627"}],"up":[{"embeddable":true,"href":"https:\/\/www.fcaglp.unlp.edu.ar\/index.php\/wp-json\/wp\/v2\/pages\/448"}],"wp:attachment":[{"href":"https:\/\/www.fcaglp.unlp.edu.ar\/index.php\/wp-json\/wp\/v2\/media?parent=442"}],"curies":[{"name":"wp","href":"https:\/\/api.w.org\/{rel}","templated":true}]}}