{"id":439,"date":"2022-03-09T11:47:00","date_gmt":"2022-03-09T14:47:00","guid":{"rendered":"http:\/\/www.fcaglp.unlp.edu.ar\/?page_id=439"},"modified":"2024-07-04T15:08:49","modified_gmt":"2024-07-04T18:08:49","slug":"charlas","status":"publish","type":"page","link":"https:\/\/www.fcaglp.unlp.edu.ar\/index.php\/extension\/charlas\/","title":{"rendered":"CHARLAS"},"content":{"rendered":"\n<figure class=\"wp-block-image size-full\"><img fetchpriority=\"high\" decoding=\"async\" width=\"2471\" height=\"699\" src=\"https:\/\/www.fcaglp.unlp.edu.ar\/wp-content\/uploads\/2024\/04\/formato.portadas.pestanas-03.jpg\" alt=\"\" class=\"wp-image-6074\" srcset=\"https:\/\/www.fcaglp.unlp.edu.ar\/wp-content\/uploads\/2024\/04\/formato.portadas.pestanas-03.jpg 2471w, https:\/\/www.fcaglp.unlp.edu.ar\/wp-content\/uploads\/2024\/04\/formato.portadas.pestanas-03-300x85.jpg 300w, https:\/\/www.fcaglp.unlp.edu.ar\/wp-content\/uploads\/2024\/04\/formato.portadas.pestanas-03-1024x290.jpg 1024w, https:\/\/www.fcaglp.unlp.edu.ar\/wp-content\/uploads\/2024\/04\/formato.portadas.pestanas-03-768x217.jpg 768w, https:\/\/www.fcaglp.unlp.edu.ar\/wp-content\/uploads\/2024\/04\/formato.portadas.pestanas-03-1536x435.jpg 1536w, https:\/\/www.fcaglp.unlp.edu.ar\/wp-content\/uploads\/2024\/04\/formato.portadas.pestanas-03-2048x579.jpg 2048w\" sizes=\"(max-width: 2471px) 100vw, 2471px\" \/><\/figure>\n\n\n\n<div style=\"height:35px\" aria-hidden=\"true\" class=\"wp-block-spacer\"><\/div>\n\n\n\n<div class=\"wp-block-columns is-layout-flex wp-container-core-columns-is-layout-9d6595d7 wp-block-columns-is-layout-flex\">\n<div class=\"wp-block-column is-layout-flow wp-block-column-is-layout-flow\">\n<p>El ciclo de charlas de divulgaci\u00f3n \u201cViernes en el Observatorio\u201d se lleva a cabo todos los viernes de 19 a 20 h, acompa\u00f1ando a las noches de observaci\u00f3n astron\u00f3mica (si las condiciones meteorol\u00f3gicas lo permiten). Las charlas se brindan en la Sala de Proyecci\u00f3n del Planetario Ciudad de La Plata y propician un espacio de acercamiento entre la sociedad y docentes-investigadores.<br><strong>Las charlas de los viernes actualizan su tema y disertante, todos los martes.<\/strong><\/p>\n<\/div>\n\n\n\n<div class=\"wp-block-column is-layout-flow wp-block-column-is-layout-flow\">\n<p>Cada semana, profesionales provenientes de distintas disciplinas dan cuenta en forma amena de aquello que hace a su pr\u00e1ctica profesional, o presentan alg\u00fan tema de divulgaci\u00f3n en general vinculado a la Astronom\u00eda, la Geof\u00edsica o la Meteorolog\u00eda.<br><br>La entrada es libre y gratuita, y no requiere de reserva previa.\u00a0<br>Si no pod\u00e9s venir, \u00a1segu\u00ed la transmisi\u00f3n en vivo de la charla en el canal de\u00a0<a href=\"https:\/\/www.youtube.com\/@PlanetarioCiudaddeLaPlata\/streams\">Youtube del Planetario UNLP<\/a>!<\/p>\n<\/div>\n<\/div>\n","protected":false},"excerpt":{"rendered":"<p>El ciclo de charlas de divulgaci\u00f3n \u201cViernes en el Observatorio\u201d se lleva a cabo todos los viernes de 19 a 20 h, acompa\u00f1ando a las noches de observaci\u00f3n astron\u00f3mica (si las condiciones meteorol\u00f3gicas lo permiten). Las charlas se brindan en la Sala de Proyecci\u00f3n del Planetario Ciudad de La Plata y propician un espacio de&hellip;&nbsp;<a href=\"https:\/\/www.fcaglp.unlp.edu.ar\/index.php\/extension\/charlas\/\" rel=\"bookmark\">Read More &raquo;<span class=\"screen-reader-text\">CHARLAS<\/span><\/a><\/p>\n","protected":false},"author":3,"featured_media":0,"parent":39,"menu_order":0,"comment_status":"closed","ping_status":"closed","template":"","meta":{"neve_meta_sidebar":"","neve_meta_container":"","neve_meta_enable_content_width":"","neve_meta_content_width":0,"neve_meta_title_alignment":"","neve_meta_author_avatar":"","neve_post_elements_order":"","neve_meta_disable_header":"","neve_meta_disable_footer":"","neve_meta_disable_title":"on","neve_meta_reading_time":"","_themeisle_gutenberg_block_has_review":false,"footnotes":""},"class_list":["post-439","page","type-page","status-publish","hentry"],"aioseo_notices":[],"_links":{"self":[{"href":"https:\/\/www.fcaglp.unlp.edu.ar\/index.php\/wp-json\/wp\/v2\/pages\/439","targetHints":{"allow":["GET"]}}],"collection":[{"href":"https:\/\/www.fcaglp.unlp.edu.ar\/index.php\/wp-json\/wp\/v2\/pages"}],"about":[{"href":"https:\/\/www.fcaglp.unlp.edu.ar\/index.php\/wp-json\/wp\/v2\/types\/page"}],"author":[{"embeddable":true,"href":"https:\/\/www.fcaglp.unlp.edu.ar\/index.php\/wp-json\/wp\/v2\/users\/3"}],"replies":[{"embeddable":true,"href":"https:\/\/www.fcaglp.unlp.edu.ar\/index.php\/wp-json\/wp\/v2\/comments?post=439"}],"version-history":[{"count":9,"href":"https:\/\/www.fcaglp.unlp.edu.ar\/index.php\/wp-json\/wp\/v2\/pages\/439\/revisions"}],"predecessor-version":[{"id":7606,"href":"https:\/\/www.fcaglp.unlp.edu.ar\/index.php\/wp-json\/wp\/v2\/pages\/439\/revisions\/7606"}],"up":[{"embeddable":true,"href":"https:\/\/www.fcaglp.unlp.edu.ar\/index.php\/wp-json\/wp\/v2\/pages\/39"}],"wp:attachment":[{"href":"https:\/\/www.fcaglp.unlp.edu.ar\/index.php\/wp-json\/wp\/v2\/media?parent=439"}],"curies":[{"name":"wp","href":"https:\/\/api.w.org\/{rel}","templated":true}]}}