{"id":433,"date":"2022-03-09T11:46:21","date_gmt":"2022-03-09T14:46:21","guid":{"rendered":"http:\/\/www.fcaglp.unlp.edu.ar\/?page_id=433"},"modified":"2024-07-04T15:04:12","modified_gmt":"2024-07-04T18:04:12","slug":"secretaria-extension","status":"publish","type":"page","link":"https:\/\/www.fcaglp.unlp.edu.ar\/index.php\/extension\/secretaria-extension\/","title":{"rendered":"LA SECRETAR\u00cdA"},"content":{"rendered":"\n<div id=\"wp-block-themeisle-blocks-advanced-columns-b3ed6adb\" class=\"wp-block-themeisle-blocks-advanced-columns has-0-columns has-desktop-equal-layout has-tablet-equal-layout has-mobile-equal-layout has-vertical-unset\"><div class=\"wp-block-themeisle-blocks-advanced-columns-overlay\"><\/div><div class=\"innerblocks-wrap\"><\/div><\/div>\n\n\n\n<div class=\"wp-block-columns is-layout-flex wp-container-core-columns-is-layout-9d6595d7 wp-block-columns-is-layout-flex\">\n<div class=\"wp-block-column is-layout-flow wp-block-column-is-layout-flow\">\n<p>Si bien existe una vasta trayectoria en&nbsp;<strong>divulgaci\u00f3n<\/strong>&nbsp;de la FCAG (incluso desde la primera mitad del siglo XX), la organizaci\u00f3n de la extensi\u00f3n tiene sus or\u00edgenes en la<strong>&nbsp;Subcomisi\u00f3n de Extensi\u00f3n Universitaria<\/strong>, creada en el a\u00f1o 1992, y que tres a\u00f1os m\u00e1s tarde se transform\u00f3 en la&nbsp;<strong>Comisi\u00f3n de Extensi\u00f3n<\/strong>.<\/p>\n\n\n\n<p>En el a\u00f1o 2001 se crea la&nbsp;<strong>Secretar\u00eda de Extensi\u00f3n<\/strong>, y junto con ella comienza a funcionar el marco general para el desarrollo de actividades en forma sistematizada: el&nbsp;<strong>Proyecto Observatorio<\/strong>. Este proyecto institucional (que tuvo su actualizaci\u00f3n en 2004 en el Proyecto Observatorio II) permiti\u00f3 un gran avance en el \u00e1rea y sent\u00f3 las bases de las estrategias que utiliza nuestra Instituci\u00f3n para la divulgaci\u00f3n de la astronom\u00eda, la geof\u00edsica y la meteorolog\u00eda.<\/p>\n\n\n\n<p>Por medio de la&nbsp;<strong>reforma del Estatuto en el a\u00f1o 2008<\/strong>(+), la extensi\u00f3n recibe un fuerte impulso que la lleva a ser reconocida como el principal medio de la Universidad Nacional de La Plata para lograr su funci\u00f3n social, contribuyendo al tratamiento de los problemas que afectan al bienestar de la comunidad, la reconstrucci\u00f3n del tejido social, el desarrollo econ\u00f3mico sustentable y el fortalecimiento de la identidad cultural. <\/p>\n<\/div>\n\n\n\n<div class=\"wp-block-column is-layout-flow wp-block-column-is-layout-flow\">\n<p>Con el prop\u00f3sito de sumarnos al desarrollo de la extensi\u00f3n, desde la Secretar\u00eda promovemos una pol\u00edtica extensionista orientada a cubrir b\u00e1sicamente dos aspectos:<\/p>\n\n\n\n<p>* Crear y fomentar&nbsp;<strong>espacios de formaci\u00f3n y crecimiento<\/strong>&nbsp;en lo que ata\u00f1e a la extensi\u00f3n para<strong>&nbsp;toda la comunidad del Observatorio<\/strong>, que sean valorados y reconocidos, y que tengan en cuenta el aporte de los distintos&nbsp;<strong>estamentos<\/strong>&nbsp;que la componen (docentes, graduados, alumnos y no docentes) y las diferentes&nbsp;<strong>disciplinas<\/strong>&nbsp;que existen en la Universidad.<\/p>\n\n\n\n<p>* Articular todas aquellas actividades de extensi\u00f3n que permitan&nbsp;<strong>establecer un v\u00ednculo con la sociedad<\/strong>, ya sea que se lleven a cabo dentro o fuera del Observatorio.<\/p>\n\n\n\n<p>Estos aspectos y otros se encuentran detallados en el&nbsp;<a href=\"https:\/\/www.fcaglp.unlp.edu.ar\/uploads\/docs\/proyecto_observatorio_iii.pdf\">Proyecto Observatorio III<\/a>, proyecto de pol\u00edtica extensionista de la FCAG vigente desde su aprobaci\u00f3n en 2014.<\/p>\n\n\n\n<p><\/p>\n<\/div>\n<\/div>\n\n\n\n<div style=\"height:100px\" aria-hidden=\"true\" class=\"wp-block-spacer\"><\/div>\n\n\n\n<div class=\"wp-block-columns is-layout-flex wp-container-core-columns-is-layout-9d6595d7 wp-block-columns-is-layout-flex\">\n<div class=\"wp-block-column is-layout-flow wp-block-column-is-layout-flow\">\n<p><strong>DATOS DE CONTACTO<\/strong><br>Tel\u00e9fono: (0221) 423-6593 int. 1112<br>Correo: extension@fcaglp.unlp.edu.ar<\/p>\n<\/div>\n\n\n\n<div class=\"wp-block-column is-layout-flow wp-block-column-is-layout-flow\"><\/div>\n<\/div>\n","protected":false},"excerpt":{"rendered":"<p>Si bien existe una vasta trayectoria en&nbsp;divulgaci\u00f3n&nbsp;de la FCAG (incluso desde la primera mitad del siglo XX), la organizaci\u00f3n de la extensi\u00f3n tiene sus or\u00edgenes en la&nbsp;Subcomisi\u00f3n de Extensi\u00f3n Universitaria, creada en el a\u00f1o 1992, y que tres a\u00f1os m\u00e1s tarde se transform\u00f3 en la&nbsp;Comisi\u00f3n de Extensi\u00f3n. En el a\u00f1o 2001 se crea la&nbsp;Secretar\u00eda de&hellip;&nbsp;<a href=\"https:\/\/www.fcaglp.unlp.edu.ar\/index.php\/extension\/secretaria-extension\/\" rel=\"bookmark\">Read More &raquo;<span class=\"screen-reader-text\">LA SECRETAR\u00cdA<\/span><\/a><\/p>\n","protected":false},"author":3,"featured_media":0,"parent":39,"menu_order":0,"comment_status":"closed","ping_status":"closed","template":"","meta":{"neve_meta_sidebar":"","neve_meta_container":"","neve_meta_enable_content_width":"","neve_meta_content_width":0,"neve_meta_title_alignment":"","neve_meta_author_avatar":"","neve_post_elements_order":"","neve_meta_disable_header":"","neve_meta_disable_footer":"","neve_meta_disable_title":"","neve_meta_reading_time":"","_themeisle_gutenberg_block_has_review":false,"footnotes":""},"class_list":["post-433","page","type-page","status-publish","hentry"],"aioseo_notices":[],"_links":{"self":[{"href":"https:\/\/www.fcaglp.unlp.edu.ar\/index.php\/wp-json\/wp\/v2\/pages\/433","targetHints":{"allow":["GET"]}}],"collection":[{"href":"https:\/\/www.fcaglp.unlp.edu.ar\/index.php\/wp-json\/wp\/v2\/pages"}],"about":[{"href":"https:\/\/www.fcaglp.unlp.edu.ar\/index.php\/wp-json\/wp\/v2\/types\/page"}],"author":[{"embeddable":true,"href":"https:\/\/www.fcaglp.unlp.edu.ar\/index.php\/wp-json\/wp\/v2\/users\/3"}],"replies":[{"embeddable":true,"href":"https:\/\/www.fcaglp.unlp.edu.ar\/index.php\/wp-json\/wp\/v2\/comments?post=433"}],"version-history":[{"count":8,"href":"https:\/\/www.fcaglp.unlp.edu.ar\/index.php\/wp-json\/wp\/v2\/pages\/433\/revisions"}],"predecessor-version":[{"id":7600,"href":"https:\/\/www.fcaglp.unlp.edu.ar\/index.php\/wp-json\/wp\/v2\/pages\/433\/revisions\/7600"}],"up":[{"embeddable":true,"href":"https:\/\/www.fcaglp.unlp.edu.ar\/index.php\/wp-json\/wp\/v2\/pages\/39"}],"wp:attachment":[{"href":"https:\/\/www.fcaglp.unlp.edu.ar\/index.php\/wp-json\/wp\/v2\/media?parent=433"}],"curies":[{"name":"wp","href":"https:\/\/api.w.org\/{rel}","templated":true}]}}