{"id":420,"date":"2022-03-09T11:37:05","date_gmt":"2022-03-09T14:37:05","guid":{"rendered":"http:\/\/www.fcaglp.unlp.edu.ar\/?page_id=420"},"modified":"2024-05-14T12:33:54","modified_gmt":"2024-05-14T15:33:54","slug":"manual-de-normas","status":"publish","type":"page","link":"https:\/\/www.fcaglp.unlp.edu.ar\/index.php\/manual-de-normas\/","title":{"rendered":"MANUAL DE NORMAS"},"content":{"rendered":"\n<div class=\"wp-block-columns is-layout-flex wp-container-core-columns-is-layout-9d6595d7 wp-block-columns-is-layout-flex\"><\/div>\n\n\n\n<div class=\"wp-block-columns is-layout-flex wp-container-core-columns-is-layout-9d6595d7 wp-block-columns-is-layout-flex\">\n<div class=\"wp-block-column is-layout-flow wp-block-column-is-layout-flow\">\n<p>El manual de normas de la identidad visual de la Facultad de Ciencias Astron\u00f3micas y Geof\u00edsicas es el documento que regula las aplicaciones de la marca institucional en todo el \u00e1mbito universitario.<\/p>\n\n\n\n<p>Tiene como objetivo unificar los criterios para la aplicaci\u00f3n de los signos identificadores bajo los siguientes lineamientos generales:<br>El manual de normas se constituye en una reglamentaci\u00f3n que requiere del compromiso en su consulta y cumplimiento por parte de todas las \u00e1reas de gesti\u00f3n, apelando a la conciencia de construir como comunidad una identidad unificada de la instituci\u00f3n que redunde en un beneficio conjunto.<\/p>\n\n\n\n<p>Su uso ser\u00e1 obligatorio para todo aquel que desempe\u00f1e sus actividades dentro del \u00e1mbito de la FCAG, y alcanza tambi\u00e9n a quienes desde el exterior de la instituci\u00f3n tengan participaci\u00f3n en la generaci\u00f3n de materiales de comunicaci\u00f3n que involucren a la identidad visual de la FCAG.<\/p>\n\n\n\n<p>Los casos no contemplados en el manual de normas o que causen dudas en su aplicaci\u00f3n deber\u00e1n ser consultados a el \u00c1rea de Dise\u00f1o de la FCAG.<\/p>\n<\/div>\n\n\n\n<div class=\"wp-block-column is-layout-flow wp-block-column-is-layout-flow\"><\/div>\n<\/div>\n","protected":false},"excerpt":{"rendered":"<p>El manual de normas de la identidad visual de la Facultad de Ciencias Astron\u00f3micas y Geof\u00edsicas es el documento que regula las aplicaciones de la marca institucional en todo el \u00e1mbito universitario. Tiene como objetivo unificar los criterios para la aplicaci\u00f3n de los signos identificadores bajo los siguientes lineamientos generales:El manual de normas se constituye&hellip;&nbsp;<a href=\"https:\/\/www.fcaglp.unlp.edu.ar\/index.php\/manual-de-normas\/\" rel=\"bookmark\">Read More &raquo;<span class=\"screen-reader-text\">MANUAL DE NORMAS<\/span><\/a><\/p>\n","protected":false},"author":3,"featured_media":0,"parent":0,"menu_order":0,"comment_status":"closed","ping_status":"closed","template":"","meta":{"neve_meta_sidebar":"","neve_meta_container":"","neve_meta_enable_content_width":"","neve_meta_content_width":0,"neve_meta_title_alignment":"","neve_meta_author_avatar":"","neve_post_elements_order":"","neve_meta_disable_header":"","neve_meta_disable_footer":"","neve_meta_disable_title":"","neve_meta_reading_time":"","_themeisle_gutenberg_block_has_review":false,"footnotes":""},"class_list":["post-420","page","type-page","status-publish","hentry"],"aioseo_notices":[],"_links":{"self":[{"href":"https:\/\/www.fcaglp.unlp.edu.ar\/index.php\/wp-json\/wp\/v2\/pages\/420","targetHints":{"allow":["GET"]}}],"collection":[{"href":"https:\/\/www.fcaglp.unlp.edu.ar\/index.php\/wp-json\/wp\/v2\/pages"}],"about":[{"href":"https:\/\/www.fcaglp.unlp.edu.ar\/index.php\/wp-json\/wp\/v2\/types\/page"}],"author":[{"embeddable":true,"href":"https:\/\/www.fcaglp.unlp.edu.ar\/index.php\/wp-json\/wp\/v2\/users\/3"}],"replies":[{"embeddable":true,"href":"https:\/\/www.fcaglp.unlp.edu.ar\/index.php\/wp-json\/wp\/v2\/comments?post=420"}],"version-history":[{"count":3,"href":"https:\/\/www.fcaglp.unlp.edu.ar\/index.php\/wp-json\/wp\/v2\/pages\/420\/revisions"}],"predecessor-version":[{"id":6237,"href":"https:\/\/www.fcaglp.unlp.edu.ar\/index.php\/wp-json\/wp\/v2\/pages\/420\/revisions\/6237"}],"wp:attachment":[{"href":"https:\/\/www.fcaglp.unlp.edu.ar\/index.php\/wp-json\/wp\/v2\/media?parent=420"}],"curies":[{"name":"wp","href":"https:\/\/api.w.org\/{rel}","templated":true}]}}