{"id":418,"date":"2022-03-09T11:36:53","date_gmt":"2022-03-09T14:36:53","guid":{"rendered":"http:\/\/www.fcaglp.unlp.edu.ar\/?page_id=418"},"modified":"2024-05-24T10:16:24","modified_gmt":"2024-05-24T13:16:24","slug":"area-prensa","status":"publish","type":"page","link":"https:\/\/www.fcaglp.unlp.edu.ar\/index.php\/area-prensa\/","title":{"rendered":"\u00c1REA PRENSA"},"content":{"rendered":"\n<div class=\"wp-block-columns is-layout-flex wp-container-core-columns-is-layout-9d6595d7 wp-block-columns-is-layout-flex\">\n<div class=\"wp-block-column is-layout-flow wp-block-column-is-layout-flow\">\n<div class=\"wp-block-columns is-layout-flex wp-container-core-columns-is-layout-9d6595d7 wp-block-columns-is-layout-flex\">\n<div class=\"wp-block-column is-layout-flow wp-block-column-is-layout-flow\">\n<p>El <strong>\u00c1rea de Prensa<\/strong> es el espacio de difusi\u00f3n y comunicaci\u00f3n de esta Facultad con la sociedad, a la vez que mantiene una necesaria comunicaci\u00f3n horizontal con todas las disciplinas, actividades y personal de la Instituci\u00f3n.&nbsp;<\/p>\n\n\n\n<p>Comunicar la ciencia, la vida acad\u00e9mica y de investigaci\u00f3n, la vida estudiantil y el trabajo cotidiano de Nodocentes y docentes de esta parte de la universidad p\u00fablica, es misi\u00f3n del \u00e1rea de prensa.<\/p>\n\n\n\n<p>Es aqu\u00ed donde los medios masivos de comunicaci\u00f3n y el p\u00fablico pueden hallar contenidos, contactos y requerir fuentes.<\/p>\n<\/div>\n\n\n\n<div class=\"wp-block-column is-layout-flow wp-block-column-is-layout-flow\">\n<p>El trabajo de Prensa est\u00e1 visible en nuestro Portal Web y en nuestras redes sociales. Las producciones period\u00edsticas ensamblan con el trabajo realizado por el \u00c1rea de Dise\u00f1o.<\/p>\n\n\n\n<p><strong>Tel\u00e9fono: <\/strong>(221) 423.6593 int. 1146<br><strong>E-mail:<\/strong> comunicacion@fcaglp.unlp.edu.ar<\/p>\n<\/div>\n<\/div>\n<\/div>\n<\/div>\n","protected":false},"excerpt":{"rendered":"<p>El \u00c1rea de Prensa es el espacio de difusi\u00f3n y comunicaci\u00f3n de esta Facultad con la sociedad, a la vez que mantiene una necesaria comunicaci\u00f3n horizontal con todas las disciplinas, actividades y personal de la Instituci\u00f3n.&nbsp; Comunicar la ciencia, la vida acad\u00e9mica y de investigaci\u00f3n, la vida estudiantil y el trabajo cotidiano de Nodocentes y&hellip;&nbsp;<a href=\"https:\/\/www.fcaglp.unlp.edu.ar\/index.php\/area-prensa\/\" rel=\"bookmark\">Read More &raquo;<span class=\"screen-reader-text\">\u00c1REA PRENSA<\/span><\/a><\/p>\n","protected":false},"author":3,"featured_media":0,"parent":0,"menu_order":0,"comment_status":"closed","ping_status":"closed","template":"","meta":{"neve_meta_sidebar":"","neve_meta_container":"","neve_meta_enable_content_width":"","neve_meta_content_width":0,"neve_meta_title_alignment":"","neve_meta_author_avatar":"","neve_post_elements_order":"","neve_meta_disable_header":"","neve_meta_disable_footer":"","neve_meta_disable_title":"","neve_meta_reading_time":"","_themeisle_gutenberg_block_has_review":false,"footnotes":""},"class_list":["post-418","page","type-page","status-publish","hentry"],"aioseo_notices":[],"_links":{"self":[{"href":"https:\/\/www.fcaglp.unlp.edu.ar\/index.php\/wp-json\/wp\/v2\/pages\/418","targetHints":{"allow":["GET"]}}],"collection":[{"href":"https:\/\/www.fcaglp.unlp.edu.ar\/index.php\/wp-json\/wp\/v2\/pages"}],"about":[{"href":"https:\/\/www.fcaglp.unlp.edu.ar\/index.php\/wp-json\/wp\/v2\/types\/page"}],"author":[{"embeddable":true,"href":"https:\/\/www.fcaglp.unlp.edu.ar\/index.php\/wp-json\/wp\/v2\/users\/3"}],"replies":[{"embeddable":true,"href":"https:\/\/www.fcaglp.unlp.edu.ar\/index.php\/wp-json\/wp\/v2\/comments?post=418"}],"version-history":[{"count":7,"href":"https:\/\/www.fcaglp.unlp.edu.ar\/index.php\/wp-json\/wp\/v2\/pages\/418\/revisions"}],"predecessor-version":[{"id":6371,"href":"https:\/\/www.fcaglp.unlp.edu.ar\/index.php\/wp-json\/wp\/v2\/pages\/418\/revisions\/6371"}],"wp:attachment":[{"href":"https:\/\/www.fcaglp.unlp.edu.ar\/index.php\/wp-json\/wp\/v2\/media?parent=418"}],"curies":[{"name":"wp","href":"https:\/\/api.w.org\/{rel}","templated":true}]}}