{"id":416,"date":"2022-03-09T11:36:40","date_gmt":"2022-03-09T14:36:40","guid":{"rendered":"http:\/\/www.fcaglp.unlp.edu.ar\/?page_id=416"},"modified":"2024-05-24T10:15:12","modified_gmt":"2024-05-24T13:15:12","slug":"area-diseno","status":"publish","type":"page","link":"https:\/\/www.fcaglp.unlp.edu.ar\/index.php\/area-diseno\/","title":{"rendered":"\u00c1REA DISE\u00d1O"},"content":{"rendered":"\n<div class=\"wp-block-columns is-layout-flex wp-container-core-columns-is-layout-9d6595d7 wp-block-columns-is-layout-flex\">\n<div class=\"wp-block-column is-layout-flow wp-block-column-is-layout-flow\">\n<div class=\"wp-block-columns is-layout-flex wp-container-core-columns-is-layout-9d6595d7 wp-block-columns-is-layout-flex\">\n<div class=\"wp-block-column is-layout-flow wp-block-column-is-layout-flow\">\n<p>El <strong>\u00c1rea de Dise\u00f1o<\/strong> tiene como objetivo planificar, desarrollar, dise\u00f1ar, implementar y consolidar los lineamientos de la comunicaci\u00f3n visual de la Instituci\u00f3n, acorde a aquellos conceptos que la definen y la representan.<\/p>\n\n\n\n<p>Trabaja generando piezas sobre el sistema de identidad y comunicaci\u00f3n que emite la FCAG. Brinda asesoramiento a las distintas \u00e1reas de la Instituci\u00f3n, con la finalidad de mantener la coherencia en la comunicaci\u00f3n visual.<\/p>\n\n\n\n<p>El \u00c1rea nace de la necesidad de resolver problemas de comunicaci\u00f3n visual a trav\u00e9s de un proceso que conceptualice, recupere, conserve, renueve, innove y desarrolle piezas gr\u00e1ficas orientadas a la adaptabilidad, habitabilidad y construcci\u00f3n de sentido de identidad. Estudia los sistemas de informaci\u00f3n, con el objeto de convertir los datos en formas visuales, teniendo en cuenta los procesos perceptivos.<\/p>\n<\/div>\n\n\n\n<div class=\"wp-block-column is-layout-flow wp-block-column-is-layout-flow\">\n<p>A su vez, participa en el dise\u00f1o e implementaci\u00f3n de estrategias de comunicaci\u00f3n y difusi\u00f3n de las actividades de extensi\u00f3n tanto a nivel interno como externo. Desarrolla y planifica identidad para el Planetario, Museo y las \u00e1reas que lo requieran.<\/p>\n\n\n\n<p><strong>Tel\u00e9fono:<\/strong> (221) 423.6593 int 1145<br><strong>E-mail:<\/strong>\u00a0comunicacion@fcaglp.unlp.edu.ar<\/p>\n<\/div>\n<\/div>\n\n\n\n<p><\/p>\n\n\n\n<p><\/p>\n<\/div>\n<\/div>\n","protected":false},"excerpt":{"rendered":"<p>El \u00c1rea de Dise\u00f1o tiene como objetivo planificar, desarrollar, dise\u00f1ar, implementar y consolidar los lineamientos de la comunicaci\u00f3n visual de la Instituci\u00f3n, acorde a aquellos conceptos que la definen y la representan. Trabaja generando piezas sobre el sistema de identidad y comunicaci\u00f3n que emite la FCAG. Brinda asesoramiento a las distintas \u00e1reas de la Instituci\u00f3n,&hellip;&nbsp;<a href=\"https:\/\/www.fcaglp.unlp.edu.ar\/index.php\/area-diseno\/\" rel=\"bookmark\">Read More &raquo;<span class=\"screen-reader-text\">\u00c1REA DISE\u00d1O<\/span><\/a><\/p>\n","protected":false},"author":3,"featured_media":0,"parent":0,"menu_order":0,"comment_status":"closed","ping_status":"closed","template":"","meta":{"neve_meta_sidebar":"","neve_meta_container":"","neve_meta_enable_content_width":"","neve_meta_content_width":0,"neve_meta_title_alignment":"","neve_meta_author_avatar":"","neve_post_elements_order":"","neve_meta_disable_header":"","neve_meta_disable_footer":"","neve_meta_disable_title":"","neve_meta_reading_time":"","_themeisle_gutenberg_block_has_review":false,"footnotes":""},"class_list":["post-416","page","type-page","status-publish","hentry"],"aioseo_notices":[],"_links":{"self":[{"href":"https:\/\/www.fcaglp.unlp.edu.ar\/index.php\/wp-json\/wp\/v2\/pages\/416","targetHints":{"allow":["GET"]}}],"collection":[{"href":"https:\/\/www.fcaglp.unlp.edu.ar\/index.php\/wp-json\/wp\/v2\/pages"}],"about":[{"href":"https:\/\/www.fcaglp.unlp.edu.ar\/index.php\/wp-json\/wp\/v2\/types\/page"}],"author":[{"embeddable":true,"href":"https:\/\/www.fcaglp.unlp.edu.ar\/index.php\/wp-json\/wp\/v2\/users\/3"}],"replies":[{"embeddable":true,"href":"https:\/\/www.fcaglp.unlp.edu.ar\/index.php\/wp-json\/wp\/v2\/comments?post=416"}],"version-history":[{"count":9,"href":"https:\/\/www.fcaglp.unlp.edu.ar\/index.php\/wp-json\/wp\/v2\/pages\/416\/revisions"}],"predecessor-version":[{"id":6370,"href":"https:\/\/www.fcaglp.unlp.edu.ar\/index.php\/wp-json\/wp\/v2\/pages\/416\/revisions\/6370"}],"wp:attachment":[{"href":"https:\/\/www.fcaglp.unlp.edu.ar\/index.php\/wp-json\/wp\/v2\/media?parent=416"}],"curies":[{"name":"wp","href":"https:\/\/api.w.org\/{rel}","templated":true}]}}