{"id":390,"date":"2022-03-09T11:27:47","date_gmt":"2022-03-09T14:27:47","guid":{"rendered":"http:\/\/www.fcaglp.unlp.edu.ar\/?page_id=390"},"modified":"2024-05-24T12:42:14","modified_gmt":"2024-05-24T15:42:14","slug":"curiosamente","status":"publish","type":"page","link":"https:\/\/www.fcaglp.unlp.edu.ar\/index.php\/institucional\/contenido-educativo\/curiosamente\/","title":{"rendered":"CURIOSAMENTE"},"content":{"rendered":"\n<div id=\"wp-block-themeisle-blocks-advanced-columns-18f1be8c\" class=\"wp-block-themeisle-blocks-advanced-columns has-1-columns has-desktop-equal-layout has-tablet-equal-layout has-mobile-equal-layout has-vertical-unset\"><div class=\"wp-block-themeisle-blocks-advanced-columns-overlay\"><\/div><div class=\"innerblocks-wrap\">\n<div id=\"wp-block-themeisle-blocks-advanced-column-fdd3c2ff\" class=\"wp-block-themeisle-blocks-advanced-column\">\n<p>Ciencia desde casa, con sencillos pero reveladores experimentos caseros para descubrir el por qu\u00e9 de las cosas.<\/p>\n\n\n\n<p>Existe una raz\u00f3n del por qu\u00e9 ocurren las cosas y de la forma que pasan. Pero las razones no siempre son simples y f\u00e1ciles de comprender. \u00a1Incluso existen muchos misterios por resolver! Los experimentos permiten descubrir el secreto. Son la puerta para entender como funciona el mundo y \u00a1descubrir nuevas cosas en el camino! Aqu\u00ed, en CURIOSA&#8230;MENTE, construiremos nuestro propio LABORATORIO DE IDEAS con cosas que tenemos en casa. \u00a1Manos a la obra!<\/p>\n\n\n\n<p><\/p>\n\n\n\n<div class=\"wp-block-columns is-layout-flex wp-container-core-columns-is-layout-9d6595d7 wp-block-columns-is-layout-flex\">\n<div class=\"wp-block-column is-layout-flow wp-block-column-is-layout-flow\">\n<h2 id=\"wp-block-themeisle-blocks-advanced-heading-00b49eb9\" class=\"wp-block-themeisle-blocks-advanced-heading wp-block-themeisle-blocks-advanced-heading-00b49eb9\">COMO VIAJAR a la LUNA<\/h2>\n\n\n\n<p><a href=\"https:\/\/www.youtube.com\/watch?v=AkPDuj0_XBQ&amp;ab_channel=PlanetarioUniversidadNacionaldeLaPlata\" target=\"_blank\" rel=\"noopener\" title=\"\">LINK<\/a><\/p>\n<\/div>\n\n\n\n<div class=\"wp-block-column is-layout-flow wp-block-column-is-layout-flow\">\n<h2 id=\"wp-block-themeisle-blocks-advanced-heading-406755f8\" class=\"wp-block-themeisle-blocks-advanced-heading wp-block-themeisle-blocks-advanced-heading-406755f8\">COMO HACER un ARCOIRIS<\/h2>\n\n\n\n<p><a href=\"https:\/\/www.youtube.com\/watch?v=onb5PeKrmwQ&amp;t=1s&amp;ab_channel=PlanetarioUniversidadNacionaldeLaPlata\" target=\"_blank\" rel=\"noopener\" title=\"\">LINK<\/a><\/p>\n<\/div>\n<\/div>\n<\/div>\n<\/div><\/div>\n","protected":false},"excerpt":{"rendered":"","protected":false},"author":3,"featured_media":0,"parent":349,"menu_order":0,"comment_status":"closed","ping_status":"closed","template":"","meta":{"neve_meta_sidebar":"","neve_meta_container":"","neve_meta_enable_content_width":"","neve_meta_content_width":0,"neve_meta_title_alignment":"","neve_meta_author_avatar":"","neve_post_elements_order":"","neve_meta_disable_header":"","neve_meta_disable_footer":"","neve_meta_disable_title":"","neve_meta_reading_time":"","_themeisle_gutenberg_block_has_review":false,"footnotes":""},"class_list":["post-390","page","type-page","status-publish","hentry"],"aioseo_notices":[],"_links":{"self":[{"href":"https:\/\/www.fcaglp.unlp.edu.ar\/index.php\/wp-json\/wp\/v2\/pages\/390","targetHints":{"allow":["GET"]}}],"collection":[{"href":"https:\/\/www.fcaglp.unlp.edu.ar\/index.php\/wp-json\/wp\/v2\/pages"}],"about":[{"href":"https:\/\/www.fcaglp.unlp.edu.ar\/index.php\/wp-json\/wp\/v2\/types\/page"}],"author":[{"embeddable":true,"href":"https:\/\/www.fcaglp.unlp.edu.ar\/index.php\/wp-json\/wp\/v2\/users\/3"}],"replies":[{"embeddable":true,"href":"https:\/\/www.fcaglp.unlp.edu.ar\/index.php\/wp-json\/wp\/v2\/comments?post=390"}],"version-history":[{"count":7,"href":"https:\/\/www.fcaglp.unlp.edu.ar\/index.php\/wp-json\/wp\/v2\/pages\/390\/revisions"}],"predecessor-version":[{"id":6425,"href":"https:\/\/www.fcaglp.unlp.edu.ar\/index.php\/wp-json\/wp\/v2\/pages\/390\/revisions\/6425"}],"up":[{"embeddable":true,"href":"https:\/\/www.fcaglp.unlp.edu.ar\/index.php\/wp-json\/wp\/v2\/pages\/349"}],"wp:attachment":[{"href":"https:\/\/www.fcaglp.unlp.edu.ar\/index.php\/wp-json\/wp\/v2\/media?parent=390"}],"curies":[{"name":"wp","href":"https:\/\/api.w.org\/{rel}","templated":true}]}}