{"id":384,"date":"2022-03-09T11:10:17","date_gmt":"2022-03-09T14:10:17","guid":{"rendered":"http:\/\/www.fcaglp.unlp.edu.ar\/?page_id=384"},"modified":"2026-04-07T10:43:46","modified_gmt":"2026-04-07T13:43:46","slug":"reglamentos-fcag","status":"publish","type":"page","link":"https:\/\/www.fcaglp.unlp.edu.ar\/index.php\/institucional\/reglamentos\/reglamentos-fcag\/","title":{"rendered":"REGLAMENTOS FCAG"},"content":{"rendered":"\n<div id=\"wp-block-themeisle-blocks-advanced-columns-61e0b66e\" class=\"wp-block-themeisle-blocks-advanced-columns has-1-columns has-desktop-equal-layout has-tablet-equal-layout has-mobile-equal-layout has-vertical-unset\"><div class=\"wp-block-themeisle-blocks-advanced-columns-overlay\"><\/div><div class=\"innerblocks-wrap\">\n<div id=\"wp-block-themeisle-blocks-advanced-column-c4923a56\" class=\"wp-block-themeisle-blocks-advanced-column\">\n<div class=\"wp-block-file\"><a id=\"wp-block-file--media-ff3c0e60-77a0-41c6-a4d6-61ff12283d85\" href=\"https:\/\/www.fcaglp.unlp.edu.ar\/wp-content\/uploads\/2024\/08\/reglamento1.pdf\" target=\"_blank\" rel=\"noreferrer noopener\">REGLAMENTO N\u00ba 01 : Reglamentos de la Facultad<\/a><\/div>\n\n\n\n<div class=\"wp-block-file\"><a id=\"wp-block-file--media-c7af7c6c-c5d8-4574-831d-5fc5b6a20606\" href=\"https:\/\/www.fcaglp.unlp.edu.ar\/wp-content\/uploads\/2025\/04\/RCD_46-Modificacion-del-Articulo-11\u00b0-y-12\u00b0-del-Reglamento-2-4363-00_firmado_firmado.pdf\" target=\"_blank\" rel=\"noreferrer noopener\">REGLAMENTO N\u00ba 02 : Concursos de Profesores<\/a><\/div>\n\n\n\n<div class=\"wp-block-file\"><a id=\"wp-block-file--media-08fb668a-ccc3-4c7c-9744-cec0f81bc679\" href=\"https:\/\/www.fcaglp.unlp.edu.ar\/wp-content\/uploads\/2025\/04\/RCD_47-Modificacion-del-Articulo-21\u00b0-del-Reglamento-3-4365-00_firmado_firmado.pdf\" target=\"_blank\" rel=\"noreferrer noopener\">REGLAMENTO N\u00ba 03: Concursos de Auxiliares Docentes Graduados<\/a><\/div>\n\n\n\n<div class=\"wp-block-file\"><a id=\"wp-block-file--media-bdac8743-e690-4f2b-8a88-00dfe95ca579\" href=\"https:\/\/www.fcaglp.unlp.edu.ar\/wp-content\/uploads\/2024\/08\/reglamento4.pdf\" target=\"_blank\" rel=\"noreferrer noopener\">REGLAMENTO N\u00ba04: Funcionamiento del Consejo Directivo<\/a><\/div>\n\n\n\n<div class=\"wp-block-file\"><a id=\"wp-block-file--media-3ad3ef05-1687-42ee-b4e0-3a5d760bd225\" href=\"https:\/\/www.fcaglp.unlp.edu.ar\/wp-content\/uploads\/2024\/08\/reglamento6.pdf\" target=\"_blank\" rel=\"noreferrer noopener\">REGLAMENTO N\u00ba06: Comisiones de Servicios<\/a><\/div>\n\n\n\n<div class=\"wp-block-file\"><a id=\"wp-block-file--media-2693cf35-b721-47f9-bf66-d3348d0ff982\" href=\"https:\/\/www.fcaglp.unlp.edu.ar\/wp-content\/uploads\/2024\/08\/reglamento7.pdf\" target=\"_blank\" rel=\"noreferrer noopener\">REGLAMENTO N\u00ba07: Acefal\u00eda de la Facultad<\/a><\/div>\n\n\n\n<div class=\"wp-block-file\"><a id=\"wp-block-file--media-6cd86555-e508-4317-ae92-ae21c93cafa6\" href=\"https:\/\/www.fcaglp.unlp.edu.ar\/wp-content\/uploads\/2024\/08\/reglamento8.pdf\" target=\"_blank\" rel=\"noreferrer noopener\">REGLAMENTO N\u00ba08: Reglamento de Biblioteca<\/a><\/div>\n\n\n\n<div class=\"wp-block-file\"><a id=\"wp-block-file--media-48bb13cb-32ad-4ba2-8aa5-0bee05e76551\" href=\"https:\/\/www.fcaglp.unlp.edu.ar\/wp-content\/uploads\/2024\/08\/reglamento9.pdf\" target=\"_blank\" rel=\"noreferrer noopener\">REGLAMENTO N\u00ba09: Reglamento General de Uso de los Recursos de Computaci\u00f3n<\/a><\/div>\n\n\n\n<div class=\"wp-block-file\"><a id=\"wp-block-file--media-cf291493-9267-4916-803b-7e3db75361f3\" href=\"https:\/\/www.fcaglp.unlp.edu.ar\/wp-content\/uploads\/2024\/08\/reglamento10.pdf\" target=\"_blank\" rel=\"noreferrer noopener\">REGLAMENTO N\u00ba10: Actividades de Extensi\u00f3n &#8211; Operatoria de Unidades Ejecutoras<\/a><\/div>\n\n\n\n<div class=\"wp-block-file\"><a id=\"wp-block-file--media-73cc3d16-94b3-45b2-97a0-f88b1795a8c8\" href=\"https:\/\/www.fcaglp.unlp.edu.ar\/wp-content\/uploads\/2024\/08\/reglamento11.pdf\" target=\"_blank\" rel=\"noreferrer noopener\">REGLAMENTO N\u00ba11: Normas para el funcionamiento del Observatorio Geof\u00edsico de Trelew<\/a><\/div>\n\n\n\n<div class=\"wp-block-file\"><a id=\"wp-block-file--media-965597e4-d17d-49e6-a1af-314bb465d255\" href=\"https:\/\/www.fcaglp.unlp.edu.ar\/wp-content\/uploads\/2024\/08\/reglamento14.pdf\" target=\"_blank\" rel=\"noreferrer noopener\">REGLAMENTO N\u00ba14: Uso de veh\u00edculos<\/a><\/div>\n\n\n\n<div class=\"wp-block-file\"><a id=\"wp-block-file--media-b67f63d2-be56-4118-8157-c8671c4d7d68\" href=\"https:\/\/www.fcaglp.unlp.edu.ar\/wp-content\/uploads\/2024\/08\/reglamento16.pdf\" target=\"_blank\" rel=\"noreferrer noopener\">REGLAMENTO N\u00ba16: Reglamentaci\u00f3n de la Ordenanza 205 &#8211; Carreras de Doctorado y de Mag\u00edster<\/a><\/div>\n\n\n\n<div class=\"wp-block-file\"><a id=\"wp-block-file--media-a1f39010-acc9-4748-9e20-43f84ac944fd\" href=\"https:\/\/www.fcaglp.unlp.edu.ar\/wp-content\/uploads\/2024\/08\/reglamento17.pdf\" target=\"_blank\" rel=\"noreferrer noopener\">REGLAMENTO N\u00ba17: R\u00e9gimen Acad\u00e9mico de Grado<\/a><\/div>\n\n\n\n<div class=\"wp-block-file\"><a id=\"wp-block-file--media-f8b145bd-457d-4c59-973f-1abc0d4e038a\" href=\"https:\/\/www.fcaglp.unlp.edu.ar\/wp-content\/uploads\/2024\/08\/reglamento18.pdf\" target=\"_blank\" rel=\"noreferrer noopener\">REGLAMENTO N\u00ba18: Reglamentaci\u00f3n de la Ordenanza 261 &#8211; reglamento de las Carreras de Doctorado<\/a><\/div>\n\n\n\n<div class=\"wp-block-file\"><a id=\"wp-block-file--media-c5a79d6f-e051-4fb5-876f-b3bfa4d4f6b3\" href=\"https:\/\/www.fcaglp.unlp.edu.ar\/wp-content\/uploads\/2024\/08\/reglamento19.pdf\" target=\"_blank\" rel=\"noreferrer noopener\">REGLAMENTO N\u00ba19: Seminario de Grado (reformado 2015)<\/a><\/div>\n\n\n\n<div class=\"wp-block-file\"><a id=\"wp-block-file--media-125f4d75-71e9-4624-b326-5f10095a5531\" href=\"https:\/\/www.fcaglp.unlp.edu.ar\/wp-content\/uploads\/2024\/08\/reglamento20.pdf\" target=\"_blank\" rel=\"noreferrer noopener\">REGLAMENTO N\u00ba20: Pr\u00e1ctica de la Especialidad, Tesis de Licenciatura y Tesis de Grado<\/a><\/div>\n\n\n\n<div class=\"wp-block-file\"><a id=\"wp-block-file--media-d3eaf0c4-b049-412e-b03c-c88bfb743994\" href=\"https:\/\/www.fcaglp.unlp.edu.ar\/wp-content\/uploads\/2024\/08\/reglamento21.pdf\" target=\"_blank\" rel=\"noreferrer noopener\">REGLAMENTO N\u00ba21: Pautas para la adjudicaci\u00f3n de lugar de trabajo<\/a><\/div>\n\n\n\n<div class=\"wp-block-file\"><a id=\"wp-block-file--media-bd9a4164-3a3c-45cf-990a-932a8fab319c\" href=\"https:\/\/www.fcaglp.unlp.edu.ar\/wp-content\/uploads\/2026\/04\/RCD_41-Modificacion-del-Reglamento-No-22-de-FCAG-1129-06_firmado.pdf\" target=\"_blank\" rel=\"noreferrer noopener\">REGLAMENTO N\u00ba22: Concurso de Auxiliares Docentes Alumnos<\/a><\/div>\n\n\n\n<div class=\"wp-block-file\"><a id=\"wp-block-file--media-cb571be3-4c16-401c-ad3c-5f7f8e55b0f7\" href=\"https:\/\/www.fcaglp.unlp.edu.ar\/wp-content\/uploads\/2024\/08\/reglamento23.pdf\">REGLAMENTO N\u00ba23: Funcionamiento de Institutos, Centros y Laboratorios mixtos con sede en la Facultad<\/a><\/div>\n\n\n\n<div class=\"wp-block-file\"><a id=\"wp-block-file--media-055daebf-3479-45cd-9625-d59825dbbf2e\" href=\"https:\/\/www.fcaglp.unlp.edu.ar\/wp-content\/uploads\/2024\/08\/reglamento24.pdf\" target=\"_blank\" rel=\"noreferrer noopener\">REGLAMENTO N\u00ba24: Funcionamiento de la Maestr\u00eda en Geom\u00e1tica<\/a><\/div>\n\n\n\n<div class=\"wp-block-file\"><a id=\"wp-block-file--media-4c4d628a-3611-49b9-8ed4-931dc276f4f3\" href=\"https:\/\/www.fcaglp.unlp.edu.ar\/wp-content\/uploads\/2024\/08\/reglamento25.pdf\" target=\"_blank\" rel=\"noreferrer noopener\">REGLAMENTO N\u00ba25: R\u00e9gimen para la cesi\u00f3n de observaciones y datos de la facultad con fines acad\u00e9mico-cient\u00edficos<\/a><\/div>\n\n\n\n<div class=\"wp-block-file\"><a id=\"wp-block-file--media-919fb33d-22e9-4734-9f24-9a7528b0ad57\" href=\"https:\/\/www.fcaglp.unlp.edu.ar\/wp-content\/uploads\/2024\/08\/reglamento26.pdf\" target=\"_blank\" rel=\"noreferrer noopener\">REGLAMENTO N\u00ba26: Reglamento General de Uso del equipamiento Fotogr\u00e1fico<\/a><\/div>\n\n\n\n<div class=\"wp-block-file\"><a id=\"wp-block-file--media-e754e5e2-c467-4db9-a009-933f910e0016\" href=\"https:\/\/www.fcaglp.unlp.edu.ar\/wp-content\/uploads\/2024\/08\/reglamento27.pdf\" target=\"_blank\" rel=\"noreferrer noopener\">REGLAMENTO N\u00ba27: Reglamento General de Uso de Equipamiento Mayor<\/a><\/div>\n\n\n\n<div class=\"wp-block-file\"><a id=\"wp-block-file--media-61506165-f955-44b4-bba1-b6739335fcf8\" href=\"https:\/\/www.fcaglp.unlp.edu.ar\/wp-content\/uploads\/2026\/04\/RCD_42-Modificacion-del-Reglamento-No-28-de-FCAG-589-24_firmado.pdf\" target=\"_blank\" rel=\"noreferrer noopener\">REGLAMENTO N\u00ba28: Justificaci\u00f3n de inasistencias estudiantiles extraordinarias<\/a><\/div>\n\n\n\n<div class=\"wp-block-file\"><a id=\"wp-block-file--media-a27deaa5-368b-422a-9325-2c851d9151ea\" href=\"https:\/\/www.fcaglp.unlp.edu.ar\/wp-content\/uploads\/2024\/08\/reglamento29.pdf\" target=\"_blank\" rel=\"noreferrer noopener\">REGLAMENTO N\u00ba29: Acreditaci\u00f3n de horas dedicadas a la extensi\u00f3n<\/a><\/div>\n\n\n\n<div class=\"wp-block-file\"><a id=\"wp-block-file--media-392e1f75-bcf4-4907-8ff2-dcdbc77ff067\" href=\"https:\/\/www.fcaglp.unlp.edu.ar\/wp-content\/uploads\/2024\/08\/reglamento30.pdf\" target=\"_blank\" rel=\"noreferrer noopener\">REGLAMENTO N\u00ba30: Convocatoria y Desarrollo de Proyectos y Programas de Extensi\u00f3n<\/a><\/div>\n\n\n\n<div class=\"wp-block-file\"><a id=\"wp-block-file--media-7de80192-1af6-4054-bc55-60f05e938bf4\" href=\"https:\/\/www.fcaglp.unlp.edu.ar\/wp-content\/uploads\/2024\/08\/reglamento31.pdf\" target=\"_blank\" rel=\"noreferrer noopener\">REGLAMENTO N\u00ba31: Reglamentaci\u00f3n de las escuelas &#8220;La Plata International School (LAPIS)&#8221; y &#8220;Escuela Nacional e Interamericana de Geof\u00edsica, Meteorolog\u00eda y Astronom\u00eda (ENIGMAs)&#8221;<\/a><\/div>\n<\/div>\n<\/div><\/div>\n\n\n\n<div class=\"wp-block-file\"><a id=\"wp-block-file--media-b5342bc4-5e40-45b1-af1d-ea0e5cd1a3c4\" href=\"https:\/\/www.fcaglp.unlp.edu.ar\/wp-content\/uploads\/2024\/08\/reglamento32.pdf\" target=\"_blank\" rel=\"noreferrer noopener\">REGLAMENTO N\u00ba32: Reglamentaci\u00f3n para la creaci\u00f3n, categorizaci\u00f3n, funcionamiento y evaluaci\u00f3n de Unidades Promocionales de Investigaci\u00f3n y Desarrollo (UPID)<\/a><\/div>\n\n\n\n<div class=\"wp-block-file\"><a id=\"wp-block-file--media-442ae12d-7efe-4b77-8367-7b894b2031f4\" href=\"https:\/\/www.fcaglp.unlp.edu.ar\/wp-content\/uploads\/2025\/12\/RCD_249-Reglamento-Interno-No33-Grupo-de-Investigacion-y-Desarrollo-en-Radiofrecuencia-e-Instrumentacion-GIDRI-841-25_firmado_firmado.pdf\">REGLAMENTO N\u00ba33: Grupo de Investigaci\u00f3n y Desarrollo en Radiofrecuencia e Instrumentaci\u00f3n (GIDRI) <\/a><\/div>\n\n\n\n<div class=\"wp-block-file\"><a id=\"wp-block-file--media-273b7a89-69a5-43d4-889d-6179b55ec2ac\" href=\"https:\/\/www.fcaglp.unlp.edu.ar\/wp-content\/uploads\/2025\/12\/RCD_250-Reglamento-Interno-No34-Grupo-de-Investigaciones-en-Geociencias-Aplicadas-GIGA-814-25-copia_firmado_firmado.pdf\">REGLAMENTO N\u00ba34: Grupo de Investigaciones en Geociencias Aplicadas (GIGA)<\/a><\/div>\n\n\n\n<div class=\"wp-block-file\"><a id=\"wp-block-file--media-e92e0bc2-9bac-4e5b-a5e4-1bcad08b8534\" href=\"https:\/\/www.fcaglp.unlp.edu.ar\/wp-content\/uploads\/2025\/12\/RCD_251-Reglamento-Interno-No35-Grupo-de-Investigacione-en-Clima-Variabilidad-y-Extremos-CLAVE-838-25_firmado_firmado.pdf\">REGLAMENTO N\u00ba35: Grupo de Investigacione en Clima, Variabilidad y Extremos (CLAVE)<\/a><\/div>\n\n\n\n<p><\/p>\n","protected":false},"excerpt":{"rendered":"","protected":false},"author":18,"featured_media":0,"parent":337,"menu_order":0,"comment_status":"closed","ping_status":"closed","template":"","meta":{"neve_meta_sidebar":"","neve_meta_container":"","neve_meta_enable_content_width":"","neve_meta_content_width":0,"neve_meta_title_alignment":"","neve_meta_author_avatar":"","neve_post_elements_order":"","neve_meta_disable_header":"","neve_meta_disable_footer":"","neve_meta_disable_title":"","neve_meta_reading_time":"","_themeisle_gutenberg_block_has_review":false,"footnotes":""},"class_list":["post-384","page","type-page","status-publish","hentry"],"aioseo_notices":[],"_links":{"self":[{"href":"https:\/\/www.fcaglp.unlp.edu.ar\/index.php\/wp-json\/wp\/v2\/pages\/384","targetHints":{"allow":["GET"]}}],"collection":[{"href":"https:\/\/www.fcaglp.unlp.edu.ar\/index.php\/wp-json\/wp\/v2\/pages"}],"about":[{"href":"https:\/\/www.fcaglp.unlp.edu.ar\/index.php\/wp-json\/wp\/v2\/types\/page"}],"author":[{"embeddable":true,"href":"https:\/\/www.fcaglp.unlp.edu.ar\/index.php\/wp-json\/wp\/v2\/users\/18"}],"replies":[{"embeddable":true,"href":"https:\/\/www.fcaglp.unlp.edu.ar\/index.php\/wp-json\/wp\/v2\/comments?post=384"}],"version-history":[{"count":18,"href":"https:\/\/www.fcaglp.unlp.edu.ar\/index.php\/wp-json\/wp\/v2\/pages\/384\/revisions"}],"predecessor-version":[{"id":16741,"href":"https:\/\/www.fcaglp.unlp.edu.ar\/index.php\/wp-json\/wp\/v2\/pages\/384\/revisions\/16741"}],"up":[{"embeddable":true,"href":"https:\/\/www.fcaglp.unlp.edu.ar\/index.php\/wp-json\/wp\/v2\/pages\/337"}],"wp:attachment":[{"href":"https:\/\/www.fcaglp.unlp.edu.ar\/index.php\/wp-json\/wp\/v2\/media?parent=384"}],"curies":[{"name":"wp","href":"https:\/\/api.w.org\/{rel}","templated":true}]}}