{"id":349,"date":"2022-03-09T10:54:58","date_gmt":"2022-03-09T13:54:58","guid":{"rendered":"http:\/\/www.fcaglp.unlp.edu.ar\/?page_id=349"},"modified":"2025-05-14T09:52:25","modified_gmt":"2025-05-14T12:52:25","slug":"contenido-educativo","status":"publish","type":"page","link":"https:\/\/www.fcaglp.unlp.edu.ar\/index.php\/institucional\/contenido-educativo\/","title":{"rendered":"RESERVA DE TURNOS PARA VISITAS"},"content":{"rendered":"\n<div class=\"wp-block-columns is-layout-flex wp-container-core-columns-is-layout-9d6595d7 wp-block-columns-is-layout-flex\">\n<div class=\"wp-block-column is-layout-flow wp-block-column-is-layout-flow\">\n<p><strong>\u00bfQuer\u00e9s visitarnos?<\/strong><br>Tenemos un nuevo sistema de\u00a0<strong>RESERVA DE TURNOS para visitas<\/strong>\u00a0y ya no hace falta que te comuniques por tel\u00e9fono ni mandes un email,<br>ahora vas a poder tomar turnos mucho m\u00e1s f\u00e1cil!<\/p>\n\n\n\n<div class=\"wp-block-columns is-layout-flex wp-container-core-columns-is-layout-9d6595d7 wp-block-columns-is-layout-flex\">\n<div class=\"wp-block-column is-layout-flow wp-block-column-is-layout-flow\">\n<p>A partir de 2025,\u00a0<strong>SOLO PARA ESCUELAS Y\/O GRUPOS NO ESCOLARES DE M\u00c1S DE 30 PERSONAS<\/strong>, los turnos para Visitas Tem\u00e1ticas, Institucionales y\/o Nocturnas se realizar\u00e1n a trav\u00e9s de la p\u00e1gina web <strong>>>><\/strong><\/p>\n<\/div>\n\n\n\n<div class=\"wp-block-column is-layout-flow wp-block-column-is-layout-flow\">\n<p><a href=\"https:\/\/turnos.planetario.unlp.edu.ar\" target=\"_blank\" rel=\"noopener\" title=\"\">https:\/\/turnos.planetario.unlp.edu.ar<\/a><br>Pod\u00e9s ver los tutoriales instructivos para sacar los turnos\u00a0<strong><a href=\"https:\/\/www.youtube.com\/@PlanetarioCiudaddeLaPlata\/videos\" target=\"_blank\" rel=\"noopener\" title=\"\">AC\u00c1<\/a><\/strong><\/p>\n<\/div>\n<\/div>\n\n\n\n<figure class=\"wp-block-image size-large is-resized\"><img fetchpriority=\"high\" decoding=\"async\" width=\"1024\" height=\"365\" src=\"https:\/\/www.fcaglp.unlp.edu.ar\/wp-content\/uploads\/2025\/05\/web.plane_-1024x365.jpg\" alt=\"\" class=\"wp-image-12089\" style=\"object-fit:cover;width:1170px;height:auto\" srcset=\"https:\/\/www.fcaglp.unlp.edu.ar\/wp-content\/uploads\/2025\/05\/web.plane_-1024x365.jpg 1024w, https:\/\/www.fcaglp.unlp.edu.ar\/wp-content\/uploads\/2025\/05\/web.plane_-300x107.jpg 300w, https:\/\/www.fcaglp.unlp.edu.ar\/wp-content\/uploads\/2025\/05\/web.plane_-768x273.jpg 768w, https:\/\/www.fcaglp.unlp.edu.ar\/wp-content\/uploads\/2025\/05\/web.plane_-1536x547.jpg 1536w, https:\/\/www.fcaglp.unlp.edu.ar\/wp-content\/uploads\/2025\/05\/web.plane_-2048x729.jpg 2048w\" sizes=\"(max-width: 1024px) 100vw, 1024px\" \/><\/figure>\n\n\n\n<div class=\"wp-block-columns is-layout-flex wp-container-core-columns-is-layout-9d6595d7 wp-block-columns-is-layout-flex\">\n<div class=\"wp-block-column is-layout-flow wp-block-column-is-layout-flow\">\n<p><\/p>\n\n\n\n<p><strong>Qu\u00e9 tipos de visitas puedo reservar?<\/strong><\/p>\n\n\n\n<p><em><strong>* Visita diurna Institucional (Observatorio Astron\u00f3mico)<\/strong><\/em><br>Se recorre el Observatorio Astron\u00f3mico, su historia y las actividades que all\u00ed se realizan.<br>Se visita la Biblioteca, el parque, los telescopios hist\u00f3ricos y el Museo de Astronom\u00eda y Geof\u00edsica.<br><em>Grupo de 35 personas m\u00e1ximo<\/em><br>\u2022Tiene una duraci\u00f3n de una hora y media. Hay dos turnos diarios de martes a viernes. Horarios: 10:00 h y &nbsp;14:30 h<\/p>\n\n\n\n<p><br><em><strong>*&nbsp;Visita diurna Tem\u00e1tica (experiencias dentro del domo del Planetario UNLP)<\/strong><\/em><br>Es una experiencia inmersiva dentro del domo del Planetario, dirigida por un gu\u00eda. Se abordan tem\u00e1ticas espec\u00edficas acerca de Astronom\u00eda, Geof\u00edsica y\/o Meteorolog\u00eda que se incluyen en la curr\u00edcula escolar. La oferta se adapta acorde al grupo.<br>\u2022Tiene una duraci\u00f3n de una hora. Se ofrecen cuatro turnos diarios de martes a viernes, dos a la ma\u00f1ana y dos a la tarde. Horarios: 9:00, 10:30, 13:30 y 15:30 h<\/p>\n<\/div>\n\n\n\n<div class=\"wp-block-column is-layout-flow wp-block-column-is-layout-flow\">\n<p><\/p>\n\n\n\n<p><\/p>\n\n\n\n<p><em><strong>*&nbsp;Visita Nocturna (Observatorio Astron\u00f3mico con observaci\u00f3n por telescopio)<\/strong><\/em><br>Se recorre el Observatorio Astron\u00f3mico, su historia y las actividades que all\u00ed se realizan. Se visita la Biblioteca, el parque, los telescopios hist\u00f3ricos y el Museo de Astronom\u00eda y Geof\u00edsica. Tambi\u00e9n se realiza una observaci\u00f3n astron\u00f3mica por telescopio si est\u00e1 despejado. No se suspende por mal tiempo, si esto pasa, s\u00f3lo se hace el recorrido.<br>\u2022Tiene una duraci\u00f3n de dos horas. Se ofrece un turno diario de lunes a jueves, siendo&nbsp;<em>lunes, martes y mi\u00e9rcoles una actividad arancelada<\/em>. Horarios: 19:00 h (abril a septiembre) 20:00 h (octubre y noviembre)<\/p>\n\n\n\n<p>Si ten\u00e9s consultas podes comunicarte al tel\u00e9fono<br><em><strong>423 6593 int.\u00a01112 \/ 1171<\/strong><\/em><br>o bien enviarnos un correo electr\u00f3nico a<br><strong><em>visitas.obser@gmail.com<\/em><\/strong><\/p>\n<\/div>\n<\/div>\n<\/div>\n<\/div>\n","protected":false},"excerpt":{"rendered":"<p>\u00bfQuer\u00e9s visitarnos?Tenemos un nuevo sistema de\u00a0RESERVA DE TURNOS para visitas\u00a0y ya no hace falta que te comuniques por tel\u00e9fono ni mandes un email,ahora vas a poder tomar turnos mucho m\u00e1s f\u00e1cil! A partir de 2025,\u00a0SOLO PARA ESCUELAS Y\/O GRUPOS NO ESCOLARES DE M\u00c1S DE 30 PERSONAS, los turnos para Visitas Tem\u00e1ticas, Institucionales y\/o Nocturnas se&hellip;&nbsp;<a href=\"https:\/\/www.fcaglp.unlp.edu.ar\/index.php\/institucional\/contenido-educativo\/\" rel=\"bookmark\">Read More &raquo;<span class=\"screen-reader-text\">RESERVA DE TURNOS PARA VISITAS<\/span><\/a><\/p>\n","protected":false},"author":3,"featured_media":0,"parent":6405,"menu_order":0,"comment_status":"closed","ping_status":"closed","template":"","meta":{"neve_meta_sidebar":"","neve_meta_container":"","neve_meta_enable_content_width":"","neve_meta_content_width":0,"neve_meta_title_alignment":"","neve_meta_author_avatar":"","neve_post_elements_order":"","neve_meta_disable_header":"","neve_meta_disable_footer":"","neve_meta_disable_title":"","neve_meta_reading_time":"","_themeisle_gutenberg_block_has_review":false,"footnotes":""},"class_list":["post-349","page","type-page","status-publish","hentry"],"aioseo_notices":[],"_links":{"self":[{"href":"https:\/\/www.fcaglp.unlp.edu.ar\/index.php\/wp-json\/wp\/v2\/pages\/349","targetHints":{"allow":["GET"]}}],"collection":[{"href":"https:\/\/www.fcaglp.unlp.edu.ar\/index.php\/wp-json\/wp\/v2\/pages"}],"about":[{"href":"https:\/\/www.fcaglp.unlp.edu.ar\/index.php\/wp-json\/wp\/v2\/types\/page"}],"author":[{"embeddable":true,"href":"https:\/\/www.fcaglp.unlp.edu.ar\/index.php\/wp-json\/wp\/v2\/users\/3"}],"replies":[{"embeddable":true,"href":"https:\/\/www.fcaglp.unlp.edu.ar\/index.php\/wp-json\/wp\/v2\/comments?post=349"}],"version-history":[{"count":15,"href":"https:\/\/www.fcaglp.unlp.edu.ar\/index.php\/wp-json\/wp\/v2\/pages\/349\/revisions"}],"predecessor-version":[{"id":12094,"href":"https:\/\/www.fcaglp.unlp.edu.ar\/index.php\/wp-json\/wp\/v2\/pages\/349\/revisions\/12094"}],"up":[{"embeddable":true,"href":"https:\/\/www.fcaglp.unlp.edu.ar\/index.php\/wp-json\/wp\/v2\/pages\/6405"}],"wp:attachment":[{"href":"https:\/\/www.fcaglp.unlp.edu.ar\/index.php\/wp-json\/wp\/v2\/media?parent=349"}],"curies":[{"name":"wp","href":"https:\/\/api.w.org\/{rel}","templated":true}]}}