{"id":345,"date":"2022-03-09T10:54:18","date_gmt":"2022-03-09T13:54:18","guid":{"rendered":"http:\/\/www.fcaglp.unlp.edu.ar\/?page_id=345"},"modified":"2024-06-13T10:48:52","modified_gmt":"2024-06-13T13:48:52","slug":"dpto-economico-financiero","status":"publish","type":"page","link":"https:\/\/www.fcaglp.unlp.edu.ar\/index.php\/administrativa\/dpto-economico-financiero\/","title":{"rendered":"DPTO ECON\u00d3MICO FINANCIERO"},"content":{"rendered":"\n<div class=\"wp-block-columns is-layout-flex wp-container-core-columns-is-layout-9d6595d7 wp-block-columns-is-layout-flex\">\n<div class=\"wp-block-column is-layout-flow wp-block-column-is-layout-flow\">\n<p>La Direcci\u00f3n Econ\u00f3mico Financiera es la encargada de:<\/p>\n\n\n\n<ul class=\"wp-block-list\">\n<li>Gestionar las operaciones de car\u00e1cter Econ\u00f3mico Financiero de la Facultad.<\/li>\n<\/ul>\n\n\n\n<p><\/p>\n\n\n\n<p><strong>COMPRAS<\/strong><br>Compras tiene como objetivo gestionar la adquisici\u00f3n y contrataci\u00f3n de bienes y servicios para el desarrollo de actividades acad\u00e9micas, administrativas y de servicios generales de la Facultad.<br>Sus principales funciones consisten en:<\/p>\n\n\n\n<ul class=\"wp-block-list\">\n<li>Recepcionar y controlar las solicitudes de compras efectuadas por los distintos integrantes de la comunidad acad\u00e9mica.<\/li>\n\n\n\n<li>Efectuar el procedimiento de compras conforme a la normativa vigente en el \u00e1mbito de la Universidad (Resol. 1153\/2011) y del sistema Nacional de Compras y Contrataciones\u00a0 (Decreto 436\/00).<\/li>\n<\/ul>\n\n\n\n<p><strong>CONTABLE<\/strong><br>Contadur\u00eda tiene como objetivo realizar la imputaci\u00f3n\u00a0 presupuestaria de los tr\u00e1mites con impacto econ\u00f3mico financiero para el desarrollo de las actividades de la Facultad.<br>Sus principales funciones consisten en:<\/p>\n\n\n\n<ul class=\"wp-block-list\">\n<li>Analizar y realizar el seguimiento presupuestario.<\/li>\n\n\n\n<li>Imputar contablemente (Preventivo, Compromiso, Devengado).<\/li>\n\n\n\n<li>Controlar a nivel interno las diferentes etapas de los tr\u00e1mites econ\u00f3mico-financiero.<\/li>\n\n\n\n<li>Confeccionar los contratos que se financian desde el Tesoro Nacional.\u00a0<\/li>\n<\/ul>\n\n\n\n<p><strong>PATRIMONIO<\/strong><br>Patrimonio tiene como objetivo mantener actualizado el inventario de bienes de la\u00a0 Facultad.<br>Sus principales funciones consisten en:<\/p>\n\n\n\n<ul class=\"wp-block-list\">\n<li>Efectuar las altas de los bienes inventariables que se incorporen al patrimonio de la Facultad, sea por adquisici\u00f3n, donaci\u00f3n o producci\u00f3n propia.<\/li>\n\n\n\n<li>Mantener un registro actualizado de la ubicaci\u00f3n de los bines y los responsables de su conservaci\u00f3n y custodia.<\/li>\n\n\n\n<li>Tramitar las bajas del patrimonio de los bienes que se produzcan por venta, obsolescencia, destrucci\u00f3n u otra causal.<\/li>\n<\/ul>\n<\/div>\n\n\n\n<div class=\"wp-block-column is-layout-flow wp-block-column-is-layout-flow\">\n<p><\/p>\n\n\n\n<ul class=\"wp-block-list\">\n<li>Supervisar las \u00e1reas a su cargo (Compras, Contadur\u00eda, Tesorer\u00eda, Servicios a Terceros, Rendiciones y Patrimonio).<\/li>\n<\/ul>\n\n\n\n<p><\/p>\n\n\n\n<p><strong>TESORER\u00cdA<\/strong><br>Tesorer\u00eda tiene como objetivo el registro de los ingresos y egresos financieros de la Facultad.<br>Sus principales funciones consisten en:<\/p>\n\n\n\n<ul class=\"wp-block-list\">\n<li>Registro y Pago a los proveedores.<\/li>\n\n\n\n<li>Efectuar retenciones impositivas por los pagos realizados.<\/li>\n\n\n\n<li>Control de los ingresos y egresos de fondos institucionales.<\/li>\n\n\n\n<li>Conciliaciones Bancarias.<\/li>\n\n\n\n<li>Entrega de Recibos de Sueldos y certificaciones de haberes.<\/li>\n<\/ul>\n\n\n\n<p><strong>RENDICIONES<\/strong><br>Rendiciones tiene como objetivo encargarse de las confecci\u00f3n de las\u00a0 rendiciones a enviarse a Universidad.<br>Sus principales \u00e1reas de rendiciones son:<\/p>\n\n\n\n<ul class=\"wp-block-list\">\n<li>Fondos de Tesoro Nacional.<\/li>\n\n\n\n<li>Fondos de Recursos Propios.<\/li>\n\n\n\n<li>Subsidios recibidos por los Investigadores de la Instituci\u00f3n.<\/li>\n\n\n\n<li>Otros programas o subsidios que impliquen ingreso de fondos a la facultad con cargo a rendir su utilizaci\u00f3n.<\/li>\n<\/ul>\n<\/div>\n<\/div>\n","protected":false},"excerpt":{"rendered":"<p>La Direcci\u00f3n Econ\u00f3mico Financiera es la encargada de: COMPRASCompras tiene como objetivo gestionar la adquisici\u00f3n y contrataci\u00f3n de bienes y servicios para el desarrollo de actividades acad\u00e9micas, administrativas y de servicios generales de la Facultad.Sus principales funciones consisten en: CONTABLEContadur\u00eda tiene como objetivo realizar la imputaci\u00f3n\u00a0 presupuestaria de los tr\u00e1mites con impacto econ\u00f3mico financiero para&hellip;&nbsp;<a href=\"https:\/\/www.fcaglp.unlp.edu.ar\/index.php\/administrativa\/dpto-economico-financiero\/\" rel=\"bookmark\">Read More &raquo;<span class=\"screen-reader-text\">DPTO ECON\u00d3MICO FINANCIERO<\/span><\/a><\/p>\n","protected":false},"author":3,"featured_media":0,"parent":1787,"menu_order":0,"comment_status":"closed","ping_status":"closed","template":"","meta":{"neve_meta_sidebar":"","neve_meta_container":"","neve_meta_enable_content_width":"","neve_meta_content_width":0,"neve_meta_title_alignment":"","neve_meta_author_avatar":"","neve_post_elements_order":"","neve_meta_disable_header":"","neve_meta_disable_footer":"","neve_meta_disable_title":"","neve_meta_reading_time":"","_themeisle_gutenberg_block_has_review":false,"footnotes":""},"class_list":["post-345","page","type-page","status-publish","hentry"],"aioseo_notices":[],"_links":{"self":[{"href":"https:\/\/www.fcaglp.unlp.edu.ar\/index.php\/wp-json\/wp\/v2\/pages\/345","targetHints":{"allow":["GET"]}}],"collection":[{"href":"https:\/\/www.fcaglp.unlp.edu.ar\/index.php\/wp-json\/wp\/v2\/pages"}],"about":[{"href":"https:\/\/www.fcaglp.unlp.edu.ar\/index.php\/wp-json\/wp\/v2\/types\/page"}],"author":[{"embeddable":true,"href":"https:\/\/www.fcaglp.unlp.edu.ar\/index.php\/wp-json\/wp\/v2\/users\/3"}],"replies":[{"embeddable":true,"href":"https:\/\/www.fcaglp.unlp.edu.ar\/index.php\/wp-json\/wp\/v2\/comments?post=345"}],"version-history":[{"count":4,"href":"https:\/\/www.fcaglp.unlp.edu.ar\/index.php\/wp-json\/wp\/v2\/pages\/345\/revisions"}],"predecessor-version":[{"id":6279,"href":"https:\/\/www.fcaglp.unlp.edu.ar\/index.php\/wp-json\/wp\/v2\/pages\/345\/revisions\/6279"}],"up":[{"embeddable":true,"href":"https:\/\/www.fcaglp.unlp.edu.ar\/index.php\/wp-json\/wp\/v2\/pages\/1787"}],"wp:attachment":[{"href":"https:\/\/www.fcaglp.unlp.edu.ar\/index.php\/wp-json\/wp\/v2\/media?parent=345"}],"curies":[{"name":"wp","href":"https:\/\/api.w.org\/{rel}","templated":true}]}}