{"id":335,"date":"2022-03-09T10:52:46","date_gmt":"2022-03-09T13:52:46","guid":{"rendered":"http:\/\/www.fcaglp.unlp.edu.ar\/?page_id=335"},"modified":"2025-12-16T09:04:51","modified_gmt":"2025-12-16T12:04:51","slug":"secretarias","status":"publish","type":"page","link":"https:\/\/www.fcaglp.unlp.edu.ar\/index.php\/institucional\/secretarias\/","title":{"rendered":"SECRETAR\u00cdAS"},"content":{"rendered":"\n<div class=\"wp-block-columns is-layout-flex wp-container-core-columns-is-layout-9d6595d7 wp-block-columns-is-layout-flex\">\n<div class=\"wp-block-column is-layout-flow wp-block-column-is-layout-flow\">\n<p>La estructura de la FCAG, est\u00e1 organizada en Secretar\u00edas, con funciones y \u00e1reas de influencia determinadas.<br>Cada una de ellas tiene tareas espec\u00edficas que responden a los objetivos planteados de la Facultad y, en conjunto, establecen relaciones con la comunidad de influencia que forman parte de ella. Las secretar\u00edas que componen la estructura de la Facultad son:<\/p>\n<\/div>\n<\/div>\n\n\n\n<div class=\"wp-block-columns is-layout-flex wp-container-core-columns-is-layout-9d6595d7 wp-block-columns-is-layout-flex\">\n<div class=\"wp-block-column is-layout-flow wp-block-column-is-layout-flow\">\n<ul class=\"wp-block-list\">\n<li>Secretar\u00eda de Asuntos Acad\u00e9micos<\/li>\n\n\n\n<li>Secretar\u00eda de Bienestar Estudiantil<\/li>\n\n\n\n<li>Secretar\u00eda de Extensi\u00f3n&nbsp;<\/li>\n\n\n\n<li>Secretar\u00eda de Ciencia y T\u00e9cnica\u00a0<\/li>\n<\/ul>\n<\/div>\n\n\n\n<div class=\"wp-block-column is-layout-flow wp-block-column-is-layout-flow\">\n<ul class=\"wp-block-list\">\n<li>Secretar\u00eda de Posgrado\u00a0<\/li>\n\n\n\n<li>Secretar\u00eda Administrativa<\/li>\n\n\n\n<li>Planetario&nbsp;<\/li>\n\n\n\n<li>Museo de Astronom\u00eda y Geof\u00edsica<\/li>\n<\/ul>\n<\/div>\n<\/div>\n","protected":false},"excerpt":{"rendered":"<p>La estructura de la FCAG, est\u00e1 organizada en Secretar\u00edas, con funciones y \u00e1reas de influencia determinadas.Cada una de ellas tiene tareas espec\u00edficas que responden a los objetivos planteados de la Facultad y, en conjunto, establecen relaciones con la comunidad de influencia que forman parte de ella. Las secretar\u00edas que componen la estructura de la Facultad&hellip;&nbsp;<a href=\"https:\/\/www.fcaglp.unlp.edu.ar\/index.php\/institucional\/secretarias\/\" rel=\"bookmark\">Read More &raquo;<span class=\"screen-reader-text\">SECRETAR\u00cdAS<\/span><\/a><\/p>\n","protected":false},"author":3,"featured_media":0,"parent":6405,"menu_order":0,"comment_status":"closed","ping_status":"closed","template":"","meta":{"neve_meta_sidebar":"","neve_meta_container":"","neve_meta_enable_content_width":"","neve_meta_content_width":0,"neve_meta_title_alignment":"","neve_meta_author_avatar":"","neve_post_elements_order":"","neve_meta_disable_header":"","neve_meta_disable_footer":"","neve_meta_disable_title":"","neve_meta_reading_time":"","_themeisle_gutenberg_block_has_review":false,"footnotes":""},"class_list":["post-335","page","type-page","status-publish","hentry"],"aioseo_notices":[],"_links":{"self":[{"href":"https:\/\/www.fcaglp.unlp.edu.ar\/index.php\/wp-json\/wp\/v2\/pages\/335","targetHints":{"allow":["GET"]}}],"collection":[{"href":"https:\/\/www.fcaglp.unlp.edu.ar\/index.php\/wp-json\/wp\/v2\/pages"}],"about":[{"href":"https:\/\/www.fcaglp.unlp.edu.ar\/index.php\/wp-json\/wp\/v2\/types\/page"}],"author":[{"embeddable":true,"href":"https:\/\/www.fcaglp.unlp.edu.ar\/index.php\/wp-json\/wp\/v2\/users\/3"}],"replies":[{"embeddable":true,"href":"https:\/\/www.fcaglp.unlp.edu.ar\/index.php\/wp-json\/wp\/v2\/comments?post=335"}],"version-history":[{"count":7,"href":"https:\/\/www.fcaglp.unlp.edu.ar\/index.php\/wp-json\/wp\/v2\/pages\/335\/revisions"}],"predecessor-version":[{"id":15431,"href":"https:\/\/www.fcaglp.unlp.edu.ar\/index.php\/wp-json\/wp\/v2\/pages\/335\/revisions\/15431"}],"up":[{"embeddable":true,"href":"https:\/\/www.fcaglp.unlp.edu.ar\/index.php\/wp-json\/wp\/v2\/pages\/6405"}],"wp:attachment":[{"href":"https:\/\/www.fcaglp.unlp.edu.ar\/index.php\/wp-json\/wp\/v2\/media?parent=335"}],"curies":[{"name":"wp","href":"https:\/\/api.w.org\/{rel}","templated":true}]}}