{"id":333,"date":"2022-03-09T10:52:31","date_gmt":"2022-03-09T13:52:31","guid":{"rendered":"http:\/\/www.fcaglp.unlp.edu.ar\/?page_id=333"},"modified":"2025-02-17T13:12:50","modified_gmt":"2025-02-17T16:12:50","slug":"como-visitarnos","status":"publish","type":"page","link":"https:\/\/www.fcaglp.unlp.edu.ar\/index.php\/institucional\/como-visitarnos\/","title":{"rendered":"C\u00d3MO VISITARNOS"},"content":{"rendered":"\n<figure class=\"wp-block-image size-full is-resized\"><img fetchpriority=\"high\" decoding=\"async\" width=\"1024\" height=\"724\" src=\"https:\/\/www.fcaglp.unlp.edu.ar\/wp-content\/uploads\/2025\/02\/big_f52f87344100cbc1bd8ad4c484b3f36a.jpg\" alt=\"\" class=\"wp-image-10895\" style=\"width:1168px;height:auto\" srcset=\"https:\/\/www.fcaglp.unlp.edu.ar\/wp-content\/uploads\/2025\/02\/big_f52f87344100cbc1bd8ad4c484b3f36a.jpg 1024w, https:\/\/www.fcaglp.unlp.edu.ar\/wp-content\/uploads\/2025\/02\/big_f52f87344100cbc1bd8ad4c484b3f36a-300x212.jpg 300w, https:\/\/www.fcaglp.unlp.edu.ar\/wp-content\/uploads\/2025\/02\/big_f52f87344100cbc1bd8ad4c484b3f36a-768x543.jpg 768w\" sizes=\"(max-width: 1024px) 100vw, 1024px\" \/><\/figure>\n\n\n\n<div id=\"wp-block-themeisle-blocks-advanced-columns-2d6caa7a\" class=\"wp-block-themeisle-blocks-advanced-columns has-1-columns has-desktop-equal-layout has-tablet-equal-layout has-mobile-equal-layout has-vertical-unset\"><div class=\"wp-block-themeisle-blocks-advanced-columns-overlay\"><\/div><div class=\"innerblocks-wrap\">\n<div id=\"wp-block-themeisle-blocks-advanced-column-dea7ddf0\" class=\"wp-block-themeisle-blocks-advanced-column\">\n<div class=\"wp-block-columns is-layout-flex wp-container-core-columns-is-layout-9d6595d7 wp-block-columns-is-layout-flex\">\n<div class=\"wp-block-column is-layout-flow wp-block-column-is-layout-flow\">\n<div style=\"height:100px\" aria-hidden=\"true\" class=\"wp-block-spacer\"><\/div>\n\n\n\n<p>La Facultad de Ciencias Astron\u00f3micas y Geof\u00edsicas se encuentra dentro del&nbsp;<strong>Paseo del Bosque<\/strong>, en un predio ubicado entre las Avenidas Iraola y Centenario, y la Calle 120. Para llegar hasta all\u00ed, el Bosque ofrece varios accesos peatonales, siendo los m\u00e1s utilizados los cruces de&nbsp;<strong>1 y 53, 52 y 122, 60 y 120, 60 y 118, y 60 y 116<\/strong>&nbsp;(ver nuestra ubicaci\u00f3n en el&nbsp;<strong>Mapa<\/strong>&nbsp;al pie de p\u00e1gina). M\u00e1s abajo se detallan distintas formas de llegar hasta la FCAG por diferentes medios de movilidad.<\/p>\n\n\n\n<p>Los&nbsp;<strong>ingresos peatonales<\/strong>&nbsp;a la Facultad son 2, uno por la Avenida Centenario (ingreso directo por el&nbsp;<strong>Edificio Principal<\/strong>) y el otro en el cruce de la Avenida Iraola y la calle 118 (ingreso directo por el&nbsp;<strong>Planetario<\/strong>). En el siguiente enlace se encuentra un detalle de los accesos y los edificios ubicados en el predio.<\/p>\n\n\n\n<p><strong><a href=\"https:\/\/www.fcaglp.unlp.edu.ar\/uploads\/docs\/plano_de_la_fcag.pdf\">Descargar plano de los edificios de esta Facultad<\/a><\/strong><\/p>\n<\/div>\n<\/div>\n<\/div>\n<\/div><\/div>\n\n\n\n<div class=\"wp-block-columns is-layout-flex wp-container-core-columns-is-layout-9d6595d7 wp-block-columns-is-layout-flex\">\n<div class=\"wp-block-column is-layout-flow wp-block-column-is-layout-flow\">\n<p class=\"has-medium-font-size\"><strong>Acceso a la FCAG por diferentes medios<\/strong><\/p>\n<\/div>\n<\/div>\n\n\n\n<div class=\"wp-block-columns is-layout-flex wp-container-core-columns-is-layout-9d6595d7 wp-block-columns-is-layout-flex\">\n<div class=\"wp-block-column is-layout-flow wp-block-column-is-layout-flow\">\n<p class=\"has-medium-font-size\"><strong>En auto<\/strong><\/p>\n\n\n\n<p>El ingreso con auto s\u00f3lo puede hacerse por el cruce de las Avenidas 1 y 53. Desde este punto hasta el Observatorio hay aproximadamente 1 km de distancia. Desde los principales accesos a la ciudad se llega a la entrada del Bosque de varias maneras:<\/p>\n\n\n\n<p><br>\u2022 Autopista Buenos Aires-La Plata: desde la bajada de la autopista se llega hasta el Bosque por las Avenidas 120 o 122, o por Diagonal 74 hasta Calle 2, y luego hasta Avenida 53.<\/p>\n\n\n\n<p><br>\u2022 Caminos General Belgrano o Centenario: el ingreso a la ciudad se realiza por las Avenidas 7 o 13. Al Bosque se llega tomando la Calle 54, ya sea desde Calle 14 (Plaza Moreno) o desde Calle 8 (luego de bordear la Plaza San Mart\u00edn y el Palacio Legislativo).<\/p>\n\n\n\n<p><br>\u2022 Ruta Provincial N\u00ba 215: el ingreso a la ciudad es por Avenida 44. Una vez que se llega al cruce de las Avenidas 19 y 44 (Plaza Azcu\u00e9naga) se toma Diagonal 73 hasta Plaza Moreno, y luego por Calle 54 hasta llegar al Bosque.<\/p>\n<\/div>\n\n\n\n<div class=\"wp-block-column is-layout-flow wp-block-column-is-layout-flow\">\n<p class=\"has-medium-font-size\"><strong>En \u00f3mnibus<\/strong><\/p>\n\n\n\n<p>La Terminal de \u00d3mnibus se encuentra en el cruce de las Calles 4 y 42. Desde all\u00ed hasta el Observatorio hay aproximadamente 2,5 km de distancia. Por la puerta de la Terminal pasan las l\u00edneas 202 y 46 (Este) que llegan hasta la entrada del Bosque (1 y 53). Tambi\u00e9n llegan hasta el cruce entre la Avenida 60 y la Calle 116, ubicado aproximadamente 500 m del Observatorio. Para ver todas las opciones del sistema de transporte urbano puede visitar los siguientes sitios:&nbsp;<a href=\"https:\/\/www.laplata.gob.ar\/transportePublico\/#\/\" target=\"_blank\" rel=\"noopener\" title=\"\">Red de transporte p\u00fablico La Plata&nbsp;<\/a>y&nbsp;<a href=\"https:\/\/cualbondi.com.ar\/la-plata\/\" target=\"_blank\" rel=\"noreferrer noopener\">Cualbondi.com.ar<\/a><\/p>\n\n\n\n<p class=\"has-medium-font-size\"><strong>En tren<\/strong><\/p>\n\n\n\n<p>La Estaci\u00f3n de Trenes de La Plata&nbsp;se encuentra en el cruce de las Avenidas 1 y 44. Desde all\u00ed hasta el Observatorio hay aproximadamente 1,8 km de distancia. Adem\u00e1s de las l\u00edneas de \u00f3mnibus urbanos mencionados anteriormente, se puede ir hasta los accesos al Bosque utilizando la l\u00ednea 214. Otra opci\u00f3n es conectar el&nbsp;<a href=\"https:\/\/www.trenroca.com.ar\/horarios\/\" target=\"_blank\" rel=\"noreferrer noopener\">Tren General Roca<\/a>&nbsp;con el<a href=\"https:\/\/www.argentina.gob.ar\/sites\/default\/files\/2018\/02\/web_horario_universitario_04_2021_operaciones_vs_00.pdf\" target=\"_blank\" rel=\"noopener\" title=\"\">&nbsp;Tren Universitario<\/a>, que tiene paradas en la Facultad de Inform\u00e1tica (52 y 120) y en la Facultad de Medicina (60 y 120), ambos sitios distanciados aproximadamente 500 m del Observatorio.&nbsp;<\/p>\n<\/div>\n<\/div>\n","protected":false},"excerpt":{"rendered":"<p>Acceso a la FCAG por diferentes medios En auto El ingreso con auto s\u00f3lo puede hacerse por el cruce de las Avenidas 1 y 53. Desde este punto hasta el Observatorio hay aproximadamente 1 km de distancia. Desde los principales accesos a la ciudad se llega a la entrada del Bosque de varias maneras: \u2022&hellip;&nbsp;<a href=\"https:\/\/www.fcaglp.unlp.edu.ar\/index.php\/institucional\/como-visitarnos\/\" rel=\"bookmark\">Read More &raquo;<span class=\"screen-reader-text\">C\u00d3MO VISITARNOS<\/span><\/a><\/p>\n","protected":false},"author":3,"featured_media":0,"parent":6405,"menu_order":0,"comment_status":"closed","ping_status":"closed","template":"","meta":{"neve_meta_sidebar":"","neve_meta_container":"","neve_meta_enable_content_width":"","neve_meta_content_width":0,"neve_meta_title_alignment":"","neve_meta_author_avatar":"","neve_post_elements_order":"","neve_meta_disable_header":"","neve_meta_disable_footer":"","neve_meta_disable_title":"","neve_meta_reading_time":"","_themeisle_gutenberg_block_has_review":false,"footnotes":""},"class_list":["post-333","page","type-page","status-publish","hentry"],"aioseo_notices":[],"_links":{"self":[{"href":"https:\/\/www.fcaglp.unlp.edu.ar\/index.php\/wp-json\/wp\/v2\/pages\/333","targetHints":{"allow":["GET"]}}],"collection":[{"href":"https:\/\/www.fcaglp.unlp.edu.ar\/index.php\/wp-json\/wp\/v2\/pages"}],"about":[{"href":"https:\/\/www.fcaglp.unlp.edu.ar\/index.php\/wp-json\/wp\/v2\/types\/page"}],"author":[{"embeddable":true,"href":"https:\/\/www.fcaglp.unlp.edu.ar\/index.php\/wp-json\/wp\/v2\/users\/3"}],"replies":[{"embeddable":true,"href":"https:\/\/www.fcaglp.unlp.edu.ar\/index.php\/wp-json\/wp\/v2\/comments?post=333"}],"version-history":[{"count":8,"href":"https:\/\/www.fcaglp.unlp.edu.ar\/index.php\/wp-json\/wp\/v2\/pages\/333\/revisions"}],"predecessor-version":[{"id":10898,"href":"https:\/\/www.fcaglp.unlp.edu.ar\/index.php\/wp-json\/wp\/v2\/pages\/333\/revisions\/10898"}],"up":[{"embeddable":true,"href":"https:\/\/www.fcaglp.unlp.edu.ar\/index.php\/wp-json\/wp\/v2\/pages\/6405"}],"wp:attachment":[{"href":"https:\/\/www.fcaglp.unlp.edu.ar\/index.php\/wp-json\/wp\/v2\/media?parent=333"}],"curies":[{"name":"wp","href":"https:\/\/api.w.org\/{rel}","templated":true}]}}