{"id":327,"date":"2022-03-09T10:45:01","date_gmt":"2022-03-09T13:45:01","guid":{"rendered":"http:\/\/www.fcaglp.unlp.edu.ar\/?page_id=327"},"modified":"2024-06-27T09:26:08","modified_gmt":"2024-06-27T12:26:08","slug":"historia","status":"publish","type":"page","link":"https:\/\/www.fcaglp.unlp.edu.ar\/index.php\/institucional\/historia\/","title":{"rendered":"HISTORIA"},"content":{"rendered":"\n<div id=\"wp-block-themeisle-blocks-advanced-columns-70684512\" class=\"wp-block-themeisle-blocks-advanced-columns has-1-columns has-desktop-equal-layout has-tablet-equal-layout has-mobile-equal-layout has-vertical-unset\"><div class=\"wp-block-themeisle-blocks-advanced-columns-overlay\"><\/div><div class=\"innerblocks-wrap\">\n<div id=\"wp-block-themeisle-blocks-advanced-column-0f712680\" class=\"wp-block-themeisle-blocks-advanced-column\">\n<div class=\"wp-block-columns is-layout-flex wp-container-core-columns-is-layout-9d6595d7 wp-block-columns-is-layout-flex\">\n<div class=\"wp-block-column is-layout-flow wp-block-column-is-layout-flow\">\n<p>Antes de fundar la ciudad de La Plata, el Dr. Dardo Rocha, gobernador de la Provincia de Buenos Aires, hab\u00eda considerado necesario que la provincia contara con un adecuado relevamiento cartogr\u00e1fico, cuya realizaci\u00f3n se ver\u00eda favorecida por la instalaci\u00f3n de un Observatorio Astron\u00f3mico. El 6 diciembre de 1882, el pasaje del planeta Venus por delante del Sol \u2013hecho astron\u00f3mico de inconmensurable valor mundial para la \u00e9poca\u2013 gener\u00f3 verdadero inter\u00e9s entre los astr\u00f3nomos. As\u00ed fue que especialistas argentinos colaboraron con sus pares franceses para determinar el mejor lugar de observaci\u00f3n en estas tierras, siendo elegida la ciudad de Bragado. Luego de la observaci\u00f3n del pasaje, que pudo realizarse a pesar de las malas condiciones meteorol\u00f3gicas de ese d\u00eda, los instrumentos que la Provincia hab\u00eda encargado a tal efecto sirvieron de soporte inicial para la creaci\u00f3n del Observatorio de La Plata.<\/p>\n<\/div>\n\n\n\n<div class=\"wp-block-column is-layout-flow wp-block-column-is-layout-flow\">\n<p>Cuando en 1905 el doctor Joaqu\u00edn V. Gonz\u00e1lez promueve la nacionalizaci\u00f3n de la Universidad de La Plata lo hace pensando en otorgarle, sobre todo, un car\u00e1cter cient\u00edfico y experimental, como correspond\u00eda al pensamiento positivista de la \u00e9poca; y para ello fue pilar fundamental el Observatorio Astron\u00f3mico, orgullo de la joven ciudad. Posteriormente, la necesidad de formar astr\u00f3nomos llev\u00f3 a que en 1935 se creara la Escuela de Ciencias Astron\u00f3micas y Conexas \u2013primera en Latinoam\u00e9rica\u2013 que inclu\u00eda por entonces el estudio de la Meteorolog\u00eda, la S\u00edsmica y el Geomagnetismo. En 1948 la Geof\u00edsica cobra entidad propia y se crea la carrera en el \u00e1mbito del Observatorio. En 1983 el Observatorio Astron\u00f3mico y la Escuela Superior de Astronom\u00eda y Geof\u00edsica se funden en la Unidad Acad\u00e9mica designada con el nombre que hoy tiene esta Facultad.<\/p>\n<\/div>\n<\/div>\n<\/div>\n<\/div><\/div>\n\n\n<div class=\"wp-block-image\">\n<figure class=\"aligncenter size-full is-resized\"><img fetchpriority=\"high\" decoding=\"async\" width=\"1025\" height=\"426\" src=\"https:\/\/www.fcaglp.unlp.edu.ar\/wp-content\/uploads\/2022\/04\/Sin-titulo-1-01.jpg\" alt=\"\" class=\"wp-image-828\" style=\"width:1174px;height:auto\" srcset=\"https:\/\/www.fcaglp.unlp.edu.ar\/wp-content\/uploads\/2022\/04\/Sin-titulo-1-01.jpg 1025w, https:\/\/www.fcaglp.unlp.edu.ar\/wp-content\/uploads\/2022\/04\/Sin-titulo-1-01-300x125.jpg 300w, https:\/\/www.fcaglp.unlp.edu.ar\/wp-content\/uploads\/2022\/04\/Sin-titulo-1-01-768x319.jpg 768w\" sizes=\"(max-width: 1025px) 100vw, 1025px\" \/><figcaption class=\"wp-element-caption\">Pabell\u00f3n Sur del Edificio Principal &#8211; Facultad de Ciencias Astron\u00f3micas y Geof\u00edsicas<\/figcaption><\/figure>\n<\/div>\n\n\n<div class=\"wp-block-columns is-layout-flex wp-container-core-columns-is-layout-9d6595d7 wp-block-columns-is-layout-flex\">\n<div class=\"wp-block-column is-layout-flow wp-block-column-is-layout-flow\">\n<p><\/p>\n\n\n\n<p>Por \u00faltimo, el a\u00f1o 2013, a\u00f1o del 130\u00b0 Aniversario del Observatorio, quedar\u00e1 signado en su historia por dos importantes hechos. En primer lugar se destaca la puesta en marcha de la carrera de Meteorolog\u00eda y Ciencias de la Atm\u00f3sfera, tercera carrera de esta Unidad Acad\u00e9mica. Finalmente, la inauguraci\u00f3n del Planetario &#8220;Ciudad de La Plata&#8221;, construido con tecnolog\u00eda de \u00faltima generaci\u00f3n y \u00fanico en la Argentina asociado a una Universidad; constituye la incorporaci\u00f3n de una herramienta de incalculable valor para estrechar a\u00fan m\u00e1s la vinculaci\u00f3n del Observatorio con la sociedad.<\/p>\n<\/div>\n\n\n\n<div class=\"wp-block-column is-layout-flow wp-block-column-is-layout-flow\">\n<p class=\"has-medium-font-size\"><br><strong>Datos hist\u00f3ricos\/Rese\u00f1as<\/strong><\/p>\n\n\n\n<p><strong><a href=\"https:\/\/www.fcaglp.unlp.edu.ar\/uploads\/docs\/historia_observatorio_jaschek.pdf\">Trabajo redacatado por el Prof. Enrique Jaschek<\/a><\/strong><\/p>\n\n\n\n<p><strong>125 a\u00f1os del Observatorio Astron\u00f3mico.&nbsp;<\/strong><br><strong><a href=\"https:\/\/www.fcaglp.unlp.edu.ar\/uploads\/docs\/perdomo__historia_obsevatorio.pdf\">Palabras del Lic. Ra\u00fal Perdomo cuando era Vice Presidente de la UNLP.<\/a><\/strong><\/p>\n\n\n\n<p><strong><a href=\"http:\/\/www.astronomiaargentina.org.ar\/uploads\/docs\/aaabs2.pdf\" target=\"_blank\" rel=\"noreferrer noopener\">Historia de la Astronom\u00eda Argentina. Facultad de Cs. Astron\u00f3micas y Geof\u00edsicas, UNLP, La Plata, Argentina 29-30 mayo 2008.<\/a><\/strong><\/p>\n\n\n\n<p><strong><a href=\"https:\/\/archive.org\/stream\/HistoriaDeLaAstronomiaArgentina\/Historia%20de%20la%20Astronomia%20Argentina_djvu.txt\" target=\"_blank\" rel=\"noreferrer noopener\">Historia de la Astronom\u00eda Agentina. Publicaci\u00f3n de la Asociaci\u00f3n Argentina de Astronom\u00eda (2009)<\/a><\/strong><\/p>\n<\/div>\n<\/div>\n","protected":false},"excerpt":{"rendered":"<p>Por \u00faltimo, el a\u00f1o 2013, a\u00f1o del 130\u00b0 Aniversario del Observatorio, quedar\u00e1 signado en su historia por dos importantes hechos. En primer lugar se destaca la puesta en marcha de la carrera de Meteorolog\u00eda y Ciencias de la Atm\u00f3sfera, tercera carrera de esta Unidad Acad\u00e9mica. Finalmente, la inauguraci\u00f3n del Planetario &#8220;Ciudad de La Plata&#8221;, construido&hellip;&nbsp;<a href=\"https:\/\/www.fcaglp.unlp.edu.ar\/index.php\/institucional\/historia\/\" rel=\"bookmark\">Read More &raquo;<span class=\"screen-reader-text\">HISTORIA<\/span><\/a><\/p>\n","protected":false},"author":3,"featured_media":0,"parent":6405,"menu_order":0,"comment_status":"closed","ping_status":"closed","template":"","meta":{"neve_meta_sidebar":"","neve_meta_container":"","neve_meta_enable_content_width":"","neve_meta_content_width":0,"neve_meta_title_alignment":"","neve_meta_author_avatar":"","neve_post_elements_order":"","neve_meta_disable_header":"","neve_meta_disable_footer":"","neve_meta_disable_title":"","neve_meta_reading_time":"","_themeisle_gutenberg_block_has_review":false,"footnotes":""},"class_list":["post-327","page","type-page","status-publish","hentry"],"aioseo_notices":[],"_links":{"self":[{"href":"https:\/\/www.fcaglp.unlp.edu.ar\/index.php\/wp-json\/wp\/v2\/pages\/327","targetHints":{"allow":["GET"]}}],"collection":[{"href":"https:\/\/www.fcaglp.unlp.edu.ar\/index.php\/wp-json\/wp\/v2\/pages"}],"about":[{"href":"https:\/\/www.fcaglp.unlp.edu.ar\/index.php\/wp-json\/wp\/v2\/types\/page"}],"author":[{"embeddable":true,"href":"https:\/\/www.fcaglp.unlp.edu.ar\/index.php\/wp-json\/wp\/v2\/users\/3"}],"replies":[{"embeddable":true,"href":"https:\/\/www.fcaglp.unlp.edu.ar\/index.php\/wp-json\/wp\/v2\/comments?post=327"}],"version-history":[{"count":27,"href":"https:\/\/www.fcaglp.unlp.edu.ar\/index.php\/wp-json\/wp\/v2\/pages\/327\/revisions"}],"predecessor-version":[{"id":7087,"href":"https:\/\/www.fcaglp.unlp.edu.ar\/index.php\/wp-json\/wp\/v2\/pages\/327\/revisions\/7087"}],"up":[{"embeddable":true,"href":"https:\/\/www.fcaglp.unlp.edu.ar\/index.php\/wp-json\/wp\/v2\/pages\/6405"}],"wp:attachment":[{"href":"https:\/\/www.fcaglp.unlp.edu.ar\/index.php\/wp-json\/wp\/v2\/media?parent=327"}],"curies":[{"name":"wp","href":"https:\/\/api.w.org\/{rel}","templated":true}]}}