{"id":1985,"date":"2022-12-28T09:34:30","date_gmt":"2022-12-28T12:34:30","guid":{"rendered":"http:\/\/www.fcaglp.unlp.edu.ar\/?page_id=1985"},"modified":"2024-06-25T09:46:48","modified_gmt":"2024-06-25T12:46:48","slug":"becas","status":"publish","type":"page","link":"https:\/\/www.fcaglp.unlp.edu.ar\/index.php\/alumnos\/bienestar-estudiantil\/becas\/","title":{"rendered":"BECAS"},"content":{"rendered":"\n<div class=\"wp-block-columns is-layout-flex wp-container-core-columns-is-layout-9d6595d7 wp-block-columns-is-layout-flex\">\n<div class=\"wp-block-column is-layout-flow wp-block-column-is-layout-flow\">\n<p><strong>Albergue Universitario<\/strong><\/p>\n\n\n\n<p>La UNLP es la \u00fanica Casa de Estudios del pa\u00eds que ofrece a estudiantes del interior alojamiento,&nbsp; alimentaci\u00f3n y transporte en forma gratuita. El Albergue Universitario abri\u00f3 sus puertas en 2011, y hoy ya son 130 los j\u00f3venes que se alojan en el predio. En 2019 alcanzar\u00e1 su m\u00e1xima capacidad de alojamiento sumando 66 nuevas plazas.<\/p>\n\n\n\n<p><strong>Comedor Universitario<\/strong><\/p>\n\n\n\n<p>En el Comedor Universitario confluyen estudiantes, docentes y nodocentes de todas las carreras y facultades. A trav\u00e9s de este servicio, accedes a un almuerzo subsidiado y, desde 2018&nbsp; los estudiantes, tambi\u00e9n a una cena completa. Actualmente cuenta con cuatro sedes donde se preparan m\u00e1s de 10 mil raciones diarias. Adem\u00e1s cuenta con men\u00fa para cel\u00edacos. Aquellos estudiantes que no pueden pagar acceden al beneficio sin costo a trav\u00e9s de la Beca de Comedor.<\/p>\n\n\n\n<p><strong>Boleto educativo gratuito<\/strong><\/p>\n\n\n\n<p>La UNLP trabaj\u00f3 activamente en la implementaci\u00f3n del boleto educativo gratuito a nivel provincial y que desde 2016 permite a los estudiantes costear 45 pasajes por mes en los micros urbanos.<\/p>\n\n\n\n<p><strong>Salud estudiantil<\/strong><\/p>\n\n\n\n<p>Con uno de los sistemas de salud m\u00e1s completos del pa\u00eds, garantiza la promoci\u00f3n, prevenci\u00f3n y atenci\u00f3n para sus estudiantes. A trav\u00e9s del equipo de profesionales y los consultorios distribuidos en las distintas facultades, se busca acercar el servicio de salud a los estudiantes, acompa\u00f1\u00e1ndolos con acciones preventivas y de concientizaci\u00f3n desde su ingreso y durante toda su carrera.<\/p>\n\n\n\n<p><strong>Seguro p\u00fablico de salud<\/strong><\/p>\n\n\n\n<p>Destinado a estudiantes, argentinos o nacionalizados, as\u00ed como tambi\u00e9n las personas que convivan con ellos y que tengan entre 6 y 69 a\u00f1os, que no cuenten con obra social ni prepaga, podr\u00e1n acceder a atenci\u00f3n m\u00e9dica de cabecera, odontol\u00f3gica y an\u00e1lisis de laboratorio.<\/p>\n<\/div>\n\n\n\n<div class=\"wp-block-column is-layout-flow wp-block-column-is-layout-flow\">\n<p><strong>Transporte universitario<\/strong><\/p>\n\n\n\n<p>La UNLP desarroll\u00f3 un sistema de transporte para alumnos, docentes y no docentes que incluye:<\/p>\n\n\n\n<p>\u2022 Tren universitario: un recorrido de 4,5 kil\u00f3metros desde la Estaci\u00f3n de Trenes de 1 y 44 hasta el Policl\u00ednico San Mart\u00edn, en calle 1 y 72, con paradas en las diferentes facultades de la zona del bosque.<br>\u2022 Micro Universitario: un servicio de transporte que cuenta con cuatro colectivos que conectan al 100% de las facultades y colegios de la UNLP.<br>\u2022 Ecobus: primer medio de transporte 100% ecol\u00f3gico de la Ciudad, ideado y gestado \u00edntegramente por la UNLP. Conecta las facultades del bosque con el Micro Universitario.<\/p>\n\n\n\n<p><strong>Becas estudiantiles<\/strong><\/p>\n\n\n\n<p>El amplio sistema de Becas que ofrece la UNLP est\u00e1 contemplado en el Programa Igualdad de Oportunidades para Estudiar destinado a estudiantes de todos los a\u00f1os:<br><br>\u2022 Beca de ayuda econ\u00f3mica: consiste en un beneficio econ\u00f3mico que se propone como mecanismo de contenci\u00f3n para facilitar la permanencia en los estudios de grado a sectores estudiantiles de bajos recursos.<br>\u2022 Beca para estudiantes inquilinos: tiene como objeto facilitar la permanencia en los estudios de grado a los estudiantes que sean inquilinos y provengan de alguna localidad del interior del pa\u00eds.<br>\u2022 Beca de Comedor Universitario: consiste en una beca completa para acceder al men\u00fa de forma totalmente gratuita.<br>\u2022 Beca para estudiantes con discapacidad: busca facilitar la permanencia en los estudios de grado a estudiantes que poseen alg\u00fan tipo de discapacidad. El trabajo de selecci\u00f3n y seguimiento de los\/as beneficiarios\/as es realizado en conjunto con el Departamento de Atenci\u00f3n Social.<br>\u2022 Beca para estudiantes con hijos: para estudiantes que tienen hijos de entre 45 d\u00edas y 5 a\u00f1os de edad. La UNLP busca colaborar en la cobertura de los costos destinados a su cuidado en establecimientos especializados, o a cargo de una persona debidamente capacitada.<br>\u2022 Beca de Bicicleta universitaria: consiste en el pr\u00e9stamo de una bicicleta que el beneficiario podr\u00e1 utilizar durante el per\u00edodo que duren sus estudios de grado.<br>\u2022 Beca de Albergue Universitario: destinada a alumnos provenientes del interior, brinda alojamiento, alimentaci\u00f3n y transporte en forma gratuita.<\/p>\n<\/div>\n<\/div>\n\n\n\n<div class=\"wp-block-columns is-layout-flex wp-container-core-columns-is-layout-9d6595d7 wp-block-columns-is-layout-flex\">\n<div class=\"wp-block-column is-layout-flow wp-block-column-is-layout-flow\">\n<h1 class=\"wp-block-heading\">Becas FCAG<\/h1>\n\n\n\n<p><strong>Convocatoria a Becas de Estudio y Transporte.<\/strong><\/p>\n\n\n\n<p>La Facultad de Ciencias Astron\u00f3micas y Geof\u00edsicas de la UNLP tiene un programa de becas de ayuda econ\u00f3mica destinado a estudiantes de su instituci\u00f3n. Las becas disponibles son Becas de Estudio y Becas de Transporte.<\/p>\n\n\n\n<p>Ambas becas se otorgan seg\u00fan la situaci\u00f3n socio-econ\u00f3mica de los aspirantes, para que puedan continuar o iniciar sus estudios.&nbsp;<\/p>\n\n\n\n<p><strong>La convocatoria para el 2018 estar\u00e1 abierta desde el d\u00eda mi\u00e9rcoles 14 de febrero al d\u00eda viernes 2 de marzo.<\/strong><\/p>\n\n\n\n<p><a href=\"https:\/\/www.fcaglp.unlp.edu.ar\/uploads\/docs\/nota_informacion.pdf\">Informaci\u00f3n de la convocatoria<\/a><\/p>\n\n\n\n<p><a href=\"https:\/\/www.fcaglp.unlp.edu.ar\/uploads\/docs\/beca_formulario.pdf\">Formulario Inscripci\u00f3n<\/a><\/p>\n\n\n\n<p><a href=\"https:\/\/www.fcaglp.unlp.edu.ar\/uploads\/docs\/nota_renovacion.pdf\">Nota Renovaci\u00f3n<\/a><\/p>\n<\/div>\n\n\n\n<div class=\"wp-block-column is-layout-flow wp-block-column-is-layout-flow\">\n<h1 class=\"wp-block-heading\">Becas UNLP<\/h1>\n\n\n\n<p><strong>Inscripci\u00f3n a Becas de Universidad<\/strong><\/p>\n\n\n\n<p>Desde el 6 de noviembre y hasta el 1\u00b0 de marzo de 2018, se extiende la inscripci\u00f3n para las becas destinadas tanto a estudiantes avanzados como a ingresantes 2018.Adem\u00e1s hasta el 1\u00b0 de diciembre estar\u00e1 abierta la inscripci\u00f3n a la beca de Albergue Universitario.<\/p>\n\n\n\n<p>Estas becas est\u00e1n destinadas tanto a estudiantes avanzados como a aquellos que quieran iniciar sus estudios.<\/p>\n\n\n\n<ul class=\"wp-block-list\">\n<li>Becas de Ayuda Econ\u00f3mica<\/li>\n\n\n\n<li>Estudiantes Inquilinos<\/li>\n\n\n\n<li>Estudiantes con alguna Discapacidad<\/li>\n\n\n\n<li>Jard\u00edn Materno-Infantil<\/li>\n\n\n\n<li>Transporte-Micro Urbano<\/li>\n\n\n\n<li>Bicicleta Universitaria<\/li>\n\n\n\n<li>Tren L\u00ednea Roca<\/li>\n\n\n\n<li><a href=\"https:\/\/www.fcaglp.unlp.edu.ar\/articulo\/2017\/3\/9\/albergue_universitario\">Albergue Universitario<\/a><\/li>\n<\/ul>\n\n\n\n<p>Para m\u00e1s informaci\u00f3n sobre estas becas pod\u00e9s ingresar a la p\u00e1gina de&nbsp;<a href=\"http:\/\/unlp.edu.ar\/becas\" target=\"_blank\" rel=\"noreferrer noopener\">Becas de la Universidad<\/a>.<\/p>\n\n\n\n<p>En este link pod\u00e9s ingresar y completar el formulario de inscripci\u00f3n a las becas:&nbsp;<a href=\"https:\/\/www.becas.unlp.edu.ar\/\" target=\"_blank\" rel=\"noreferrer noopener\">https:\/\/www.becas.unlp.edu.ar<\/a><\/p>\n<\/div>\n<\/div>\n","protected":false},"excerpt":{"rendered":"<p>Albergue Universitario La UNLP es la \u00fanica Casa de Estudios del pa\u00eds que ofrece a estudiantes del interior alojamiento,&nbsp; alimentaci\u00f3n y transporte en forma gratuita. El Albergue Universitario abri\u00f3 sus puertas en 2011, y hoy ya son 130 los j\u00f3venes que se alojan en el predio. En 2019 alcanzar\u00e1 su m\u00e1xima capacidad de alojamiento sumando&hellip;&nbsp;<a href=\"https:\/\/www.fcaglp.unlp.edu.ar\/index.php\/alumnos\/bienestar-estudiantil\/becas\/\" rel=\"bookmark\">Read More &raquo;<span class=\"screen-reader-text\">BECAS<\/span><\/a><\/p>\n","protected":false},"author":3,"featured_media":0,"parent":6241,"menu_order":0,"comment_status":"closed","ping_status":"closed","template":"","meta":{"neve_meta_sidebar":"","neve_meta_container":"","neve_meta_enable_content_width":"","neve_meta_content_width":0,"neve_meta_title_alignment":"","neve_meta_author_avatar":"","neve_post_elements_order":"","neve_meta_disable_header":"","neve_meta_disable_footer":"","neve_meta_disable_title":"","neve_meta_reading_time":"","_themeisle_gutenberg_block_has_review":false,"footnotes":""},"class_list":["post-1985","page","type-page","status-publish","hentry"],"aioseo_notices":[],"_links":{"self":[{"href":"https:\/\/www.fcaglp.unlp.edu.ar\/index.php\/wp-json\/wp\/v2\/pages\/1985","targetHints":{"allow":["GET"]}}],"collection":[{"href":"https:\/\/www.fcaglp.unlp.edu.ar\/index.php\/wp-json\/wp\/v2\/pages"}],"about":[{"href":"https:\/\/www.fcaglp.unlp.edu.ar\/index.php\/wp-json\/wp\/v2\/types\/page"}],"author":[{"embeddable":true,"href":"https:\/\/www.fcaglp.unlp.edu.ar\/index.php\/wp-json\/wp\/v2\/users\/3"}],"replies":[{"embeddable":true,"href":"https:\/\/www.fcaglp.unlp.edu.ar\/index.php\/wp-json\/wp\/v2\/comments?post=1985"}],"version-history":[{"count":6,"href":"https:\/\/www.fcaglp.unlp.edu.ar\/index.php\/wp-json\/wp\/v2\/pages\/1985\/revisions"}],"predecessor-version":[{"id":6365,"href":"https:\/\/www.fcaglp.unlp.edu.ar\/index.php\/wp-json\/wp\/v2\/pages\/1985\/revisions\/6365"}],"up":[{"embeddable":true,"href":"https:\/\/www.fcaglp.unlp.edu.ar\/index.php\/wp-json\/wp\/v2\/pages\/6241"}],"wp:attachment":[{"href":"https:\/\/www.fcaglp.unlp.edu.ar\/index.php\/wp-json\/wp\/v2\/media?parent=1985"}],"curies":[{"name":"wp","href":"https:\/\/api.w.org\/{rel}","templated":true}]}}