{"id":1660,"date":"2022-12-12T13:00:38","date_gmt":"2022-12-12T16:00:38","guid":{"rendered":"http:\/\/www.fcaglp.unlp.edu.ar\/?page_id=1660"},"modified":"2026-03-02T10:04:42","modified_gmt":"2026-03-02T13:04:42","slug":"od-y-actas-2022-2026","status":"publish","type":"page","link":"https:\/\/www.fcaglp.unlp.edu.ar\/index.php\/institucional\/consejo-directivo\/od-y-actas-2022-2026\/","title":{"rendered":"Ordenes del d\u00eda y Actas aprobadas del Consejo Directivo de FCAG. Periodo 2022 al 2026"},"content":{"rendered":"\n<p><a href=\"https:\/\/intranet.fcaglp.unlp.edu.ar\/intra.php?p=6\" title=\"\"><strong>Actas y Ordenes del D\u00eda anteriores<\/strong><\/a><\/p>\n\n\n\n<p><a href=\"https:\/\/www.fcaglp.unlp.edu.ar\/index.php\/institucional\/consejo-directivo\/od-y-actas-2018-2022\/\" title=\"\"><strong>Ordenes del d\u00eda, Actas aprobadas y trasmisi\u00f3n&nbsp;Online del Consejo Directivo de FCAG. Periodo 2018 al 2022<\/strong><\/a><\/p>\n\n\n\n<hr class=\"wp-block-separator has-alpha-channel-opacity\" \/>\n\n\n\n<p><strong><em>Periodo a\u00f1o 2022 al 2026:<\/em><\/strong><\/p>\n\n\n\n<ul class=\"wp-block-list\">\n<li><strong>Sesi\u00f3n N\u00ba 468<\/strong>:<\/li>\n<\/ul>\n\n\n\n<p><strong><a href=\"https:\/\/www.fcaglp.unlp.edu.ar\/wp-content\/uploads\/2026\/02\/OD468.pdf\" target=\"_blank\" rel=\"noopener\" title=\"\">Orden del d\u00eda<\/a><\/strong><\/p>\n\n\n\n<p><strong>Acta de la Sesi\u00f3n<\/strong><\/p>\n\n\n\n<p><a href=\"https:\/\/youtube.com\/live\/bCrutKrOer4?feature=share\" target=\"_blank\" rel=\"noopener\" title=\"\">Transmisi\u00f3n Virtual sesion del viernes 20 de febrero de 2026<\/a><\/p>\n\n\n\n<ul class=\"wp-block-list\">\n<li><strong>Sesi\u00f3n N\u00ba 467<\/strong>:<\/li>\n<\/ul>\n\n\n\n<p><strong><a href=\"https:\/\/www.fcaglp.unlp.edu.ar\/wp-content\/uploads\/2025\/12\/OD467.pdf\" target=\"_blank\" rel=\"noopener\" title=\"\">Orden del d\u00eda<\/a><\/strong><\/p>\n\n\n\n<p><strong>Acta de la Sesi\u00f3n<\/strong><\/p>\n\n\n\n<p><a href=\"https:\/\/youtube.com\/live\/bCrutKrOer4?feature=share\" target=\"_blank\" rel=\"noopener\" title=\"\">Transmisi\u00f3n Virtual sesion del viernes 12 de diciembre de 2025<\/a><\/p>\n\n\n\n<ul class=\"wp-block-list\">\n<li><strong>Sesi\u00f3n N\u00ba 466<\/strong>:<\/li>\n<\/ul>\n\n\n\n<p><strong><a href=\"https:\/\/www.fcaglp.unlp.edu.ar\/wp-content\/uploads\/2025\/11\/OD466.pdf\" target=\"_blank\" rel=\"noopener\" title=\"\">Orden del d\u00eda<\/a><\/strong><\/p>\n\n\n\n<p><strong><a href=\"https:\/\/www.fcaglp.unlp.edu.ar\/wp-content\/uploads\/2026\/03\/Acta-466.pdf\" title=\"\">Acta de la Sesi\u00f3n<\/a><\/strong><\/p>\n\n\n\n<p><a href=\"https:\/\/youtube.com\/live\/Fse3CRNbvIE?feature=share\" target=\"_blank\" rel=\"noopener\" title=\"\">Transmisi\u00f3n Virtual sesion del viernes 28 de noviembre de 2025<\/a><\/p>\n\n\n\n<ul class=\"wp-block-list\">\n<li><strong>Sesi\u00f3n N\u00ba 465<\/strong>:<\/li>\n<\/ul>\n\n\n\n<p><strong><a href=\"https:\/\/www.fcaglp.unlp.edu.ar\/wp-content\/uploads\/2025\/10\/OD465.pdf\" target=\"_blank\" rel=\"noopener\" title=\"\">Orden del d\u00eda<\/a><\/strong><\/p>\n\n\n\n<p><strong><a href=\"https:\/\/www.fcaglp.unlp.edu.ar\/wp-content\/uploads\/2026\/03\/Acta-465.pdf\" title=\"Acta de la Sesi\u00f3n\">Acta de la Sesi\u00f3n<\/a><\/strong><\/p>\n\n\n\n<p><a href=\"https:\/\/www.youtube.com\/live\/CvSculR-KN0?feature=share\" target=\"_blank\" rel=\"noopener\" title=\"\">Transmisi\u00f3n Virtual sesion del viernes 24 de octubre de 2025<\/a><\/p>\n\n\n\n<ul class=\"wp-block-list\">\n<li><strong>Sesi\u00f3n N\u00ba 464<\/strong>:<\/li>\n<\/ul>\n\n\n\n<p><strong><a href=\"https:\/\/www.fcaglp.unlp.edu.ar\/wp-content\/uploads\/2025\/09\/OD464.pdf\" target=\"_blank\" rel=\"noopener\" title=\"\">Orden del d\u00eda<\/a><\/strong><\/p>\n\n\n\n<p><strong><a href=\"https:\/\/www.fcaglp.unlp.edu.ar\/wp-content\/uploads\/2026\/03\/Acta-464.pdf\" title=\"\">Acta de la Sesi\u00f3n<\/a><\/strong><\/p>\n\n\n\n<p><a href=\"https:\/\/youtube.com\/live\/fcBpKR0MWtU?feature=share\" target=\"_blank\" rel=\"noopener\" title=\"\">Transmisi\u00f3n Virtual sesion del viernes 26 de septiembre de 2025<\/a><\/p>\n\n\n\n<ul class=\"wp-block-list\">\n<li><strong>Sesi\u00f3n N\u00ba 463<\/strong>:<\/li>\n<\/ul>\n\n\n\n<p><strong><a href=\"https:\/\/www.fcaglp.unlp.edu.ar\/wp-content\/uploads\/2025\/08\/OD463.pdf\" target=\"_blank\" rel=\"noopener\" title=\"\">Orden del d\u00eda<\/a><\/strong><\/p>\n\n\n\n<p><strong><a href=\"https:\/\/www.fcaglp.unlp.edu.ar\/wp-content\/uploads\/2025\/11\/Acta-463.pdf\" title=\"\">Acta de la Sesi\u00f3n<\/a><\/strong><\/p>\n\n\n\n<p><a href=\"https:\/\/youtube.com\/live\/iuCMo2cboH4?feature=share\" target=\"_blank\" rel=\"noopener\" title=\"\">Transmisi\u00f3n Virtual sesion del viernes 29 de agosto de 2025<\/a><\/p>\n\n\n\n<ul class=\"wp-block-list\">\n<li><strong>Sesi\u00f3n N\u00ba 462<\/strong>:<\/li>\n<\/ul>\n\n\n\n<p><strong><a href=\"https:\/\/www.fcaglp.unlp.edu.ar\/wp-content\/uploads\/2025\/07\/OD462.pdf\" target=\"_blank\" rel=\"noopener\" title=\"\">Orden del d\u00eda<\/a><\/strong><\/p>\n\n\n\n<p><strong><a href=\"https:\/\/www.fcaglp.unlp.edu.ar\/wp-content\/uploads\/2025\/11\/Acta-462.pdf\" title=\"\">Acta de la Sesi\u00f3n<\/a><\/strong><\/p>\n\n\n\n<p><a href=\"https:\/\/www.youtube.com\/live\/oUdvXu86xjs\" target=\"_blank\" rel=\"noopener\" title=\"\">Transmisi\u00f3n Virtual sesion del viernes 18 de julio de 2025<\/a><\/p>\n\n\n\n<ul class=\"wp-block-list\">\n<li><strong>Sesi\u00f3n N\u00ba 461<\/strong>:<\/li>\n<\/ul>\n\n\n\n<p><strong><a href=\"https:\/\/www.fcaglp.unlp.edu.ar\/wp-content\/uploads\/2025\/06\/OD461.pdf\" target=\"_blank\" rel=\"noopener\" title=\"\">Orden del d\u00eda<\/a><\/strong><\/p>\n\n\n\n<p><strong><a href=\"https:\/\/www.fcaglp.unlp.edu.ar\/wp-content\/uploads\/2025\/09\/Acta-461.pdf\" title=\"\">Acta de la Sesi\u00f3n<\/a><\/strong><\/p>\n\n\n\n<p><a href=\"https:\/\/youtube.com\/live\/f0FhJJJndH0?feature=share\" target=\"_blank\" rel=\"noopener\" title=\"\">Transmisi\u00f3n Virtual sesion del viernes 27 de junio de 2025<\/a><\/p>\n\n\n\n<ul class=\"wp-block-list\">\n<li><strong>Sesi\u00f3n N\u00ba 460<\/strong>:<\/li>\n<\/ul>\n\n\n\n<p><strong><a href=\"https:\/\/www.fcaglp.unlp.edu.ar\/wp-content\/uploads\/2025\/05\/OD460.pdf\" target=\"_blank\" rel=\"noopener\" title=\"\">Orden del d\u00eda<\/a><\/strong><\/p>\n\n\n\n<p><strong><a href=\"https:\/\/www.fcaglp.unlp.edu.ar\/wp-content\/uploads\/2025\/07\/Acta-460.pdf\" title=\"\">Acta de la Sesi\u00f3n<\/a><\/strong><\/p>\n\n\n\n<p><a href=\"https:\/\/www.youtube.com\/live\/b704kzoFflk\" target=\"_blank\" rel=\"noopener\" title=\"\">Transmisi\u00f3n Virtual sesion del viernes 30 de mayo de 2025<\/a><\/p>\n\n\n\n<ul class=\"wp-block-list\">\n<li><strong>Sesi\u00f3n N\u00ba 459<\/strong>:<\/li>\n<\/ul>\n\n\n\n<p><strong><a href=\"https:\/\/www.fcaglp.unlp.edu.ar\/wp-content\/uploads\/2025\/04\/OD459.pdf\" target=\"_blank\" rel=\"noopener\" title=\"\">Orden del d\u00eda<\/a><\/strong><\/p>\n\n\n\n<p><strong><a href=\"https:\/\/www.fcaglp.unlp.edu.ar\/wp-content\/uploads\/2025\/07\/Acta-459.pdf\" title=\"\">Acta de la Sesi\u00f3n<\/a><\/strong><\/p>\n\n\n\n<p><a href=\"https:\/\/youtube.com\/live\/eioLyvysY6U?feature=share\" target=\"_blank\" rel=\"noopener\" title=\"\">Transmisi\u00f3n Virtual sesion del viernes 23 de abril de 2025<\/a><\/p>\n\n\n\n<ul class=\"wp-block-list\">\n<li><strong>Sesi\u00f3n N\u00ba 458<\/strong>:<\/li>\n<\/ul>\n\n\n\n<p><strong><a href=\"https:\/\/www.fcaglp.unlp.edu.ar\/wp-content\/uploads\/2025\/03\/OD458.pdf\" target=\"_blank\" rel=\"noopener\" title=\"\">Orden del d\u00eda<\/a><\/strong><\/p>\n\n\n\n<p><strong><a href=\"https:\/\/www.fcaglp.unlp.edu.ar\/wp-content\/uploads\/2025\/06\/Acta-458.pdf\" title=\"\">Acta de la Sesi\u00f3n<\/a><\/strong><\/p>\n\n\n\n<p><a href=\"https:\/\/www.youtube.com\/live\/8wTVAUEwkFY\" target=\"_blank\" rel=\"noopener\" title=\"\">Transmisi\u00f3n Virtual sesion del viernes 25 de marzo de 2025<\/a><\/p>\n\n\n\n<ul class=\"wp-block-list\">\n<li><strong>Sesi\u00f3n N\u00ba 457<\/strong>:<\/li>\n<\/ul>\n\n\n\n<p><strong><a href=\"https:\/\/www.fcaglp.unlp.edu.ar\/wp-content\/uploads\/2025\/02\/OD457.pdf\" target=\"_blank\" rel=\"noopener\" title=\"\">Orden del d\u00eda<\/a><\/strong><\/p>\n\n\n\n<p><strong><a href=\"https:\/\/www.fcaglp.unlp.edu.ar\/wp-content\/uploads\/2025\/06\/Acta-457.pdf\" title=\"\">Acta de la Sesi\u00f3n<\/a><\/strong><\/p>\n\n\n\n<p><a href=\"https:\/\/youtube.com\/live\/Zgnju-HXAqo?feature=share\" title=\"\">Transmisi\u00f3n Virtual sesion del viernes 28 de febrero de 2025<\/a><\/p>\n\n\n\n<ul class=\"wp-block-list\">\n<li><strong>Sesi\u00f3n N\u00ba 456<\/strong>:<\/li>\n<\/ul>\n\n\n\n<p><strong><a href=\"https:\/\/www.fcaglp.unlp.edu.ar\/wp-content\/uploads\/2025\/02\/OD456.pdf\" target=\"_blank\" rel=\"noopener\" title=\"\">Orden del d\u00eda<\/a><\/strong><\/p>\n\n\n\n<p><strong><a href=\"https:\/\/www.fcaglp.unlp.edu.ar\/wp-content\/uploads\/2025\/05\/Acta-456.pdf\" target=\"_blank\" rel=\"noopener\" title=\"\">Acta de la Sesi\u00f3n<\/a><\/strong><\/p>\n\n\n\n<p><a href=\"https:\/\/youtube.com\/live\/ZJTePPqMjm0?feature=share\" target=\"_blank\" rel=\"noopener\" title=\"\">Transmisi\u00f3n Virtual sesion del viernes 20 de diciembre de 2024<\/a><\/p>\n\n\n\n<ul class=\"wp-block-list\">\n<li><strong>Sesi\u00f3n N\u00ba 455<\/strong>:<\/li>\n<\/ul>\n\n\n\n<p><strong><a href=\"https:\/\/www.fcaglp.unlp.edu.ar\/wp-content\/uploads\/2024\/11\/OD455.pdf\" target=\"_blank\" rel=\"noopener\" title=\"\">Orden del d\u00eda<\/a><\/strong><\/p>\n\n\n\n<p><strong><a href=\"https:\/\/www.fcaglp.unlp.edu.ar\/wp-content\/uploads\/2025\/05\/Acta-455.pdf\" target=\"_blank\" rel=\"noopener\" title=\"Acta de la Sesi\u00f3n\">Acta de la Sesi\u00f3n<\/a><\/strong><\/p>\n\n\n\n<p><a href=\"https:\/\/youtube.com\/live\/X9eyNyVpkEE?feature=share\" target=\"_blank\" rel=\"noopener\" title=\"\">Transmisi\u00f3n Virtual sesion del viernes 29 de noviembre de 2024<\/a><\/p>\n\n\n\n<ul class=\"wp-block-list\">\n<li><strong>Sesi\u00f3n N\u00ba 454<\/strong>:<\/li>\n<\/ul>\n\n\n\n<p><strong><a href=\"https:\/\/www.fcaglp.unlp.edu.ar\/wp-content\/uploads\/2025\/02\/OD454.pdf\" title=\"\">Orden del d\u00eda<\/a><\/strong><\/p>\n\n\n\n<p><strong><a href=\"https:\/\/www.fcaglp.unlp.edu.ar\/wp-content\/uploads\/2025\/02\/Acta-454.pdf\" title=\"\">Acta de la Sesi\u00f3n<\/a><\/strong><\/p>\n\n\n\n<p><a href=\"https:\/\/www.youtube.com\/live\/fzXLYtJd-hw\" target=\"_blank\" rel=\"noopener\" title=\"\">Transmisi\u00f3n Virtual sesion del viernes 25 de octubre de 2024<\/a><\/p>\n\n\n\n<ul class=\"wp-block-list\">\n<li><strong>Sesi\u00f3n N\u00ba 453<\/strong>:<\/li>\n<\/ul>\n\n\n\n<p><strong><a href=\"https:\/\/www.fcaglp.unlp.edu.ar\/wp-content\/uploads\/2025\/02\/OD453.pdf\" target=\"_blank\" rel=\"noopener\" title=\"\">Orden del d\u00eda<\/a><\/strong><\/p>\n\n\n\n<p><strong><a href=\"https:\/\/www.fcaglp.unlp.edu.ar\/wp-content\/uploads\/2025\/02\/Acta-453.pdf\" title=\"\">Acta de la Sesi\u00f3n<\/a><\/strong><\/p>\n\n\n\n<p><a href=\"https:\/\/youtube.com\/live\/IGvh-dv7oog?feature=share\" title=\"\">Transmisi\u00f3n Virtual sesion del viernes 27 de septiembre de 2024<\/a><\/p>\n\n\n\n<ul class=\"wp-block-list\">\n<li><strong>Sesi\u00f3n N\u00ba 452<\/strong>:<\/li>\n<\/ul>\n\n\n\n<p><a href=\"https:\/\/www.fcaglp.unlp.edu.ar\/wp-content\/uploads\/2024\/09\/OD452-2.pdf\" title=\"\"><strong>Orden del d\u00eda<\/strong><\/a><\/p>\n\n\n\n<p><strong><a href=\"https:\/\/www.fcaglp.unlp.edu.ar\/wp-content\/uploads\/2025\/02\/Acta-452-1.pdf\" title=\"\">Acta de la Sesi\u00f3n<\/a><\/strong><\/p>\n\n\n\n<p><a href=\"https:\/\/www.youtube.com\/live\/898kwLtENYk?feature=share\" target=\"_blank\" rel=\"noopener\" title=\"\">Transmisi\u00f3n Virtual sesion del viernes 23 de agosto de 2024<\/a><\/p>\n\n\n\n<ul class=\"wp-block-list\">\n<li><strong>Sesi\u00f3n N\u00ba 451:<\/strong><\/li>\n<\/ul>\n\n\n\n<p style=\"font-size:16px\"><a href=\"https:\/\/www.fcaglp.unlp.edu.ar\/wp-content\/uploads\/2024\/08\/OD451.pdf\" title=\"\"><strong>Orden del d\u00eda<\/strong><\/a><\/p>\n\n\n\n<p><strong><a href=\"https:\/\/www.fcaglp.unlp.edu.ar\/wp-content\/uploads\/2025\/02\/Acta-451.pdf\" title=\"\">Acta de la Sesi\u00f3n<\/a><\/strong><\/p>\n\n\n\n<p><a href=\"https:\/\/youtube.com\/live\/yx1LbK1w224?feature=share\" title=\"\">Transmisi\u00f3n Virtual sesi\u00f3n del viernes 12 de julio de 2024.<\/a><\/p>\n\n\n\n<ul class=\"wp-block-list\">\n<li><strong>Sesi\u00f3n N\u00ba 450:<\/strong><\/li>\n<\/ul>\n\n\n\n<p><strong><a href=\"https:\/\/www.fcaglp.unlp.edu.ar\/uploads\/docs\/od450.pdf\"><\/a><\/strong><a href=\"https:\/\/www.fcaglp.unlp.edu.ar\/uploads\/docs\/od450.pdf\"><strong>Orden del d\u00eda<\/strong><\/a><\/p>\n\n\n\n<p style=\"font-size:16px\"><strong><a href=\"https:\/\/www.fcaglp.unlp.edu.ar\/wp-content\/uploads\/2025\/02\/Acta-450.pdf\" title=\"\">Acta de la Sesi\u00f3n<\/a><\/strong><\/p>\n\n\n\n<p><a href=\"https:\/\/youtube.com\/live\/boF2L9jTvFQ?feature=share\">Transmisi\u00f3n Virtual sesi\u00f3n del viernes 28 de junio de 2024.<\/a><\/p>\n\n\n\n<ul class=\"wp-block-list\">\n<li><strong>Sesi\u00f3n N\u00ba 449:<\/strong><\/li>\n<\/ul>\n\n\n\n<p><a href=\"https:\/\/www.fcaglp.unlp.edu.ar\/uploads\/docs\/od449v.pdf\"><strong>Orden del d\u00eda<\/strong><\/a><strong>&nbsp;<\/strong><\/p>\n\n\n\n<p><strong><a href=\"https:\/\/www.fcaglp.unlp.edu.ar\/wp-content\/uploads\/2025\/02\/Acta-449.pdf\" title=\"\">Acta de la Sesi\u00f3n<\/a><\/strong><\/p>\n\n\n\n<p><a href=\"https:\/\/www.youtube.com\/live\/oYc-hgHswlI?feature=share\">Transmisi\u00f3n Virtual sesi\u00f3n del viernes 24 de mayo de 2024.<\/a><\/p>\n\n\n\n<ul class=\"wp-block-list\">\n<li><strong>Sesi\u00f3n N\u00ba 448:<\/strong><\/li>\n<\/ul>\n\n\n\n<p><strong><a href=\"https:\/\/www.fcaglp.unlp.edu.ar\/uploads\/docs\/od448.pdf\">Orden del d\u00eda<\/a><\/strong><\/p>\n\n\n\n<div class=\"wp-block-file\"><a id=\"wp-block-file--media-31180439-81f9-437d-b6a5-d625fdec4f6b\" href=\"https:\/\/www.fcaglp.unlp.edu.ar\/wp-content\/uploads\/2024\/11\/Acta-448.pdf\"><strong>Acta de la Sesi\u00f3n<\/strong><\/a><\/div>\n\n\n\n<p><\/p>\n\n\n\n<p><a href=\"https:\/\/youtube.com\/live\/4j70wCxTxHE?feature=share\">Transmisi\u00f3n Virtual sesi\u00f3n del viernes 26 de abril de 2024.<\/a><\/p>\n\n\n\n<ul class=\"wp-block-list\">\n<li><strong>Sesi\u00f3n N\u00ba 447:<\/strong><\/li>\n<\/ul>\n\n\n\n<p><strong><a href=\"https:\/\/www.fcaglp.unlp.edu.ar\/uploads\/docs\/od447.pdf\">Orden del d\u00eda<\/a><\/strong><\/p>\n\n\n\n<p><strong><a href=\"https:\/\/www.fcaglp.unlp.edu.ar\/uploads\/docs\/acta447.pdf\">Acta de la Sesi\u00f3n<\/a><\/strong><\/p>\n\n\n\n<p><a href=\"https:\/\/youtube.com\/live\/8v6ZN0gX_lU?feature=share\">Transmisi\u00f3n Virtual sesi\u00f3n del viernes 22 de marzo de 2024.<\/a><\/p>\n\n\n\n<ul class=\"wp-block-list\">\n<li><strong>Sesi\u00f3n N\u00ba 446:<\/strong><\/li>\n<\/ul>\n\n\n\n<p><strong><a href=\"https:\/\/www.fcaglp.unlp.edu.ar\/uploads\/docs\/od446.pdf\">Orden del d\u00eda<\/a><\/strong><\/p>\n\n\n\n<p><strong><a href=\"https:\/\/www.fcaglp.unlp.edu.ar\/uploads\/docs\/acta446.pdf\">Acta de la Sesi\u00f3n<\/a><\/strong><\/p>\n\n\n\n<p><a href=\"https:\/\/youtube.com\/live\/7aWoCHhvmkI?feature=share\">Transmisi\u00f3n Virtual sesi\u00f3n del viernes 23 de febrero de 2024.<\/a><\/p>\n\n\n\n<ul class=\"wp-block-list\">\n<li><strong>Sesi\u00f3n N\u00ba 445:<\/strong><\/li>\n<\/ul>\n\n\n\n<p><strong><a href=\"https:\/\/www.fcaglp.unlp.edu.ar\/uploads\/docs\/od445.pdf\">Orden del d\u00eda<\/a>&nbsp;<\/strong><\/p>\n\n\n\n<p><strong><a href=\"https:\/\/www.fcaglp.unlp.edu.ar\/uploads\/docs\/acta445.pdf\">Acta de la Sesi\u00f3n<\/a><\/strong><\/p>\n\n\n\n<p><a href=\"https:\/\/youtube.com\/live\/hncmO92kbSs?feature=share\">Transmisi\u00f3n Virtual sesi\u00f3n del viernes 15 de diciembre de 2023.<\/a><\/p>\n\n\n\n<ul class=\"wp-block-list\">\n<li><strong>Sesi\u00f3n N\u00ba 444:<\/strong><\/li>\n<\/ul>\n\n\n\n<p><strong><a href=\"https:\/\/www.fcaglp.unlp.edu.ar\/uploads\/docs\/od444.pdf\">Orden del d\u00eda<\/a><\/strong><\/p>\n\n\n\n<p><strong><a href=\"https:\/\/www.fcaglp.unlp.edu.ar\/uploads\/docs\/acta444.pdf\">Acta de la Sesi\u00f3n<\/a><\/strong><\/p>\n\n\n\n<p><a href=\"https:\/\/youtube.com\/live\/SFVYm1KceYY?feature=share\">Transmisi\u00f3n Virtual sesi\u00f3n del viernes 17 de noviembre de 2023.<\/a><\/p>\n\n\n\n<ul class=\"wp-block-list\">\n<li><strong>Sesi\u00f3n N\u00ba 443:<\/strong><\/li>\n<\/ul>\n\n\n\n<p><strong><a href=\"https:\/\/www.fcaglp.unlp.edu.ar\/uploads\/docs\/od443.pdf\">Orden del d\u00eda<\/a><\/strong><\/p>\n\n\n\n<p><strong><a href=\"https:\/\/www.fcaglp.unlp.edu.ar\/uploads\/docs\/acta443.pdf\">Acta de la Sesi\u00f3n<\/a><\/strong><\/p>\n\n\n\n<p><a href=\"https:\/\/youtube.com\/live\/yVuLu-Fn3RI?feature=share\">Transmisi\u00f3n Virtual sesi\u00f3n del viernes 20 de octubre de 2023.<\/a><\/p>\n\n\n\n<ul class=\"wp-block-list\">\n<li><strong>Sesi\u00f3n N\u00ba 442:<\/strong><\/li>\n<\/ul>\n\n\n\n<p><strong><a href=\"https:\/\/www.fcaglp.unlp.edu.ar\/uploads\/docs\/od_442.pdf\">Orden del d\u00eda<\/a><\/strong><\/p>\n\n\n\n<p><strong><a href=\"https:\/\/www.fcaglp.unlp.edu.ar\/uploads\/docs\/acta442.pdf\">Acta de la Sesi\u00f3n<\/a><\/strong><\/p>\n\n\n\n<p><a href=\"https:\/\/youtube.com\/live\/FDxHcTuNXAM?feature=share\">Transmisi\u00f3n Virtual sesi\u00f3n del viernes 15 de septiembre de 2023.<\/a><\/p>\n\n\n\n<ul class=\"wp-block-list\">\n<li><strong>Sesi\u00f3n N\u00ba 441:<\/strong><\/li>\n<\/ul>\n\n\n\n<p><strong><a href=\"https:\/\/www.fcaglp.unlp.edu.ar\/uploads\/docs\/od441.pdf\">Orden del d\u00eda<\/a><\/strong><\/p>\n\n\n\n<p><strong><a href=\"https:\/\/www.fcaglp.unlp.edu.ar\/uploads\/docs\/acta441.pdf\">Acta de la Sesi\u00f3n<\/a><\/strong><\/p>\n\n\n\n<p><a href=\"https:\/\/youtube.com\/live\/pW2snOEsOL0?feature=share\">Transmisi\u00f3n Virtual sesi\u00f3n del viernes 18 de agosto de 2023.<\/a><\/p>\n\n\n\n<ul class=\"wp-block-list\">\n<li><strong>Sesi\u00f3n N\u00ba 440:<\/strong><\/li>\n<\/ul>\n\n\n\n<p><strong><a href=\"https:\/\/www.fcaglp.unlp.edu.ar\/uploads\/docs\/od440_.pdf\">Orden del d\u00eda<\/a>&nbsp;|&nbsp;<a href=\"https:\/\/www.fcaglp.unlp.edu.ar\/uploads\/docs\/acta440.pdf\">Acta de la Sesi\u00f3n<\/a><\/strong><\/p>\n\n\n\n<p><a href=\"https:\/\/youtube.com\/live\/00Yyii2Nj28?feature=share\">Transmisi\u00f3n Virtual sesi\u00f3n del viernes 14 de julio de 2023.<\/a><\/p>\n\n\n\n<ul class=\"wp-block-list\">\n<li><strong>Sesi\u00f3n N\u00ba 439:<\/strong><\/li>\n<\/ul>\n\n\n\n<p><strong><a href=\"https:\/\/www.fcaglp.unlp.edu.ar\/uploads\/docs\/od439.pdf\">Orden del d\u00eda<\/a><\/strong><\/p>\n\n\n\n<p><strong><a href=\"https:\/\/www.fcaglp.unlp.edu.ar\/uploads\/docs\/acta439.pdf\">Acta de la Sesi\u00f3n<\/a><\/strong><\/p>\n\n\n\n<p><a href=\"https:\/\/youtube.com\/live\/WgeyLu5ipU8?feature=share\">Transmisi\u00f3n Virtual sesi\u00f3n del viernes 30 de junio de 2023.<\/a><\/p>\n\n\n\n<ul class=\"wp-block-list\">\n<li><strong>Sesi\u00f3n N\u00ba 438:<\/strong><\/li>\n<\/ul>\n\n\n\n<p><strong><a href=\"https:\/\/www.fcaglp.unlp.edu.ar\/uploads\/docs\/od438.pdf\">Orden del d\u00eda<\/a><\/strong><\/p>\n\n\n\n<p><strong><a href=\"https:\/\/www.fcaglp.unlp.edu.ar\/uploads\/docs\/acta_438.pdf\">Acta de la Sesi\u00f3n<\/a><\/strong><\/p>\n\n\n\n<p><a href=\"https:\/\/youtube.com\/live\/i16pz0_Y-xE?feature=share\">Transmisi\u00f3n Virtual sesi\u00f3n del viernes 19 de mayo de 2023.<\/a><\/p>\n\n\n\n<ul class=\"wp-block-list\">\n<li><strong>Sesi\u00f3n N\u00ba 437:<\/strong><\/li>\n<\/ul>\n\n\n\n<p><strong><a href=\"https:\/\/www.fcaglp.unlp.edu.ar\/uploads\/docs\/od437_2.pdf\">Orden del d\u00eda<\/a><\/strong><\/p>\n\n\n\n<p><strong><a href=\"https:\/\/www.fcaglp.unlp.edu.ar\/uploads\/docs\/acta_437.pdf\">Acta de la Sesi\u00f3n<\/a><\/strong><\/p>\n\n\n\n<p><a href=\"https:\/\/youtube.com\/live\/LWi4qmBfEF0?feature=share\">Transmisi\u00f3n Virtual sesi\u00f3n del viernes 28 de abril de 2023.<\/a><\/p>\n\n\n\n<ul class=\"wp-block-list\">\n<li><strong>Sesi\u00f3n N\u00ba 436:<\/strong><\/li>\n<\/ul>\n\n\n\n<p><strong><a href=\"https:\/\/www.fcaglp.unlp.edu.ar\/uploads\/docs\/od436.pdf\">Orden del d\u00eda<\/a><\/strong><\/p>\n\n\n\n<p><strong><a href=\"https:\/\/www.fcaglp.unlp.edu.ar\/uploads\/docs\/acta436.pdf\">Acta de la Sesi\u00f3n<\/a><\/strong><\/p>\n\n\n\n<p><a href=\"https:\/\/youtube.com\/live\/INDwgl6qlxY?feature=share\">Transmisi\u00f3n Virtual sesi\u00f3n del viernes 17 de marzo de 2023.<\/a><\/p>\n\n\n\n<ul class=\"wp-block-list\">\n<li><strong>Sesi\u00f3n N\u00ba 435:<\/strong><\/li>\n<\/ul>\n\n\n\n<p><strong><a href=\"https:\/\/www.fcaglp.unlp.edu.ar\/uploads\/docs\/od435.pdf\">Orden del d\u00eda<\/a><\/strong><\/p>\n\n\n\n<p><strong><a href=\"https:\/\/www.fcaglp.unlp.edu.ar\/uploads\/docs\/acta435.pdf\">Acta de la Sesi\u00f3n<\/a><\/strong><\/p>\n\n\n\n<p><a href=\"https:\/\/youtube.com\/live\/ALjiu4uz0Sc?feature=share\">Transmisi\u00f3n Virtual sesi\u00f3n del viernes 24 de febrero de 2023.<\/a><\/p>\n\n\n\n<ul class=\"wp-block-list\">\n<li><strong>Sesi\u00f3n N\u00ba 434:<\/strong><\/li>\n<\/ul>\n\n\n\n<p><strong><a href=\"https:\/\/www.fcaglp.unlp.edu.ar\/uploads\/docs\/od434.pdf\">Orden del d\u00eda<\/a><\/strong><\/p>\n\n\n\n<p><strong><a href=\"https:\/\/www.fcaglp.unlp.edu.ar\/uploads\/docs\/acta434.pdf\">Acta de la Sesi\u00f3n<\/a><\/strong><\/p>\n\n\n\n<p><a href=\"https:\/\/youtu.be\/nVZd1ebn0oE\">Transmisi\u00f3n Virtual sesi\u00f3n del viernes 16 de diciembre de 2022.<\/a><\/p>\n\n\n\n<ul class=\"wp-block-list\">\n<li><strong>Sesi\u00f3n N\u00ba 433:<\/strong><\/li>\n<\/ul>\n\n\n\n<p><strong><a href=\"https:\/\/www.fcaglp.unlp.edu.ar\/uploads\/docs\/od433.pdf\">Orden del d\u00eda<\/a><\/strong><\/p>\n\n\n\n<p><strong><a href=\"https:\/\/www.fcaglp.unlp.edu.ar\/uploads\/docs\/acta433.pdf\">Acta de la Sesi\u00f3n<\/a><\/strong><\/p>\n\n\n\n<p><a href=\"https:\/\/youtu.be\/BgQLCPwx_j0\">Transmisi\u00f3n Virtual sesi\u00f3n del viernes 18 de noviembre de 2022.<\/a><\/p>\n\n\n\n<ul class=\"wp-block-list\">\n<li><strong>Sesi\u00f3n N\u00ba 432:<\/strong><\/li>\n<\/ul>\n\n\n\n<p><strong><a href=\"https:\/\/www.fcaglp.unlp.edu.ar\/uploads\/docs\/od432.pdf\">Orden del d\u00eda<\/a>&nbsp;|&nbsp;<\/strong><strong><a href=\"https:\/\/www.fcaglp.unlp.edu.ar\/uploads\/docs\/acta432.pdf\"><\/a><\/strong><a href=\"https:\/\/www.fcaglp.unlp.edu.ar\/uploads\/docs\/acta432.pdf\"><strong>Acta de la Sesi\u00f3n<\/strong><\/a><\/p>\n\n\n\n<p><a href=\"https:\/\/youtu.be\/QhBTGTPwo9U\">Transmisi\u00f3n Virtual sesi\u00f3n del viernes 21 de octubre de 2022.<\/a><\/p>\n\n\n\n<ul class=\"wp-block-list\">\n<li><strong>Sesi\u00f3n N\u00ba 431:<\/strong><\/li>\n<\/ul>\n\n\n\n<p><strong><a href=\"https:\/\/www.fcaglp.unlp.edu.ar\/uploads\/docs\/od431.pdf\">Orden del d\u00eda<\/a><\/strong><\/p>\n\n\n\n<p><strong><a href=\"https:\/\/www.fcaglp.unlp.edu.ar\/uploads\/docs\/acta431.pdf\">Acta de la Sesi\u00f3n<\/a><\/strong><\/p>\n\n\n\n<p><a href=\"https:\/\/youtu.be\/gsLmublhnhc\">Transmisi\u00f3n Virtual sesi\u00f3n del viernes 31 de septiembre de 2022.<\/a><\/p>\n\n\n\n<ul class=\"wp-block-list\">\n<li><strong>Sesi\u00f3n N\u00ba 430:<\/strong><\/li>\n<\/ul>\n\n\n\n<p><strong><a href=\"https:\/\/www.fcaglp.unlp.edu.ar\/uploads\/docs\/od430.pdf\">Orden del d\u00eda<\/a><\/strong><\/p>\n\n\n\n<p><strong><a href=\"https:\/\/www.fcaglp.unlp.edu.ar\/uploads\/docs\/acta430.pdf\">Acta de la Sesi\u00f3n<\/a><\/strong><\/p>\n\n\n\n<p><a href=\"https:\/\/youtu.be\/LQg4ymSWWkU\">Transmisi\u00f3n Virtual sesi\u00f3n del viernes 19 de agosto de 2022.<\/a><\/p>\n\n\n\n<ul class=\"wp-block-list\">\n<li><strong>Sesi\u00f3n N\u00ba 429:<\/strong><\/li>\n<\/ul>\n\n\n\n<p><strong><a href=\"https:\/\/www.fcaglp.unlp.edu.ar\/uploads\/docs\/od429_1.pdf\">Orden del d\u00eda<\/a><\/strong><\/p>\n\n\n\n<p><strong><a href=\"https:\/\/www.fcaglp.unlp.edu.ar\/uploads\/docs\/acta429.pdf\">Acta de la Sesi\u00f3n<\/a><\/strong><\/p>\n\n\n\n<p><a href=\"https:\/\/youtu.be\/IVQrJ6zBB38\">Transmisi\u00f3n Virtual sesi\u00f3n del viernes 15 de julio de 2022.<\/a><\/p>\n\n\n\n<ul class=\"wp-block-list\">\n<li><strong>Sesi\u00f3n N\u00ba 428:<\/strong><\/li>\n<\/ul>\n\n\n\n<p><strong><a href=\"https:\/\/www.fcaglp.unlp.edu.ar\/uploads\/docs\/od428.pdf\">Orden del d\u00eda<\/a><\/strong><\/p>\n\n\n\n<p><strong><a href=\"https:\/\/www.fcaglp.unlp.edu.ar\/uploads\/docs\/acta428.pdf\">Acta de la Sesi\u00f3n<\/a><\/strong><\/p>\n\n\n\n<p><a href=\"https:\/\/www.youtube.com\/watch?v=Ofv2sHr3N7k\">Transmisi\u00f3n Virtual sesi\u00f3n del viernes 24 de junio de 2022.<\/a><\/p>\n\n\n\n<ul class=\"wp-block-list\">\n<li><strong>Sesi\u00f3n N\u00ba 427:<\/strong><\/li>\n<\/ul>\n\n\n\n<p><strong><a href=\"https:\/\/www.fcaglp.unlp.edu.ar\/uploads\/docs\/od427.pdf\">Orden del d\u00eda<\/a><\/strong><\/p>\n\n\n\n<p><strong><a href=\"https:\/\/www.fcaglp.unlp.edu.ar\/uploads\/docs\/_acta427.pdf\">Acta de la Sesi\u00f3n<\/a><\/strong><\/p>\n\n\n\n<p><a href=\"https:\/\/youtu.be\/-2dri_jd9xM\">Transimisi\u00f3n Virtual del viernes 27 de mayo de 2022.<\/a><\/p>\n\n\n\n<p><\/p>\n","protected":false},"excerpt":{"rendered":"<p>Actas y Ordenes del D\u00eda anteriores Ordenes del d\u00eda, Actas aprobadas y trasmisi\u00f3n&nbsp;Online del Consejo Directivo de FCAG. Periodo 2018 al 2022 Periodo a\u00f1o 2022 al 2026: Orden del d\u00eda Acta de la Sesi\u00f3n Transmisi\u00f3n Virtual sesion del viernes 20 de febrero de 2026 Orden del d\u00eda Acta de la Sesi\u00f3n Transmisi\u00f3n Virtual sesion del&hellip;&nbsp;<a href=\"https:\/\/www.fcaglp.unlp.edu.ar\/index.php\/institucional\/consejo-directivo\/od-y-actas-2022-2026\/\" rel=\"bookmark\">Read More &raquo;<span class=\"screen-reader-text\">Ordenes del d\u00eda y Actas aprobadas del Consejo Directivo de FCAG. Periodo 2022 al 2026<\/span><\/a><\/p>\n","protected":false},"author":18,"featured_media":0,"parent":339,"menu_order":0,"comment_status":"closed","ping_status":"closed","template":"","meta":{"neve_meta_sidebar":"","neve_meta_container":"","neve_meta_enable_content_width":"","neve_meta_content_width":0,"neve_meta_title_alignment":"","neve_meta_author_avatar":"","neve_post_elements_order":"","neve_meta_disable_header":"","neve_meta_disable_footer":"","neve_meta_disable_title":"","neve_meta_reading_time":"","_themeisle_gutenberg_block_has_review":false,"footnotes":""},"class_list":["post-1660","page","type-page","status-publish","hentry"],"aioseo_notices":[],"_links":{"self":[{"href":"https:\/\/www.fcaglp.unlp.edu.ar\/index.php\/wp-json\/wp\/v2\/pages\/1660","targetHints":{"allow":["GET"]}}],"collection":[{"href":"https:\/\/www.fcaglp.unlp.edu.ar\/index.php\/wp-json\/wp\/v2\/pages"}],"about":[{"href":"https:\/\/www.fcaglp.unlp.edu.ar\/index.php\/wp-json\/wp\/v2\/types\/page"}],"author":[{"embeddable":true,"href":"https:\/\/www.fcaglp.unlp.edu.ar\/index.php\/wp-json\/wp\/v2\/users\/18"}],"replies":[{"embeddable":true,"href":"https:\/\/www.fcaglp.unlp.edu.ar\/index.php\/wp-json\/wp\/v2\/comments?post=1660"}],"version-history":[{"count":46,"href":"https:\/\/www.fcaglp.unlp.edu.ar\/index.php\/wp-json\/wp\/v2\/pages\/1660\/revisions"}],"predecessor-version":[{"id":16020,"href":"https:\/\/www.fcaglp.unlp.edu.ar\/index.php\/wp-json\/wp\/v2\/pages\/1660\/revisions\/16020"}],"up":[{"embeddable":true,"href":"https:\/\/www.fcaglp.unlp.edu.ar\/index.php\/wp-json\/wp\/v2\/pages\/339"}],"wp:attachment":[{"href":"https:\/\/www.fcaglp.unlp.edu.ar\/index.php\/wp-json\/wp\/v2\/media?parent=1660"}],"curies":[{"name":"wp","href":"https:\/\/api.w.org\/{rel}","templated":true}]}}