{"id":16223,"date":"2026-03-12T12:42:48","date_gmt":"2026-03-12T15:42:48","guid":{"rendered":"https:\/\/www.fcaglp.unlp.edu.ar\/?page_id=16223"},"modified":"2026-04-30T10:51:56","modified_gmt":"2026-04-30T13:51:56","slug":"ordenes-del-dia-y-actas-aprobadas-del-consejo-directivo-de-fcag-periodo-2026-al-2030","status":"publish","type":"page","link":"https:\/\/www.fcaglp.unlp.edu.ar\/index.php\/institucional\/consejo-directivo\/ordenes-del-dia-y-actas-aprobadas-del-consejo-directivo-de-fcag-periodo-2026-al-2030\/","title":{"rendered":"Ordenes del d\u00eda y Actas aprobadas del Consejo Directivo de FCAG. Periodo 2026 al 2030"},"content":{"rendered":"\n<p><a href=\"https:\/\/intranet.fcaglp.unlp.edu.ar\/intra.php?p=6\" title=\"\"><strong>Actas y Ordenes del D\u00eda anteriores<\/strong><\/a><\/p>\n\n\n\n<p><\/p>\n\n\n\n<p><a href=\"https:\/\/www.fcaglp.unlp.edu.ar\/index.php\/institucional\/consejo-directivo\/od-y-actas-2018-2022\/\" title=\"\"><strong><\/strong><\/a><strong><a href=\"https:\/\/www.fcaglp.unlp.edu.ar\/index.php\/institucional\/consejo-directivo\/od-y-actas-2022-2026\/\" title=\"\"><strong>Ordenes del d\u00eda y Actas aprobadas del Consejo Directivo de FCAG. Periodo 2022 al 2026<\/strong><\/a><br><strong><a href=\"https:\/\/www.fcaglp.unlp.edu.ar\/index.php\/institucional\/consejo-directivo\/od-y-actas-2018-2022\/\" title=\"\">Ordenes del d\u00eda y Actas aprobadas del Consejo Directivo de FCAG. Periodo 2018 al 2022<\/a><\/strong><\/strong><\/p>\n\n\n\n<hr class=\"wp-block-separator has-alpha-channel-opacity\" \/>\n\n\n\n<p><strong><em>Periodo a\u00f1o 2026 al 2030:<\/em><\/strong><\/p>\n\n\n\n<ul class=\"wp-block-list\">\n<li><strong>Sesi\u00f3n N\u00ba 471<\/strong>:<\/li>\n<\/ul>\n\n\n\n<p><strong><a href=\"https:\/\/www.fcaglp.unlp.edu.ar\/wp-content\/uploads\/2026\/04\/OD471.pdf\" target=\"_blank\" rel=\"noopener\" title=\"\">Orden del d\u00eda<\/a><\/strong><\/p>\n\n\n\n<p><strong>Acta de la Sesi\u00f3n<\/strong><\/p>\n\n\n\n<p><a href=\"https:\/\/www.youtube.com\/live\/O2MSk5KVZQA?feature=share\" target=\"_blank\" rel=\"noopener\" title=\"\">Transmisi\u00f3n Virtual sesion del viernes 24 de abril de 2026<\/a><\/p>\n\n\n\n<ul class=\"wp-block-list\">\n<li><strong>Sesi\u00f3n Extraordinaria N\u00ba 470<\/strong>:<\/li>\n<\/ul>\n\n\n\n<p><strong><a href=\"https:\/\/www.fcaglp.unlp.edu.ar\/wp-content\/uploads\/2026\/03\/OD470.pdf\" target=\"_blank\" rel=\"noopener\" title=\"\">Orden del d\u00eda<\/a><\/strong><\/p>\n\n\n\n<p><strong>Acta de la Sesi\u00f3n<\/strong><\/p>\n\n\n\n<p><a href=\"https:\/\/www.youtube.com\/live\/GDC5rHKf9Iw?feature=share\" target=\"_blank\" rel=\"noopener\" title=\"\">Transmisi\u00f3n Virtual sesion del miercoles 1 de abril de 2026<\/a><\/p>\n\n\n\n<p><\/p>\n","protected":false},"excerpt":{"rendered":"<p>Actas y Ordenes del D\u00eda anteriores Ordenes del d\u00eda y Actas aprobadas del Consejo Directivo de FCAG. Periodo 2022 al 2026Ordenes del d\u00eda y Actas aprobadas del Consejo Directivo de FCAG. Periodo 2018 al 2022 Periodo a\u00f1o 2026 al 2030: Orden del d\u00eda Acta de la Sesi\u00f3n Transmisi\u00f3n Virtual sesion del viernes 24 de abril&hellip;&nbsp;<a href=\"https:\/\/www.fcaglp.unlp.edu.ar\/index.php\/institucional\/consejo-directivo\/ordenes-del-dia-y-actas-aprobadas-del-consejo-directivo-de-fcag-periodo-2026-al-2030\/\" rel=\"bookmark\">Read More &raquo;<span class=\"screen-reader-text\">Ordenes del d\u00eda y Actas aprobadas del Consejo Directivo de FCAG. Periodo 2026 al 2030<\/span><\/a><\/p>\n","protected":false},"author":18,"featured_media":0,"parent":339,"menu_order":0,"comment_status":"closed","ping_status":"closed","template":"","meta":{"neve_meta_sidebar":"","neve_meta_container":"","neve_meta_enable_content_width":"","neve_meta_content_width":0,"neve_meta_title_alignment":"","neve_meta_author_avatar":"","neve_post_elements_order":"","neve_meta_disable_header":"","neve_meta_disable_footer":"","neve_meta_disable_title":"","neve_meta_reading_time":"","_themeisle_gutenberg_block_has_review":false,"footnotes":""},"class_list":["post-16223","page","type-page","status-publish","hentry"],"aioseo_notices":[],"_links":{"self":[{"href":"https:\/\/www.fcaglp.unlp.edu.ar\/index.php\/wp-json\/wp\/v2\/pages\/16223","targetHints":{"allow":["GET"]}}],"collection":[{"href":"https:\/\/www.fcaglp.unlp.edu.ar\/index.php\/wp-json\/wp\/v2\/pages"}],"about":[{"href":"https:\/\/www.fcaglp.unlp.edu.ar\/index.php\/wp-json\/wp\/v2\/types\/page"}],"author":[{"embeddable":true,"href":"https:\/\/www.fcaglp.unlp.edu.ar\/index.php\/wp-json\/wp\/v2\/users\/18"}],"replies":[{"embeddable":true,"href":"https:\/\/www.fcaglp.unlp.edu.ar\/index.php\/wp-json\/wp\/v2\/comments?post=16223"}],"version-history":[{"count":3,"href":"https:\/\/www.fcaglp.unlp.edu.ar\/index.php\/wp-json\/wp\/v2\/pages\/16223\/revisions"}],"predecessor-version":[{"id":17320,"href":"https:\/\/www.fcaglp.unlp.edu.ar\/index.php\/wp-json\/wp\/v2\/pages\/16223\/revisions\/17320"}],"up":[{"embeddable":true,"href":"https:\/\/www.fcaglp.unlp.edu.ar\/index.php\/wp-json\/wp\/v2\/pages\/339"}],"wp:attachment":[{"href":"https:\/\/www.fcaglp.unlp.edu.ar\/index.php\/wp-json\/wp\/v2\/media?parent=16223"}],"curies":[{"name":"wp","href":"https:\/\/api.w.org\/{rel}","templated":true}]}}