{"id":13177,"date":"2025-08-04T13:07:34","date_gmt":"2025-08-04T16:07:34","guid":{"rendered":"https:\/\/www.fcaglp.unlp.edu.ar\/?page_id=13177"},"modified":"2026-03-27T09:20:55","modified_gmt":"2026-03-27T12:20:55","slug":"cluster-gama-fcag","status":"publish","type":"page","link":"https:\/\/www.fcaglp.unlp.edu.ar\/index.php\/cluster-gama-fcag\/","title":{"rendered":"CLUSTER GAMA (FCAG-IALP)"},"content":{"rendered":"\n<p>El <strong>Cluster <\/strong><em>Geof\u00edsica, Astronom\u00eda y Meteorolog\u00eda Argentina (<\/em><strong>GAMA<\/strong>) es un programa conjunto entre la Secretar\u00eda de Ciencia y T\u00e9cnica y el Instituto de Astrof\u00edsica de La Plata, dise\u00f1ado para brindar el acceso a recursos computacionales especializados <em>para facilitar el desarrollo de las actividades de los distintos grupos de investigaci\u00f3n de la FCAG.<\/em><\/p>\n\n\n\n<p><strong>\u00bfQui\u00e9nes pueden solicitar un usuario?<\/strong><\/p>\n\n\n\n<ul class=\"wp-block-list\">\n<li><strong>Docentes-investigadores<\/strong> con lugar de trabajo en la FCAG.<\/li>\n\n\n\n<li><strong>Investigadores y Personal de Apoyo de las UI<\/strong>: CIGEOF-IALP-IAR-MAGGIA<\/li>\n\n\n\n<li><strong>Estudiantes de posgrado<\/strong>.<\/li>\n\n\n\n<li><strong>Tesistas de grado<\/strong> con aval formal de su director\/a.<\/li>\n<\/ul>\n\n\n\n<p><strong>Enlaces de inter\u00e9s:<\/strong><br>&#8211;<strong><a href=\"https:\/\/drive.google.com\/file\/d\/1m0_6tyfBSUyawCWptJRLYSfi1Q_SphJ0\/view\" title=\"\">Manual del Usuario<\/a><\/strong><br>&#8211;<strong><a href=\"https:\/\/forms.gle\/NjGN24pnSqgmWQoW8\" title=\"\">Formulario de Solicitud de alta<\/a><\/strong><\/p>\n\n\n\n<p><strong>Contacto:<\/strong> <strong>cluster@fcaglp.unlp.edu.ar<\/strong><\/p>\n\n\n\n<div class=\"wp-block-file\"><a id=\"wp-block-file--media-93f269d7-498c-4a84-88b6-acc16b0fc832\" href=\"https:\/\/www.fcaglp.unlp.edu.ar\/wp-content\/uploads\/2026\/03\/RCD_232-Creacion-Cluster-FCAG-y-Comision-Ad-Hoc-1062-24_firmado.pdf\">RCD_232 &#8211; Creacion Cluster FCAG y Comision Ad-Hoc 1062-24_firmado<\/a><a href=\"https:\/\/www.fcaglp.unlp.edu.ar\/wp-content\/uploads\/2026\/03\/RCD_232-Creacion-Cluster-FCAG-y-Comision-Ad-Hoc-1062-24_firmado.pdf\" class=\"wp-block-file__button wp-element-button\" download aria-describedby=\"wp-block-file--media-93f269d7-498c-4a84-88b6-acc16b0fc832\">Descarga<\/a><\/div>\n\n\n\n<div class=\"wp-block-file\"><a id=\"wp-block-file--media-39c358c3-dc5e-4c32-a337-990fe3284781\" href=\"https:\/\/www.fcaglp.unlp.edu.ar\/wp-content\/uploads\/2026\/03\/R91_Cluster-GAMA_firmado.pdf\">R91_Cluster GAMA_firmado<\/a><a href=\"https:\/\/www.fcaglp.unlp.edu.ar\/wp-content\/uploads\/2026\/03\/R91_Cluster-GAMA_firmado.pdf\" class=\"wp-block-file__button wp-element-button\" download aria-describedby=\"wp-block-file--media-39c358c3-dc5e-4c32-a337-990fe3284781\">Descarga<\/a><\/div>\n\n\n\n<p><\/p>\n","protected":false},"excerpt":{"rendered":"<p>El Cluster Geof\u00edsica, Astronom\u00eda y Meteorolog\u00eda Argentina (GAMA) es un programa conjunto entre la Secretar\u00eda de Ciencia y T\u00e9cnica y el Instituto de Astrof\u00edsica de La Plata, dise\u00f1ado para brindar el acceso a recursos computacionales especializados para facilitar el desarrollo de las actividades de los distintos grupos de investigaci\u00f3n de la FCAG. \u00bfQui\u00e9nes pueden solicitar&hellip;&nbsp;<a href=\"https:\/\/www.fcaglp.unlp.edu.ar\/index.php\/cluster-gama-fcag\/\" rel=\"bookmark\">Read More &raquo;<span class=\"screen-reader-text\">CLUSTER GAMA (FCAG-IALP)<\/span><\/a><\/p>\n","protected":false},"author":10,"featured_media":0,"parent":0,"menu_order":0,"comment_status":"closed","ping_status":"closed","template":"","meta":{"neve_meta_sidebar":"","neve_meta_container":"","neve_meta_enable_content_width":"","neve_meta_content_width":0,"neve_meta_title_alignment":"","neve_meta_author_avatar":"","neve_post_elements_order":"","neve_meta_disable_header":"","neve_meta_disable_footer":"","neve_meta_disable_title":"","neve_meta_reading_time":"","_themeisle_gutenberg_block_has_review":false,"footnotes":""},"class_list":["post-13177","page","type-page","status-publish","hentry"],"aioseo_notices":[],"_links":{"self":[{"href":"https:\/\/www.fcaglp.unlp.edu.ar\/index.php\/wp-json\/wp\/v2\/pages\/13177","targetHints":{"allow":["GET"]}}],"collection":[{"href":"https:\/\/www.fcaglp.unlp.edu.ar\/index.php\/wp-json\/wp\/v2\/pages"}],"about":[{"href":"https:\/\/www.fcaglp.unlp.edu.ar\/index.php\/wp-json\/wp\/v2\/types\/page"}],"author":[{"embeddable":true,"href":"https:\/\/www.fcaglp.unlp.edu.ar\/index.php\/wp-json\/wp\/v2\/users\/10"}],"replies":[{"embeddable":true,"href":"https:\/\/www.fcaglp.unlp.edu.ar\/index.php\/wp-json\/wp\/v2\/comments?post=13177"}],"version-history":[{"count":11,"href":"https:\/\/www.fcaglp.unlp.edu.ar\/index.php\/wp-json\/wp\/v2\/pages\/13177\/revisions"}],"predecessor-version":[{"id":16546,"href":"https:\/\/www.fcaglp.unlp.edu.ar\/index.php\/wp-json\/wp\/v2\/pages\/13177\/revisions\/16546"}],"wp:attachment":[{"href":"https:\/\/www.fcaglp.unlp.edu.ar\/index.php\/wp-json\/wp\/v2\/media?parent=13177"}],"curies":[{"name":"wp","href":"https:\/\/api.w.org\/{rel}","templated":true}]}}