{"id":12512,"date":"2025-06-09T12:45:52","date_gmt":"2025-06-09T15:45:52","guid":{"rendered":"https:\/\/www.fcaglp.unlp.edu.ar\/?page_id=12512"},"modified":"2025-08-07T12:15:43","modified_gmt":"2025-08-07T15:15:43","slug":"atencion-rayos-en-el-cielo","status":"publish","type":"page","link":"https:\/\/www.fcaglp.unlp.edu.ar\/index.php\/atencion-rayos-en-el-cielo\/","title":{"rendered":"\u00a1Atenci\u00f3n, Rayos en el cielo!"},"content":{"rendered":"\n<figure class=\"wp-block-image size-full\"><img fetchpriority=\"high\" decoding=\"async\" width=\"2560\" height=\"1345\" src=\"https:\/\/www.fcaglp.unlp.edu.ar\/wp-content\/uploads\/2025\/06\/RAYOS-EN-ELCIELO_Mesa-de-trabajo-2-scaled.jpg\" alt=\"\" class=\"wp-image-12500\" srcset=\"https:\/\/www.fcaglp.unlp.edu.ar\/wp-content\/uploads\/2025\/06\/RAYOS-EN-ELCIELO_Mesa-de-trabajo-2-scaled.jpg 2560w, https:\/\/www.fcaglp.unlp.edu.ar\/wp-content\/uploads\/2025\/06\/RAYOS-EN-ELCIELO_Mesa-de-trabajo-2-300x158.jpg 300w, https:\/\/www.fcaglp.unlp.edu.ar\/wp-content\/uploads\/2025\/06\/RAYOS-EN-ELCIELO_Mesa-de-trabajo-2-1024x538.jpg 1024w, https:\/\/www.fcaglp.unlp.edu.ar\/wp-content\/uploads\/2025\/06\/RAYOS-EN-ELCIELO_Mesa-de-trabajo-2-768x403.jpg 768w, https:\/\/www.fcaglp.unlp.edu.ar\/wp-content\/uploads\/2025\/06\/RAYOS-EN-ELCIELO_Mesa-de-trabajo-2-1536x807.jpg 1536w, https:\/\/www.fcaglp.unlp.edu.ar\/wp-content\/uploads\/2025\/06\/RAYOS-EN-ELCIELO_Mesa-de-trabajo-2-2048x1076.jpg 2048w\" sizes=\"(max-width: 2560px) 100vw, 2560px\" \/><\/figure>\n\n\n\n<div style=\"height:40px\" aria-hidden=\"true\" class=\"wp-block-spacer\"><\/div>\n\n\n\n<p>\ud83d\uddd3\ufe0f INICIO jueves 06\/11\/25<br>\u23f0 18:00 a 20:00 h<br>Nro de encuentros: 5 (\u00faltimo encuentro 4\/12\/25)\u00a0<br>\ud83d\udccd Lugar: Sal\u00f3n Meridiano<\/p>\n\n\n\n<p><em><strong>RESE\u00d1A<\/strong><\/em><br>\u00bfQu\u00e9 son los rayos? \u00bfDe d\u00f3nde salen? \u00bfPodemos vigilarlos? \u00bfC\u00f3mo nos protegemos de ellos?<br>En este curso de divulgaci\u00f3n te proponemos que revisemos juntos estas preguntas (\u00a1y muchas otras tambi\u00e9n!), y discutamos qu\u00e9 sabemos y qu\u00e9 no de sus respuestas. No hace falta que sepas nada de electricidad ni de la atm\u00f3sfera, solo que tengas ganas de volverte protagonista en esta importante tarea de dar a conocer los peligros a los que podemos exponernos cuando hay actividad el\u00e9ctrica en el cielo.<br>Responsable: Horacio Sarochar<\/p>\n\n\n\n<p><strong><a href=\"https:\/\/forms.gle\/6i8EM3DeivDZesDX6\" title=\"\">INSCRIPCI\u00d3N AC\u00c1<\/a><\/strong><\/p>\n","protected":false},"excerpt":{"rendered":"<p>\ud83d\uddd3\ufe0f INICIO jueves 06\/11\/25\u23f0 18:00 a 20:00 hNro de encuentros: 5 (\u00faltimo encuentro 4\/12\/25)\u00a0\ud83d\udccd Lugar: Sal\u00f3n Meridiano RESE\u00d1A\u00bfQu\u00e9 son los rayos? \u00bfDe d\u00f3nde salen? \u00bfPodemos vigilarlos? \u00bfC\u00f3mo nos protegemos de ellos?En este curso de divulgaci\u00f3n te proponemos que revisemos juntos estas preguntas (\u00a1y muchas otras tambi\u00e9n!), y discutamos qu\u00e9 sabemos y qu\u00e9 no de sus&hellip;&nbsp;<a href=\"https:\/\/www.fcaglp.unlp.edu.ar\/index.php\/atencion-rayos-en-el-cielo\/\" rel=\"bookmark\">Read More &raquo;<span class=\"screen-reader-text\">\u00a1Atenci\u00f3n, Rayos en el cielo!<\/span><\/a><\/p>\n","protected":false},"author":3,"featured_media":0,"parent":0,"menu_order":0,"comment_status":"closed","ping_status":"closed","template":"","meta":{"neve_meta_sidebar":"","neve_meta_container":"","neve_meta_enable_content_width":"","neve_meta_content_width":0,"neve_meta_title_alignment":"","neve_meta_author_avatar":"","neve_post_elements_order":"","neve_meta_disable_header":"","neve_meta_disable_footer":"","neve_meta_disable_title":"","neve_meta_reading_time":"","_themeisle_gutenberg_block_has_review":false,"footnotes":""},"class_list":["post-12512","page","type-page","status-publish","hentry"],"aioseo_notices":[],"_links":{"self":[{"href":"https:\/\/www.fcaglp.unlp.edu.ar\/index.php\/wp-json\/wp\/v2\/pages\/12512","targetHints":{"allow":["GET"]}}],"collection":[{"href":"https:\/\/www.fcaglp.unlp.edu.ar\/index.php\/wp-json\/wp\/v2\/pages"}],"about":[{"href":"https:\/\/www.fcaglp.unlp.edu.ar\/index.php\/wp-json\/wp\/v2\/types\/page"}],"author":[{"embeddable":true,"href":"https:\/\/www.fcaglp.unlp.edu.ar\/index.php\/wp-json\/wp\/v2\/users\/3"}],"replies":[{"embeddable":true,"href":"https:\/\/www.fcaglp.unlp.edu.ar\/index.php\/wp-json\/wp\/v2\/comments?post=12512"}],"version-history":[{"count":2,"href":"https:\/\/www.fcaglp.unlp.edu.ar\/index.php\/wp-json\/wp\/v2\/pages\/12512\/revisions"}],"predecessor-version":[{"id":13309,"href":"https:\/\/www.fcaglp.unlp.edu.ar\/index.php\/wp-json\/wp\/v2\/pages\/12512\/revisions\/13309"}],"wp:attachment":[{"href":"https:\/\/www.fcaglp.unlp.edu.ar\/index.php\/wp-json\/wp\/v2\/media?parent=12512"}],"curies":[{"name":"wp","href":"https:\/\/api.w.org\/{rel}","templated":true}]}}