{"id":10648,"date":"2024-12-27T09:49:04","date_gmt":"2024-12-27T12:49:04","guid":{"rendered":"https:\/\/www.fcaglp.unlp.edu.ar\/?page_id=10648"},"modified":"2024-12-27T10:14:09","modified_gmt":"2024-12-27T13:14:09","slug":"informacion-accesible","status":"publish","type":"page","link":"https:\/\/www.fcaglp.unlp.edu.ar\/index.php\/informacion-accesible\/","title":{"rendered":"INFORMACI\u00d3N ACCESIBLE"},"content":{"rendered":"\n<figure class=\"wp-block-image size-full is-resized\"><img fetchpriority=\"high\" decoding=\"async\" width=\"960\" height=\"503\" src=\"https:\/\/www.fcaglp.unlp.edu.ar\/wp-content\/uploads\/2024\/12\/portada_comision_sobre_discapacidad_small.18.44-PM.jpeg\" alt=\"\" class=\"wp-image-10649\" style=\"width:1170px;height:auto\" srcset=\"https:\/\/www.fcaglp.unlp.edu.ar\/wp-content\/uploads\/2024\/12\/portada_comision_sobre_discapacidad_small.18.44-PM.jpeg 960w, https:\/\/www.fcaglp.unlp.edu.ar\/wp-content\/uploads\/2024\/12\/portada_comision_sobre_discapacidad_small.18.44-PM-300x157.jpeg 300w, https:\/\/www.fcaglp.unlp.edu.ar\/wp-content\/uploads\/2024\/12\/portada_comision_sobre_discapacidad_small.18.44-PM-768x402.jpeg 768w\" sizes=\"(max-width: 960px) 100vw, 960px\" \/><figcaption class=\"wp-element-caption\">La imagen tiene arriba, a la izquierda, sobre un collage de fondo, compuesto por una fotograf\u00eda de manos sosteniendo un celular y otra pantalla donde se ve el inicio de la app (su marca y debajo la leyenda &#8220;Por el DERECHO de las personas con Discapacidad&#8221;) y el men\u00fa de la misma, se ubica una etiqueta redonda verde azulado con borde verde claro que contiene la frase del t\u00edtulo del posteo. Debajo, una banda verde claro con la frase: Con \u201cUNLP AcceS\u00cdble\u201d pod\u00e9s informarte y solicitar los apoyos que necesites. Al pie, las marcas institucionales de la CUD y de nuestra Direcci\u00f3n. Adem\u00e1s, a la izquierda figura el correo de la Comisi\u00f3n sobre Discapacidad de FCAG.<\/figcaption><\/figure>\n\n\n\n<div style=\"height:28px\" aria-hidden=\"true\" class=\"wp-block-spacer\"><\/div>\n\n\n\n<p>Pod\u00e9s contactar a la Comisi\u00f3n sobre Discapacidad de la Facultad de Cs. Astron\u00f3micas y Geof\u00edsicas en:&nbsp;<a href=\"mailto:discapacidad@fcaglp.unlp.edu.ar%20\"><strong>discapacidad@fcaglp.unlp.edu.ar&nbsp;<\/strong><\/a><\/p>\n\n\n\n<p>La Direcci\u00f3n de Inclusi\u00f3n, Discapacidad y Accesibilidad y su Comisi\u00f3n Universitaria sobre Discapacidad (CUD) defienden el derecho a la Educaci\u00f3n Superior propiciando condiciones equitativas para las y los estudiantes en situaci\u00f3n de discapacidad.<\/p>\n\n\n\n<p>Para ello, te brinda apoyos y trabaja en forma interdisciplinaria para eliminar barreras actitudinales, de comunicaci\u00f3n, f\u00edsicas y acad\u00e9micas que puedan obstaculizar tu tr\u00e1nsito por la Universidad.<\/p>\n\n\n\n<p>A continuaci\u00f3n te invitamos a leer y descargar el Bolet\u00edn de Ingresantes:<\/p>\n\n\n\n<div data-wp-interactive=\"core\/file\" class=\"wp-block-file\"><object data-wp-bind--hidden=\"!state.hasPdfPreview\" hidden class=\"wp-block-file__embed\" data=\"https:\/\/www.fcaglp.unlp.edu.ar\/wp-content\/uploads\/2024\/12\/Boletin-ingresantes_2025.pdf\" type=\"application\/pdf\" style=\"width:100%;height:600px\" aria-label=\"Incrustado de Boletin-ingresantes_2025.\"><\/object><a id=\"wp-block-file--media-274aa476-45ad-4ebc-8b6b-f297496f7fbc\" href=\"https:\/\/www.fcaglp.unlp.edu.ar\/wp-content\/uploads\/2024\/12\/Boletin-ingresantes_2025.pdf\">Boletin-ingresantes_2025<\/a><a href=\"https:\/\/www.fcaglp.unlp.edu.ar\/wp-content\/uploads\/2024\/12\/Boletin-ingresantes_2025.pdf\" class=\"wp-block-file__button wp-element-button\" download aria-describedby=\"wp-block-file--media-274aa476-45ad-4ebc-8b6b-f297496f7fbc\">Descarga<\/a><\/div>\n\n\n\n<p><\/p>\n\n\n\n<figure class=\"wp-block-embed is-type-video is-provider-youtube wp-block-embed-youtube wp-embed-aspect-4-3 wp-has-aspect-ratio\"><div class=\"wp-block-embed__wrapper\">\n<div class=\"nv-iframe-embed\"><iframe title=\"Informaci\u00f3n en formato accesible sobre la Facultad\" width=\"1200\" height=\"900\" src=\"https:\/\/www.youtube.com\/embed\/7X59sBUKHOQ?feature=oembed\" frameborder=\"0\" allow=\"accelerometer; autoplay; clipboard-write; encrypted-media; gyroscope; picture-in-picture; web-share\" referrerpolicy=\"strict-origin-when-cross-origin\" allowfullscreen><\/iframe><\/div>\n<\/div><\/figure>\n","protected":false},"excerpt":{"rendered":"<p>Pod\u00e9s contactar a la Comisi\u00f3n sobre Discapacidad de la Facultad de Cs. Astron\u00f3micas y Geof\u00edsicas en:&nbsp;discapacidad@fcaglp.unlp.edu.ar&nbsp; La Direcci\u00f3n de Inclusi\u00f3n, Discapacidad y Accesibilidad y su Comisi\u00f3n Universitaria sobre Discapacidad (CUD) defienden el derecho a la Educaci\u00f3n Superior propiciando condiciones equitativas para las y los estudiantes en situaci\u00f3n de discapacidad. Para ello, te brinda apoyos y&hellip;&nbsp;<a href=\"https:\/\/www.fcaglp.unlp.edu.ar\/index.php\/informacion-accesible\/\" rel=\"bookmark\">Read More &raquo;<span class=\"screen-reader-text\">INFORMACI\u00d3N ACCESIBLE<\/span><\/a><\/p>\n","protected":false},"author":3,"featured_media":0,"parent":0,"menu_order":0,"comment_status":"closed","ping_status":"closed","template":"","meta":{"neve_meta_sidebar":"","neve_meta_container":"","neve_meta_enable_content_width":"","neve_meta_content_width":0,"neve_meta_title_alignment":"","neve_meta_author_avatar":"","neve_post_elements_order":"","neve_meta_disable_header":"","neve_meta_disable_footer":"","neve_meta_disable_title":"","neve_meta_reading_time":"","_themeisle_gutenberg_block_has_review":false,"footnotes":""},"class_list":["post-10648","page","type-page","status-publish","hentry"],"aioseo_notices":[],"_links":{"self":[{"href":"https:\/\/www.fcaglp.unlp.edu.ar\/index.php\/wp-json\/wp\/v2\/pages\/10648","targetHints":{"allow":["GET"]}}],"collection":[{"href":"https:\/\/www.fcaglp.unlp.edu.ar\/index.php\/wp-json\/wp\/v2\/pages"}],"about":[{"href":"https:\/\/www.fcaglp.unlp.edu.ar\/index.php\/wp-json\/wp\/v2\/types\/page"}],"author":[{"embeddable":true,"href":"https:\/\/www.fcaglp.unlp.edu.ar\/index.php\/wp-json\/wp\/v2\/users\/3"}],"replies":[{"embeddable":true,"href":"https:\/\/www.fcaglp.unlp.edu.ar\/index.php\/wp-json\/wp\/v2\/comments?post=10648"}],"version-history":[{"count":3,"href":"https:\/\/www.fcaglp.unlp.edu.ar\/index.php\/wp-json\/wp\/v2\/pages\/10648\/revisions"}],"predecessor-version":[{"id":10656,"href":"https:\/\/www.fcaglp.unlp.edu.ar\/index.php\/wp-json\/wp\/v2\/pages\/10648\/revisions\/10656"}],"wp:attachment":[{"href":"https:\/\/www.fcaglp.unlp.edu.ar\/index.php\/wp-json\/wp\/v2\/media?parent=10648"}],"curies":[{"name":"wp","href":"https:\/\/api.w.org\/{rel}","templated":true}]}}